{"id":5077,"date":"2024-07-13T08:00:29","date_gmt":"2024-07-13T12:00:29","guid":{"rendered":"https:\/\/wowrxpharmacy.com\/?post_type=product&#038;p=5077"},"modified":"2024-10-16T03:51:23","modified_gmt":"2024-10-16T07:51:23","slug":"metolar-xr-100-mg","status":"publish","type":"product","link":"https:\/\/wowrxpharmacy.com\/pl\/product\/metolar-xr-100-mg\/","title":{"rendered":"Metolar XR 100 mg"},"content":{"rendered":"<h3><span style=\"font-weight: 400;\">O Metolar XR 100 mg<\/span><\/h3>\n<p><span style=\"font-weight: 400;\">Metolar XR 100 mg to lek stosowany w leczeniu takich schorze\u0144 jak d\u0142awica piersiowa, nadci\u015bnienie t\u0119tnicze i arytmia. Substancj\u0105 czynn\u0105 leku w kapsu\u0142kach jest bursztynian metoprololu, kt\u00f3ry \u0142agodzi napi\u0119cie serca, obni\u017ca ci\u015bnienie krwi i rozkurcza naczynia krwiono\u015bne. Tabletka pomaga r\u00f3wnie\u017c zapobiega\u0107 udarom m\u00f3zgu, zawa\u0142om serca i powik\u0142aniom migrenowym. Tabletka Metolar XR 100 mg nale\u017cy do grupy lek\u00f3w zwanych beta-blokerami, kt\u00f3re spowalniaj\u0105 t\u0119tno i poprawiaj\u0105 wydajno\u015b\u0107 serca w pompowaniu krwi do organizmu. Firma Cipla specjalizuje si\u0119 w produkcji kapsu\u0142ek Metolar. Leki na nadci\u015bnienie mo\u017cna wygodnie kupi\u0107 w aptece WoWRxPharmacy.\u00a0<\/span><\/p>\n<h3><span style=\"font-weight: 400;\">Zastosowania leku Metolar XR 100 mg<\/span><\/h3>\n<p><span style=\"font-weight: 400;\">Metolar XR 100 mg to lek wydawany na recept\u0119, stosowany w leczeniu nast\u0119puj\u0105cych schorze\u0144:<\/span><\/p>\n<ul>\n<li style=\"font-weight: 400;\" aria-level=\"1\"><span style=\"font-weight: 400;\">Nadci\u015bnienie<\/span><\/li>\n<li style=\"font-weight: 400;\" aria-level=\"1\"><span style=\"font-weight: 400;\">Dusznica<\/span><\/li>\n<li style=\"font-weight: 400;\" aria-level=\"1\"><span style=\"font-weight: 400;\">Niemiarowo\u015b\u0107<\/span><\/li>\n<li style=\"font-weight: 400;\" aria-level=\"1\"><span style=\"font-weight: 400;\">Zapobieganie zawa\u0142om serca<\/span><\/li>\n<li style=\"font-weight: 400;\" aria-level=\"1\"><span style=\"font-weight: 400;\">Zapobieganie migrenie<\/span><\/li>\n<\/ul>\n<p><span style=\"font-weight: 400;\">Tabletka Metolar XR 100 zebra\u0142a wiele pozytywnych opinii w\u015br\u00f3d pacjent\u00f3w. Nale\u017cy j\u0105 przyjmowa\u0107 po konsultacji z lekarzem.<\/span><\/p>\n<h3><span style=\"font-weight: 400;\">Jak to dzia\u0142a<\/span><\/h3>\n<p><span style=\"font-weight: 400;\">Kapsu\u0142ki Metolar XR 100 mg lecz\u0105 nadci\u015bnienie t\u0119tnicze, blokuj\u0105c wp\u0142yw adrenaliny na serce i obni\u017caj\u0105c rzut serca. Zmniejszaj\u0105 r\u00f3wnie\u017c przep\u0142yw krwi przez uk\u0142ad wsp\u00f3\u0142czulny i hamuj\u0105 dzia\u0142anie reniny (zazwyczaj odpowiedzialnej za wzrost ci\u015bnienia krwi). Wszystkie te dzia\u0142ania skutecznie obni\u017caj\u0105 ci\u015bnienie krwi. Kapsu\u0142ki Metolar XR 100 mg lecz\u0105 d\u0142awic\u0119 piersiow\u0105, blokuj\u0105c wp\u0142yw adrenaliny na serce. Obni\u017ca to cz\u0119sto\u015b\u0107 akcji serca, ci\u015bnienie krwi i si\u0142\u0119 skurcz\u00f3w serca. Zmniejsza r\u00f3wnie\u017c ilo\u015b\u0107 tlenu potrzebnego sercu, co pomaga w leczeniu d\u0142awicy piersiowej. Kapsu\u0142ki Metolar XR 100 mg spowalniaj\u0105 t\u0119tno i u\u0142atwiaj\u0105 sercu pompowanie krwi do organizmu u os\u00f3b z niewydolno\u015bci\u0105 serca.<\/span><\/p>\n<h3><span style=\"font-weight: 400;\">Jak bra\u0107<\/span><\/h3>\n<p><span style=\"font-weight: 400;\">Tabletki Metolar XR 100 mg nale\u017cy przyjmowa\u0107 zgodnie z zaleceniami lekarza. Aby optymalnie stosowa\u0107 lek, nale\u017cy wykona\u0107 nast\u0119puj\u0105ce kroki:<\/span><\/p>\n<ul>\n<li style=\"font-weight: 400;\" aria-level=\"1\"><span style=\"font-weight: 400;\">Tabletki Metolar XR nale\u017cy stosowa\u0107 zgodnie z zaleceniami lekarza.<\/span><\/li>\n<li style=\"font-weight: 400;\" aria-level=\"1\"><span style=\"font-weight: 400;\">Ca\u0142\u0105 tabletk\u0119 nale\u017cy po\u0142kn\u0105\u0107, popijaj\u0105c szklank\u0105 wody.<\/span><\/li>\n<li style=\"font-weight: 400;\" aria-level=\"1\"><span style=\"font-weight: 400;\">Aby uzyska\u0107 najlepsze rezultaty, nale\u017cy przyjmowa\u0107 go codziennie o tej samej porze.<\/span><\/li>\n<li style=\"font-weight: 400;\" aria-level=\"1\"><span style=\"font-weight: 400;\">Nie nale\u017cy przekracza\u0107 dawki zalecanej przez lekarza.<\/span><\/li>\n<\/ul>","protected":false},"excerpt":{"rendered":"<ul>\n<li style=\"font-weight: 400;\" aria-level=\"1\"><span style=\"font-weight: 400;\">Obni\u017ca ci\u015bnienie krwi, zapobiega udarom<\/span><\/li>\n<li style=\"font-weight: 400;\" aria-level=\"1\"><span style=\"font-weight: 400;\">Dzia\u0142a w ci\u0105gu 1 godziny<\/span><\/li>\n<li style=\"font-weight: 400;\" aria-level=\"1\"><span style=\"font-weight: 400;\">Widoczne zmiany w ci\u0105gu tygodnia<\/span><\/li>\n<li style=\"font-weight: 400;\" aria-level=\"1\"><span style=\"font-weight: 400;\">Wysy\u0142ka w ci\u0105gu 24 godzin<\/span><\/li>\n<\/ul>","protected":false},"featured_media":0,"comment_status":"open","ping_status":"closed","template":"","meta":{"om_disable_all_campaigns":false,"_uf_show_specific_survey":0,"_uf_disable_surveys":false},"product_brand":[],"product_cat":[608],"product_tag":[],"class_list":{"0":"post-5077","1":"product","2":"type-product","3":"status-publish","5":"product_cat-heart-blood-pressure","7":"first","8":"instock","9":"shipping-taxable","10":"purchasable","11":"product-type-variable","12":"has-default-attributes"},"_links":{"self":[{"href":"https:\/\/wowrxpharmacy.com\/pl\/wp-json\/wp\/v2\/product\/5077","targetHints":{"allow":["GET"]}}],"collection":[{"href":"https:\/\/wowrxpharmacy.com\/pl\/wp-json\/wp\/v2\/product"}],"about":[{"href":"https:\/\/wowrxpharmacy.com\/pl\/wp-json\/wp\/v2\/types\/product"}],"replies":[{"embeddable":true,"href":"https:\/\/wowrxpharmacy.com\/pl\/wp-json\/wp\/v2\/comments?post=5077"}],"wp:attachment":[{"href":"https:\/\/wowrxpharmacy.com\/pl\/wp-json\/wp\/v2\/media?parent=5077"}],"wp:term":[{"taxonomy":"product_brand","embeddable":true,"href":"https:\/\/wowrxpharmacy.com\/pl\/wp-json\/wp\/v2\/product_brand?post=5077"},{"taxonomy":"product_cat","embeddable":true,"href":"https:\/\/wowrxpharmacy.com\/pl\/wp-json\/wp\/v2\/product_cat?post=5077"},{"taxonomy":"product_tag","embeddable":true,"href":"https:\/\/wowrxpharmacy.com\/pl\/wp-json\/wp\/v2\/product_tag?post=5077"}],"curies":[{"name":"wp","href":"https:\/\/api.w.org\/{rel}","templated":true}]}}