{"id":5031,"date":"2024-07-13T08:03:08","date_gmt":"2024-07-13T12:03:08","guid":{"rendered":"https:\/\/wowrxpharmacy.com\/?post_type=product&#038;p=5031"},"modified":"2024-10-16T03:51:23","modified_gmt":"2024-10-16T07:51:23","slug":"zamiennik-100-mg","status":"publish","type":"product","link":"https:\/\/wowrxpharmacy.com\/pl\/product\/zamiennik-100-mg\/","title":{"rendered":"Zast\u0105p 100 mg"},"content":{"rendered":"<h3><span style=\"font-weight: 400;\">O Repace 100 mg<\/span><\/h3>\n<p><span style=\"font-weight: 400;\">Lekarze zalecaj\u0105 ten lek pacjentom z nadci\u015bnieniem t\u0119tniczym i niewydolno\u015bci\u0105 serca. G\u0142\u00f3wnym sk\u0142adnikiem leku jest losartan. Repace 100 mg jest produkowany przez Sun Pharmaceuticals Industries Ltd. Kup Repace 100 mg online w WowRXPharmacy, najbardziej zaufanej aptece internetowej.<\/span><\/p>\n<h3><span style=\"font-weight: 400;\">Stosowanie<\/span><\/h3>\n<p><span style=\"font-weight: 400;\">Lek ten pomaga przede wszystkim zapobiega\u0107 udarom m\u00f3zgu i zawa\u0142om serca.<\/span><\/p>\n<h4><span style=\"font-weight: 400;\">Udar<\/span><\/h4>\n<p><span style=\"font-weight: 400;\">Kiedy przep\u0142yw krwi do cz\u0119\u015bci m\u00f3zgu zostaje zablokowany lub p\u0119ka t\u0119tnica m\u00f3zgowa, dochodzi do udaru, znanego r\u00f3wnie\u017c jako atak m\u00f3zgu. Atak mo\u017ce uszkodzi\u0107 kom\u00f3rki m\u00f3zgowe.<\/span><\/p>\n<h4><span style=\"font-weight: 400;\">Zawa\u0142 serca<\/span><\/h4>\n<p><span style=\"font-weight: 400;\">Zawa\u0142 serca wyst\u0119puje, gdy t\u0119tnica doprowadzaj\u0105ca krew do serca zostaje zablokowana. Dzieje si\u0119 tak z powodu blaszki mia\u017cd\u017cycowej i z\u0142og\u00f3w zawieraj\u0105cych cholesterol w naczyniach krwiono\u015bnych. Proces ten nazywa si\u0119 mia\u017cd\u017cyc\u0105. Zast\u0105pienie 100 mg leku u\u0142atwia r\u00f3wnie\u017c sercu pompowanie krwi do ca\u0142ego organizmu. Nale\u017cy go przyjmowa\u0107 regularnie, zgodnie z zaleceniami lekarza. Chocia\u017c jego dzia\u0142anie zazwyczaj nie jest zauwa\u017calne, lek ten pomaga zachowa\u0107 zdrowie na d\u0142u\u017csz\u0105 met\u0119.<\/span><\/p>\n<h3><span style=\"font-weight: 400;\">Pracuj\u0105cy<\/span><\/h3>\n<p><span style=\"font-weight: 400;\">Repace 100 mg to bloker receptora angiotensyny (ARB). Dzia\u0142a poprzez blokowanie substancji chemicznej, kt\u00f3ra zw\u0119\u017ca naczynia krwiono\u015bne w organizmie, i rozlu\u017ania je. To obni\u017ca ci\u015bnienie krwi, umo\u017cliwiaj\u0105c sercu sprawniejsze pompowanie krwi do ca\u0142ego organizmu.<\/span><\/p>\n<h3><span style=\"font-weight: 400;\">Jak u\u017cywa\u0107<\/span><\/h3>\n<p><span style=\"font-weight: 400;\">Aby lek dzia\u0142a\u0142 skutecznie, nale\u017cy post\u0119powa\u0107 zgodnie z instrukcj\u0105:<\/span><\/p>\n<ul>\n<li style=\"font-weight: 400;\" aria-level=\"1\"><span style=\"font-weight: 400;\">Tabletk\u0119 nale\u017cy po\u0142kn\u0105\u0107 w ca\u0142o\u015bci.<\/span><\/li>\n<li style=\"font-weight: 400;\" aria-level=\"1\"><span style=\"font-weight: 400;\">Nie \u0142ama\u0107 ani nie kruszy\u0107 tabletki. Nie \u017cu\u0107 jej.<\/span><\/li>\n<li style=\"font-weight: 400;\" aria-level=\"1\"><span style=\"font-weight: 400;\">Mo\u017cesz za\u017cywa\u0107 t\u0119 tabletk\u0119 niezale\u017cnie od posi\u0142ku.<\/span><\/li>\n<li style=\"font-weight: 400;\" aria-level=\"1\"><span style=\"font-weight: 400;\">Lekarze zalecaj\u0105 przyjmowanie tego leku codziennie o tej samej porze<\/span><\/li>\n<\/ul>","protected":false},"excerpt":{"rendered":"<ul>\n<li style=\"font-weight: 400;\" aria-level=\"1\"><span style=\"font-weight: 400;\">Losartan zatwierdzony przez FDA\u00a0<\/span><\/li>\n<li style=\"font-weight: 400;\" aria-level=\"1\"><span style=\"font-weight: 400;\">Dzia\u0142a przez 6-12 dni<\/span><\/li>\n<li style=\"font-weight: 400;\" aria-level=\"1\"><span style=\"font-weight: 400;\">Widoczne efekty w ci\u0105gu 6 godzin<\/span><\/li>\n<li style=\"font-weight: 400;\" aria-level=\"1\"><span style=\"font-weight: 400;\">Wysy\u0142ka w ci\u0105gu 24 godzin<\/span><\/li>\n<\/ul>","protected":false},"featured_media":29511,"comment_status":"open","ping_status":"closed","template":"","meta":{"om_disable_all_campaigns":false,"_uf_show_specific_survey":0,"_uf_disable_surveys":false},"product_brand":[],"product_cat":[608],"product_tag":[],"class_list":{"0":"post-5031","1":"product","2":"type-product","3":"status-publish","4":"has-post-thumbnail","6":"product_cat-heart-blood-pressure","8":"first","9":"instock","10":"shipping-taxable","11":"purchasable","12":"product-type-variable","13":"has-default-attributes"},"_links":{"self":[{"href":"https:\/\/wowrxpharmacy.com\/pl\/wp-json\/wp\/v2\/product\/5031","targetHints":{"allow":["GET"]}}],"collection":[{"href":"https:\/\/wowrxpharmacy.com\/pl\/wp-json\/wp\/v2\/product"}],"about":[{"href":"https:\/\/wowrxpharmacy.com\/pl\/wp-json\/wp\/v2\/types\/product"}],"replies":[{"embeddable":true,"href":"https:\/\/wowrxpharmacy.com\/pl\/wp-json\/wp\/v2\/comments?post=5031"}],"wp:featuredmedia":[{"embeddable":true,"href":"https:\/\/wowrxpharmacy.com\/pl\/wp-json\/wp\/v2\/media\/29511"}],"wp:attachment":[{"href":"https:\/\/wowrxpharmacy.com\/pl\/wp-json\/wp\/v2\/media?parent=5031"}],"wp:term":[{"taxonomy":"product_brand","embeddable":true,"href":"https:\/\/wowrxpharmacy.com\/pl\/wp-json\/wp\/v2\/product_brand?post=5031"},{"taxonomy":"product_cat","embeddable":true,"href":"https:\/\/wowrxpharmacy.com\/pl\/wp-json\/wp\/v2\/product_cat?post=5031"},{"taxonomy":"product_tag","embeddable":true,"href":"https:\/\/wowrxpharmacy.com\/pl\/wp-json\/wp\/v2\/product_tag?post=5031"}],"curies":[{"name":"wp","href":"https:\/\/api.w.org\/{rel}","templated":true}]}}