{"id":5014,"date":"2024-07-13T08:03:08","date_gmt":"2024-07-13T12:03:08","guid":{"rendered":"https:\/\/wowrxpharmacy.com\/?post_type=product&#038;p=5014"},"modified":"2024-10-16T03:51:23","modified_gmt":"2024-10-16T07:51:23","slug":"krem-retino-a-0025-20gm","status":"publish","type":"product","link":"https:\/\/wowrxpharmacy.com\/pl\/product\/krem-retino-a-0025-20gm\/","title":{"rendered":"Krem Retino A 0,025% (20 g)"},"content":{"rendered":"<h3><span style=\"font-weight: 400;\">O kremie Retino A 0,025% (20 g)<\/span><\/h3>\n<p><span style=\"font-weight: 400;\">Tr\u0105dzik pojawiaj\u0105cy si\u0119 na zewn\u0105trz cia\u0142a mo\u017cna leczy\u0107 kremem Retino A 025. Dotyczy to r\u00f3wnie\u017c tr\u0105dziku na twarzy, klatce piersiowej i plecach. Krem ten wyg\u0142adza r\u00f3wnie\u017c sk\u00f3r\u0119 twarzy i redukuje drobne zmarszczki.<\/span><\/p>\n<p><span style=\"font-weight: 400;\">G\u0142\u00f3wnym sk\u0142adnikiem tego kremu jest tretinoina. Chocia\u017c mo\u017cna j\u0105 kupi\u0107 wy\u0142\u0105cznie na recept\u0119, \u0142atwo j\u0105 znale\u017a\u0107 w drogeriach, aptekach, a tak\u017ce aptekach internetowych i stacjonarnych.<\/span><\/p>\n<p><span style=\"font-weight: 400;\">Producentem tego kremu jest firma Janssen Pharmaceuticals. <\/span><span style=\"font-weight: 400;\">Zam\u00f3w leki prosto do domu. WowRxPharmacy to najbezpieczniejsza apteka internetowa, w kt\u00f3rej mo\u017cesz z\u0142o\u017cy\u0107 zam\u00f3wienie.<\/span><\/p>\n<p><span style=\"font-weight: 400;\">Krem Retino A .025% (20 g) ma bardzo pozytywne opinie i jest polecanym lekiem na tr\u0105dzik.<\/span><\/p>\n<h3><span style=\"font-weight: 400;\">Stosowanie<\/span><\/h3>\n<p><span style=\"font-weight: 400;\">Ten lek skutecznie leczy tr\u0105dzik i pomaga zapobiega\u0107 powstawaniu niedoskona\u0142o\u015bci sk\u00f3ry, zapewniaj\u0105c jej g\u0142adk\u0105 i pi\u0119kn\u0105 cer\u0119. Chocia\u017c poprawia stan sk\u00f3ry i \u0142agodzi tr\u0105dzik, nie nale\u017cy go stosowa\u0107 na sk\u00f3r\u0119 poparzon\u0105 s\u0142o\u0144cem ani na obszary dotkni\u0119te egzem\u0105.<\/span><\/p>\n<h4><span style=\"font-weight: 400;\">Fa\u0142dowanie<\/span><\/h4>\n<p><span style=\"font-weight: 400;\">Krem Retino A 0,025 to \u015bwietny spos\u00f3b na pozbycie si\u0119 zmarszczek. Stosowanie tego kremu sprawi, \u017ce Twoja sk\u00f3ra b\u0119dzie zdrowa i zapobiegnie powstawaniu zmarszczek.\u00a0<\/span><\/p>\n<h3><span style=\"font-weight: 400;\">Pracuj\u0105cy\u00a0<\/span><\/h3>\n<p><span style=\"font-weight: 400;\">Ten krem z tretinoin\u0105 mo\u017ce naprawi\u0107 drobne zmarszczki, przebarwienia i uszkodzenia sk\u00f3ry twarzy spowodowane promieniowaniem UV. Dzia\u0142a poprzez zast\u0119powanie starych kom\u00f3rek organizmu nowymi i spowalnianie procesu usuwania uszkodzonych kom\u00f3rek.<\/span><\/p>\n<p><span style=\"font-weight: 400;\">Tretinoina dzia\u0142a najlepiej w po\u0142\u0105czeniu z piel\u0119gnacj\u0105 sk\u00f3ry, kt\u00f3ra obejmuje ochron\u0119 przeciws\u0142oneczn\u0105. Nale\u017cy r\u00f3wnie\u017c stosowa\u0107 krem z filtrem i pi\u0107 du\u017co wody.\u00a0<\/span><\/p>\n<h3><span style=\"font-weight: 400;\">Jak u\u017cywa\u0107?<\/span><\/h3>\n<p><span style=\"font-weight: 400;\">Najlepszym sposobem stosowania kremu Retino A 0,025 (20 g) jest nak\u0142adanie go na noc w miejscach, gdzie jest to potrzebne, tak d\u0142ugo, jak zaleci dermatolog. Dawka i czas trwania kuracji b\u0119d\u0105 si\u0119 zmienia\u0107 w miar\u0119 gojenia si\u0119 sk\u00f3ry.<\/span><\/p>\n<p><span style=\"font-weight: 400;\">Zazwyczaj myje si\u0119 i osusza zmieniony chorobowo obszar przed na\u0142o\u017ceniem cienkiej warstwy tego \u015brodka. Zawsze nale\u017cy post\u0119powa\u0107 zgodnie z zaleceniami lekarza. Nie nale\u017cy nak\u0142ada\u0107 go na uszkodzon\u0105 sk\u00f3r\u0119, spo\u017cywa\u0107, wdycha\u0107 ani kicha\u0107.<\/span><\/p>\n<p><span style=\"font-weight: 400;\">Mo\u017ce min\u0105\u0107 troch\u0119 czasu, zanim objawy ust\u0105pi\u0105, jednak przyjmowanie leku zgodnie z zaleceniami jest najbezpieczniejszym i najskuteczniejszym sposobem, aby uzyska\u0107 jak najlepsze efekty.<\/span><\/p>","protected":false},"excerpt":{"rendered":"<ul>\n<li style=\"font-weight: 400;\" aria-level=\"1\"><span style=\"font-weight: 400;\">Skupia si\u0119 na wielu problemach<\/span><\/li>\n<li style=\"font-weight: 400;\" aria-level=\"1\"><span style=\"font-weight: 400;\">Zwalcza tr\u0105dzik, zmarszczki i nier\u00f3wny koloryt sk\u00f3ry<\/span><\/li>\n<li style=\"font-weight: 400;\" aria-level=\"1\"><span style=\"font-weight: 400;\">Zmniejsza wypryski i niedoskona\u0142o\u015bci sk\u00f3ry<\/span><\/li>\n<li style=\"font-weight: 400;\" aria-level=\"1\"><span style=\"font-weight: 400;\">Znaczna poprawa w ci\u0105gu 12 tygodni<\/span><\/li>\n<li style=\"font-weight: 400;\" aria-level=\"1\"><span style=\"font-weight: 400;\">Bezpieczny i skuteczny do d\u0142ugotrwa\u0142ego stosowania<\/span><\/li>\n<\/ul>","protected":false},"featured_media":30043,"comment_status":"open","ping_status":"closed","template":"","meta":{"om_disable_all_campaigns":false,"_uf_show_specific_survey":0,"_uf_disable_surveys":false},"product_brand":[],"product_cat":[534],"product_tag":[],"class_list":{"0":"post-5014","1":"product","2":"type-product","3":"status-publish","4":"has-post-thumbnail","6":"product_cat-skin-care","8":"first","9":"instock","10":"shipping-taxable","11":"purchasable","12":"product-type-variable","13":"has-default-attributes"},"_links":{"self":[{"href":"https:\/\/wowrxpharmacy.com\/pl\/wp-json\/wp\/v2\/product\/5014","targetHints":{"allow":["GET"]}}],"collection":[{"href":"https:\/\/wowrxpharmacy.com\/pl\/wp-json\/wp\/v2\/product"}],"about":[{"href":"https:\/\/wowrxpharmacy.com\/pl\/wp-json\/wp\/v2\/types\/product"}],"replies":[{"embeddable":true,"href":"https:\/\/wowrxpharmacy.com\/pl\/wp-json\/wp\/v2\/comments?post=5014"}],"wp:featuredmedia":[{"embeddable":true,"href":"https:\/\/wowrxpharmacy.com\/pl\/wp-json\/wp\/v2\/media\/30043"}],"wp:attachment":[{"href":"https:\/\/wowrxpharmacy.com\/pl\/wp-json\/wp\/v2\/media?parent=5014"}],"wp:term":[{"taxonomy":"product_brand","embeddable":true,"href":"https:\/\/wowrxpharmacy.com\/pl\/wp-json\/wp\/v2\/product_brand?post=5014"},{"taxonomy":"product_cat","embeddable":true,"href":"https:\/\/wowrxpharmacy.com\/pl\/wp-json\/wp\/v2\/product_cat?post=5014"},{"taxonomy":"product_tag","embeddable":true,"href":"https:\/\/wowrxpharmacy.com\/pl\/wp-json\/wp\/v2\/product_tag?post=5014"}],"curies":[{"name":"wp","href":"https:\/\/api.w.org\/{rel}","templated":true}]}}