{"id":4883,"date":"2024-07-13T08:03:08","date_gmt":"2024-07-13T12:03:08","guid":{"rendered":"https:\/\/wowrxpharmacy.com\/?post_type=product&#038;p=4883"},"modified":"2024-10-16T03:51:24","modified_gmt":"2024-10-16T07:51:24","slug":"nicardia-cd-retard-30mg","status":"publish","type":"product","link":"https:\/\/wowrxpharmacy.com\/pl\/product\/nicardia-cd-retard-30mg\/","title":{"rendered":"Nicardia CD 30mg"},"content":{"rendered":"<h3><span style=\"font-weight: 400;\">About Nicardia CD 30mg<\/span><\/h3>\n<p><span style=\"font-weight: 400;\">Nicardia CD Retard 30 tablets are an effective medicine for high blood pressure and other heart-related conditions. It contains Nifedipine as the active ingredient.\u00a0<\/span><\/p>\n<p><span style=\"font-weight: 400;\">Nicardia 30 mg reduces blood pressure and lowers the workload on the heart. Jb Chemicals And Pharmaceuticals Ltd manufactures these tablets.<\/span><\/p>\n<p><span style=\"font-weight: 400;\">You can order Nicardia CD 30mg from WowRx. Buy it from the most reliable online pharmacy on the internet.<\/span><\/p>\n<h3><span style=\"font-weight: 400;\">Nicardia 30 mg uses<\/span><\/h3>\n<p><span style=\"font-weight: 400;\">Doctors prescribe Nicardia CD 30 for treating the following heart-related conditions:<\/span><\/p>\n<h4><span style=\"font-weight: 400;\">High Blood Pressure<\/span><\/h4>\n<p><span style=\"font-weight: 400;\">Also known as Hypertension, this condition may stem from environmental or genetic factors. It does not show any signs or symptoms and can be life-threatening.<\/span><\/p>\n<h4><span style=\"font-weight: 400;\">Angina pectoris<\/span><\/h4>\n<p><span style=\"font-weight: 400;\">Nicardia 30 is an effective medication for treating Angina pectoris, a type of heart disease. Its symptoms include chest pain, chest pressure, and chest heaviness. It may occur due to emotional stress, smoking, coronary artery disease, etc.<\/span><\/p>\n<p><span style=\"font-weight: 400;\">Besides the heart conditions mentioned above, your physician can recommend Nicardia CD 30mg to prevent heart attack and stroke.<\/span><\/p>\n<h3><span style=\"font-weight: 400;\">How does Nicardia CD 30 work<\/span><\/h3>\n<p><span style=\"font-weight: 400;\">Nicardia tablets contain Nifedipine 30 mg as the active ingredient. It belongs to the family of medicines known as Calcium channel blockers.<\/span><\/p>\n<p><span style=\"font-weight: 400;\">Nifedipine relaxes the blood vessels to lower the pressure exerted on its walls. As a result, the flow of blood improves throughout the body.\u00a0<\/span><\/p>\n<p><span style=\"font-weight: 400;\">It further helps relax the heart muscles, lowering the heart&#8217;s workload. Nicardia 30 mg also promotes oxygen flow in the body and prevents heart-related chest pain.<\/span><\/p>\n<p><span style=\"font-weight: 400;\">Nicardia Retard 30 mg has received highly positive reviews and is recommended for the treatment of Hypertension and other heart-related conditions.<\/span><\/p>\n<p><span style=\"font-weight: 400;\">You can easily buy it from the convenience of your home. Order your Heart and Blood Pressure medications from the most reliable online pharmacy<\/span><\/p>\n<h3><span style=\"font-weight: 400;\">Jak bra\u0107<\/span><\/h3>\n<p><span style=\"font-weight: 400;\">Take 30 mg tablets of Nicardia CD in the dose and duration as advised by your doctor.<\/span><\/p>\n<p><span style=\"font-weight: 400;\">Avoid taking more doses than your doctor\u2019s prescription, as it may lead to adverse effects. Follow these instructions while taking Nicardia 30mg:<\/span><\/p>\n<ul>\n<li style=\"font-weight: 400;\" aria-level=\"1\"><span style=\"font-weight: 400;\">Tabletk\u0119 nale\u017cy po\u0142kn\u0105\u0107 w ca\u0142o\u015bci.<\/span><\/li>\n<li style=\"font-weight: 400;\" aria-level=\"1\"><span style=\"font-weight: 400;\">Do not chew, crush, or break the pills<\/span><\/li>\n<li style=\"font-weight: 400;\" aria-level=\"1\"><span style=\"font-weight: 400;\">Nicardia tablets should be taken with food at a fixed time<\/span><\/li>\n<\/ul>","protected":false},"excerpt":{"rendered":"<ul>\n<li style=\"font-weight: 400;\" aria-level=\"1\"><span style=\"font-weight: 400;\">Rapid High Blood Pressure management<\/span><\/li>\n<li style=\"font-weight: 400;\" aria-level=\"1\"><span style=\"font-weight: 400;\">Starts working in 30 &#8211; 120 minutes<\/span><\/li>\n<li style=\"font-weight: 400;\" aria-level=\"1\"><span style=\"font-weight: 400;\">Visible effects in 3 days<\/span><\/li>\n<li style=\"font-weight: 400;\" aria-level=\"1\"><span style=\"font-weight: 400;\">Reduces severe &amp; frequent Angina attacks<\/span><\/li>\n<li style=\"font-weight: 400;\" aria-level=\"1\"><span style=\"font-weight: 400;\">Dispatched within 24 hours of placing an order<\/span><\/li>\n<\/ul>","protected":false},"featured_media":0,"comment_status":"open","ping_status":"closed","template":"","meta":{"om_disable_all_campaigns":false,"_uf_show_specific_survey":0,"_uf_disable_surveys":false},"product_brand":[],"product_cat":[608],"product_tag":[],"class_list":{"0":"post-4883","1":"product","2":"type-product","3":"status-publish","5":"product_cat-heart-blood-pressure","7":"first","8":"instock","9":"shipping-taxable","10":"purchasable","11":"product-type-variable","12":"has-default-attributes"},"_links":{"self":[{"href":"https:\/\/wowrxpharmacy.com\/pl\/wp-json\/wp\/v2\/product\/4883","targetHints":{"allow":["GET"]}}],"collection":[{"href":"https:\/\/wowrxpharmacy.com\/pl\/wp-json\/wp\/v2\/product"}],"about":[{"href":"https:\/\/wowrxpharmacy.com\/pl\/wp-json\/wp\/v2\/types\/product"}],"replies":[{"embeddable":true,"href":"https:\/\/wowrxpharmacy.com\/pl\/wp-json\/wp\/v2\/comments?post=4883"}],"wp:attachment":[{"href":"https:\/\/wowrxpharmacy.com\/pl\/wp-json\/wp\/v2\/media?parent=4883"}],"wp:term":[{"taxonomy":"product_brand","embeddable":true,"href":"https:\/\/wowrxpharmacy.com\/pl\/wp-json\/wp\/v2\/product_brand?post=4883"},{"taxonomy":"product_cat","embeddable":true,"href":"https:\/\/wowrxpharmacy.com\/pl\/wp-json\/wp\/v2\/product_cat?post=4883"},{"taxonomy":"product_tag","embeddable":true,"href":"https:\/\/wowrxpharmacy.com\/pl\/wp-json\/wp\/v2\/product_tag?post=4883"}],"curies":[{"name":"wp","href":"https:\/\/api.w.org\/{rel}","templated":true}]}}