{"id":4866,"date":"2024-07-13T08:06:31","date_gmt":"2024-07-13T12:06:31","guid":{"rendered":"https:\/\/wowrxpharmacy.com\/?post_type=product&#038;p=4866"},"modified":"2024-10-16T03:51:24","modified_gmt":"2024-10-16T07:51:24","slug":"lipicard-200-mg","status":"publish","type":"product","link":"https:\/\/wowrxpharmacy.com\/pl\/product\/lipicard-200-mg\/","title":{"rendered":"Lipicard 200 mg"},"content":{"rendered":"<h3><span style=\"font-weight: 400;\">O kapsu\u0142kach Lipicard 200 mg<\/span><\/h3>\n<p><span style=\"font-weight: 400;\">Tabletki Lipicard 200 lecz\u0105 wysoki poziom cholesterolu. Lek ten pomaga obni\u017cy\u0107 poziom tr\u00f3jgliceryd\u00f3w i \u201ez\u0142ego\u201d cholesterolu (LDL), jednocze\u015bnie podwy\u017cszaj\u0105c poziom \u201edobrego\u201d cholesterolu (HDL). G\u0142\u00f3wnym sk\u0142adnikiem tego leku jest fenofibrat.<\/span><\/p>\n<p><span style=\"font-weight: 400;\">Obni\u017cenie poziomu cholesterolu zmniejsza ryzyko zawa\u0142u serca lub udaru m\u00f3zgu. Producentem Lipicardu 200 mg jest firma USV Ltd. Lek ten cieszy si\u0119 bardzo pozytywnymi opiniami i jest polecany w leczeniu niewydolno\u015bci serca i nadci\u015bnienia t\u0119tniczego.\u00a0\u00a0<\/span><\/p>\n<h3><span style=\"font-weight: 400;\">Zastosowania Lipicard 200 mg<\/span><\/h3>\n<p><span style=\"font-weight: 400;\">Fenofibrat jest podawany osobom z problemami serca, poniewa\u017c obni\u017ca poziom z\u0142ego cholesterolu i podwy\u017csza poziom dobrego cholesterolu. Fenofibrat 200 to doskona\u0142y spos\u00f3b na obni\u017cenie poziomu cholesterolu w organizmie. Kontrolowanie poziomu cholesterolu zmniejsza ryzyko chor\u00f3b serca i pozwala zachowa\u0107 zdrowie na d\u0142u\u017cej.<\/span><\/p>\n<p><span style=\"font-weight: 400;\">Aby w pe\u0142ni wykorzysta\u0107 dzia\u0142anie tego leku, nale\u017cy go przyjmowa\u0107 regularnie i wprowadzi\u0107 zmiany w stylu \u017cycia, takie jak zdrowa dieta i aktywno\u015b\u0107 fizyczna. Nale\u017cy kontynuowa\u0107 przyjmowanie leku, nawet je\u015bli czujesz si\u0119 dobrze.\u00a0<\/span><\/p>\n<p><span style=\"font-weight: 400;\">Kupi\u0107 <\/span><span style=\"font-weight: 400;\">Lipicard 200 mg<\/span><span style=\"font-weight: 400;\"> online w najbardziej zaufanej aptece internetowej WowRXPharmacy.<\/span><\/p>\n<h3><span style=\"font-weight: 400;\">Dzia\u0142anie fenofibratu\u00a0<\/span><\/h3>\n<p><span style=\"font-weight: 400;\">Lek Fenofibrat 200 obni\u017ca poziom lipid\u00f3w. Dzia\u0142a poprzez obni\u017cenie ilo\u015bci \u201ez\u0142ego\u201d cholesterolu (LDL) i tr\u00f3jgliceryd\u00f3w, a jednocze\u015bnie zwi\u0119kszenie ilo\u015bci \u201edobrego\u201d cholesterolu (HDL).<\/span><\/p>\n<h3><span style=\"font-weight: 400;\">Jak stosowa\u0107 Lipicard 200<\/span><\/h3>\n<p><span style=\"font-weight: 400;\">Poni\u017cej przedstawiamy kwestie, o kt\u00f3rych nale\u017cy pami\u0119ta\u0107 podczas przyjmowania leku Fenofibrat 200:<\/span><\/p>\n<ul>\n<li style=\"font-weight: 400;\" aria-level=\"1\"><span style=\"font-weight: 400;\">Lek nale\u017cy przyjmowa\u0107 doustnie, zazwyczaj raz dziennie, zgodnie z zaleceniami lekarza. Ka\u017cda kapsu\u0142ka leku Fenofibrat 200 zawiera inn\u0105 ilo\u015b\u0107 leku.<\/span><\/li>\n<li style=\"font-weight: 400;\" aria-level=\"1\"><span style=\"font-weight: 400;\">Je\u015bli lekarz nie zaleci inaczej, nie zmieniaj r\u00f3\u017cnych marek ani rodzaj\u00f3w tego leku.<\/span><\/li>\n<li style=\"font-weight: 400;\" aria-level=\"1\"><span style=\"font-weight: 400;\">Wa\u017cne jest, aby przyjmowa\u0107 ten lek prawid\u0142owo, aby dzia\u0142a\u0142 jak najlepiej<\/span><\/li>\n<li style=\"font-weight: 400;\" aria-level=\"1\"><span style=\"font-weight: 400;\">Je\u015bli przyjmujesz inne leki obni\u017caj\u0105ce poziom cholesterolu, za\u017cywaj fenofibrat co najmniej godzin\u0119 przed lub cztery do sze\u015bciu godzin po za\u017cyciu tych lek\u00f3w.<\/span><\/li>\n<li style=\"font-weight: 400;\" aria-level=\"1\"><span style=\"font-weight: 400;\">Post\u0119puj zgodnie z instrukcj\u0105, aby w pe\u0142ni wykorzysta\u0107 jego dzia\u0142anie. Przyjmowanie leku o tej samej porze ka\u017cdego dnia pomo\u017ce Ci kontrolowa\u0107 dawk\u0119. Nie stosuj leku cz\u0119\u015bciej ani d\u0142u\u017cej ni\u017c zaleci\u0142 lekarz.<\/span><\/li>\n<\/ul>","protected":false},"excerpt":{"rendered":"<ul>\n<li style=\"font-weight: 400;\" aria-level=\"1\"><span style=\"font-weight: 400;\">Fenofibrat zatwierdzony przez FDA<\/span><\/li>\n<li style=\"font-weight: 400;\" aria-level=\"1\"><span style=\"font-weight: 400;\">Obni\u017ca poziom t\u0142uszczu<\/span><\/li>\n<li style=\"font-weight: 400;\" aria-level=\"1\"><span style=\"font-weight: 400;\">Zmniejsza ryzyko zawa\u0142u serca\/udaru m\u00f3zgu<\/span><\/li>\n<li style=\"font-weight: 400;\" aria-level=\"1\"><span style=\"font-weight: 400;\">Widoczne efekty po 8 tygodniach<\/span><\/li>\n<li style=\"font-weight: 400;\" aria-level=\"1\"><span style=\"font-weight: 400;\">Wysy\u0142ka w ci\u0105gu 24 godzin<\/span><\/li>\n<\/ul>","protected":false},"featured_media":4884,"comment_status":"open","ping_status":"closed","template":"","meta":{"om_disable_all_campaigns":false,"_uf_show_specific_survey":0,"_uf_disable_surveys":false},"product_brand":[],"product_cat":[608],"product_tag":[],"class_list":{"0":"post-4866","1":"product","2":"type-product","3":"status-publish","4":"has-post-thumbnail","6":"product_cat-heart-blood-pressure","8":"first","9":"instock","10":"shipping-taxable","11":"purchasable","12":"product-type-variable","13":"has-default-attributes"},"_links":{"self":[{"href":"https:\/\/wowrxpharmacy.com\/pl\/wp-json\/wp\/v2\/product\/4866","targetHints":{"allow":["GET"]}}],"collection":[{"href":"https:\/\/wowrxpharmacy.com\/pl\/wp-json\/wp\/v2\/product"}],"about":[{"href":"https:\/\/wowrxpharmacy.com\/pl\/wp-json\/wp\/v2\/types\/product"}],"replies":[{"embeddable":true,"href":"https:\/\/wowrxpharmacy.com\/pl\/wp-json\/wp\/v2\/comments?post=4866"}],"wp:featuredmedia":[{"embeddable":true,"href":"https:\/\/wowrxpharmacy.com\/pl\/wp-json\/wp\/v2\/media\/4884"}],"wp:attachment":[{"href":"https:\/\/wowrxpharmacy.com\/pl\/wp-json\/wp\/v2\/media?parent=4866"}],"wp:term":[{"taxonomy":"product_brand","embeddable":true,"href":"https:\/\/wowrxpharmacy.com\/pl\/wp-json\/wp\/v2\/product_brand?post=4866"},{"taxonomy":"product_cat","embeddable":true,"href":"https:\/\/wowrxpharmacy.com\/pl\/wp-json\/wp\/v2\/product_cat?post=4866"},{"taxonomy":"product_tag","embeddable":true,"href":"https:\/\/wowrxpharmacy.com\/pl\/wp-json\/wp\/v2\/product_tag?post=4866"}],"curies":[{"name":"wp","href":"https:\/\/api.w.org\/{rel}","templated":true}]}}