{"id":4797,"date":"2024-07-13T08:03:08","date_gmt":"2024-07-13T12:03:08","guid":{"rendered":"https:\/\/wowrxpharmacy.com\/?post_type=product&#038;p=4797"},"modified":"2024-10-16T03:51:24","modified_gmt":"2024-10-16T07:51:24","slug":"foracort-rotacaps-400-mcg-6-mcg","status":"publish","type":"product","link":"https:\/\/wowrxpharmacy.com\/pl\/product\/foracort-rotacaps-400-mcg-6-mcg\/","title":{"rendered":"Foracort Rotacaps 400 mcg 6 mcg"},"content":{"rendered":"<h3><span style=\"font-weight: 400;\">O <\/span><span style=\"font-weight: 400;\">Foracort Rotacaps 400 mcg 6 mcg<\/span><\/h3>\n<p><span style=\"font-weight: 400;\">Inhalator Foracort Rotacap 400. \u0141agodzi d\u0142ugotrwa\u0142e objawy astmy i przewlek\u0142ej obturacyjnej choroby p\u0142uc (POChP), u\u0142atwiaj\u0105c oddychanie. Sk\u0142adniki tego inhalatora to formoterol i budezonid.<\/span><\/p>\n<p><span style=\"font-weight: 400;\">Dzia\u0142a poprzez hamowanie uwalniania substancji chemicznych powoduj\u0105cych obrz\u0119k i stan zapalny oraz rozlu\u017anianie mi\u0119\u015bni dr\u00f3g oddechowych. Cipla produkuje Foracort Rotacap i wszystkie jego silne postacie. Foracort Rotacap 400 cieszy si\u0119 bardzo pozytywnymi opiniami i jest zalecanym lekiem na astm\u0119 i POChP.\u00a0<\/span><\/p>\n<h3><span style=\"font-weight: 400;\">Stosowanie<\/span><\/h3>\n<p><span style=\"font-weight: 400;\">Aby lek Foracort Rotacap 400 zadzia\u0142a\u0142, nale\u017cy go przyjmowa\u0107 codziennie, nawet je\u015bli nie odczuwasz nudno\u015bci.<\/span><\/p>\n<h4><span style=\"font-weight: 400;\">Leczenie przewlek\u0142ej obturacyjnej choroby p\u0142uc (POChP)<\/span><\/h4>\n<p><span style=\"font-weight: 400;\">Foracort Rotacap 400 utrzymuje drogi oddechowe otwarte, co umo\u017cliwia oddychanie. Rozlu\u017ania mi\u0119\u015bnie dr\u00f3g oddechowych. U\u0142atwia to wdychanie i wydychanie powietrza. Lek pomaga z\u0142agodzi\u0107 objawy takie jak ucisk w klatce piersiowej, duszno\u015b\u0107, \u015bwiszcz\u0105cy oddech i kaszel, u\u0142atwiaj\u0105c codzienne funkcjonowanie.<\/span><\/p>\n<p><span style=\"font-weight: 400;\">Ten inhalator jest bezpieczny i skuteczny. Zazwyczaj zaczyna dzia\u0142a\u0107 w ci\u0105gu kilku minut, a efekty mog\u0105 utrzymywa\u0107 si\u0119 przez kilka godzin. Nale\u017cy kontynuowa\u0107 stosowanie leku do czasu, a\u017c lekarz zaleci jego przerwanie.<\/span><\/p>\n<h4><span style=\"font-weight: 400;\">Zapobieganie astmie<\/span><\/h4>\n<p><span style=\"font-weight: 400;\">Astma to przewlek\u0142a choroba charakteryzuj\u0105ca si\u0119 zw\u0119\u017ceniem dr\u00f3g oddechowych w p\u0142ucach z powodu stanu zapalnego i napi\u0119cia mi\u0119\u015bni wok\u00f3\u0142 ma\u0142ych dr\u00f3g oddechowych. W rezultacie pacjenci mog\u0105 odczuwa\u0107 takie objawy, jak kaszel, \u015bwiszcz\u0105cy oddech, duszno\u015b\u0107 i uczucie ucisku w klatce piersiowej. Objawy te wyst\u0119puj\u0105 okresowo, a ich nasilenie cz\u0119sto obserwuje si\u0119 w nocy lub podczas wysi\u0142ku fizycznego.<\/span><\/p>\n<h3><span style=\"font-weight: 400;\">Pracuj\u0105cy<\/span><\/h3>\n<p><span style=\"font-weight: 400;\">Foracort Rotacap 400 sk\u0142ada si\u0119 z dw\u00f3ch lek\u00f3w: formoterolu i budezonidu. Formoterol to lek, kt\u00f3ry utrzymuje drogi oddechowe otwarte przez d\u0142ugi czas. Os\u0142abia mi\u0119\u015bnie dr\u00f3g oddechowych, co powoduje ich rozszerzenie.\u00a0<\/span><\/p>\n<p><span style=\"font-weight: 400;\">Budezonid to rodzaj sterydu. Hamuje wydzielanie pewnych substancji chemicznych, kt\u00f3re powoduj\u0105 obrz\u0119k dr\u00f3g oddechowych (stan zapalny). Razem u\u0142atwiaj\u0105 one oddychanie. <\/span><span style=\"font-weight: 400;\">Kupi\u0107 <\/span><span style=\"font-weight: 400;\">Foracort Rotacap 400<\/span><span style=\"font-weight: 400;\"> online w najbardziej zaufanej aptece internetowej WowRXPharmacy.<\/span><\/p>\n<h3><span style=\"font-weight: 400;\">Jak u\u017cywa\u0107<\/span><\/h3>\n<p><span style=\"font-weight: 400;\">Podczas przyjmowania leku Foracort Rotacap 400 nale\u017cy post\u0119powa\u0107 zgodnie z poni\u017cszymi wskaz\u00f3wkami:<\/span><\/p>\n<ul>\n<li style=\"font-weight: 400;\" aria-level=\"1\"><span style=\"font-weight: 400;\">Stosuj ten produkt wy\u0142\u0105cznie wdychaj\u0105c przez halter Rota<\/span><\/li>\n<li style=\"font-weight: 400;\" aria-level=\"1\"><span style=\"font-weight: 400;\">Aby zapobiec b\u00f3lowi i sucho\u015bci gard\u0142a, zaleca si\u0119 p\u0142ukanie ust po u\u017cyciu<\/span><\/li>\n<li style=\"font-weight: 400;\" aria-level=\"1\"><span style=\"font-weight: 400;\">Podczas otwierania kapsu\u0142ki Rota Haler nale\u017cy ustawi\u0107 j\u0105 poziomo, ja\u015bniejszym ko\u0144cem skierowanym w przeciwn\u0105 stron\u0119, a bia\u0142\u0105 plamk\u0105 skierowan\u0105 do g\u00f3ry.<\/span><\/li>\n<li style=\"font-weight: 400;\" aria-level=\"1\"><span style=\"font-weight: 400;\">Nast\u0119pnie powoli wypu\u015b\u0107 powietrze i zamknij usta wok\u00f3\u0142 ustnika. We\u017a g\u0142\u0119boki wdech i wstrzymaj oddech na dziesi\u0119\u0107 sekund.<\/span><\/li>\n<li style=\"font-weight: 400;\" aria-level=\"1\"><span style=\"font-weight: 400;\">Wyrzu\u0107 pust\u0105 kapsu\u0142k\u0119 po regularnym oddychaniu. Przed u\u017cyciem zaleca si\u0119 dok\u0142adne zapoznanie si\u0119 z instrukcj\u0105 w ulotce do\u0142\u0105czonej do opakowania.<\/span><\/li>\n<li style=\"font-weight: 400;\" aria-level=\"1\"><span style=\"font-weight: 400;\">W celu prawid\u0142owego stosowania nale\u017cy skonsultowa\u0107 si\u0119 z lekarzem lub farmaceut\u0105, aby upewni\u0107 si\u0119, \u017ce lek jest stosowany zgodnie z zaleceniami.<\/span><\/li>\n<\/ul>","protected":false},"excerpt":{"rendered":"<ul>\n<li style=\"font-weight: 400;\" aria-level=\"1\"><span style=\"font-weight: 400;\">Budesonid i Formoterol zatwierdzone przez FDA<\/span><\/li>\n<li style=\"font-weight: 400;\" aria-level=\"1\"><span style=\"font-weight: 400;\">\u0141agodzi objawy astmy i POChP<\/span><\/li>\n<li style=\"font-weight: 400;\" aria-level=\"1\"><span style=\"font-weight: 400;\">Dzia\u0142a w ci\u0105gu 15 minut<\/span><\/li>\n<li style=\"font-weight: 400;\" aria-level=\"1\"><span style=\"font-weight: 400;\">Ulg\u0119 odczuwa si\u0119 przez 12 godzin<\/span><\/li>\n<\/ul>","protected":false},"featured_media":29907,"comment_status":"open","ping_status":"closed","template":"","meta":{"om_disable_all_campaigns":false,"_uf_show_specific_survey":0,"_uf_disable_surveys":false},"product_brand":[],"product_cat":[555],"product_tag":[],"class_list":{"0":"post-4797","1":"product","2":"type-product","3":"status-publish","4":"has-post-thumbnail","6":"product_cat-asthma","8":"first","9":"instock","10":"shipping-taxable","11":"purchasable","12":"product-type-variable","13":"has-default-attributes"},"_links":{"self":[{"href":"https:\/\/wowrxpharmacy.com\/pl\/wp-json\/wp\/v2\/product\/4797","targetHints":{"allow":["GET"]}}],"collection":[{"href":"https:\/\/wowrxpharmacy.com\/pl\/wp-json\/wp\/v2\/product"}],"about":[{"href":"https:\/\/wowrxpharmacy.com\/pl\/wp-json\/wp\/v2\/types\/product"}],"replies":[{"embeddable":true,"href":"https:\/\/wowrxpharmacy.com\/pl\/wp-json\/wp\/v2\/comments?post=4797"}],"wp:featuredmedia":[{"embeddable":true,"href":"https:\/\/wowrxpharmacy.com\/pl\/wp-json\/wp\/v2\/media\/29907"}],"wp:attachment":[{"href":"https:\/\/wowrxpharmacy.com\/pl\/wp-json\/wp\/v2\/media?parent=4797"}],"wp:term":[{"taxonomy":"product_brand","embeddable":true,"href":"https:\/\/wowrxpharmacy.com\/pl\/wp-json\/wp\/v2\/product_brand?post=4797"},{"taxonomy":"product_cat","embeddable":true,"href":"https:\/\/wowrxpharmacy.com\/pl\/wp-json\/wp\/v2\/product_cat?post=4797"},{"taxonomy":"product_tag","embeddable":true,"href":"https:\/\/wowrxpharmacy.com\/pl\/wp-json\/wp\/v2\/product_tag?post=4797"}],"curies":[{"name":"wp","href":"https:\/\/api.w.org\/{rel}","templated":true}]}}