{"id":4727,"date":"2024-07-13T08:07:31","date_gmt":"2024-07-13T12:07:31","guid":{"rendered":"https:\/\/wowrxpharmacy.com\/?post_type=product&#038;p=4727"},"modified":"2024-10-16T03:51:24","modified_gmt":"2024-10-16T07:51:24","slug":"salicylix-6-50gm","status":"publish","type":"product","link":"https:\/\/wowrxpharmacy.com\/pl\/product\/salicylix-6-50gm\/","title":{"rendered":"Salicylix 6% (50 g)"},"content":{"rendered":"<h3><span style=\"font-weight: 400;\">O leku Salicylix 6% (50 g)<\/span><\/h3>\n<p><span style=\"font-weight: 400;\">Kwas salicylowy jest substancj\u0105 czynn\u0105 <\/span><span style=\"font-weight: 400;\">Salicylix 6 50gm<\/span><span style=\"font-weight: 400;\">Ten lek leczy \u0142uszczyc\u0119, odciski, modzele i brodawki. Kwas salicylowy to beta-hydroksykwas. Jest znany z usuwania tr\u0105dziku poprzez z\u0142uszczanie sk\u00f3ry i oczyszczanie por\u00f3w. Kwas salicylowy jest najlepszy w leczeniu tr\u0105dziku (zask\u00f3rnik\u00f3w i w\u0105gr\u00f3w). Mo\u017ce r\u00f3wnie\u017c pom\u00f3c w zapobieganiu nawrotom tr\u0105dziku.<\/span><\/p>\n<p><span style=\"font-weight: 400;\">Salicylix 6% (50 g) zebra\u0142 bardzo pozytywne recenzje i jest zalecany w leczeniu \u0142uszczycy, odcisk\u00f3w, modzeli i brodawek.<\/span><\/p>\n<h3><span style=\"font-weight: 400;\">Stosowanie<\/span><\/h3>\n<p><span style=\"font-weight: 400;\">Krem stosuje si\u0119 w r\u00f3\u017cnych celach:<\/span><\/p>\n<ul>\n<li style=\"font-weight: 400;\" aria-level=\"1\"><span style=\"font-weight: 400;\">Leczy zmiany hiperkeratotyczne (takie jak \u0142uszczyca, przewlek\u0142e zapalenie sk\u00f3ry, rogowacenie mieszkowe)<\/span><\/li>\n<li style=\"font-weight: 400;\" aria-level=\"1\"><span style=\"font-weight: 400;\">Leczy odciski i brodawki<\/span><\/li>\n<li style=\"font-weight: 400;\" aria-level=\"1\"><span style=\"font-weight: 400;\">Leczy tr\u0105dzik, ciemne plamy i uszkodzenia s\u0142oneczne<\/span><\/li>\n<\/ul>\n<h3><span style=\"font-weight: 400;\">Pracuj\u0105cy<\/span><\/h3>\n<p><span style=\"font-weight: 400;\">Kiedy martwe kom\u00f3rki nask\u00f3rka i nadmiar sebum gromadz\u0105 si\u0119 w mieszkach w\u0142osowych (porach), cz\u0119sto prowadzi to do powstawania zask\u00f3rnik\u00f3w, w\u0105gr\u00f3w lub krost. Kwas salicylowy wnika w sk\u00f3r\u0119 i rozpuszcza martwe kom\u00f3rki nask\u00f3rka zatykaj\u0105ce pory. Pe\u0142ne efekty mog\u0105 by\u0107 widoczne dopiero po kilku tygodniach. Je\u015bli po sze\u015bciu tygodniach nie zauwa\u017cysz po\u017c\u0105danych rezultat\u00f3w, zaleca si\u0119 konsultacj\u0119 z dermatologiem.\u00a0<\/span><\/p>\n<p><span style=\"font-weight: 400;\">Kwas salicylowy odgrywa r\u00f3wnie\u017c rol\u0119 w odblokowywaniu mieszk\u00f3w w\u0142osowych, u\u0142atwiaj\u0105c eliminacj\u0119 wyprysk\u00f3w, krost i zmian \u0142uszczycowych. Dzia\u0142a samodzielnie lub w po\u0142\u0105czeniu z innymi lekami i wspomaga prawid\u0142ow\u0105 regeneracj\u0119 sk\u00f3ry. Aby rozwi\u0105za\u0107 te problemy, mo\u017cna stosowa\u0107 Salicylix 6 50 g pod nadzorem lekarza.<\/span><\/p>\n<h3><span style=\"font-weight: 400;\">Jak u\u017cywa\u0107<\/span><\/h3>\n<p><span style=\"font-weight: 400;\">U\u017cywa\u0107 <\/span><span style=\"font-weight: 400;\">Salicylix 6 50gm<\/span><span style=\"font-weight: 400;\"> Zgodnie z zaleceniami lekarza. Lek mo\u017cna stosowa\u0107 wy\u0142\u0105cznie na sk\u00f3r\u0119 zewn\u0119trzn\u0105. Nale\u017cy przyjmowa\u0107 odpowiedni lek i delikatnie nak\u0142ada\u0107 go na zmienione chorobowo miejsce dwa razy dziennie. Nie nale\u017cy <\/span><span style=\"font-weight: 400;\">Salicylix 6 50gm<\/span><span style=\"font-weight: 400;\"> Dostanie si\u0119 do oczu, uszu, nosa lub innego miejsca. W przypadku kontaktu z czym\u015b, dok\u0142adnie przemyj to wod\u0105.<\/span><\/p>\n<p><span style=\"font-weight: 400;\">Nie stosowa\u0107 tego leku na zranion\u0105, uszkodzon\u0105 lub skaleczon\u0105 sk\u00f3r\u0119. Tw\u00f3j stan pomo\u017ce lekarzowi ustali\u0107 odpowiedni\u0105 dawk\u0119 i czas trwania leczenia. Kontynuuj przyjmowanie leku. <\/span><span style=\"font-weight: 400;\">Salicylix 6 50gm<\/span><span style=\"font-weight: 400;\"> tak d\u0142ugo, jak zaleci\u0142 Ci lekarz. Dzi\u0119ki temu poczujesz si\u0119 lepiej.<\/span><\/p>","protected":false},"excerpt":{"rendered":"<ul>\n<li style=\"font-weight: 400;\" aria-level=\"1\"><span style=\"font-weight: 400;\">Widoczne rezultaty w ci\u0105gu kilku tygodni<\/span><\/li>\n<li style=\"font-weight: 400;\" aria-level=\"1\"><span style=\"font-weight: 400;\">Skuteczny do 4 godzin<\/span><\/li>\n<li style=\"font-weight: 400;\" aria-level=\"1\"><span style=\"font-weight: 400;\">Bezproblemowe u\u017cytkowanie<\/span><\/li>\n<li style=\"font-weight: 400;\" aria-level=\"1\"><span style=\"font-weight: 400;\">Wysy\u0142ka w ci\u0105gu 24 godzin<\/span><\/li>\n<\/ul>","protected":false},"featured_media":0,"comment_status":"open","ping_status":"closed","template":"","meta":{"om_disable_all_campaigns":false,"_uf_show_specific_survey":0,"_uf_disable_surveys":false},"product_brand":[],"product_cat":[534],"product_tag":[],"class_list":{"0":"post-4727","1":"product","2":"type-product","3":"status-publish","5":"product_cat-skin-care","7":"first","8":"instock","9":"shipping-taxable","10":"purchasable","11":"product-type-variable"},"_links":{"self":[{"href":"https:\/\/wowrxpharmacy.com\/pl\/wp-json\/wp\/v2\/product\/4727","targetHints":{"allow":["GET"]}}],"collection":[{"href":"https:\/\/wowrxpharmacy.com\/pl\/wp-json\/wp\/v2\/product"}],"about":[{"href":"https:\/\/wowrxpharmacy.com\/pl\/wp-json\/wp\/v2\/types\/product"}],"replies":[{"embeddable":true,"href":"https:\/\/wowrxpharmacy.com\/pl\/wp-json\/wp\/v2\/comments?post=4727"}],"wp:attachment":[{"href":"https:\/\/wowrxpharmacy.com\/pl\/wp-json\/wp\/v2\/media?parent=4727"}],"wp:term":[{"taxonomy":"product_brand","embeddable":true,"href":"https:\/\/wowrxpharmacy.com\/pl\/wp-json\/wp\/v2\/product_brand?post=4727"},{"taxonomy":"product_cat","embeddable":true,"href":"https:\/\/wowrxpharmacy.com\/pl\/wp-json\/wp\/v2\/product_cat?post=4727"},{"taxonomy":"product_tag","embeddable":true,"href":"https:\/\/wowrxpharmacy.com\/pl\/wp-json\/wp\/v2\/product_tag?post=4727"}],"curies":[{"name":"wp","href":"https:\/\/api.w.org\/{rel}","templated":true}]}}