{"id":4582,"date":"2024-07-13T08:08:04","date_gmt":"2024-07-13T12:08:04","guid":{"rendered":"https:\/\/wowrxpharmacy.com\/?post_type=product&#038;p=4582"},"modified":"2024-10-16T03:51:25","modified_gmt":"2024-10-16T07:51:25","slug":"tazret-forte-cream-0-1-20gm","status":"publish","type":"product","link":"https:\/\/wowrxpharmacy.com\/pl\/product\/tazret-forte-cream-0-1-20gm\/","title":{"rendered":"Tazret Forte Cream 0.1% 20gm"},"content":{"rendered":"<h3><span style=\"font-weight: 400;\">O Tazret Forte\u00a0<\/span><\/h3>\n<p><span style=\"font-weight: 400;\">Tazret leczy wiele chor\u00f3b sk\u00f3ry, w tym \u0142uszczyc\u0119 i tr\u0105dzik. Jego substancj\u0105 czynn\u0105 jest tazaroten, kt\u00f3ry hamuje proliferacj\u0119 i pogrubienie kom\u00f3rek sk\u00f3ry. Producentem Tazret Forte jest firma Glenmark Pharmaceuticals Ltd.<\/span><\/p>\n<p><span style=\"font-weight: 400;\">Ten lek miejscowy jest dost\u0119pny wy\u0142\u0105cznie na recept\u0119 i zalecenie lekarza. Krem Tazret Forte mo\u017cna \u0142atwo kupi\u0107 w sklepie WowRx.<\/span><\/p>\n<h3><span style=\"font-weight: 400;\">Zastosowania<\/span><span style=\"font-weight: 400;\"><br \/>\n<\/span><\/h3>\n<p><span style=\"font-weight: 400;\">Lekarze mog\u0105 przepisa\u0107 Tazret w celu leczenia r\u00f3\u017cnych schorze\u0144 sk\u00f3ry:<\/span><\/p>\n<h4><span style=\"font-weight: 400;\">\u0141uszczyca<\/span><span style=\"font-weight: 400;\"><br \/>\n<\/span><\/h4>\n<p><span style=\"font-weight: 400;\">To choroba autoimmunologiczna, kt\u00f3ra powoduje stan zapalny sk\u00f3ry. Stan zapalny mo\u017ce objawia\u0107 si\u0119 wypuk\u0142ymi blaszkami i \u0142uskami. Krem Forte leczy sw\u0119dz\u0105ce, \u0142uszcz\u0105ce si\u0119, czerwone i suche plamy na sk\u00f3rze i sk\u00f3rze g\u0142owy.\u00a0<\/span><\/p>\n<h4><span style=\"font-weight: 400;\">Tr\u0105dzik pospolity<\/span><\/h4>\n<p><span style=\"font-weight: 400;\">Schorzenie sk\u00f3ry spowodowane nadmiern\u0105 produkcj\u0105 sebum i gromadzeniem si\u0119 zanieczyszcze\u0144 w porach sk\u00f3ry. Mo\u017ce prowadzi\u0107 do powstawania zask\u00f3rnik\u00f3w, w\u0105gr\u00f3w i tr\u0105dziku.<\/span><\/p>\n<h3><span style=\"font-weight: 400;\">Jak dzia\u0142a krem Tazret Forte<\/span><\/h3>\n<p><span style=\"font-weight: 400;\">Krem Tazret zawiera tazaroten, retinoid pochodz\u0105cy z witaminy A. Ma on w\u0142a\u015bciwo\u015bci przeciwzapalne i antyproliferacyjne (hamuje namna\u017canie si\u0119 kom\u00f3rek sk\u00f3ry). Krem z tazarotenem 0,1 spowalnia wzrost kom\u00f3rek sk\u00f3ry i zapobiega wytwarzaniu substancji wywo\u0142uj\u0105cych stan zapalny (obrz\u0119k i zaczerwienienie).<\/span><\/p>\n<p><span style=\"font-weight: 400;\">Tazret stopniowo przywraca zdrowie sk\u00f3ry i pomaga zmniejszy\u0107 zaczerwienienie, \u0142uszczenie si\u0119 i grubo\u015b\u0107 wysypki \u0142uszczycowej. Krem Tazret Forte cieszy si\u0119 bardzo pozytywnymi opiniami i jest polecany w leczeniu tr\u0105dziku pospolitego i \u0142uszczycy.<\/span><\/p>\n<h3><span style=\"font-weight: 400;\">Jak u\u017cywa\u0107<\/span><\/h3>\n<p><span style=\"font-weight: 400;\">Krem Tazret Forte przeznaczony jest wy\u0142\u0105cznie do u\u017cytku zewn\u0119trznego. Stosuj go w dawce i przez czas zalecony przez lekarza. Przed u\u017cyciem zapoznaj si\u0119 z instrukcj\u0105 u\u017cycia na etykiecie. Oczy\u015b\u0107 i osusz zmienione chorobowo miejsce, a nast\u0119pnie na\u0142\u00f3\u017c krem Tazret. Umyj r\u0119ce po na\u0142o\u017ceniu, chyba \u017ce r\u00f3wnie\u017c Twoje d\u0142onie s\u0105 zmienione chorobowo.<\/span><\/p>","protected":false},"excerpt":{"rendered":"<ul>\n<li style=\"font-weight: 400;\" aria-level=\"1\"><span style=\"font-weight: 400;\">Tazaroten zatwierdzony przez FDA\u00a0<\/span><\/li>\n<li style=\"font-weight: 400;\" aria-level=\"1\"><span style=\"font-weight: 400;\">Widoczne rezultaty po 1\u20134 tygodniach<\/span><\/li>\n<li style=\"font-weight: 400;\" aria-level=\"1\"><span style=\"font-weight: 400;\">Dzia\u0142a skutecznie przez prawie 18 godzin<\/span><\/li>\n<li style=\"font-weight: 400;\" aria-level=\"1\"><span style=\"font-weight: 400;\">Wysy\u0142ka w ci\u0105gu 24 godzin<\/span><\/li>\n<\/ul>","protected":false},"featured_media":29358,"comment_status":"open","ping_status":"closed","template":"","meta":{"om_disable_all_campaigns":false,"_uf_show_specific_survey":0,"_uf_disable_surveys":false},"product_brand":[],"product_cat":[534],"product_tag":[],"class_list":{"0":"post-4582","1":"product","2":"type-product","3":"status-publish","4":"has-post-thumbnail","6":"product_cat-skin-care","8":"first","9":"instock","10":"shipping-taxable","11":"purchasable","12":"product-type-variable","13":"has-default-attributes"},"_links":{"self":[{"href":"https:\/\/wowrxpharmacy.com\/pl\/wp-json\/wp\/v2\/product\/4582","targetHints":{"allow":["GET"]}}],"collection":[{"href":"https:\/\/wowrxpharmacy.com\/pl\/wp-json\/wp\/v2\/product"}],"about":[{"href":"https:\/\/wowrxpharmacy.com\/pl\/wp-json\/wp\/v2\/types\/product"}],"replies":[{"embeddable":true,"href":"https:\/\/wowrxpharmacy.com\/pl\/wp-json\/wp\/v2\/comments?post=4582"}],"wp:featuredmedia":[{"embeddable":true,"href":"https:\/\/wowrxpharmacy.com\/pl\/wp-json\/wp\/v2\/media\/29358"}],"wp:attachment":[{"href":"https:\/\/wowrxpharmacy.com\/pl\/wp-json\/wp\/v2\/media?parent=4582"}],"wp:term":[{"taxonomy":"product_brand","embeddable":true,"href":"https:\/\/wowrxpharmacy.com\/pl\/wp-json\/wp\/v2\/product_brand?post=4582"},{"taxonomy":"product_cat","embeddable":true,"href":"https:\/\/wowrxpharmacy.com\/pl\/wp-json\/wp\/v2\/product_cat?post=4582"},{"taxonomy":"product_tag","embeddable":true,"href":"https:\/\/wowrxpharmacy.com\/pl\/wp-json\/wp\/v2\/product_tag?post=4582"}],"curies":[{"name":"wp","href":"https:\/\/api.w.org\/{rel}","templated":true}]}}