{"id":4456,"date":"2024-07-13T08:07:13","date_gmt":"2024-07-13T12:07:13","guid":{"rendered":"https:\/\/wowrxpharmacy.com\/?post_type=product&#038;p=4456"},"modified":"2024-10-16T03:51:25","modified_gmt":"2024-10-16T07:51:25","slug":"femilon-0-02-0-15-mg","status":"publish","type":"product","link":"https:\/\/wowrxpharmacy.com\/pl\/product\/femilon-0-02-0-15-mg\/","title":{"rendered":"Femilon (0,02+0,15) mg"},"content":{"rendered":"<h3><span style=\"font-weight: 400;\">O Femilonie (0,02+0,15) mg<\/span><\/h3>\n<p><span style=\"font-weight: 400;\">Tabletki Femilon to po\u0142\u0105czenie dw\u00f3ch lek\u00f3w zapobiegaj\u0105cych ci\u0105\u017cy i lecz\u0105cych nieregularne miesi\u0105czki. Zawieraj\u0105 dwie substancje czynne: etynyloestradiol (0,02 mg) i dezogestrel (0,15 mg). Pomagaj\u0105 zapobiega\u0107 uwolnieniu kom\u00f3rki jajowej i zap\u0142odnieniu jej przez plemnik. Dodatkowo, tabletki te mog\u0105 zmniejsza\u0107 ryzyko raka jajnika.\u00a0<\/span><\/p>\n<p><span style=\"font-weight: 400;\">Ten lek jest dost\u0119pny wy\u0142\u0105cznie na recept\u0119. Tabletki antykoncepcyjne mo\u017cna \u0142atwo kupi\u0107 w aptece WowRXPharmacy. Wszystkie leki na problemy z p\u0142odno\u015bci\u0105 kobiet otrzymasz z dostaw\u0105 do domu.<\/span><\/p>\n<h3><span style=\"font-weight: 400;\">Zastosowania tabletek Femilon<\/span><span style=\"font-weight: 400;\"><br \/>\n<\/span><\/h3>\n<p><span style=\"font-weight: 400;\">Femilon to tabletka antykoncepcyjna. Zapobiega zaj\u015bciu w ci\u0105\u017c\u0119. Hamuje uwalnianie kom\u00f3rki jajowej z jajnik\u00f3w i ogranicza ruch plemnik\u00f3w. <\/span><span style=\"font-weight: 400;\">Tabletki Femilon maj\u0105 bardzo pozytywne opinie i s\u0105 polecanym \u015brodkiem antykoncepcyjnym.\u00a0<\/span><\/p>\n<h3><span style=\"font-weight: 400;\">Jak dzia\u0142a Femilon<\/span><\/h3>\n<p><span style=\"font-weight: 400;\">Dzia\u0142a poprzez hamowanie uwalniania kom\u00f3rki jajowej (owulacji) i wp\u0142ywa na ruch plemnik\u00f3w w macicy, uniemo\u017cliwiaj\u0105c po\u0142\u0105czenie si\u0119 plemnika z kom\u00f3rk\u0105 jajow\u0105. Dodatkowo, modyfikuje b\u0142on\u0119 \u015bluzow\u0105 macicy, uniemo\u017cliwiaj\u0105c zaj\u015bcie w ci\u0105\u017c\u0119. Prawid\u0142owo stosowany Femilon jest niezawodn\u0105 i bezpieczn\u0105 metod\u0105 antykoncepcji. Nie zak\u0142\u00f3ca aktywno\u015bci seksualnej, dzi\u0119ki czemu mo\u017cesz prowadzi\u0107 beztroskie \u017cycie.<\/span><\/p>\n<h3><span style=\"font-weight: 400;\">Jak przyjmowa\u0107 tabletk\u0119 Femilon<\/span><\/h3>\n<p><span style=\"font-weight: 400;\">Podczas przyjmowania leku nale\u017cy post\u0119powa\u0107 zgodnie z poni\u017cszymi instrukcjami:\u00a0<\/span><\/p>\n<ul>\n<li style=\"font-weight: 400;\" aria-level=\"1\"><span style=\"font-weight: 400;\">Po\u0142knij tabletk\u0119 w ca\u0142o\u015bci<\/span><span style=\"font-weight: 400;\"><br \/>\n<\/span><\/li>\n<li style=\"font-weight: 400;\" aria-level=\"1\"><span style=\"font-weight: 400;\">Nie \u017cu\u0107, nie kruszy\u0107 ani nie \u0142ama\u0107.<\/span><span style=\"font-weight: 400;\"><br \/>\n<\/span><\/li>\n<li style=\"font-weight: 400;\" aria-level=\"1\"><span style=\"font-weight: 400;\">Tabletki zawieraj\u0105ce etynyloestradiol i dezogestrel mo\u017cna przyjmowa\u0107 niezale\u017cnie od posi\u0142ku, jednak lepiej jest przyjmowa\u0107 je o sta\u0142ej porze ka\u017cdego dnia<\/span><\/li>\n<\/ul>","protected":false},"excerpt":{"rendered":"<ul>\n<li style=\"font-weight: 400;\" aria-level=\"1\"><span style=\"font-weight: 400;\">Z <\/span><span style=\"font-weight: 400;\">Etynyloestradiol i dezogestrel\u00a0<\/span><\/li>\n<li style=\"font-weight: 400;\" aria-level=\"1\"><span style=\"font-weight: 400;\">Tabletki antykoncepcyjne doustne<\/span><\/li>\n<li style=\"font-weight: 400;\" aria-level=\"1\"><span style=\"font-weight: 400;\">Zmniejsza nieregularne miesi\u0105czki<\/span><\/li>\n<li style=\"font-weight: 400;\" aria-level=\"1\"><span style=\"font-weight: 400;\">Zapobiega rakowi jajnika<\/span><\/li>\n<li style=\"font-weight: 400;\" aria-level=\"1\"><span style=\"font-weight: 400;\">Wysy\u0142ka w ci\u0105gu 24 godzin<\/span><\/li>\n<\/ul>","protected":false},"featured_media":29943,"comment_status":"open","ping_status":"closed","template":"","meta":{"om_disable_all_campaigns":false,"_uf_show_specific_survey":0,"_uf_disable_surveys":false},"product_brand":[],"product_cat":[595],"product_tag":[],"class_list":{"0":"post-4456","1":"product","2":"type-product","3":"status-publish","4":"has-post-thumbnail","6":"product_cat-womens-health","8":"first","9":"instock","10":"shipping-taxable","11":"purchasable","12":"product-type-variable","13":"has-default-attributes"},"_links":{"self":[{"href":"https:\/\/wowrxpharmacy.com\/pl\/wp-json\/wp\/v2\/product\/4456","targetHints":{"allow":["GET"]}}],"collection":[{"href":"https:\/\/wowrxpharmacy.com\/pl\/wp-json\/wp\/v2\/product"}],"about":[{"href":"https:\/\/wowrxpharmacy.com\/pl\/wp-json\/wp\/v2\/types\/product"}],"replies":[{"embeddable":true,"href":"https:\/\/wowrxpharmacy.com\/pl\/wp-json\/wp\/v2\/comments?post=4456"}],"wp:featuredmedia":[{"embeddable":true,"href":"https:\/\/wowrxpharmacy.com\/pl\/wp-json\/wp\/v2\/media\/29943"}],"wp:attachment":[{"href":"https:\/\/wowrxpharmacy.com\/pl\/wp-json\/wp\/v2\/media?parent=4456"}],"wp:term":[{"taxonomy":"product_brand","embeddable":true,"href":"https:\/\/wowrxpharmacy.com\/pl\/wp-json\/wp\/v2\/product_brand?post=4456"},{"taxonomy":"product_cat","embeddable":true,"href":"https:\/\/wowrxpharmacy.com\/pl\/wp-json\/wp\/v2\/product_cat?post=4456"},{"taxonomy":"product_tag","embeddable":true,"href":"https:\/\/wowrxpharmacy.com\/pl\/wp-json\/wp\/v2\/product_tag?post=4456"}],"curies":[{"name":"wp","href":"https:\/\/api.w.org\/{rel}","templated":true}]}}