{"id":4377,"date":"2024-07-13T08:08:25","date_gmt":"2024-07-13T12:08:25","guid":{"rendered":"https:\/\/wowrxpharmacy.com\/?post_type=product&#038;p=4377"},"modified":"2024-10-16T03:51:25","modified_gmt":"2024-10-16T07:51:25","slug":"dazeagra-50-30mg","status":"publish","type":"product","link":"https:\/\/wowrxpharmacy.com\/pl\/product\/dazeagra-50-30mg\/","title":{"rendered":"DaZeagra 50\/30 mg"},"content":{"rendered":"<h3><span style=\"font-weight: 400;\">O leku DA&#039; Zeagra 50\/30 mg<\/span><\/h3>\n<p><span style=\"font-weight: 400;\">DA&#039; Zeagra 50\/30 mg to lek opracowany w celu leczenia problem\u00f3w zwi\u0105zanych z zaburzeniami erekcji i przedwczesnym wytryskiem u m\u0119\u017cczyzn. \u0141\u0105czy w jednej tabletce dwie substancje czynne: sildenafil (50 mg) i dapoksetyn\u0119 (30 mg).\u00a0<\/span><\/p>\n<p><span style=\"font-weight: 400;\">Sildenafil nale\u017cy do grupy lek\u00f3w z grupy inhibitor\u00f3w fosfodiesterazy-5 (PDE5-I), natomiast dapoksetyna to selektywny inhibitor wychwytu zwrotnego serotoniny (SSRI). Tabletki DA&#039; Zeagra zapewniaj\u0105 silniejsze i d\u0142u\u017csze erekcje, a jednocze\u015bnie pomagaj\u0105 op\u00f3\u017ani\u0107 wytrysk, zwi\u0119kszaj\u0105c tym samym sprawno\u015b\u0107 seksualn\u0105 i satysfakcj\u0119.<\/span><\/p>\n<h3><span style=\"font-weight: 400;\">Zastosowania DA&#039; Zeagra\u00a0<\/span><\/h3>\n<p><span style=\"font-weight: 400;\">Lek DA&#039; Zeagra 50\/30 mg jest stosowany g\u0142\u00f3wnie w leczeniu dw\u00f3ch powszechnych m\u0119skich zaburze\u0144 seksualnych:<\/span><\/p>\n<h4><span style=\"font-weight: 400;\">Zaburzenia erekcji (ED)<\/span><\/h4>\n<p><span style=\"font-weight: 400;\">DA&#039; Zeagra zawiera <\/span><a href=\"https:\/\/www.accessdata.fda.gov\/drugsatfda_docs\/label\/2014\/20895s039s042lbl.pdf\" target=\"_blank\" rel=\"nofollow noopener\"><span style=\"font-weight: 400;\">Zatwierdzone przez FDA<\/span><\/a><span style=\"font-weight: 400;\"> Sildenafil, kt\u00f3ry skutecznie leczy zaburzenia erekcji. Pomaga m\u0119\u017cczyznom osi\u0105gn\u0105\u0107 i utrzyma\u0107 mocn\u0105 i trwa\u0142\u0105 erekcj\u0119 poprzez zwi\u0119kszenie przep\u0142ywu krwi do penisa podczas stymulacji seksualnej.<\/span><\/p>\n<h4><span style=\"font-weight: 400;\">Przedwczesny wytrysk (PE)<\/span><\/h4>\n<p><span style=\"font-weight: 400;\">DA&#039; Zeagra pomaga w <\/span><a href=\"https:\/\/www.ncbi.nlm.nih.gov\/pmc\/articles\/PMC3273363\/#:~:text=Dapoxetine%20is%20a%20selective%20serotonin%20reuptake%20inhibitor%20specifically%20designed%20to%20treat%20PE.\" target=\"_blank\" rel=\"nofollow noopener\"><span style=\"font-weight: 400;\">leczenie<\/span><\/a><span style=\"font-weight: 400;\"> Przedwczesny wytrysk. Op\u00f3\u017ania wytrysk, pozwalaj\u0105c m\u0119\u017cczyznom na lepsz\u0105 kontrol\u0119 nad swoj\u0105 sprawno\u015bci\u0105 seksualn\u0105 i wyd\u0142u\u017cenie stosunku.<\/span><\/p>\n<p><span style=\"font-weight: 400;\">Jednak\u017ce dapoksetyna jest <\/span><a href=\"https:\/\/www.fda.gov\/drugs\/medication-health-fraud\/public-notification-xzone-premium-contains-hidden-drug-ingredient#:~:text=Dapoxetine%20is%20an%20active%20ingredient%20not%20approved%20by%20FDA%2C%20and%20therefore%20its%20safety%20and%20efficacy%20have%20not%20been%20established.\" target=\"_blank\" rel=\"nofollow noopener\"><span style=\"font-weight: 400;\">Jeszcze nie<\/span><\/a><span style=\"font-weight: 400;\"> Zatwierdzone przez FDA. Dlatego przed za\u017cyciem skonsultuj si\u0119 z lekarzem.<\/span><\/p>\n<h3><span style=\"font-weight: 400;\">Dzia\u0142anie leku DaZeagra 50\/30 mg<\/span><\/h3>\n<p><span style=\"font-weight: 400;\">DA&#039; Zeagra \u0142\u0105czy w sobie dzia\u0142anie dw\u00f3ch substancji czynnych:<\/span><\/p>\n<h4><span style=\"font-weight: 400;\">Sildenafil<\/span><\/h4>\n<p><span style=\"font-weight: 400;\">Nale\u017cy do klasy lek\u00f3w zwanych inhibitorami PDE-5. <\/span><a href=\"https:\/\/medlineplus.gov\/druginfo\/meds\/a699015.html#:~:text=Sildenafil%20is%20in%20a%20class%20of%20medications%20called%20phosphodiesterase%20(PDE)%20inhibitors.%20Sildenafil%20treats%20erectile%20dysfunction%20by%20increasing%20blood%20flow%20to%20the%20penis%20during%20sexual%20stimulation.%20This%20increased%20blood%20flow%20can%20cause%20an%20erection.\" target=\"_blank\" rel=\"nofollow noopener\"><span style=\"font-weight: 400;\">prace autorstwa<\/span><\/a><span style=\"font-weight: 400;\"> rozlu\u017ania naczynia krwiono\u015bne w penisie, co powoduje zwi\u0119kszony przep\u0142yw krwi do tego obszaru, co pomaga w osi\u0105gni\u0119ciu i utrzymaniu erekcji.<\/span><\/p>\n<h4><span style=\"font-weight: 400;\">Dapoksetyna\u00a0<\/span><\/h4>\n<p><span style=\"font-weight: 400;\">Ten <\/span><a href=\"https:\/\/www.sciencedirect.com\/topics\/medicine-and-dentistry\/dapoxetine#:~:text=Dapoxetine-,Dapoxetine%20is%20a%20short%2Dacting%20selective%20serotonin%20reuptake%20inhibitor%20(SSRI),-that%20prolongs%20intravaginal\" target=\"_blank\" rel=\"nofollow noopener\"><span style=\"font-weight: 400;\">sk\u0142adnik jest<\/span><\/a><span style=\"font-weight: 400;\"> Selektywny inhibitor wychwytu zwrotnego serotoniny, kt\u00f3ry pomaga op\u00f3\u017ani\u0107 wytrysk poprzez zwi\u0119kszenie poziomu serotoniny w nerwach. Efektem jest lepsza kontrola nad wytryskiem i d\u0142u\u017cszy czas trwania aktywno\u015bci seksualnej.<\/span><\/p>\n<h3><span style=\"font-weight: 400;\">Jak przyjmowa\u0107 lek Da Zeagra 50+30 mg<\/span><\/h3>\n<p><span style=\"font-weight: 400;\">Za\u017cywaj DA&#039; Zeagra zgodnie z zaleceniami lekarza. Tabletk\u0119 nale\u017cy po\u0142yka\u0107 w ca\u0142o\u015bci, popijaj\u0105c wod\u0105, bez \u017cucia ani kruszenia.<\/span><\/p>\n<p><span style=\"font-weight: 400;\">Mo\u017cna go przyjmowa\u0107 z posi\u0142kiem lub bez, ale nale\u017cy unika\u0107 ci\u0119\u017ckich, t\u0142ustych posi\u0142k\u00f3w, poniewa\u017c mog\u0105 one op\u00f3\u017ani\u0107 dzia\u0142anie. Mo\u017cna go przyj\u0105\u0107 oko\u0142o 1-2 godzin przed stosunkiem p\u0142ciowym.\u00a0<\/span><\/p>\n<p><span style=\"font-weight: 400;\">Nie nale\u017cy przyjmowa\u0107 wi\u0119cej ni\u017c jednej tabletki w ci\u0105gu 24 godzin.<\/span><\/p>","protected":false},"excerpt":{"rendered":"<ul>\n<li style=\"font-weight: 400;\" aria-level=\"1\"><span style=\"font-weight: 400;\">Formu\u0142a o podw\u00f3jnym dzia\u0142aniu: leczy zaburzenia erekcji i zatorowo\u015b\u0107 p\u0142ucn\u0105<\/span><\/li>\n<li style=\"font-weight: 400;\" aria-level=\"1\"><span style=\"font-weight: 400;\">Szybkie dzia\u0142anie: Dzia\u0142a w ci\u0105gu 30\u201360 minut<\/span><\/li>\n<li style=\"font-weight: 400;\" aria-level=\"1\"><span style=\"font-weight: 400;\">D\u0142ugotrwa\u0142y efekt: do 4 godzin<\/span><\/li>\n<li style=\"font-weight: 400;\" aria-level=\"1\"><span style=\"font-weight: 400;\">Lepsza wydajno\u015b\u0107: Op\u00f3\u017ania wytrysk<\/span><\/li>\n<li style=\"font-weight: 400;\" aria-level=\"1\"><span style=\"font-weight: 400;\">Poprawa satysfakcji: Wyd\u0142u\u017ca stosunek<\/span><\/li>\n<li style=\"font-weight: 400;\" aria-level=\"1\"><span style=\"font-weight: 400;\">Dyskretne opakowanie<\/span><\/li>\n<\/ul>","protected":false},"featured_media":29562,"comment_status":"open","ping_status":"closed","template":"","meta":{"om_disable_all_campaigns":false,"_uf_show_specific_survey":0,"_uf_disable_surveys":false},"product_brand":[],"product_cat":[438],"product_tag":[],"class_list":{"0":"post-4377","1":"product","2":"type-product","3":"status-publish","4":"has-post-thumbnail","6":"product_cat-mens-health","8":"first","9":"instock","10":"shipping-taxable","11":"purchasable","12":"product-type-variable","13":"has-default-attributes"},"_links":{"self":[{"href":"https:\/\/wowrxpharmacy.com\/pl\/wp-json\/wp\/v2\/product\/4377","targetHints":{"allow":["GET"]}}],"collection":[{"href":"https:\/\/wowrxpharmacy.com\/pl\/wp-json\/wp\/v2\/product"}],"about":[{"href":"https:\/\/wowrxpharmacy.com\/pl\/wp-json\/wp\/v2\/types\/product"}],"replies":[{"embeddable":true,"href":"https:\/\/wowrxpharmacy.com\/pl\/wp-json\/wp\/v2\/comments?post=4377"}],"wp:featuredmedia":[{"embeddable":true,"href":"https:\/\/wowrxpharmacy.com\/pl\/wp-json\/wp\/v2\/media\/29562"}],"wp:attachment":[{"href":"https:\/\/wowrxpharmacy.com\/pl\/wp-json\/wp\/v2\/media?parent=4377"}],"wp:term":[{"taxonomy":"product_brand","embeddable":true,"href":"https:\/\/wowrxpharmacy.com\/pl\/wp-json\/wp\/v2\/product_brand?post=4377"},{"taxonomy":"product_cat","embeddable":true,"href":"https:\/\/wowrxpharmacy.com\/pl\/wp-json\/wp\/v2\/product_cat?post=4377"},{"taxonomy":"product_tag","embeddable":true,"href":"https:\/\/wowrxpharmacy.com\/pl\/wp-json\/wp\/v2\/product_tag?post=4377"}],"curies":[{"name":"wp","href":"https:\/\/api.w.org\/{rel}","templated":true}]}}