{"id":4341,"date":"2024-07-11T05:21:49","date_gmt":"2024-07-11T09:21:49","guid":{"rendered":"https:\/\/wowrxpharmacy.com\/?post_type=product&#038;p=4341"},"modified":"2024-10-16T03:51:26","modified_gmt":"2024-10-16T07:51:26","slug":"calaptin-sr-240mg","status":"publish","type":"product","link":"https:\/\/wowrxpharmacy.com\/pl\/product\/calaptin-sr-240mg\/","title":{"rendered":"Calaptin SR 240mg"},"content":{"rendered":"<h3><span style=\"font-weight: 400;\">About Calaptin SR 240mg<\/span><\/h3>\n<p><span style=\"font-weight: 400;\">Calaptin SR 240mg is used to treat Hypertension, Angina (Heart-Related Chest Pain), and some types of Arrhythmia.<\/span><\/p>\n<p><span style=\"font-weight: 400;\">It works by relaxing blood vessels to reduce blood pressure.<\/span><\/p>\n<p><span style=\"font-weight: 400;\">Verapamil is the active ingredient in Calaptin SR 240 Tablet. Abbott Healthcare Pvt Ltd is one of the leading companies which manufacture Calaptin 40mg Tablets. <\/span><span style=\"font-weight: 400;\">You can easily get this medicine at affordable prices from WoWRxphrarmacy.<\/span><\/p>\n<h3><span style=\"font-weight: 400;\">Calaptin 240 SR uses<\/span><\/h3>\n<p><span style=\"font-weight: 400;\">Calaptin 240 is prescribed to patients with:<\/span><\/p>\n<h4><span style=\"font-weight: 400;\">Nadci\u015bnienie<\/span><\/h4>\n<p><span style=\"font-weight: 400;\">Hypertension is a condition in which blood pressure is consistently higher than usual. Usually, High Blood Pressure does not have any symptoms. But if left untreated, it might increase the risks of heart problems and Stroke.<\/span><\/p>\n<h4><span style=\"font-weight: 400;\">Dusznica<\/span><\/h4>\n<p><span style=\"font-weight: 400;\">Angina is a Heart-related condition that causes pain and discomfort in the chest. Various factors, including stress, Coronary Artery Disease, and smoking, are some of the common causes.<\/span><\/p>\n<h4><span style=\"font-weight: 400;\">Niemiarowo\u015b\u0107<\/span><\/h4>\n<p><span style=\"font-weight: 400;\">Arrhythmia is a condition in which the heart rhythm is irregular. A heart rhythm problem occurs when electrical signals that coordinate heartbeats do not work correctly. It causes fluttering or racing of heartbeats and can sometimes be life-threatening.<\/span><\/p>\n<h3><span style=\"font-weight: 400;\">How does Calaptin SR 240mg work<\/span><\/h3>\n<p><span style=\"font-weight: 400;\">Calaptin SR 240mg comes with highly positive reviews and is a recommended medication for Hypertension, Angina, and Arrhythmia. The heart muscles in our body require Calcium for contraction. The active ingredient in tab Calaptin sr 240 is Verapamil. It blocks Calcium from entering the heart muscles and blood vessels. It results in relaxing blood vessels so blood can flow easily.<\/span><\/p>\n<h3><span style=\"font-weight: 400;\">How to take Calaptin 240mg<\/span><\/h3>\n<p><span style=\"font-weight: 400;\">Calaptin is a prescription-based medicine. Hence, you should follow your doctor\u2019s advice before taking the medicine. General instructions to take Calaptin 240mg tablets are:<\/span><\/p>\n<ul>\n<li style=\"font-weight: 400;\" aria-level=\"1\"><span style=\"font-weight: 400;\">Take 240mg of Calaptin as prescribed by your doctor<\/span><\/li>\n<li style=\"font-weight: 400;\" aria-level=\"1\"><span style=\"font-weight: 400;\">Tabletk\u0119 nale\u017cy po\u0142yka\u0107 w ca\u0142o\u015bci, popijaj\u0105c wod\u0105, bez kruszenia i \u017cucia.<\/span><\/li>\n<li style=\"font-weight: 400;\" aria-level=\"1\"><span style=\"font-weight: 400;\">Zaleca si\u0119 przyjmowanie leku regularnie o sta\u0142ej porze ka\u017cdego dnia<\/span><\/li>\n<li style=\"font-weight: 400;\" aria-level=\"1\"><span style=\"font-weight: 400;\">Consult your doctor before taking this medicine and do not exceed the recommended dosage amount<\/span><\/li>\n<li style=\"font-weight: 400;\" aria-level=\"1\"><span style=\"font-weight: 400;\">Do not stop taking the medication suddenly without consulting your doctor<\/span><\/li>\n<\/ul>","protected":false},"excerpt":{"rendered":"<ul>\n<li style=\"font-weight: 400;\" aria-level=\"1\"><span style=\"font-weight: 400;\">Manage Hypertension<\/span><\/li>\n<li style=\"font-weight: 400;\" aria-level=\"1\"><span style=\"font-weight: 400;\">Treat heart-related chest pain and Arrhythmia<\/span><\/li>\n<li style=\"font-weight: 400;\" aria-level=\"1\"><span style=\"font-weight: 400;\">Visible effects within 2 to 4 hours<\/span><\/li>\n<li style=\"font-weight: 400;\" aria-level=\"1\"><span style=\"font-weight: 400;\">Wysy\u0142ka w ci\u0105gu 24 godzin<\/span><\/li>\n<\/ul>","protected":false},"featured_media":29474,"comment_status":"open","ping_status":"closed","template":"","meta":{"om_disable_all_campaigns":false,"_uf_show_specific_survey":0,"_uf_disable_surveys":false},"product_brand":[],"product_cat":[608],"product_tag":[],"class_list":{"0":"post-4341","1":"product","2":"type-product","3":"status-publish","4":"has-post-thumbnail","6":"product_cat-heart-blood-pressure","8":"first","9":"instock","10":"shipping-taxable","11":"purchasable","12":"product-type-variable"},"_links":{"self":[{"href":"https:\/\/wowrxpharmacy.com\/pl\/wp-json\/wp\/v2\/product\/4341","targetHints":{"allow":["GET"]}}],"collection":[{"href":"https:\/\/wowrxpharmacy.com\/pl\/wp-json\/wp\/v2\/product"}],"about":[{"href":"https:\/\/wowrxpharmacy.com\/pl\/wp-json\/wp\/v2\/types\/product"}],"replies":[{"embeddable":true,"href":"https:\/\/wowrxpharmacy.com\/pl\/wp-json\/wp\/v2\/comments?post=4341"}],"wp:featuredmedia":[{"embeddable":true,"href":"https:\/\/wowrxpharmacy.com\/pl\/wp-json\/wp\/v2\/media\/29474"}],"wp:attachment":[{"href":"https:\/\/wowrxpharmacy.com\/pl\/wp-json\/wp\/v2\/media?parent=4341"}],"wp:term":[{"taxonomy":"product_brand","embeddable":true,"href":"https:\/\/wowrxpharmacy.com\/pl\/wp-json\/wp\/v2\/product_brand?post=4341"},{"taxonomy":"product_cat","embeddable":true,"href":"https:\/\/wowrxpharmacy.com\/pl\/wp-json\/wp\/v2\/product_cat?post=4341"},{"taxonomy":"product_tag","embeddable":true,"href":"https:\/\/wowrxpharmacy.com\/pl\/wp-json\/wp\/v2\/product_tag?post=4341"}],"curies":[{"name":"wp","href":"https:\/\/api.w.org\/{rel}","templated":true}]}}