{"id":4329,"date":"2024-07-11T05:02:13","date_gmt":"2024-07-11T09:02:13","guid":{"rendered":"https:\/\/wowrxpharmacy.com\/?post_type=product&#038;p=4329"},"modified":"2024-10-16T03:51:26","modified_gmt":"2024-10-16T07:51:26","slug":"kalaptyna-40-mg","status":"publish","type":"product","link":"https:\/\/wowrxpharmacy.com\/pl\/product\/kalaptyna-40-mg\/","title":{"rendered":"Kalaptyna 40 mg"},"content":{"rendered":"<h3><span style=\"font-weight: 400;\">O Calaptin 40<\/span><\/h3>\n<p><span style=\"font-weight: 400;\">Werapamil jest substancj\u0105 czynn\u0105 leku Calaptin 40 mg w tabletkach. Calaptin 40 jest stosowany w leczeniu nadci\u015bnienia t\u0119tniczego, d\u0142awicy piersiowej (b\u00f3lu w klatce piersiowej zwi\u0105zanego z sercem) oraz niekt\u00f3rych rodzaj\u00f3w arytmii (nieregularnego bicia serca). Lek dzia\u0142a poprzez rozkurcz naczy\u0144 krwiono\u015bnych, obni\u017caj\u0105c ci\u015bnienie krwi. W rezultacie pomaga to odci\u0105\u017cy\u0107 serce. Abbott Healthcare Pvt Ltd jest jedn\u0105 z wiod\u0105cych firm produkuj\u0105cych tabletki Calaptin 40 mg.<\/span><\/p>\n<h3><span style=\"font-weight: 400;\">Zastosowania Calaptin 40 mg<\/span><\/h3>\n<p><span style=\"font-weight: 400;\">Tabletki Calaptin przepisuje si\u0119 pacjentom cierpi\u0105cym na:<\/span><\/p>\n<h4><span style=\"font-weight: 400;\">Nadci\u015bnienie<\/span><\/h4>\n<p><span style=\"font-weight: 400;\">Nadci\u015bnienie t\u0119tnicze (wysokie ci\u015bnienie krwi) to stan, w kt\u00f3rym ci\u015bnienie krwi jest stale wy\u017csze ni\u017c zwykle. Zazwyczaj nadci\u015bnienie t\u0119tnicze nie daje \u017cadnych objaw\u00f3w. Jednak nieleczone mo\u017ce zwi\u0119ksza\u0107 ryzyko problem\u00f3w z sercem i udaru m\u00f3zgu.<\/span><\/p>\n<h4><span style=\"font-weight: 400;\">Dusznica<\/span><\/h4>\n<p><span style=\"font-weight: 400;\">D\u0142awica piersiowa to choroba serca, kt\u00f3ra powoduje b\u00f3l i dyskomfort w klatce piersiowej. Jest wywo\u0142ywana przez r\u00f3\u017cne czynniki, takie jak stres, choroba wie\u0144cowa, palenie tytoniu itp.<\/span><\/p>\n<h4><span style=\"font-weight: 400;\">Niemiarowo\u015b\u0107<\/span><\/h4>\n<p><span style=\"font-weight: 400;\">Arytmia to stan, w kt\u00f3rym rytm serca jest nieregularny. Problemy z rytmem serca wyst\u0119puj\u0105, gdy sygna\u0142y elektryczne koordynuj\u0105ce bicie serca nie dzia\u0142aj\u0105 prawid\u0142owo. Arytmia powoduje ko\u0142atanie serca lub jego przyspieszenie i czasami mo\u017ce zagra\u017ca\u0107 \u017cyciu.<\/span><\/p>\n<h3><span style=\"font-weight: 400;\">Calaptin 40 dzia\u0142a<\/span><\/h3>\n<p><span style=\"font-weight: 400;\">Calaptin 40 zbiera bardzo pozytywne recenzje i jest polecany w leczeniu nadci\u015bnienia t\u0119tniczego, d\u0142awicy piersiowej i arytmii. Mi\u0119\u015bnie serca potrzebuj\u0105 wapnia do skurczu. Substancj\u0105 czynn\u0105 leku Calaptin jest werapamil. Blokuje on przedostawanie si\u0119 wapnia do mi\u0119\u015bnia sercowego i naczy\u0144 krwiono\u015bnych. Powoduje to rozkurcz naczy\u0144 krwiono\u015bnych, co u\u0142atwia przep\u0142yw krwi.<\/span><\/p>\n<h3><span style=\"font-weight: 400;\">Jak stosowa\u0107 Calaptin 40 mg<\/span><\/h3>\n<ul>\n<li style=\"font-weight: 400;\" aria-level=\"1\"><span style=\"font-weight: 400;\">Sprawd\u017a etykiet\u0119, aby uzyska\u0107 wskaz\u00f3wki dotycz\u0105ce stosowania<\/span><\/li>\n<li style=\"font-weight: 400;\" aria-level=\"1\"><span style=\"font-weight: 400;\">Za\u017cywaj tabletk\u0119 Calaptin 40 mg zgodnie z zaleceniami lekarza.<\/span><\/li>\n<li style=\"font-weight: 400;\" aria-level=\"1\"><span style=\"font-weight: 400;\">Tabletk\u0119 nale\u017cy po\u0142yka\u0107 w ca\u0142o\u015bci, popijaj\u0105c wod\u0105, bez kruszenia i \u017cucia.<\/span><\/li>\n<li style=\"font-weight: 400;\" aria-level=\"1\"><span style=\"font-weight: 400;\">Zaleca si\u0119 przyjmowanie leku regularnie o sta\u0142ej porze ka\u017cdego dnia<\/span><\/li>\n<li style=\"font-weight: 400;\" aria-level=\"1\"><span style=\"font-weight: 400;\">Przed za\u017cyciem leku nale\u017cy skonsultowa\u0107 si\u0119 z lekarzem i nie przekracza\u0107 zalecanej dawki.<\/span><\/li>\n<li style=\"font-weight: 400;\" aria-level=\"1\"><span style=\"font-weight: 400;\">Nie nale\u017cy nagle przerywa\u0107 stosowania leku.<\/span><\/li>\n<\/ul>","protected":false},"excerpt":{"rendered":"<ul>\n<li style=\"font-weight: 400;\" aria-level=\"1\"><span style=\"font-weight: 400;\">Zatwierdzony przez FDA w leczeniu d\u0142awicy piersiowej i nadci\u015bnienia t\u0119tniczego<\/span><\/li>\n<li style=\"font-weight: 400;\" aria-level=\"1\"><span style=\"font-weight: 400;\">Skutecznie kontroluje t\u0119tno<\/span><\/li>\n<li style=\"font-weight: 400;\" aria-level=\"1\"><span style=\"font-weight: 400;\">Zaczyna dzia\u0142a\u0107 w ci\u0105gu 1 do 2 godzin<\/span><\/li>\n<li style=\"font-weight: 400;\" aria-level=\"1\"><span style=\"font-weight: 400;\">Zaufali nam specjali\u015bci z bran\u017cy opieki zdrowotnej<\/span><\/li>\n<\/ul>","protected":false},"featured_media":4618,"comment_status":"open","ping_status":"closed","template":"","meta":{"om_disable_all_campaigns":false,"_uf_show_specific_survey":0,"_uf_disable_surveys":false},"product_brand":[],"product_cat":[608],"product_tag":[],"class_list":{"0":"post-4329","1":"product","2":"type-product","3":"status-publish","4":"has-post-thumbnail","6":"product_cat-heart-blood-pressure","8":"first","9":"instock","10":"shipping-taxable","11":"purchasable","12":"product-type-variable"},"_links":{"self":[{"href":"https:\/\/wowrxpharmacy.com\/pl\/wp-json\/wp\/v2\/product\/4329","targetHints":{"allow":["GET"]}}],"collection":[{"href":"https:\/\/wowrxpharmacy.com\/pl\/wp-json\/wp\/v2\/product"}],"about":[{"href":"https:\/\/wowrxpharmacy.com\/pl\/wp-json\/wp\/v2\/types\/product"}],"replies":[{"embeddable":true,"href":"https:\/\/wowrxpharmacy.com\/pl\/wp-json\/wp\/v2\/comments?post=4329"}],"wp:featuredmedia":[{"embeddable":true,"href":"https:\/\/wowrxpharmacy.com\/pl\/wp-json\/wp\/v2\/media\/4618"}],"wp:attachment":[{"href":"https:\/\/wowrxpharmacy.com\/pl\/wp-json\/wp\/v2\/media?parent=4329"}],"wp:term":[{"taxonomy":"product_brand","embeddable":true,"href":"https:\/\/wowrxpharmacy.com\/pl\/wp-json\/wp\/v2\/product_brand?post=4329"},{"taxonomy":"product_cat","embeddable":true,"href":"https:\/\/wowrxpharmacy.com\/pl\/wp-json\/wp\/v2\/product_cat?post=4329"},{"taxonomy":"product_tag","embeddable":true,"href":"https:\/\/wowrxpharmacy.com\/pl\/wp-json\/wp\/v2\/product_tag?post=4329"}],"curies":[{"name":"wp","href":"https:\/\/api.w.org\/{rel}","templated":true}]}}