{"id":4267,"date":"2024-07-13T08:06:31","date_gmt":"2024-07-13T12:06:31","guid":{"rendered":"https:\/\/wowrxpharmacy.com\/?post_type=product&#038;p=4267"},"modified":"2024-11-07T06:46:03","modified_gmt":"2024-11-07T11:46:03","slug":"krem-tretinowy-005-30gm","status":"publish","type":"product","link":"https:\/\/wowrxpharmacy.com\/pl\/product\/krem-tretinowy-005-30gm\/","title":{"rendered":"Krem Tretin 0,05% (30 g)"},"content":{"rendered":"<h3><span style=\"font-weight: 400;\">O kremie Tretin 0.05<\/span><\/h3>\n<p><span style=\"font-weight: 400;\">Krem Tretin 0,05 to lek do stosowania miejscowego stosowany w leczeniu tr\u0105dziku, kt\u00f3ry mo\u017ce objawia\u0107 si\u0119 pryszczami lub wypryskami na twarzy, plecach lub klatce piersiowej. Lek pomaga r\u00f3wnie\u017c wyg\u0142adzi\u0107 szorstk\u0105 sk\u00f3r\u0119 twarzy i zredukowa\u0107 drobne zmarszczki. Krem Tretin 0,05 nale\u017cy do grupy lek\u00f3w zwanych retinoidami. G\u0142\u00f3wnym sk\u0142adnikiem aktywnym kremu Tretin 0,05 jest tretynoina.<\/span><\/p>\n<p><span style=\"font-weight: 400;\">Krem pomaga zmniejszy\u0107 produkcj\u0119 sebum w sk\u00f3rze, umo\u017cliwiaj\u0105c otwarcie por\u00f3w na powierzchni sk\u00f3ry i zmniejszenie ich zatykania. W rezultacie zapobiega rozwojowi zask\u00f3rnik\u00f3w, w\u0105gr\u00f3w i pryszczy. Podczas stosowania lek\u00f3w na recept\u0119, takich jak krem Tretin 0,05, nale\u017cy bezwzgl\u0119dnie stosowa\u0107 si\u0119 do zalece\u0144 lekarza. Firma Hegde and Hegde Pharmaceutical LLP produkuje krem z tretinoin\u0105 0,05.<\/span><\/p>\n<h3><span style=\"font-weight: 400;\">Zastosowania kremu Tretin 0,05<\/span><\/h3>\n<p><span style=\"font-weight: 400;\">Krem Tretin 0,05 jest stosowany w leczeniu tr\u0105dziku i powi\u0105zanych z nim chor\u00f3b sk\u00f3ry. Lek nale\u017cy stosowa\u0107 wy\u0142\u0105cznie na wyra\u017ane zalecenie lekarza. Kiedy mieszki w\u0142osowe zostan\u0105 zablokowane przez sebum i martwe kom\u00f3rki nask\u00f3rka, mo\u017ce rozwin\u0105\u0107 si\u0119 tr\u0105dzik, kt\u00f3ry powoduje powstawanie zask\u00f3rnik\u00f3w, bia\u0142ych zask\u00f3rnik\u00f3w i pryszczy na sk\u00f3rze.<\/span><\/p>\n<p><span style=\"font-weight: 400;\">Opr\u00f3cz zmniejszenia ryzyka wyst\u0105pienia nowych wyprysk\u00f3w tr\u0105dzikowych, krem z tretinoin\u0105 mo\u017ce pom\u00f3c przyspieszy\u0107 proces gojenia si\u0119 sk\u00f3ry. <\/span><span style=\"font-weight: 400;\">Krem Tretin jest bardzo polecanym lekiem na tr\u0105dzik ze wzgl\u0119du na liczne pozytywne opinie, jakie otrzyma\u0142.<\/span><\/p>\n<h3><span style=\"font-weight: 400;\">Jak dzia\u0142a tretinoina<\/span><\/h3>\n<p><span style=\"font-weight: 400;\">Tretinoina, rodzaj witaminy A, jest g\u0142\u00f3wnym sk\u0142adnikiem aktywnym kremu Tretin 0.05. Lek pomaga w leczeniu tr\u0105dziku, powszechnej choroby sk\u00f3ry spowodowanej zatykaniem mieszk\u00f3w w\u0142osowych \u0142ojem i martwymi kom\u00f3rkami nask\u00f3rka.<\/span><\/p>\n<p><span style=\"font-weight: 400;\">Stosowany miejscowo krem regeneruje sk\u00f3r\u0119 sk\u0142onn\u0105 do tr\u0105dziku, zmniejsza produkcj\u0119 sebum i pomaga utrzyma\u0107 otwarte pory. Ten proces pomaga zapobiega\u0107 powstawaniu wyprysk\u00f3w, zask\u00f3rnik\u00f3w i bia\u0142ych zask\u00f3rnik\u00f3w. Krem do stosowania miejscowego nale\u017cy stosowa\u0107 wy\u0142\u0105cznie zewn\u0119trznie. Podczas stosowania kremu Tretin 0,05 nale\u017cy przestrzega\u0107 zalece\u0144 lekarza.<\/span><\/p>\n<h3><span style=\"font-weight: 400;\">Jak stosowa\u0107 krem Tretin<\/span><\/h3>\n<p><span style=\"font-weight: 400;\">Krem Tretin 0,05 nale\u017cy stosowa\u0107 zgodnie z zaleceniami lekarza. Przed na\u0142o\u017ceniem niewielkiej warstwy leku nale\u017cy umy\u0107 i osuszy\u0107 zmieniony chorobowo obszar. Po umyciu i osuszeniu zmienionego chorobowo obszaru nale\u017cy na\u0142o\u017cy\u0107 balsam zgodnie z zaleceniami lekarza.\u00a0<\/span><\/p>\n<p><span style=\"font-weight: 400;\">Nie stosowa\u0107 kremu Tretin 0,05% 30 g w pobli\u017cu ust, nosa, uszu ani pochwy. Nigdy nie stosowa\u0107 kremu na uszkodzon\u0105 lub zranion\u0105 sk\u00f3r\u0119. W przypadku przypadkowego kontaktu kremu Tretin 0,05% 30 g z tymi miejscami, nale\u017cy je dok\u0142adnie przemy\u0107 wod\u0105.<\/span><\/p>","protected":false},"excerpt":{"rendered":"<ul>\n<li style=\"font-weight: 400;\" aria-level=\"1\"><span style=\"font-weight: 400;\">Zatwierdzone przez FDA <\/span><span style=\"font-weight: 400;\">Tretinoina\u00a0<\/span><\/li>\n<li style=\"font-weight: 400;\" aria-level=\"1\"><span style=\"font-weight: 400;\">Widoczne rezultaty w ci\u0105gu 3 miesi\u0119cy<\/span><\/li>\n<li style=\"font-weight: 400;\" aria-level=\"1\"><span style=\"font-weight: 400;\">Dzia\u0142a skutecznie do 24 godzin<\/span><\/li>\n<li style=\"font-weight: 400;\" aria-level=\"1\"><span style=\"font-weight: 400;\">Oryginalny produkt, wysy\u0142any w ci\u0105gu 24 godzin<\/span><\/li>\n<\/ul>","protected":false},"featured_media":4271,"comment_status":"open","ping_status":"closed","template":"","meta":{"om_disable_all_campaigns":false,"_uf_show_specific_survey":0,"_uf_disable_surveys":false},"product_brand":[],"product_cat":[534],"product_tag":[],"class_list":{"0":"post-4267","1":"product","2":"type-product","3":"status-publish","4":"has-post-thumbnail","6":"product_cat-skin-care","8":"first","9":"instock","10":"sale","11":"shipping-taxable","12":"purchasable","13":"product-type-variable","14":"has-default-attributes"},"_links":{"self":[{"href":"https:\/\/wowrxpharmacy.com\/pl\/wp-json\/wp\/v2\/product\/4267","targetHints":{"allow":["GET"]}}],"collection":[{"href":"https:\/\/wowrxpharmacy.com\/pl\/wp-json\/wp\/v2\/product"}],"about":[{"href":"https:\/\/wowrxpharmacy.com\/pl\/wp-json\/wp\/v2\/types\/product"}],"replies":[{"embeddable":true,"href":"https:\/\/wowrxpharmacy.com\/pl\/wp-json\/wp\/v2\/comments?post=4267"}],"wp:featuredmedia":[{"embeddable":true,"href":"https:\/\/wowrxpharmacy.com\/pl\/wp-json\/wp\/v2\/media\/4271"}],"wp:attachment":[{"href":"https:\/\/wowrxpharmacy.com\/pl\/wp-json\/wp\/v2\/media?parent=4267"}],"wp:term":[{"taxonomy":"product_brand","embeddable":true,"href":"https:\/\/wowrxpharmacy.com\/pl\/wp-json\/wp\/v2\/product_brand?post=4267"},{"taxonomy":"product_cat","embeddable":true,"href":"https:\/\/wowrxpharmacy.com\/pl\/wp-json\/wp\/v2\/product_cat?post=4267"},{"taxonomy":"product_tag","embeddable":true,"href":"https:\/\/wowrxpharmacy.com\/pl\/wp-json\/wp\/v2\/product_tag?post=4267"}],"curies":[{"name":"wp","href":"https:\/\/api.w.org\/{rel}","templated":true}]}}