{"id":4132,"date":"2024-07-13T08:03:08","date_gmt":"2024-07-13T12:03:08","guid":{"rendered":"https:\/\/wowrxpharmacy.com\/?post_type=product&#038;p=4132"},"modified":"2024-10-16T03:51:26","modified_gmt":"2024-10-16T07:51:26","slug":"tabletka-ramistar-h-10","status":"publish","type":"product","link":"https:\/\/wowrxpharmacy.com\/pl\/product\/tabletka-ramistar-h-10\/","title":{"rendered":"Tabletka Ramistar-H 10"},"content":{"rendered":"<h3><span style=\"font-weight: 400;\">O tabletce Ramistar-H 10<\/span><\/h3>\n<p><span style=\"font-weight: 400;\">Tabletka Ramistar-H 10 to lek na recept\u0119 obni\u017caj\u0105cy podwy\u017cszone ci\u015bnienie krwi. Mo\u017cna go przepisywa\u0107 samodzielnie lub w skojarzeniu z innymi lekami.<\/span><\/p>\n<p><span style=\"font-weight: 400;\">Ramistar-H to lek z listy H. Jest po\u0142\u0105czeniem dw\u00f3ch soli: ramiprilu i hydrochlorotiazydu. Firma Lupin produkuje 10 tabletek Ramistar-H. Mo\u017cna go \u0142atwo kupi\u0107 w aptece WOWRXPharmacy w przyst\u0119pnych cenach.<\/span><\/p>\n<h3><span style=\"font-weight: 400;\">Zastosowania tabletek Ramistar-H<\/span><\/h3>\n<p><span style=\"font-weight: 400;\">Najcz\u0119stszym zastosowaniem leku Ramistar jest leczenie nadci\u015bnienia t\u0119tniczego. Nadci\u015bnienie t\u0119tnicze to stan chorobowy, w kt\u00f3rym krew wywiera stosunkowo du\u017c\u0105 si\u0142\u0119 na \u015bciany naczy\u0144 krwiono\u015bnych.<\/span><span style=\"font-weight: 400;\"><br \/>\n<\/span><\/p>\n<h3><span style=\"font-weight: 400;\">Jak dzia\u0142a tabletka Ramistar<\/span><\/h3>\n<p><span style=\"font-weight: 400;\">Tabletki Ramistar-H 10 ciesz\u0105 si\u0119 bardzo pozytywnymi opiniami i s\u0105 polecane w leczeniu nadci\u015bnienia t\u0119tniczego. Ramistar-H to lek z\u0142o\u017cony. Zawiera ramipril i hydrochlorotiazyd.<\/span><\/p>\n<p><span style=\"font-weight: 400;\">Ramipril jest inhibitorem konwertazy angiotensyny (ACE). ACE zw\u0119\u017ca naczynia krwiono\u015bne.<\/span><\/p>\n<p><span style=\"font-weight: 400;\">Ramipril blokuje produkcj\u0119 ACE. Rozlu\u017ania naczynia krwiono\u015bne, zmniejszaj\u0105c obci\u0105\u017cenie serca i zapewniaj\u0105c p\u0142ynny przep\u0142yw krwi.<\/span><\/p>\n<p><span style=\"font-weight: 400;\">Hydrochlorotiazyd jest lekiem moczop\u0119dnym. Dzia\u0142a poprzez redukcj\u0119 nadmiaru p\u0142yn\u00f3w w organizmie. Oznacza to, \u017ce usuwa nadmiar wody i elektrolit\u00f3w z organizmu. Stopniowo rozszerza naczynia krwiono\u015bne i poprawia przep\u0142yw krwi. Leczy r\u00f3wnie\u017c obrz\u0119ki zwi\u0105zane z chorobami serca, nerek, w\u0105troby lub p\u0142uc.<\/span><\/p>\n<p><span style=\"font-weight: 400;\">Obie sole dzia\u0142aj\u0105 wsp\u00f3lnie, obni\u017caj\u0105c wysokie ci\u015bnienie krwi i zmniejszaj\u0105c ryzyko zawa\u0142u serca lub udaru m\u00f3zgu.<\/span><\/p>\n<h3><span style=\"font-weight: 400;\"><br \/>\n<\/span><span style=\"font-weight: 400;\">Jak stosowa\u0107 lek Ramistar-H 10<\/span><\/h3>\n<p><span style=\"font-weight: 400;\">Przyjmuj\u0105c leki na recept\u0119, zawsze stosuj si\u0119 do zalece\u0144 lekarza.<\/span><\/p>\n<p><span style=\"font-weight: 400;\">Zazwyczaj zaleca si\u0119 przyjmowanie tabletek Ramistar-H 10 w nast\u0119puj\u0105cy spos\u00f3b:<\/span><\/p>\n<ul>\n<li style=\"font-weight: 400;\" aria-level=\"1\"><span style=\"font-weight: 400;\">Lek nale\u017cy przyjmowa\u0107 doustnie, nie \u0142ami\u0105c go ani nie \u017cuj\u0105c.<\/span><\/li>\n<li style=\"font-weight: 400;\" aria-level=\"1\"><span style=\"font-weight: 400;\">\u00a0Ramistar-H 10 mg mo\u017cna przyjmowa\u0107 niezale\u017cnie od posi\u0142ku.<\/span><\/li>\n<\/ul>","protected":false},"excerpt":{"rendered":"<ul>\n<li style=\"font-weight: 400;\" aria-level=\"1\"><span style=\"font-weight: 400;\">Szybko dzia\u0142aj\u0105ca kontrola ci\u015bnienia krwi<\/span><\/li>\n<li style=\"font-weight: 400;\" aria-level=\"1\"><span style=\"font-weight: 400;\">Zaufany w leczeniu nadci\u015bnienia<\/span><\/li>\n<li style=\"font-weight: 400;\" aria-level=\"1\"><span style=\"font-weight: 400;\">Zmniejsza ryzyko zawa\u0142u serca\/udaru m\u00f3zgu<\/span><\/li>\n<li style=\"font-weight: 400;\" aria-level=\"1\"><span style=\"font-weight: 400;\">Szybki pocz\u0105tek dzia\u0142ania: 1-2 godz.<\/span><\/li>\n<li style=\"font-weight: 400;\" aria-level=\"1\"><span style=\"font-weight: 400;\">Wysy\u0142ka w ci\u0105gu 24 godzin<\/span><\/li>\n<\/ul>","protected":false},"featured_media":29561,"comment_status":"open","ping_status":"closed","template":"","meta":{"om_disable_all_campaigns":false,"_uf_show_specific_survey":0,"_uf_disable_surveys":false},"product_brand":[],"product_cat":[608],"product_tag":[],"class_list":{"0":"post-4132","1":"product","2":"type-product","3":"status-publish","4":"has-post-thumbnail","6":"product_cat-heart-blood-pressure","8":"first","9":"instock","10":"shipping-taxable","11":"purchasable","12":"product-type-variable","13":"has-default-attributes"},"_links":{"self":[{"href":"https:\/\/wowrxpharmacy.com\/pl\/wp-json\/wp\/v2\/product\/4132","targetHints":{"allow":["GET"]}}],"collection":[{"href":"https:\/\/wowrxpharmacy.com\/pl\/wp-json\/wp\/v2\/product"}],"about":[{"href":"https:\/\/wowrxpharmacy.com\/pl\/wp-json\/wp\/v2\/types\/product"}],"replies":[{"embeddable":true,"href":"https:\/\/wowrxpharmacy.com\/pl\/wp-json\/wp\/v2\/comments?post=4132"}],"wp:featuredmedia":[{"embeddable":true,"href":"https:\/\/wowrxpharmacy.com\/pl\/wp-json\/wp\/v2\/media\/29561"}],"wp:attachment":[{"href":"https:\/\/wowrxpharmacy.com\/pl\/wp-json\/wp\/v2\/media?parent=4132"}],"wp:term":[{"taxonomy":"product_brand","embeddable":true,"href":"https:\/\/wowrxpharmacy.com\/pl\/wp-json\/wp\/v2\/product_brand?post=4132"},{"taxonomy":"product_cat","embeddable":true,"href":"https:\/\/wowrxpharmacy.com\/pl\/wp-json\/wp\/v2\/product_cat?post=4132"},{"taxonomy":"product_tag","embeddable":true,"href":"https:\/\/wowrxpharmacy.com\/pl\/wp-json\/wp\/v2\/product_tag?post=4132"}],"curies":[{"name":"wp","href":"https:\/\/api.w.org\/{rel}","templated":true}]}}