{"id":38317,"date":"2024-10-22T06:38:10","date_gmt":"2024-10-22T10:38:10","guid":{"rendered":"https:\/\/wowrxpharmacy.com\/?post_type=product&#038;p=38317"},"modified":"2024-11-22T05:14:15","modified_gmt":"2024-11-22T10:14:15","slug":"fildena-super-active","status":"publish","type":"product","link":"https:\/\/wowrxpharmacy.com\/pl\/product\/fildena-super-active\/","title":{"rendered":"Kapsu\u0142ki Fildena Super Active 100 mg"},"content":{"rendered":"<h3><span style=\"font-weight: 400;\">O kapsu\u0142kach Fildena Super Active 100 mg<\/span><\/h3>\n<p><span style=\"font-weight: 400;\">Fildena Super Active 100 mg to lek na recept\u0119 przeznaczony do leczenia zaburze\u0144 erekcji (ED) u m\u0119\u017cczyzn. Ka\u017cda kapsu\u0142ka zawiera 100 mg cytrynianu sildenafilu, kt\u00f3ry pomaga poprawi\u0107 erekcj\u0119 poprzez zwi\u0119kszenie przep\u0142ywu krwi do penisa. Formu\u0142a w postaci mi\u0119kkiego \u017celu zapewnia szybsze wch\u0142anianie i \u0142atwiejsze po\u0142ykanie.<\/span><\/p>\n<p><span style=\"font-weight: 400;\">Wyprodukowana przez Fortune Health Care Pvt. Ltd., Fildena Super Active jest przeznaczona do stosowania w razie potrzeby, zazwyczaj od 30 minut do 1 godziny przed aktywno\u015bci\u0105 seksualn\u0105. Osoby poszukuj\u0105ce skutecznego rozwi\u0105zania w leczeniu zaburze\u0144 erekcji mog\u0105 wygodnie kupi\u0107 Fildena Super Active 100 mg w sklepie WowRx.\u00a0<\/span><\/p>\n<h3><span style=\"font-weight: 400;\">Do czego s\u0142u\u017cy Fildena Super Active?\u00a0<\/span><\/h3>\n<p><span style=\"font-weight: 400;\">Fildena Super Active 100 mg to <\/span><a href=\"https:\/\/medlineplus.gov\/druginfo\/meds\/a699015.html#:~:text=Sildenafil%20is%20in,to%20flow%20easily.\" target=\"_blank\" rel=\"nofollow noopener\"><span style=\"font-weight: 400;\">g\u0142\u00f3wnie u\u017cywany<\/span><\/a><span style=\"font-weight: 400;\"> W leczeniu zaburze\u0144 erekcji (ED) u m\u0119\u017cczyzn. Lek ten pomaga poprawi\u0107 sprawno\u015b\u0107 seksualn\u0105, u\u0142atwiaj\u0105c osi\u0105gni\u0119cie i utrzymanie erekcji podczas stymulacji seksualnej. Jest szczeg\u00f3lnie korzystny dla m\u0119\u017cczyzn wymagaj\u0105cych szybszego dzia\u0142ania dzi\u0119ki mi\u0119kkiej, \u017celowej formule, kt\u00f3ra umo\u017cliwia szybsze wch\u0142anianie ni\u017c tradycyjne tabletki.<\/span><\/p>\n<p><span style=\"font-weight: 400;\">Ponadto lek Fildena Super Active mo\u017ce by\u0107 wskazany w przypadku innych schorze\u0144, zgodnie z zaleceniami lekarza, cho\u0107 jego g\u0142\u00f3wnym przeznaczeniem pozostaje leczenie zaburze\u0144 erekcji.\u00a0<\/span><\/p>\n<h3><span style=\"font-weight: 400;\">Jak dzia\u0142a cytrynian sildenafilu?\u00a0<\/span><\/h3>\n<p><span style=\"font-weight: 400;\">Fildena Super Active 100 mg zawiera cytrynian sildenafilu, silny inhibitor fosfodiesterazy typu 5 (PDE5). <\/span><a href=\"https:\/\/www.nhs.uk\/medicines\/sildenafil-viagra\/common-questions-about-sildenafil\/#:~:text=Sildenafil%20belongs%20to,of%20your%20heart.\" target=\"_blank\" rel=\"nofollow noopener\"><span style=\"font-weight: 400;\">fabryka<\/span><\/a><span style=\"font-weight: 400;\"> Blokuj\u0105c dzia\u0142anie PDE5, enzymu rozk\u0142adaj\u0105cego cykliczny guanozynomonofosforan (cGMP), kt\u00f3ry jest kluczowy dla regulacji przep\u0142ywu krwi w penisie. Podczas stymulacji seksualnej uwalniany jest tlenek azotu, co prowadzi do wzrostu poziomu cGMP.\u00a0<\/span><\/p>\n<p><span style=\"font-weight: 400;\">Powoduje to rozlu\u017anienie mi\u0119\u015bni g\u0142adkich i rozszerzenie naczy\u0144 krwiono\u015bnych w penisie, co pozwala na lepszy przep\u0142yw krwi. W rezultacie m\u0119\u017cczy\u017ani mog\u0105 osi\u0105gn\u0105\u0107 i utrzyma\u0107 erekcj\u0119 podczas aktywno\u015bci seksualnej. Mi\u0119kka formu\u0142a \u017celu Fildena Super Active pozwala na szybsze wch\u0142anianie ni\u017c w przypadku tradycyjnych tabletek, co czyni j\u0105 praktyczn\u0105 opcj\u0105 dla os\u00f3b poszukuj\u0105cych szybkich efekt\u00f3w w leczeniu zaburze\u0144 erekcji.<\/span><\/p>\n<h3><span style=\"font-weight: 400;\">Dawkowanie Fildena Super Active\u00a0<\/span><\/h3>\n<p><span style=\"font-weight: 400;\">Przed za\u017cyciem leku Fildena Super Active 100 mg skonsultuj si\u0119 z lekarzem, aby ustali\u0107, czy lek ten jest odpowiedni dla Twojego stanu zdrowia, zw\u0142aszcza je\u015bli masz jakie\u015b podstawowe problemy zdrowotne lub przyjmujesz inne leki.<\/span><span style=\"font-weight: 400;\"><br \/>\n<\/span><\/p>\n<ul>\n<li style=\"font-weight: 400;\" aria-level=\"1\"><span style=\"font-weight: 400;\">Zalecana dawka leku Fildena Super Active to pojedyncza kapsu\u0142ka mi\u0119kka 100 mg, kt\u00f3rej nie nale\u017cy przekracza\u0107 w ci\u0105gu 24 godzin. Aby uzyska\u0107 najlepsze rezultaty, nale\u017cy przyjmowa\u0107 kapsu\u0142ki Fildena Super Active 100 mg na 30 minut do 1 godziny przed planowan\u0105 aktywno\u015bci\u0105 seksualn\u0105.<\/span><span style=\"font-weight: 400;\"><br \/>\n<\/span><\/li>\n<li style=\"font-weight: 400;\" aria-level=\"1\"><span style=\"font-weight: 400;\">Aby zapewni\u0107 prawid\u0142owe wch\u0142anianie, nale\u017cy po\u0142kn\u0105\u0107 kapsu\u0142k\u0119 w ca\u0142o\u015bci, popijaj\u0105c szklank\u0105 wody; nie nale\u017cy jej kruszy\u0107 ani \u017cu\u0107. Kapsu\u0142ki Fildena Super Active 100 mg mo\u017cna przyjmowa\u0107 z posi\u0142kiem lub bez, jednak zaleca si\u0119 unikanie ci\u0119\u017ckich lub t\u0142ustych posi\u0142k\u00f3w, poniewa\u017c mog\u0105 one op\u00f3\u017ania\u0107 dzia\u0142anie leku.<\/span><\/li>\n<\/ul>","protected":false},"excerpt":{"rendered":"<p>Kapsu\u0142ki mi\u0119kkie Fildena Super Active 100 zapewniaj\u0105 m\u0119\u017cczyznom d\u0142ugotrwa\u0142\u0105 erekcj\u0119, oferuj\u0105c bezpieczne i niezawodne rozwi\u0105zanie poprawiaj\u0105ce sprawno\u015b\u0107 seksualn\u0105.<\/p>","protected":false},"featured_media":39053,"comment_status":"open","ping_status":"closed","template":"","meta":{"om_disable_all_campaigns":false,"_uf_show_specific_survey":0,"_uf_disable_surveys":false},"product_brand":[],"product_cat":[438,2387],"product_tag":[],"class_list":{"0":"post-38317","1":"product","2":"type-product","3":"status-publish","4":"has-post-thumbnail","6":"product_cat-mens-health","7":"product_cat-sildenafil-citrate","9":"first","10":"instock","11":"sale","12":"shipping-taxable","13":"purchasable","14":"product-type-variable"},"_links":{"self":[{"href":"https:\/\/wowrxpharmacy.com\/pl\/wp-json\/wp\/v2\/product\/38317","targetHints":{"allow":["GET"]}}],"collection":[{"href":"https:\/\/wowrxpharmacy.com\/pl\/wp-json\/wp\/v2\/product"}],"about":[{"href":"https:\/\/wowrxpharmacy.com\/pl\/wp-json\/wp\/v2\/types\/product"}],"replies":[{"embeddable":true,"href":"https:\/\/wowrxpharmacy.com\/pl\/wp-json\/wp\/v2\/comments?post=38317"}],"wp:featuredmedia":[{"embeddable":true,"href":"https:\/\/wowrxpharmacy.com\/pl\/wp-json\/wp\/v2\/media\/39053"}],"wp:attachment":[{"href":"https:\/\/wowrxpharmacy.com\/pl\/wp-json\/wp\/v2\/media?parent=38317"}],"wp:term":[{"taxonomy":"product_brand","embeddable":true,"href":"https:\/\/wowrxpharmacy.com\/pl\/wp-json\/wp\/v2\/product_brand?post=38317"},{"taxonomy":"product_cat","embeddable":true,"href":"https:\/\/wowrxpharmacy.com\/pl\/wp-json\/wp\/v2\/product_cat?post=38317"},{"taxonomy":"product_tag","embeddable":true,"href":"https:\/\/wowrxpharmacy.com\/pl\/wp-json\/wp\/v2\/product_tag?post=38317"}],"curies":[{"name":"wp","href":"https:\/\/api.w.org\/{rel}","templated":true}]}}