{"id":38250,"date":"2024-10-21T08:17:50","date_gmt":"2024-10-21T12:17:50","guid":{"rendered":"https:\/\/wowrxpharmacy.com\/?post_type=product&#038;p=38250"},"modified":"2026-01-28T02:09:59","modified_gmt":"2026-01-28T07:09:59","slug":"fildena-ct-100","status":"publish","type":"product","link":"https:\/\/wowrxpharmacy.com\/pl\/product\/fildena-ct-100\/","title":{"rendered":"Fildena CT 100 mg ( tabletki do \u017cucia z sildenafilem )"},"content":{"rendered":"<h3><span style=\"font-weight: 400;\">O Fildena CT 100 mg (tabletki do \u017cucia z sildenafilem)<\/span><\/h3>\n<p><span style=\"font-weight: 400;\">Fildena CT 100 mg to tabletki do \u017cucia wydawane na recept\u0119, przeznaczone do leczenia zaburze\u0144 erekcji (ED) u m\u0119\u017cczyzn. Dzi\u0119ki substancji czynnej, cytrynianowi sildenafilu, pomaga osi\u0105gn\u0105\u0107 i utrzyma\u0107 mocn\u0105 erekcj\u0119 przez 4 do 6 godzin. Forma do \u017cucia to wygodne rozwi\u0105zanie dla m\u0119\u017cczyzn, kt\u00f3rzy nie chc\u0105 po\u0142yka\u0107 tradycyjnych tabletek, u\u0142atwiaj\u0105c ich za\u017cycie przed aktywno\u015bci\u0105 seksualn\u0105.\u00a0<\/span><\/p>\n<p><span style=\"font-weight: 400;\">Fildena CT 100 mg, produkowana przez Fortune Healthcare, to sprawdzony \u015brodek poprawiaj\u0105cy sprawno\u015b\u0107 seksualn\u0105. Mo\u017cna go \u0142atwo kupi\u0107 w WowRx z dyskretn\u0105 dostaw\u0105.<\/span><\/p>\n<h3><span style=\"font-weight: 400;\">Zastosowania Fildena CT 100\u00a0<\/span><\/h3>\n<p><span style=\"font-weight: 400;\">Fildena CT 100 mg jest stosowana w leczeniu zaburze\u0144 erekcji (ED) u m\u0119\u017cczyzn. Ta tabletka do \u017cucia stanowi wygodn\u0105 alternatyw\u0119 dla m\u0119\u017cczyzn, kt\u00f3rzy wol\u0105 nie po\u0142yka\u0107 tradycyjnych tabletek. Fildena CT 100 mg <\/span><a href=\"https:\/\/pmc.ncbi.nlm.nih.gov\/articles\/PMC2699643\/#:~:text=Erectile%20dysfunction%20(ED,has%20been%20suggested.\" target=\"_blank\" rel=\"nofollow noopener\"><span style=\"font-weight: 400;\">asystuje<\/span><\/a><span style=\"font-weight: 400;\"> m\u0119\u017cczyznom w pokonywaniu trudno\u015bci w osi\u0105gni\u0119ciu erekcji, co prowadzi do bardziej satysfakcjonuj\u0105cych dozna\u0144 seksualnych.<\/span><\/p>\n<h3><span style=\"font-weight: 400;\">Jak dzia\u0142a cytrynian sildenafilu?<\/span><\/h3>\n<p><span style=\"font-weight: 400;\">Cytrynian sildenafilu zawarty w leku Fildena CT 100 mg jest inhibitorem fosfodiesterazy typu 5 (PDE5), kt\u00f3ry ma kluczowe znaczenie w <\/span><a href=\"https:\/\/jamanetwork.com\/journals\/jamainternalmedicine\/fullarticle\/211714#:~:text=Sildenafil%20citrate%20(Viagra%3B%20Pfizer,before%20desired%20sexual%20activity.\" target=\"_blank\" rel=\"nofollow noopener\"><span style=\"font-weight: 400;\">leczenie<\/span><\/a><span style=\"font-weight: 400;\"> Zaburzenia erekcji (ED). Podczas stymulacji seksualnej m\u0119\u017cczyzna uwalnia tlenek azotu w tkance erekcyjnej pr\u0105cia. Uwalnianie to aktywuje cyklaz\u0119 guanylow\u0105, zwi\u0119kszaj\u0105c poziom cyklicznego monofosforanu guanozyny (cGMP).<\/span><\/p>\n<p><span style=\"font-weight: 400;\">cGMP pomaga rozlu\u017ani\u0107 mi\u0119\u015bnie g\u0142adkie i rozszerzy\u0107 naczynia krwiono\u015bne w penisie, umo\u017cliwiaj\u0105c wi\u0119kszy przep\u0142yw krwi, niezb\u0119dny do erekcji. Zazwyczaj enzym PDE5 rozk\u0142ada cGMP, utrudniaj\u0105c utrzymanie erekcji. Cytrynian sildenafilu blokuje PDE5, umo\u017cliwiaj\u0105c gromadzenie si\u0119 cGMP, poprawiaj\u0105c przep\u0142yw krwi i wspieraj\u0105c mocn\u0105 erekcj\u0119 podczas aktywno\u015bci seksualnej.<\/span><\/p>\n<p><span style=\"font-weight: 400;\">Fildena CT 100 mg dzia\u0142a wy\u0142\u0105cznie w odpowiedzi na stymulacj\u0119 seksualn\u0105; nie wywo\u0142uje podniecenia ani nie zwi\u0119ksza po\u017c\u0105dania seksualnego samodzielnie. Lek ten jest przeznaczony specjalnie do leczenia problem\u00f3w z erekcj\u0105, pomagaj\u0105c m\u0119\u017cczyznom utrzyma\u0107 erekcj\u0119 podczas stosunku.<\/span><\/p>\n<h3><span style=\"font-weight: 400;\">Dawkowanie Fildena CT 100<\/span><span style=\"font-weight: 400;\"><br \/>\n<\/span><\/h3>\n<p><span style=\"font-weight: 400;\">Przed za\u017cyciem leku Fildena CT 100 mg skonsultuj si\u0119 z lekarzem, aby dowiedzie\u0107 si\u0119, czy lek ten jest odpowiedni dla Twojego stanu zdrowia, zw\u0142aszcza je\u015bli masz jakie\u015b podstawowe problemy zdrowotne lub przyjmujesz inne leki.<\/span><span style=\"font-weight: 400;\"><br \/>\n<\/span><\/p>\n<ul>\n<li style=\"font-weight: 400;\" aria-level=\"1\"><span style=\"font-weight: 400;\">Zalecana dawka leku Fildena CT 100 mg to pojedyncza tabletka do \u017cucia 100 mg, kt\u00f3rej nie nale\u017cy przekracza\u0107 w ci\u0105gu 24 godzin. Aby uzyska\u0107 optymalne rezultaty, nale\u017cy przyj\u0105\u0107 tabletk\u0119 oko\u0142o 30 minut przed planowan\u0105 aktywno\u015bci\u0105 seksualn\u0105.<\/span><span style=\"font-weight: 400;\"><br \/>\n<\/span><\/li>\n<li style=\"font-weight: 400;\" aria-level=\"1\"><span style=\"font-weight: 400;\">Aby zapewni\u0107 w\u0142a\u015bciwe wch\u0142anianie, tabletk\u0119 nale\u017cy dok\u0142adnie rozgry\u017a\u0107 przed po\u0142kni\u0119ciem; nie nale\u017cy po\u0142yka\u0107 jej w ca\u0142o\u015bci.<\/span><span style=\"font-weight: 400;\"><br \/>\n<\/span><\/li>\n<li style=\"font-weight: 400;\" aria-level=\"1\"><span style=\"font-weight: 400;\">Lek Fildena CT mo\u017cna przyjmowa\u0107 niezale\u017cnie od posi\u0142ku, jednak zaleca si\u0119 unikanie ci\u0119\u017ckich i t\u0142ustych posi\u0142k\u00f3w, poniewa\u017c mog\u0105 one op\u00f3\u017ania\u0107 jego dzia\u0142anie<\/span><\/li>\n<\/ul>","protected":false},"excerpt":{"rendered":"<p>Fildena CT 100 mg zawiera cytrynian sildenafilu w postaci do \u017cucia, oferuj\u0105c wygodne, skuteczne i bezpieczne rozwi\u0105zanie w leczeniu zaburze\u0144 erekcji u m\u0119\u017cczyzn.<\/p>","protected":false},"featured_media":38946,"comment_status":"open","ping_status":"closed","template":"","meta":{"om_disable_all_campaigns":false,"_uf_show_specific_survey":0,"_uf_disable_surveys":false},"product_brand":[],"product_cat":[438],"product_tag":[],"class_list":{"0":"post-38250","1":"product","2":"type-product","3":"status-publish","4":"has-post-thumbnail","6":"product_cat-mens-health","8":"first","9":"instock","10":"sale","11":"shipping-taxable","12":"purchasable","13":"product-type-variable"},"_links":{"self":[{"href":"https:\/\/wowrxpharmacy.com\/pl\/wp-json\/wp\/v2\/product\/38250","targetHints":{"allow":["GET"]}}],"collection":[{"href":"https:\/\/wowrxpharmacy.com\/pl\/wp-json\/wp\/v2\/product"}],"about":[{"href":"https:\/\/wowrxpharmacy.com\/pl\/wp-json\/wp\/v2\/types\/product"}],"replies":[{"embeddable":true,"href":"https:\/\/wowrxpharmacy.com\/pl\/wp-json\/wp\/v2\/comments?post=38250"}],"wp:featuredmedia":[{"embeddable":true,"href":"https:\/\/wowrxpharmacy.com\/pl\/wp-json\/wp\/v2\/media\/38946"}],"wp:attachment":[{"href":"https:\/\/wowrxpharmacy.com\/pl\/wp-json\/wp\/v2\/media?parent=38250"}],"wp:term":[{"taxonomy":"product_brand","embeddable":true,"href":"https:\/\/wowrxpharmacy.com\/pl\/wp-json\/wp\/v2\/product_brand?post=38250"},{"taxonomy":"product_cat","embeddable":true,"href":"https:\/\/wowrxpharmacy.com\/pl\/wp-json\/wp\/v2\/product_cat?post=38250"},{"taxonomy":"product_tag","embeddable":true,"href":"https:\/\/wowrxpharmacy.com\/pl\/wp-json\/wp\/v2\/product_tag?post=38250"}],"curies":[{"name":"wp","href":"https:\/\/api.w.org\/{rel}","templated":true}]}}