{"id":38230,"date":"2024-10-21T06:31:00","date_gmt":"2024-10-21T10:31:00","guid":{"rendered":"https:\/\/wowrxpharmacy.com\/?post_type=product&#038;p=38230"},"modified":"2024-11-22T05:25:16","modified_gmt":"2024-11-22T10:25:16","slug":"cernos-40mg","status":"publish","type":"product","link":"https:\/\/wowrxpharmacy.com\/pl\/product\/cernos-40mg\/","title":{"rendered":"Kapsu\u0142ka \u017celatynowa mi\u0119kka Cernos 40 mg"},"content":{"rendered":"<h3><span style=\"font-weight: 400;\">O kapsu\u0142kach \u017celatynowych mi\u0119kkich Cernos 40 mg\u00a0<\/span><\/h3>\n<p><span style=\"font-weight: 400;\">Kapsu\u0142ki mi\u0119kkie Cernos 40 mg to lek stosowany g\u0142\u00f3wnie w leczeniu niskiego poziomu testosteronu u m\u0119\u017cczyzn. Jego substancj\u0105 czynn\u0105 jest undekanian testosteronu, kt\u00f3ry pomaga przywr\u00f3ci\u0107 prawid\u0142owy poziom testosteronu, rozwi\u0105zuj\u0105c problemy takie jak impotencja, niep\u0142odno\u015b\u0107 i obni\u017cone libido.<\/span><span style=\"font-weight: 400;\"><br \/>\n<\/span><\/p>\n<p><span style=\"font-weight: 400;\">Preparat Cernos 40 mg, produkowany przez Sun Pharmaceutical Industries, ma na celu popraw\u0119 og\u00f3lnego zdrowia reprodukcyjnego i samopoczucia u m\u0119\u017cczyzn cierpi\u0105cych na niedobory hormonalne.\u00a0<\/span><\/p>\n<p><span style=\"font-weight: 400;\">Firma Sun Pharmaceutical Industries Ltd. produkuje mi\u0119kkie kapsu\u0142ki \u017celatynowe Cernos 40 mg, kt\u00f3re mo\u017cna \u0142atwo kupi\u0107 online po przyst\u0119pnych cenach w sklepie WowRx.<\/span><\/p>\n<h3><span style=\"font-weight: 400;\">Zastosowania mi\u0119kkich kapsu\u0142ek \u017celatynowych Cernos<\/span><\/h3>\n<p><span style=\"font-weight: 400;\">Kapsu\u0142ki \u017celatynowe mi\u0119kkie Cernos 40 mg s\u0105 zatwierdzone przez FDA <\/span><a href=\"https:\/\/www.drugs.com\/history\/testosterone-gel.html\" target=\"_blank\" rel=\"nofollow noopener\"><span style=\"font-weight: 400;\">leczenie<\/span><\/a><span style=\"font-weight: 400;\"> Hipogonadyzm u m\u0119\u017cczyzn to stan, w kt\u00f3rym organizm nie produkuje wystarczaj\u0105cej ilo\u015bci testosteronu. Niedob\u00f3r ten mo\u017ce prowadzi\u0107 do takich objaw\u00f3w jak niskie libido, zaburzenia erekcji, zm\u0119czenie, depresja i utrata masy mi\u0119\u015bniowej. Cernos 40 mg pomaga przywr\u00f3ci\u0107 prawid\u0142owy poziom testosteronu, \u0142agodz\u0105c te problemy.<\/span><\/p>\n<p><span style=\"font-weight: 400;\">Lek przepisuje si\u0119 r\u00f3wnie\u017c w przypadku takich schorze\u0144, jak op\u00f3\u017anione dojrzewanie u ch\u0142opc\u00f3w w okresie dojrzewania lub terapia zast\u0119pcza testosteronem u m\u0119\u017cczyzn, kt\u00f3rzy utracili normaln\u0105 produkcj\u0119 testosteronu z powodu urazu, infekcji lub leczenia.<\/span><\/p>\n<p><span style=\"font-weight: 400;\">Przyjmowany pod nadzorem lekarza preparat Cernos 40 mg skutecznie poprawia funkcje seksualne, nastr\u00f3j, energi\u0119 i si\u0142\u0119 fizyczn\u0105 u os\u00f3b z niedoborem testosteronu.<\/span><\/p>\n<h3><span style=\"font-weight: 400;\">Jak dzia\u0142a testosteron?<\/span><\/h3>\n<p><span style=\"font-weight: 400;\">Undekanian testosteronu w mi\u0119kkiej kapsu\u0142ce \u017celatynowej Cernos 40 mg <\/span><a href=\"https:\/\/go.drugbank.com\/drugs\/DB13946#:~:text=Once%20in%20circulation,in%20lipid%20profiles\" target=\"_blank\" rel=\"nofollow noopener\"><span style=\"font-weight: 400;\">fabryka<\/span><\/a><span style=\"font-weight: 400;\"> Przede wszystkim poprzez zwi\u0119kszenie poziomu testosteronu w organizmie, kt\u00f3ry jest niezb\u0119dny do wielu funkcji fizjologicznych. Po podaniu, undekanian testosteronu przekszta\u0142ca si\u0119 w testosteron, pomagaj\u0105c przywr\u00f3ci\u0107 r\u00f3wnowag\u0119 hormonaln\u0105.<\/span><\/p>\n<p><span style=\"font-weight: 400;\">Wzrost poziomu testosteronu wspomaga rozw\u00f3j i utrzymanie m\u0119skich tkanek rozrodczych oraz drugorz\u0119dnych cech p\u0142ciowych. Poprawia r\u00f3wnie\u017c funkcje seksualne, zwi\u0119ksza libido i poprawia og\u00f3lny poziom energii. Ponadto testosteron odgrywa kluczow\u0105 rol\u0119 w utrzymaniu masy mi\u0119\u015bniowej i g\u0119sto\u015bci ko\u015bci, co czyni go niezb\u0119dnym dla zdrowia fizycznego.<\/span><span style=\"font-weight: 400;\"><br \/>\n<\/span><\/p>\n<p><span style=\"font-weight: 400;\">Aktywuj\u0105c receptory androgenowe w tkankach docelowych, testosteron wywo\u0142uje r\u00f3\u017cne efekty biologiczne, kt\u00f3re przyczyniaj\u0105 si\u0119 do poprawy zdrowia seksualnego i samopoczucia u m\u0119\u017cczyzn do\u015bwiadczaj\u0105cych niskiego poziomu testosteronu.<\/span><\/p>\n<h3><span style=\"font-weight: 400;\">Dawkowanie Cernos 40\u00a0<\/span><\/h3>\n<p><span style=\"font-weight: 400;\">Przed za\u017cyciem kapsu\u0142ek \u017celatynowych mi\u0119kkich Cernos 40 mg skonsultuj si\u0119 z lekarzem, aby upewni\u0107 si\u0119, czy lek jest odpowiedni dla Twojego konkretnego schorzenia, zw\u0142aszcza je\u015bli masz podstawowe problemy zdrowotne lub przyjmujesz inne leki.<\/span><\/p>\n<ul>\n<li style=\"font-weight: 400;\" aria-level=\"1\"><span style=\"font-weight: 400;\">Zalecana dawka Cernos 40 mg to jedna kapsu\u0142ka, przyjmowana w razie potrzeby. Nie nale\u017cy przekracza\u0107 jednej dawki w ci\u0105gu 24 godzin. Aby uzyska\u0107 optymalne rezultaty, kapsu\u0142k\u0119 nale\u017cy popija\u0107 szklank\u0105 wody.<\/span><\/li>\n<li style=\"font-weight: 400;\" aria-level=\"1\"><span style=\"font-weight: 400;\">Lek Cernos mo\u017cna przyjmowa\u0107 niezale\u017cnie od posi\u0142ku, jednak najlepiej unika\u0107 ci\u0119\u017ckich i t\u0142ustych posi\u0142k\u00f3w, poniewa\u017c mog\u0105 one op\u00f3\u017ania\u0107 dzia\u0142anie leku<\/span><\/li>\n<\/ul>","protected":false},"excerpt":{"rendered":"<p>Formu\u0142a z testosteronem zawarta w Cernos 40 mg przywraca energi\u0119 i libido, wspieraj\u0105c silniejsze, bardziej satysfakcjonuj\u0105ce osi\u0105gi i od\u015bwie\u017cone \u017cycie intymne.<\/p>","protected":false},"featured_media":39035,"comment_status":"open","ping_status":"closed","template":"","meta":{"om_disable_all_campaigns":false,"_uf_show_specific_survey":0,"_uf_disable_surveys":false},"product_brand":[],"product_cat":[438],"product_tag":[],"class_list":{"0":"post-38230","1":"product","2":"type-product","3":"status-publish","4":"has-post-thumbnail","6":"product_cat-mens-health","8":"first","9":"instock","10":"sale","11":"shipping-taxable","12":"purchasable","13":"product-type-variable"},"_links":{"self":[{"href":"https:\/\/wowrxpharmacy.com\/pl\/wp-json\/wp\/v2\/product\/38230","targetHints":{"allow":["GET"]}}],"collection":[{"href":"https:\/\/wowrxpharmacy.com\/pl\/wp-json\/wp\/v2\/product"}],"about":[{"href":"https:\/\/wowrxpharmacy.com\/pl\/wp-json\/wp\/v2\/types\/product"}],"replies":[{"embeddable":true,"href":"https:\/\/wowrxpharmacy.com\/pl\/wp-json\/wp\/v2\/comments?post=38230"}],"wp:featuredmedia":[{"embeddable":true,"href":"https:\/\/wowrxpharmacy.com\/pl\/wp-json\/wp\/v2\/media\/39035"}],"wp:attachment":[{"href":"https:\/\/wowrxpharmacy.com\/pl\/wp-json\/wp\/v2\/media?parent=38230"}],"wp:term":[{"taxonomy":"product_brand","embeddable":true,"href":"https:\/\/wowrxpharmacy.com\/pl\/wp-json\/wp\/v2\/product_brand?post=38230"},{"taxonomy":"product_cat","embeddable":true,"href":"https:\/\/wowrxpharmacy.com\/pl\/wp-json\/wp\/v2\/product_cat?post=38230"},{"taxonomy":"product_tag","embeddable":true,"href":"https:\/\/wowrxpharmacy.com\/pl\/wp-json\/wp\/v2\/product_tag?post=38230"}],"curies":[{"name":"wp","href":"https:\/\/api.w.org\/{rel}","templated":true}]}}