{"id":38192,"date":"2024-10-21T03:32:18","date_gmt":"2024-10-21T07:32:18","guid":{"rendered":"https:\/\/wowrxpharmacy.com\/?post_type=product&#038;p=38192"},"modified":"2024-11-22T04:46:42","modified_gmt":"2024-11-22T09:46:42","slug":"orgie-20-mg","status":"publish","type":"product","link":"https:\/\/wowrxpharmacy.com\/pl\/product\/orgie-20-mg\/","title":{"rendered":"Orgie 20 mg Tadalafil Oral Strips"},"content":{"rendered":"<h3><span style=\"font-weight: 400;\">O <\/span><span style=\"font-weight: 400;\">Orgie 20 mg\u00a0<\/span><\/h3>\n<p><span style=\"font-weight: 400;\">Orgie 20 mg to doustnie rozpadaj\u0105ce si\u0119 paski, opracowane w leczeniu zaburze\u0144 erekcji (ED) u m\u0119\u017cczyzn. Ka\u017cdy pasek zawiera 20 mg tadalafilu, znanego sk\u0142adnika aktywnego, kt\u00f3ry pomaga m\u0119\u017cczyznom osi\u0105gn\u0105\u0107 i utrzyma\u0107 mocn\u0105 erekcj\u0119 poprzez zwi\u0119kszenie przep\u0142ywu krwi do penisa, zapewniaj\u0105c satysfakcjonuj\u0105ce doznania seksualne.<\/span><\/p>\n<p><span style=\"font-weight: 400;\">Ten lek nale\u017cy do grupy inhibitor\u00f3w fosfodiesterazy typu 5 (PDE5) i oferuje szybko dzia\u0142aj\u0105ce i wygodne rozwi\u0105zanie. Szybko si\u0119 rozpuszcza bez potrzeby popijania wod\u0105, dzi\u0119ki czemu idealnie nadaje si\u0119 do dyskretnego stosowania. Wyprodukowany przez Radicon Laboratories, zaufan\u0105 mark\u0119 farmaceutyczn\u0105, Orgie 20 mg to niezawodna i skuteczna opcja leczenia zaburze\u0144 erekcji.<\/span><\/p>\n<p><span style=\"font-weight: 400;\">Mo\u017cesz bez problemu zakupi\u0107 Orgie 20 mg w sklepie WowRx i odzyska\u0107 pewno\u015b\u0107 siebie w \u017cyciu intymnym.<\/span><\/p>\n<h3><span style=\"font-weight: 400;\">Zastosowania pask\u00f3w doustnych Orgie 20 mg Tadalafil<\/span><\/h3>\n<p><span style=\"font-weight: 400;\">Paski doustne Orgie 20 mg Tadalafil s\u0105 przede wszystkim <\/span><a href=\"https:\/\/pmc.ncbi.nlm.nih.gov\/articles\/PMC2643112\/#:~:text=The%20treatment%20for%20erectile%20dysfunction%20(ED)%20was%20revolutionized%20with%20the%20development%20of%20phosphodiesterase%20type%205%20(PDE5)%20inhibitors.%20Tadalafil%20(Cialis%C2%AE%3B%20Eli%20Lilly%20and%20Company%2C%20Indianapolis%2C%20IN%2C%20USA)%20is%20the%20newest%20and%20most%20versatile%20PDE5%20inhibitor%20in%20the%20clinical%20armamentarium%20for%20the%20treatment%20of%20ED.\" target=\"_blank\" rel=\"nofollow noopener\"><span style=\"font-weight: 400;\">u\u017cywany<\/span><\/a><span style=\"font-weight: 400;\"> do leczenia zaburze\u0144 erekcji (ED) u m\u0119\u017cczyzn. Te szybko dzia\u0142aj\u0105ce paski rozpuszczaj\u0105 si\u0119 w ustach, co czyni je wygodn\u0105 opcj\u0105 dla os\u00f3b poszukuj\u0105cych dyskretnego i skutecznego sposobu na popraw\u0119 sprawno\u015bci seksualnej.<\/span><\/p>\n<p><span style=\"font-weight: 400;\">Opr\u00f3cz leczenia zaburze\u0144 erekcji, plastry te mog\u0105 poprawi\u0107 og\u00f3ln\u0105 jako\u015b\u0107 stosunku p\u0142ciowego, wspieraj\u0105c silniejsze i d\u0142u\u017csze erekcje podczas stymulacji seksualnej. \u0141atwo\u015b\u0107 u\u017cycia i szybkie dzia\u0142anie sprawiaj\u0105, \u017ce s\u0105 one odpowiednie dla m\u0119\u017cczyzn poszukuj\u0105cych wi\u0119kszej elastyczno\u015bci w radzeniu sobie z t\u0105 przypad\u0142o\u015bci\u0105.<\/span><\/p>\n<h3><span style=\"font-weight: 400;\">Jak dzia\u0142a Orgie 20mg?<\/span><\/h3>\n<p><span style=\"font-weight: 400;\">Orgie 20 mg, zawieraj\u0105cy Tadalafil, <\/span><a href=\"https:\/\/www.mayoclinic.org\/drugs-supplements\/tadalafil-oral-route\/description\/drg-20067204#:~:text=Tadalafil%20is%20used,this%20enzyme%20works.\" target=\"_blank\" rel=\"nofollow noopener\"><span style=\"font-weight: 400;\">prace autorstwa<\/span><\/a><span style=\"font-weight: 400;\"> Hamowanie enzymu fosfodiesterazy typu 5 (PDE5). Hamowanie to zapobiega rozpadowi cyklicznego guanozynomonofosforanu (cGMP), cz\u0105steczki, kt\u00f3ra u\u0142atwia rozkurcz naczy\u0144 krwiono\u015bnych w penisie.<\/span><\/p>\n<p><span style=\"font-weight: 400;\">W rezultacie zwi\u0119kszony poziom cGMP skutkuje lepszym przep\u0142ywem krwi podczas stymulacji seksualnej, co przek\u0142ada si\u0119 na twardsz\u0105 i d\u0142u\u017cej trwaj\u0105c\u0105 erekcj\u0119.<\/span><\/p>\n<h3><span style=\"font-weight: 400;\">Dawkowanie Orige 20 mg<\/span><span style=\"font-weight: 400;\"><br \/>\n<\/span><\/h3>\n<p><span style=\"font-weight: 400;\">Przed za\u017cyciem leku Orgie 20 mg skonsultuj si\u0119 z lekarzem, aby upewni\u0107 si\u0119, czy jest on odpowiedni dla Twojego stanu zdrowia, zw\u0142aszcza je\u015bli cierpisz na jakie\u015b choroby podstawowe lub aktualnie przyjmujesz inne leki.<\/span><span style=\"font-weight: 400;\"><br \/>\n<\/span><\/p>\n<ul>\n<li style=\"font-weight: 400;\" aria-level=\"1\"><span style=\"font-weight: 400;\">Zalecana dawka leku Orgie 20 mg to jeden pasek (20 mg), przyjmowany jednorazowo przed aktywno\u015bci\u0105 seksualn\u0105. Nie nale\u017cy przekracza\u0107 jednego paska w ci\u0105gu 24 godzin. Aby uzyska\u0107 optymalne rezultaty, nale\u017cy przyj\u0105\u0107 pasek co najmniej 30 minut przed planowanym stosunkiem.<\/span><\/li>\n<li style=\"font-weight: 400;\" aria-level=\"1\"><span style=\"font-weight: 400;\">Aby zapewni\u0107 w\u0142a\u015bciwe wch\u0142anianie, nale\u017cy umie\u015bci\u0107 pasek na j\u0119zyku i poczeka\u0107, a\u017c ca\u0142kowicie si\u0119 rozpu\u015bci; nie nale\u017cy go \u017cu\u0107 ani po\u0142yka\u0107 w ca\u0142o\u015bci.<\/span><\/li>\n<li style=\"font-weight: 400;\" aria-level=\"1\"><span style=\"font-weight: 400;\">Lek Orgie 20 mg mo\u017cna przyjmowa\u0107 niezale\u017cnie od posi\u0142ku, jednak zaleca si\u0119 unikanie ci\u0119\u017ckich i t\u0142ustych posi\u0142k\u00f3w, poniewa\u017c mog\u0105 one op\u00f3\u017ani\u0107 jego dzia\u0142anie.<\/span><\/li>\n<\/ul>","protected":false},"excerpt":{"rendered":"<p>Paski Orgie 20 mg zawieraj\u0105 tadalafil, kt\u00f3ry leczy zaburzenia erekcji za pomoc\u0105 szybko rozpuszczaj\u0105cych si\u0119, dyskretnych pask\u00f3w. Ciesz si\u0119 wi\u0119ksz\u0105 intymno\u015bci\u0105 i wygod\u0105.<\/p>","protected":false},"featured_media":39047,"comment_status":"open","ping_status":"closed","template":"","meta":{"om_disable_all_campaigns":false,"_uf_show_specific_survey":0,"_uf_disable_surveys":false},"product_brand":[],"product_cat":[438],"product_tag":[],"class_list":{"0":"post-38192","1":"product","2":"type-product","3":"status-publish","4":"has-post-thumbnail","6":"product_cat-mens-health","8":"first","9":"instock","10":"sale","11":"shipping-taxable","12":"purchasable","13":"product-type-variable"},"_links":{"self":[{"href":"https:\/\/wowrxpharmacy.com\/pl\/wp-json\/wp\/v2\/product\/38192","targetHints":{"allow":["GET"]}}],"collection":[{"href":"https:\/\/wowrxpharmacy.com\/pl\/wp-json\/wp\/v2\/product"}],"about":[{"href":"https:\/\/wowrxpharmacy.com\/pl\/wp-json\/wp\/v2\/types\/product"}],"replies":[{"embeddable":true,"href":"https:\/\/wowrxpharmacy.com\/pl\/wp-json\/wp\/v2\/comments?post=38192"}],"wp:featuredmedia":[{"embeddable":true,"href":"https:\/\/wowrxpharmacy.com\/pl\/wp-json\/wp\/v2\/media\/39047"}],"wp:attachment":[{"href":"https:\/\/wowrxpharmacy.com\/pl\/wp-json\/wp\/v2\/media?parent=38192"}],"wp:term":[{"taxonomy":"product_brand","embeddable":true,"href":"https:\/\/wowrxpharmacy.com\/pl\/wp-json\/wp\/v2\/product_brand?post=38192"},{"taxonomy":"product_cat","embeddable":true,"href":"https:\/\/wowrxpharmacy.com\/pl\/wp-json\/wp\/v2\/product_cat?post=38192"},{"taxonomy":"product_tag","embeddable":true,"href":"https:\/\/wowrxpharmacy.com\/pl\/wp-json\/wp\/v2\/product_tag?post=38192"}],"curies":[{"name":"wp","href":"https:\/\/api.w.org\/{rel}","templated":true}]}}