{"id":38132,"date":"2024-10-19T06:58:20","date_gmt":"2024-10-19T10:58:20","guid":{"rendered":"https:\/\/wowrxpharmacy.com\/?post_type=product&#038;p=38132"},"modified":"2024-11-22T05:36:27","modified_gmt":"2024-11-22T10:36:27","slug":"siezta-100mg","status":"publish","type":"product","link":"https:\/\/wowrxpharmacy.com\/pl\/product\/siezta-100mg\/","title":{"rendered":"Siezta 100 mg Paski rozpadaj\u0105ce si\u0119 w jamie ustnej"},"content":{"rendered":"<h3><span style=\"font-weight: 400;\">O leku Siezta 100 mg<\/span><\/h3>\n<p><span style=\"font-weight: 400;\">Siezta 100 mg to lek na recept\u0119 przeznaczony dla m\u0119\u017cczyzn z zaburzeniami erekcji (ED). Jego substancj\u0105 czynn\u0105 jest cytrynian sildenafilu, kt\u00f3ry nale\u017cy do inhibitor\u00f3w fosfodiesterazy typu 5 (PDE5), wspomagaj\u0105cych osi\u0105gni\u0119cie i utrzymanie erekcji przez 4-6 godzin. Przyj\u0119cie leku Siezta 100 mg oko\u0142o 30 minut przed aktywno\u015bci\u0105 seksualn\u0105 poprawia jako\u015b\u0107 erekcji i pewno\u015b\u0107 siebie.<\/span><\/p>\n<p><span style=\"font-weight: 400;\">Produkowany przez Radicon Pharma, lek Siezta 100 mg ODS to wygodne i dyskretne rozwi\u0105zanie na popraw\u0119 \u017cycia intymnego. Mo\u017cna go \u0142atwo zam\u00f3wi\u0107 online w sklepie WowRx.<\/span><\/p>\n<h3><span style=\"font-weight: 400;\">Zastosowania leku Siezta 100 mg<\/span><\/h3>\n<p><span style=\"font-weight: 400;\">Siezta 100 mg jest stosowana g\u0142\u00f3wnie w leczeniu zaburze\u0144 erekcji u m\u0119\u017cczyzn. Dzi\u0119ki cytrynianowi sildenafilu jako sk\u0142adnikowi aktywnemu, poprawia sprawno\u015b\u0107 seksualn\u0105 poprzez popraw\u0119 funkcji erekcji. <\/span><a href=\"https:\/\/www.hopkinsmedicine.org\/health\/conditions-and-diseases\/erectile-dysfunction#:~:text=Erectile%20dysfunction%20is%20defined%20as%20the%20persistent%20inability%20to%20achieve%20or%20maintain%20penile%20erection%20sufficient%20for%20satisfactory%20sexual%20performance.\" target=\"_blank\" rel=\"nofollow noopener\"><span style=\"font-weight: 400;\">odnosi si\u0119<\/span><\/a><span style=\"font-weight: 400;\"> do niemo\u017cno\u015bci osi\u0105gni\u0119cia lub utrzymania erekcji wystarczaj\u0105cej do odbycia stosunku p\u0142ciowego. Siezta 100 mg zapewnia wi\u0119ksz\u0105 satysfakcj\u0119, skutecznie rozwi\u0105zuj\u0105c te problemy.<\/span><\/p>\n<h3><span style=\"font-weight: 400;\">Jak dzia\u0142a cytrynian sildenafilu?<\/span><\/h3>\n<p><span style=\"font-weight: 400;\">Cytrynian sildenafilu, <\/span><a href=\"https:\/\/jamanetwork.com\/journals\/jamainternalmedicine\/fullarticle\/211714#:~:text=Sildenafil%20citrate%20(Viagra%3B%20Pfizer,absence%20of%20sexual%20stimulation.\" target=\"_blank\" rel=\"nofollow noopener\"><span style=\"font-weight: 400;\">Zatwierdzone przez FDA<\/span><\/a><span style=\"font-weight: 400;\"> Substancja czynna leku Siezta 100 mg to dobrze znany lek na zaburzenia erekcji. Dzia\u0142a poprzez zwi\u0119kszenie przep\u0142ywu krwi do penisa poprzez hamowanie enzymu PDE-5, co obni\u017ca poziom cyklicznego guanozynomonofosforanu (cGMP). Zwi\u0105zek ten jest niezb\u0119dny do rozlu\u017anienia mi\u0119\u015bni g\u0142adkich i rozszerzenia naczy\u0144 krwiono\u015bnych.<\/span><\/p>\n<p><span style=\"font-weight: 400;\">Blokuj\u0105c PDE-5, Siezta 100 mg u\u0142atwia zwi\u0119kszony dop\u0142yw krwi do penisa, co prowadzi do silnej erekcji. Nale\u017cy pami\u0119ta\u0107, \u017ce podniecenie seksualne jest nadal niezb\u0119dne dla uzyskania optymalnych rezultat\u00f3w.<\/span><\/p>\n<h3><span style=\"font-weight: 400;\">Jak stosowa\u0107 lek Siezta 100mg?<\/span><\/h3>\n<p><span style=\"font-weight: 400;\">Aby uzyska\u0107 najlepsze rezultaty, nale\u017cy stosowa\u0107 si\u0119 do poni\u017cszych instrukcji podczas przyjmowania leku Siezta 100 mg ODS:<\/span><\/p>\n<ul>\n<li style=\"font-weight: 400;\" aria-level=\"1\"><span style=\"font-weight: 400;\">Otw\u00f3rz opakowanie i umie\u015b\u0107 pasek na j\u0119zyku. Pozostaw do ca\u0142kowitego rozpuszczenia.<\/span><\/li>\n<li style=\"font-weight: 400;\" aria-level=\"1\"><span style=\"font-weight: 400;\">Aby uzyska\u0107 najlepsze efekty, nale\u017cy za\u017cy\u0107 lek Siezta 100 mg oko\u0142o 30 minut przed rozpocz\u0119ciem aktywno\u015bci seksualnej.<\/span><\/li>\n<li style=\"font-weight: 400;\" aria-level=\"1\"><span style=\"font-weight: 400;\">Unikaj rozcie\u0144czania pask\u00f3w wod\u0105 lub jakimkolwiek innym p\u0142ynem<\/span><\/li>\n<li style=\"font-weight: 400;\" aria-level=\"1\"><span style=\"font-weight: 400;\">Lek Siezta mo\u017cna przyjmowa\u0107 na pusty \u017co\u0142\u0105dek lub w trakcie posi\u0142ku, jednak posi\u0142ki o du\u017cej zawarto\u015bci t\u0142uszczu mog\u0105 op\u00f3\u017ani\u0107 rozpocz\u0119cie dzia\u0142ania leku.<\/span><\/li>\n<li style=\"font-weight: 400;\" aria-level=\"1\"><span style=\"font-weight: 400;\">Ogranicz spo\u017cycie do zalecanej dawki, upewniaj\u0105c si\u0119, \u017ce nie przyjmujesz wi\u0119cej ni\u017c jednego paska w ci\u0105gu 24 godzin<\/span><\/li>\n<\/ul>","protected":false},"excerpt":{"rendered":"<p>Zatwierdzony przez FDA cytrynian sildenafilu zapewnia trwa\u0142\u0105 ulg\u0119 w zaburzeniach erekcji. Siezta 100 zapewnia niezawodne rezultaty w ci\u0105gu 30 minut.<\/p>","protected":false},"featured_media":39044,"comment_status":"open","ping_status":"closed","template":"","meta":{"om_disable_all_campaigns":false,"_uf_show_specific_survey":0,"_uf_disable_surveys":false},"product_brand":[],"product_cat":[438],"product_tag":[],"class_list":{"0":"post-38132","1":"product","2":"type-product","3":"status-publish","4":"has-post-thumbnail","6":"product_cat-mens-health","8":"first","9":"instock","10":"sale","11":"shipping-taxable","12":"purchasable","13":"product-type-variable"},"_links":{"self":[{"href":"https:\/\/wowrxpharmacy.com\/pl\/wp-json\/wp\/v2\/product\/38132","targetHints":{"allow":["GET"]}}],"collection":[{"href":"https:\/\/wowrxpharmacy.com\/pl\/wp-json\/wp\/v2\/product"}],"about":[{"href":"https:\/\/wowrxpharmacy.com\/pl\/wp-json\/wp\/v2\/types\/product"}],"replies":[{"embeddable":true,"href":"https:\/\/wowrxpharmacy.com\/pl\/wp-json\/wp\/v2\/comments?post=38132"}],"wp:featuredmedia":[{"embeddable":true,"href":"https:\/\/wowrxpharmacy.com\/pl\/wp-json\/wp\/v2\/media\/39044"}],"wp:attachment":[{"href":"https:\/\/wowrxpharmacy.com\/pl\/wp-json\/wp\/v2\/media?parent=38132"}],"wp:term":[{"taxonomy":"product_brand","embeddable":true,"href":"https:\/\/wowrxpharmacy.com\/pl\/wp-json\/wp\/v2\/product_brand?post=38132"},{"taxonomy":"product_cat","embeddable":true,"href":"https:\/\/wowrxpharmacy.com\/pl\/wp-json\/wp\/v2\/product_cat?post=38132"},{"taxonomy":"product_tag","embeddable":true,"href":"https:\/\/wowrxpharmacy.com\/pl\/wp-json\/wp\/v2\/product_tag?post=38132"}],"curies":[{"name":"wp","href":"https:\/\/api.w.org\/{rel}","templated":true}]}}