{"id":38070,"date":"2024-10-19T04:54:07","date_gmt":"2024-10-19T08:54:07","guid":{"rendered":"https:\/\/wowrxpharmacy.com\/?post_type=product&#038;p=38070"},"modified":"2024-11-22T04:54:35","modified_gmt":"2024-11-22T09:54:35","slug":"vilitra-20-mg-vardenafil","status":"publish","type":"product","link":"https:\/\/wowrxpharmacy.com\/pl\/product\/vilitra-20-mg-vardenafil\/","title":{"rendered":"Tabletki Vilitra 20 mg Vardenafil"},"content":{"rendered":"<h3><span style=\"font-weight: 400;\">O leku Vilitra 20 mg (tabletki Vardenafil)<\/span><\/h3>\n<p><span style=\"font-weight: 400;\">Vilitra 20 mg (tabletki wardenafilu) to skuteczny lek stosowany w leczeniu zaburze\u0144 erekcji (ED) u doros\u0142ych m\u0119\u017cczyzn. Ka\u017cda tabletka zawiera 20 mg wardenafilu, kt\u00f3ry dzia\u0142a poprzez zwi\u0119kszenie przep\u0142ywu krwi do pr\u0105cia, pomagaj\u0105c w osi\u0105gni\u0119ciu i utrzymaniu erekcji podczas stymulacji seksualnej. Zalecana dawka dla wi\u0119kszo\u015bci pacjent\u00f3w wynosi zazwyczaj 10 mg, kt\u00f3r\u0105 mo\u017cna dostosowa\u0107 w zale\u017cno\u015bci od indywidualnej skuteczno\u015bci i tolerancji, przy czym maksymalna dawka wynosi 20 mg na dob\u0119.<\/span><\/p>\n<p><span style=\"font-weight: 400;\">Vilitra jest produkowana przez Centurion Remedies Pvt Ltd, renomowan\u0105 firm\u0119 znan\u0105 z produkcji wysokiej jako\u015bci lek\u00f3w. Osoby poszukuj\u0105ce skutecznego rozwi\u0105zania na zaburzenia erekcji mog\u0105 wygodnie kupi\u0107 tabletki Vilitra 20 mg w sklepie WowRx.\u00a0<\/span><\/p>\n<h3><span style=\"font-weight: 400;\">Do czego s\u0142u\u017cy Vilitra 20?\u00a0<\/span><\/h3>\n<p><span style=\"font-weight: 400;\">Vilitra 20 mg zawiera wardenafil, substancj\u0119 czynn\u0105, kt\u00f3ra jest powszechnie przepisywana <\/span><a href=\"https:\/\/medlineplus.gov\/druginfo\/meds\/a603035.html#:~:text=Vardenafil%20is%20used,immunodeficiency%20virus%20(HIV).\" target=\"_blank\" rel=\"nofollow noopener\"><span style=\"font-weight: 400;\">do leczenia<\/span><\/a><span style=\"font-weight: 400;\"> Zaburzenia erekcji (ED) u m\u0119\u017cczyzn, pomagaj\u0105c im osi\u0105gn\u0105\u0107 i utrzyma\u0107 tward\u0105 erekcj\u0119 podczas aktywno\u015bci seksualnej. Zwi\u0119kszaj\u0105c przep\u0142yw krwi do penisa, pomaga poprawi\u0107 sprawno\u015b\u0107 seksualn\u0105 i mo\u017ce przyczyni\u0107 si\u0119 do przywr\u00f3cenia pewno\u015bci siebie w zwi\u0105zkach intymnych.<\/span><span style=\"font-weight: 400;\"><br \/>\n<\/span><span style=\"font-weight: 400;\"><br \/>\n<\/span><span style=\"font-weight: 400;\">Ten lek jest szczeg\u00f3lnie korzystny dla m\u0119\u017cczyzn, kt\u00f3rzy z r\u00f3\u017cnych przyczyn maj\u0105 trudno\u015bci z osi\u0105gni\u0119ciem erekcji, co pozwala im na satysfakcjonuj\u0105c\u0105 aktywno\u015b\u0107 seksualn\u0105. Przed u\u017cyciem nale\u017cy skonsultowa\u0107 si\u0119 z lekarzem w celu uzyskania odpowiednich wskaz\u00f3wek.<\/span><\/p>\n<h3><span style=\"font-weight: 400;\">Jak dzia\u0142a wardenafil?\u00a0<\/span><\/h3>\n<p><span style=\"font-weight: 400;\">Wardenafil w Vilitra 20 mg <\/span><a href=\"https:\/\/www.ncbi.nlm.nih.gov\/books\/NBK549843\/#:~:text=Indications-,The%20discovery%20of%20phosphodiesterase%205%20inhibitors%20(PDE5%20inhibitors)%20for%20causing%20the,on%20the%20cavernous%20nerve%2C%20which%20usually%20gets%20damaged%20in%20the%20procedure.,-Antianginal%3A%C2%A0Brought\" target=\"_blank\" rel=\"nofollow noopener\"><span style=\"font-weight: 400;\">prace autorstwa<\/span><\/a><span style=\"font-weight: 400;\"> Selektywnie hamuje fosfodiesteraz\u0119 typu 5 (PDE5), enzym odpowiedzialny za degradacj\u0119 cyklicznego guanozynomonofosforanu (cGMP) w cia\u0142ach jamistych pr\u0105cia. Podczas stymulacji seksualnej uwalniany jest tlenek azotu (NO), kt\u00f3ry aktywuje cyklaz\u0119 guanylanow\u0105, co prowadzi do wzrostu poziomu cGMP. Podwy\u017cszony poziom cGMP powoduje rozlu\u017anienie mi\u0119\u015bni g\u0142adkich i zwi\u0119kszony przep\u0142yw krwi do pr\u0105cia, u\u0142atwiaj\u0105c erekcj\u0119.<\/span><\/p>\n<p><span style=\"font-weight: 400;\">Blokuj\u0105c PDE5, wardenafil wzmacnia dzia\u0142anie cGMP, umo\u017cliwiaj\u0105c przed\u0142u\u017cony relaks mi\u0119\u015bni g\u0142adkich i sta\u0142y przep\u0142yw krwi podczas podniecenia seksualnego. Wardenafil wymaga stymulacji seksualnej, aby dzia\u0142a\u0107 skutecznie; nie wywo\u0142a erekcji samodzielnie, bez podniecenia.<\/span><\/p>\n<h3><span style=\"font-weight: 400;\">Dawkowanie Vilitra 20<\/span><span style=\"font-weight: 400;\"><br \/>\n<\/span><\/h3>\n<p><span style=\"font-weight: 400;\">Przed za\u017cyciem leku Vilitra 20 mg skonsultuj si\u0119 z lekarzem, aby ustali\u0107, czy lek ten jest odpowiedni dla Twojego schorzenia.<\/span><\/p>\n<ul>\n<li style=\"font-weight: 400;\" aria-level=\"1\"><span style=\"font-weight: 400;\">Zalecana dawka leku Vilitra 20 mg to pojedyncza tabletka 20 mg, kt\u00f3rej nie nale\u017cy przekracza\u0107 w ci\u0105gu 24 godzin. Aby uzyska\u0107 najlepsze rezultaty, nale\u017cy przyj\u0105\u0107 tabletk\u0119 oko\u0142o 30 minut przed planowan\u0105 aktywno\u015bci\u0105 seksualn\u0105.<\/span><\/li>\n<li style=\"font-weight: 400;\" aria-level=\"1\"><span style=\"font-weight: 400;\">Aby zapewni\u0107 prawid\u0142owe wch\u0142anianie, tabletk\u0119 nale\u017cy po\u0142kn\u0105\u0107 w ca\u0142o\u015bci, popijaj\u0105c szklank\u0105 wody; nie nale\u017cy jej kruszy\u0107 ani \u017cu\u0107.<\/span><\/li>\n<li style=\"font-weight: 400;\" aria-level=\"1\"><span style=\"font-weight: 400;\">Lek Vilitra mo\u017cna przyjmowa\u0107 niezale\u017cnie od posi\u0142ku, jednak zaleca si\u0119 unikanie ci\u0119\u017ckich i t\u0142ustych posi\u0142k\u00f3w, poniewa\u017c mog\u0105 one op\u00f3\u017ania\u0107 jego dzia\u0142anie<\/span><\/li>\n<\/ul>","protected":false},"excerpt":{"rendered":"<p>Dawka podstawowa wardenafilu w leku Vilitra leczy \u0142agodn\u0105 do umiarkowanej ED. Dobrze zbilansowana formu\u0142a wspomaga naturaln\u0105 i satysfakcjonuj\u0105c\u0105 erekcj\u0119.<\/p>","protected":false},"featured_media":39002,"comment_status":"open","ping_status":"closed","template":"","meta":{"om_disable_all_campaigns":false,"_uf_show_specific_survey":0,"_uf_disable_surveys":false},"product_brand":[],"product_cat":[438],"product_tag":[],"class_list":{"0":"post-38070","1":"product","2":"type-product","3":"status-publish","4":"has-post-thumbnail","6":"product_cat-mens-health","8":"first","9":"instock","10":"sale","11":"shipping-taxable","12":"purchasable","13":"product-type-variable"},"_links":{"self":[{"href":"https:\/\/wowrxpharmacy.com\/pl\/wp-json\/wp\/v2\/product\/38070","targetHints":{"allow":["GET"]}}],"collection":[{"href":"https:\/\/wowrxpharmacy.com\/pl\/wp-json\/wp\/v2\/product"}],"about":[{"href":"https:\/\/wowrxpharmacy.com\/pl\/wp-json\/wp\/v2\/types\/product"}],"replies":[{"embeddable":true,"href":"https:\/\/wowrxpharmacy.com\/pl\/wp-json\/wp\/v2\/comments?post=38070"}],"wp:featuredmedia":[{"embeddable":true,"href":"https:\/\/wowrxpharmacy.com\/pl\/wp-json\/wp\/v2\/media\/39002"}],"wp:attachment":[{"href":"https:\/\/wowrxpharmacy.com\/pl\/wp-json\/wp\/v2\/media?parent=38070"}],"wp:term":[{"taxonomy":"product_brand","embeddable":true,"href":"https:\/\/wowrxpharmacy.com\/pl\/wp-json\/wp\/v2\/product_brand?post=38070"},{"taxonomy":"product_cat","embeddable":true,"href":"https:\/\/wowrxpharmacy.com\/pl\/wp-json\/wp\/v2\/product_cat?post=38070"},{"taxonomy":"product_tag","embeddable":true,"href":"https:\/\/wowrxpharmacy.com\/pl\/wp-json\/wp\/v2\/product_tag?post=38070"}],"curies":[{"name":"wp","href":"https:\/\/api.w.org\/{rel}","templated":true}]}}