{"id":37954,"date":"2024-10-18T08:47:55","date_gmt":"2024-10-18T12:47:55","guid":{"rendered":"https:\/\/wowrxpharmacy.com\/?post_type=product&#038;p=37954"},"modified":"2024-11-22T04:56:24","modified_gmt":"2024-11-22T09:56:24","slug":"wigora-100-mg","status":"publish","type":"product","link":"https:\/\/wowrxpharmacy.com\/pl\/product\/wigora-100-mg\/","title":{"rendered":"Vigora 100 mg"},"content":{"rendered":"<h3><span style=\"font-weight: 400;\">O Vigora 100 mg<\/span><\/h3>\n<p><span style=\"font-weight: 400;\">Vigora 100 mg to popularny lek stosowany w leczeniu zaburze\u0144 erekcji (ED) u m\u0119\u017cczyzn. Substancj\u0105 czynn\u0105 leku jest cytrynian sildenafilu, kt\u00f3ry pomaga m\u0119\u017cczyznom osi\u0105gn\u0105\u0107 i utrzyma\u0107 mocn\u0105 erekcj\u0119 podczas stymulacji seksualnej. Vigora 100 mg nale\u017cy do grupy lek\u00f3w zwanych inhibitorami fosfodiesterazy typu 5 (PDE5), kt\u00f3re dzia\u0142aj\u0105 poprzez zwi\u0119kszenie przep\u0142ywu krwi do penisa, umo\u017cliwiaj\u0105c erekcj\u0119 podczas aktywno\u015bci seksualnej.<\/span><\/p>\n<p><span style=\"font-weight: 400;\">Wyprodukowana przez Zydus Healthcare, Vigora 100 mg to skuteczne rozwi\u0105zanie poprawiaj\u0105ce sprawno\u015b\u0107 seksualn\u0105 m\u0119\u017cczyzn. Mo\u017cesz kupi\u0107 Vigor\u0119 100 mg online w WowRx w przyst\u0119pnych cenach, aby odzyska\u0107 pewno\u015b\u0107 siebie w relacjach intymnych.<\/span><\/p>\n<h3><span style=\"font-weight: 400;\">Do czego s\u0142u\u017cy lek Vigora 100 mg?<\/span><\/h3>\n<p><span style=\"font-weight: 400;\">Lek Vigora 100 mg jest stosowany g\u0142\u00f3wnie w leczeniu zaburze\u0144 erekcji (ED) u m\u0119\u017cczyzn. ED to <\/span><a href=\"https:\/\/www.hopkinsmedicine.org\/health\/conditions-and-diseases\/erectile-dysfunction\" target=\"_blank\" rel=\"noopener\"><span style=\"font-weight: 400;\">niemo\u017cno\u015b\u0107<\/span><\/a><span style=\"font-weight: 400;\"> Aby osi\u0105gn\u0105\u0107 lub utrzyma\u0107 erekcj\u0119 odpowiedni\u0105 do aktywno\u015bci seksualnej. Zwi\u0119kszaj\u0105c przep\u0142yw krwi do penisa, Vigora 100 mg pomaga m\u0119\u017cczyznom osi\u0105gn\u0105\u0107 i utrzyma\u0107 erekcj\u0119 podczas podniecenia seksualnego, poprawiaj\u0105c sprawno\u015b\u0107 seksualn\u0105 i satysfakcj\u0119.<\/span><\/p>\n<h3><span style=\"font-weight: 400;\">Jak dzia\u0142a cytrynian sildenafilu zawarty w leku Vigora 100 mg?<\/span><\/h3>\n<p><span style=\"font-weight: 400;\">Cytrynian sildenafilu, substancja czynna leku Vigora 100 mg, <\/span><a href=\"https:\/\/www.ncbi.nlm.nih.gov\/books\/NBK558978\/#:~:text=The%20molecular%20structure,pulmonary%20arterial%20pressure\" target=\"_blank\" rel=\"noopener\"><span style=\"font-weight: 400;\">fabryka<\/span><\/a><span style=\"font-weight: 400;\"> Poprzez hamowanie enzymu fosfodiesterazy typu 5 (PDE5). Enzym ten odpowiada za regulacj\u0119 przep\u0142ywu krwi w penisie. W przypadku zablokowania naczynia krwiono\u015bne rozszerzaj\u0105 si\u0119, zwi\u0119kszaj\u0105c przep\u0142yw krwi do penisa podczas stymulacji seksualnej, pomagaj\u0105c m\u0119\u017cczyznom osi\u0105gn\u0105\u0107 i utrzyma\u0107 erekcj\u0119. Vigora 100 mg dzia\u0142a tylko w przypadku podniecenia seksualnego, poniewa\u017c nie wywo\u0142uje erekcji samoistnie.<\/span><\/p>\n<h3><span style=\"font-weight: 400;\">Jak za\u017cywa\u0107 lek Vigora 100 mg?<\/span><\/h3>\n<p><span style=\"font-weight: 400;\">Lek Vigora 100 mg nale\u017cy przyjmowa\u0107 doustnie, post\u0119puj\u0105c zgodnie z poni\u017cszymi wskaz\u00f3wkami:<\/span><\/p>\n<ul>\n<li style=\"font-weight: 400;\" aria-level=\"1\"><span style=\"font-weight: 400;\">Tabletk\u0119 nale\u017cy po\u0142kn\u0105\u0107 w ca\u0142o\u015bci, popijaj\u0105c pe\u0142n\u0105 szklank\u0105 wody.<\/span><\/li>\n<li style=\"font-weight: 400;\" aria-level=\"1\"><span style=\"font-weight: 400;\">Za\u017cy\u0107 30 do 60 minut przed aktywno\u015bci\u0105 seksualn\u0105<\/span><\/li>\n<li style=\"font-weight: 400;\" aria-level=\"1\"><span style=\"font-weight: 400;\">Unikaj kruszenia i \u017cucia tabletki.<\/span><\/li>\n<li style=\"font-weight: 400;\" aria-level=\"1\"><span style=\"font-weight: 400;\">Nie nale\u017cy przekracza\u0107 jednej tabletki dziennie.<\/span><\/li>\n<li style=\"font-weight: 400;\" aria-level=\"1\"><span style=\"font-weight: 400;\">Aby uzyska\u0107 najlepsze rezultaty, nale\u017cy przestrzega\u0107 zalecanej dawki i czasu stosowania.<\/span><\/li>\n<\/ul>","protected":false},"excerpt":{"rendered":"<p>Cytrynian sildenafilu zawarty w leku Vigora zapewnia niezawodn\u0105 terapi\u0119 zaburze\u0144 erekcji. Zatwierdzona przez FDA formu\u0142a gwarantuje jako\u015b\u0107 i sp\u00f3jno\u015b\u0107 w przywracaniu funkcji.<\/p>","protected":false},"featured_media":38951,"comment_status":"open","ping_status":"closed","template":"","meta":{"om_disable_all_campaigns":false,"_uf_show_specific_survey":0,"_uf_disable_surveys":false},"product_brand":[],"product_cat":[438],"product_tag":[],"class_list":{"0":"post-37954","1":"product","2":"type-product","3":"status-publish","4":"has-post-thumbnail","6":"product_cat-mens-health","8":"first","9":"instock","10":"sale","11":"shipping-taxable","12":"purchasable","13":"product-type-variable"},"_links":{"self":[{"href":"https:\/\/wowrxpharmacy.com\/pl\/wp-json\/wp\/v2\/product\/37954","targetHints":{"allow":["GET"]}}],"collection":[{"href":"https:\/\/wowrxpharmacy.com\/pl\/wp-json\/wp\/v2\/product"}],"about":[{"href":"https:\/\/wowrxpharmacy.com\/pl\/wp-json\/wp\/v2\/types\/product"}],"replies":[{"embeddable":true,"href":"https:\/\/wowrxpharmacy.com\/pl\/wp-json\/wp\/v2\/comments?post=37954"}],"wp:featuredmedia":[{"embeddable":true,"href":"https:\/\/wowrxpharmacy.com\/pl\/wp-json\/wp\/v2\/media\/38951"}],"wp:attachment":[{"href":"https:\/\/wowrxpharmacy.com\/pl\/wp-json\/wp\/v2\/media?parent=37954"}],"wp:term":[{"taxonomy":"product_brand","embeddable":true,"href":"https:\/\/wowrxpharmacy.com\/pl\/wp-json\/wp\/v2\/product_brand?post=37954"},{"taxonomy":"product_cat","embeddable":true,"href":"https:\/\/wowrxpharmacy.com\/pl\/wp-json\/wp\/v2\/product_cat?post=37954"},{"taxonomy":"product_tag","embeddable":true,"href":"https:\/\/wowrxpharmacy.com\/pl\/wp-json\/wp\/v2\/product_tag?post=37954"}],"curies":[{"name":"wp","href":"https:\/\/api.w.org\/{rel}","templated":true}]}}