{"id":37934,"date":"2024-10-18T07:41:34","date_gmt":"2024-10-18T11:41:34","guid":{"rendered":"https:\/\/wowrxpharmacy.com\/?post_type=product&#038;p=37934"},"modified":"2024-11-22T05:34:35","modified_gmt":"2024-11-22T10:34:35","slug":"kamagra-oral-jelly-rx-100-mg","status":"publish","type":"product","link":"https:\/\/wowrxpharmacy.com\/pl\/product\/kamagra-oral-jelly-rx-100-mg\/","title":{"rendered":"Kamagra Oral Jelly RX 100 mg"},"content":{"rendered":"<h3><span style=\"font-weight: 400;\">O leku Kamagra Oral Jelly RX 100 mg<\/span><\/h3>\n<p><span style=\"font-weight: 400;\">Kamagra Oral Jelly RX 100 mg to lek na recept\u0119 przeznaczony dla m\u0119\u017cczyzn zmagaj\u0105cych si\u0119 z zaburzeniami erekcji (ED). Substancja czynna, cytrynian sildenafilu, pomaga w osi\u0105gni\u0119ciu i utrzymaniu silnej erekcji do 4-6 godzin. Przyj\u0119cie Kamagry Oral Jelly oko\u0142o 30 minut przed aktywno\u015bci\u0105 seksualn\u0105 poprawia sprawno\u015b\u0107 seksualn\u0105 i pewno\u015b\u0107 siebie.\u00a0<\/span><\/p>\n<p><span style=\"font-weight: 400;\">Produkowany przez firm\u0119 Ajanta Pharma, nale\u017cy do grupy inhibitor\u00f3w fosfodiesterazy typu 5 (PDE5). Mo\u017cna go wygodnie zam\u00f3wi\u0107 za po\u015brednictwem WowRx, aby pom\u00f3c w przywr\u00f3ceniu \u017cycia intymnego.<\/span><\/p>\n<h3><span style=\"font-weight: 400;\">Zastosowania Kamagry Oral Jelly<\/span><\/h3>\n<p><span style=\"font-weight: 400;\">Kamagra Oral Jelly RX 100 mg jest przeznaczona przede wszystkim do leczenia zaburze\u0144 erekcji u m\u0119\u017cczyzn. Dzi\u0119ki zawarto\u015bci cytrynianu sildenafilu, Kamagra skutecznie poprawia sprawno\u015b\u0107 seksualn\u0105 poprzez popraw\u0119 funkcji erekcji. ED charakteryzuje si\u0119 trudno\u015bciami w osi\u0105gni\u0119ciu lub utrzymaniu erekcji odpowiedniej do odbycia stosunku p\u0142ciowego. Kamagra Oral Jelly 100 mg <\/span><a href=\"https:\/\/www.ncbi.nlm.nih.gov\/pmc\/articles\/PMC2699643\/\" target=\"_blank\" rel=\"nofollow noopener\"><span style=\"font-weight: 400;\">zapewnia<\/span><\/a><span style=\"font-weight: 400;\"> lepsz\u0105 satysfakcj\u0119 seksualn\u0105, rozwi\u0105zuj\u0105c te problemy.<\/span><\/p>\n<h3><span style=\"font-weight: 400;\">Jak dzia\u0142a cytrynian sildenafilu?<\/span><\/h3>\n<p><span style=\"font-weight: 400;\">Cytrynian sildenafilu, substancja czynna leku Kamagra Oral Jelly Rx 100 mg, to <\/span><a href=\"https:\/\/medlineplus.gov\/druginfo\/meds\/a699015.html\" target=\"_blank\" rel=\"nofollow noopener\"><span style=\"font-weight: 400;\">pierwszej linii<\/span><\/a><span style=\"font-weight: 400;\"> Leczenie zaburze\u0144 erekcji. Zwi\u0119ksza przep\u0142yw krwi do penisa poprzez hamowanie enzymu PDE-5, co obni\u017ca poziom cyklicznego guanozynomonofosforanu (cGMP). Zwi\u0105zek ten jest niezb\u0119dny do rozlu\u017anienia mi\u0119\u015bni g\u0142adkich i rozszerzenia naczy\u0144 krwiono\u015bnych.<\/span><\/p>\n<p><span style=\"font-weight: 400;\">W rezultacie, blokuj\u0105c PDE-5, Kamagra Oral Jelly Rx u\u0142atwia zwi\u0119kszony dop\u0142yw krwi do penisa, co skutkuje mocn\u0105 erekcj\u0105. Nale\u017cy pami\u0119ta\u0107, \u017ce podniecenie seksualne jest nadal niezb\u0119dne do uzyskania skutecznych rezultat\u00f3w.<\/span><\/p>\n<h3><span style=\"font-weight: 400;\">Jak stosowa\u0107 Kamagra Oral Jelly RX 100 mg?<\/span><\/h3>\n<p><span style=\"font-weight: 400;\">Aby uzyska\u0107 najlepsze rezultaty, nale\u017cy stosowa\u0107 si\u0119 do poni\u017cszych instrukcji podczas stosowania leku Kamagra Oral Jelly RX 100 mg:<\/span><\/p>\n<ul>\n<li style=\"font-weight: 400;\" aria-level=\"1\"><span style=\"font-weight: 400;\">Otw\u00f3rz saszetk\u0119 leku Kamagra oral Jelly rx 100 mg i wyci\u015bnij \u017cel na \u0142y\u017ceczk\u0119; spo\u017cyj oko\u0142o 30 minut przed aktywno\u015bci\u0105 seksualn\u0105.<\/span><\/li>\n<li style=\"font-weight: 400;\" aria-level=\"1\"><span style=\"font-weight: 400;\">Kamagra Oral Jelly RX powinna by\u0107 przyjmowana bezpo\u015brednio z \u0142y\u017ceczki; nie nale\u017cy jej miesza\u0107 z wod\u0105 lub innymi p\u0142ynami<\/span><\/li>\n<li style=\"font-weight: 400;\" aria-level=\"1\"><span style=\"font-weight: 400;\">\u017bel doustny Sildenafil mo\u017cna przyjmowa\u0107 na pusty \u017co\u0142\u0105dek lub w trakcie posi\u0142ku, jednak posi\u0142ki o du\u017cej zawarto\u015bci t\u0142uszczu mog\u0105 op\u00f3\u017ani\u0107 jego skuteczno\u015b\u0107<\/span><\/li>\n<li style=\"font-weight: 400;\" aria-level=\"1\"><span style=\"font-weight: 400;\">Stosuj si\u0119 do zalecanej dawki i nie przekraczaj jednej saszetki w ci\u0105gu 24 godzin.<\/span><\/li>\n<\/ul>","protected":false},"excerpt":{"rendered":"<p>Aromatyczny Sildenafil zawarty w Kamagra Oral Jelly RX 100 mg dzia\u0142a szybko, zapewniaj\u0105c siln\u0105, d\u0142ugotrwa\u0142\u0105 erekcj\u0119, a tak\u017ce niezawodno\u015b\u0107 i satysfakcj\u0119 potwierdzon\u0105 certyfikatem FDA.<\/p>","protected":false},"featured_media":37952,"comment_status":"open","ping_status":"closed","template":"","meta":{"om_disable_all_campaigns":false,"_uf_show_specific_survey":0,"_uf_disable_surveys":false},"product_brand":[],"product_cat":[438,2387],"product_tag":[],"class_list":{"0":"post-37934","1":"product","2":"type-product","3":"status-publish","4":"has-post-thumbnail","6":"product_cat-mens-health","7":"product_cat-sildenafil-citrate","9":"first","10":"instock","11":"sale","12":"shipping-taxable","13":"purchasable","14":"product-type-variable"},"_links":{"self":[{"href":"https:\/\/wowrxpharmacy.com\/pl\/wp-json\/wp\/v2\/product\/37934","targetHints":{"allow":["GET"]}}],"collection":[{"href":"https:\/\/wowrxpharmacy.com\/pl\/wp-json\/wp\/v2\/product"}],"about":[{"href":"https:\/\/wowrxpharmacy.com\/pl\/wp-json\/wp\/v2\/types\/product"}],"replies":[{"embeddable":true,"href":"https:\/\/wowrxpharmacy.com\/pl\/wp-json\/wp\/v2\/comments?post=37934"}],"wp:featuredmedia":[{"embeddable":true,"href":"https:\/\/wowrxpharmacy.com\/pl\/wp-json\/wp\/v2\/media\/37952"}],"wp:attachment":[{"href":"https:\/\/wowrxpharmacy.com\/pl\/wp-json\/wp\/v2\/media?parent=37934"}],"wp:term":[{"taxonomy":"product_brand","embeddable":true,"href":"https:\/\/wowrxpharmacy.com\/pl\/wp-json\/wp\/v2\/product_brand?post=37934"},{"taxonomy":"product_cat","embeddable":true,"href":"https:\/\/wowrxpharmacy.com\/pl\/wp-json\/wp\/v2\/product_cat?post=37934"},{"taxonomy":"product_tag","embeddable":true,"href":"https:\/\/wowrxpharmacy.com\/pl\/wp-json\/wp\/v2\/product_tag?post=37934"}],"curies":[{"name":"wp","href":"https:\/\/api.w.org\/{rel}","templated":true}]}}