{"id":37929,"date":"2024-10-18T07:05:48","date_gmt":"2024-10-18T11:05:48","guid":{"rendered":"https:\/\/wowrxpharmacy.com\/?post_type=product&#038;p=37929"},"modified":"2024-11-22T05:31:48","modified_gmt":"2024-11-22T10:31:48","slug":"tadarise-pro-40","status":"publish","type":"product","link":"https:\/\/wowrxpharmacy.com\/pl\/product\/tadarise-pro-40\/","title":{"rendered":"Tabletki Tadarise Pro 40 mg"},"content":{"rendered":"<h3><span style=\"font-weight: 400;\">O leku Tadarise Pro 40 mg<\/span><\/h3>\n<p><span style=\"font-weight: 400;\">Tadarise Pro 40 mg, zawieraj\u0105cy tadalafil, to wysoce skuteczny lek stosowany g\u0142\u00f3wnie w leczeniu zaburze\u0144 erekcji (ED). Jest r\u00f3wnie\u017c skuteczny w leczeniu takich schorze\u0144 jak nadci\u015bnienie p\u0142ucne (PAH) i \u0142agodny rozrost gruczo\u0142u krokowego (BPH).\u00a0<\/span><\/p>\n<p><span style=\"font-weight: 400;\">Dzia\u0142anie leku zaczyna si\u0119 ju\u017c w ci\u0105gu 30 minut i zapewnia d\u0142ugotrwa\u0142e efekty nawet do 36 godzin, co czyni go niezawodnym wyborem w celu poprawy sprawno\u015bci seksualnej i z\u0142agodzenia objaw\u00f3w PAH lub BPH.<\/span><\/p>\n<p><span style=\"font-weight: 400;\">Produkowany przez Sunrise Remedies, Tadarise Pro 40 cieszy si\u0119 du\u017cym uznaniem ze wzgl\u0119du na swoj\u0105 szybko dzia\u0142aj\u0105c\u0105 formu\u0142\u0119 i d\u0142ugotrwa\u0142e efekty. Mo\u017cesz \u0142atwo kupi\u0107 Tadarise Pro 40 mg online w sklepie WowRx w przyst\u0119pnych cenach.<\/span><\/p>\n<h3><span style=\"font-weight: 400;\">Zastosowania leku Tadarise Pro 40 mg<\/span><\/h3>\n<p><span style=\"font-weight: 400;\">Tadarise Pro 40 mg mo\u017cna stosowa\u0107 w przypadku takich schorze\u0144 jak:<\/span><\/p>\n<h4><span style=\"font-weight: 400;\">Zaburzenia erekcji (ED)<\/span><\/h4>\n<p><span style=\"font-weight: 400;\">Tadarise Pro 40 mg jest szeroko stosowany w leczeniu zaburze\u0144 erekcji (ED), czyli stanu, w kt\u00f3rym m\u0119\u017cczy\u017ani nie mog\u0105 osi\u0105gn\u0105\u0107 lub utrzyma\u0107 erekcji wystarczaj\u0105cej do odbycia stosunku p\u0142ciowego. Zwi\u0119kszaj\u0105c przep\u0142yw krwi do penisa podczas stymulacji seksualnej, pomaga m\u0119\u017cczyznom odzyska\u0107 sprawno\u015b\u0107 seksualn\u0105. Lek zaczyna dzia\u0142a\u0107 w ci\u0105gu 30 minut, a jego efekty s\u0105 widoczne ju\u017c po kilku minutach. <\/span><a href=\"https:\/\/www.ncbi.nlm.nih.gov\/pmc\/articles\/PMC2699638\/#:~:text=The%20availability%20of%20specific,related%20to%20the%20treatment\" target=\"_blank\" rel=\"nofollow noopener\"><span style=\"font-weight: 400;\">ostatni<\/span><\/a><span style=\"font-weight: 400;\"> do 36 godzin, co pozwala na bardziej spontaniczne doznania seksualne.<\/span><\/p>\n<h4><span style=\"font-weight: 400;\">Nadci\u015bnienie p\u0142ucne (PAH)<\/span><\/h4>\n<p><span style=\"font-weight: 400;\">Tadarise Pro 40 mg jest r\u00f3wnie\u017c przepisywany w leczeniu t\u0119tniczego nadci\u015bnienia p\u0142ucnego (PAH), kt\u00f3re powoduje wysokie ci\u015bnienie krwi w t\u0119tnicach p\u0142ucnych. Rozlu\u017aniaj\u0105c naczynia krwiono\u015bne w p\u0142ucach, Tadarise Pro 40 mg obni\u017ca ci\u015bnienie i poprawia zdolno\u015b\u0107 do wysi\u0142ku fizycznego, \u0142agodz\u0105c objawy takie jak duszno\u015b\u0107 i zm\u0119czenie.<\/span><\/p>\n<h4><span style=\"font-weight: 400;\">\u0141agodny przerost gruczo\u0142u krokowego (BPH)<\/span><\/h4>\n<p><span style=\"font-weight: 400;\">Tadarise Pro 40 mg mo\u017ce r\u00f3wnie\u017c <\/span><a href=\"https:\/\/phassociation.org\/patients\/treatments\/tadalafil\/#:~:text=Tadalafil%20is%20used%20to%20treat%20pulmonary%20arterial%20hypertension%20(PAH)%2C%20also%20known%20as%20Group%201%20pulmonary%20hypertension.%20The%20goal%20of%20this%20therapy%20is%20to%20improve%20exercise%20ability.\" target=\"_blank\" rel=\"nofollow noopener\"><span style=\"font-weight: 400;\">\u0142agodzi\u0107<\/span><\/a><span style=\"font-weight: 400;\"> Objawy \u0142agodnego przerostu gruczo\u0142u krokowego (BPH), takie jak trudno\u015bci z oddawaniem moczu, cz\u0119ste oddawanie moczu lub s\u0142aby strumie\u0144 moczu. Lek dzia\u0142a poprzez rozlu\u017anienie mi\u0119\u015bni p\u0119cherza moczowego i prostaty, poprawiaj\u0105c przep\u0142yw moczu i zmniejszaj\u0105c dyskomfort.<\/span><\/p>\n<h3><span style=\"font-weight: 400;\">Jak dzia\u0142a Tadalafil?<\/span><\/h3>\n<p><span style=\"font-weight: 400;\">Tadalafil, substancja czynna leku Tadarise Pro 40, jest inhibitorem PDE5. <\/span><a href=\"https:\/\/go.drugbank.com\/drugs\/DB00820#:~:text=Tadalafil%20is%20a%20selective%20phosphodiesterase%2D5%20(PDE5,the%20eye%20and%20contributes%20to%20color%20vision\" target=\"_blank\" rel=\"nofollow noopener\"><span style=\"font-weight: 400;\">fabryka<\/span><\/a><span style=\"font-weight: 400;\"> Poprzez zwi\u0119kszenie poziomu cyklicznego guanozynomonofosforanu (cGMP) w organizmie, co rozlu\u017ania mi\u0119\u015bnie g\u0142adkie w naczyniach krwiono\u015bnych penisa, poprawiaj\u0105c przep\u0142yw krwi. Ten zwi\u0119kszony przep\u0142yw krwi pomaga m\u0119\u017cczyznom osi\u0105gn\u0105\u0107 i utrzyma\u0107 erekcj\u0119.\u00a0<\/span><\/p>\n<p><span style=\"font-weight: 400;\">Stosowany w leczeniu nadci\u015bnienia p\u0142ucnego (PAH) lub \u0142agodnego przerostu prostaty (BPH) powoduje rozlu\u017anienie naczy\u0144 krwiono\u015bnych w p\u0142ucach i zmniejszenie przerostu prostaty.<\/span><\/p>\n<h3><span style=\"font-weight: 400;\">Jak stosowa\u0107 Tadarise Pro 40 mg?<\/span><\/h3>\n<p><span style=\"font-weight: 400;\">Aby uzyska\u0107 najlepsze efekty stosowania preparatu Tadarise Pro 40, nale\u017cy stosowa\u0107 si\u0119 do poni\u017cszych wskaz\u00f3wek:<\/span><\/p>\n<ul>\n<li style=\"font-weight: 400;\" aria-level=\"1\"><span style=\"font-weight: 400;\">Stosowa\u0107 zgodnie z zaleceniami lekarza.<\/span><\/li>\n<li style=\"font-weight: 400;\" aria-level=\"1\"><span style=\"font-weight: 400;\">Tabletk\u0119 nale\u017cy po\u0142kn\u0105\u0107 w ca\u0142o\u015bci, popijaj\u0105c wod\u0105. Nie nale\u017cy jej \u017cu\u0107 ani kruszy\u0107.<\/span><\/li>\n<li style=\"font-weight: 400;\" aria-level=\"1\"><span style=\"font-weight: 400;\">Spo\u017cy\u0107 co najmniej 30 minut przed aktywno\u015bci\u0105 seksualn\u0105<\/span><\/li>\n<li style=\"font-weight: 400;\" aria-level=\"1\"><span style=\"font-weight: 400;\">Mo\u017cna przyjmowa\u0107 z posi\u0142kiem lub bez posi\u0142ku<\/span><\/li>\n<li style=\"font-weight: 400;\" aria-level=\"1\"><span style=\"font-weight: 400;\">Nie nale\u017cy przyjmowa\u0107 wi\u0119cej ni\u017c jednej tabletki w ci\u0105gu 24 godzin.<\/span><\/li>\n<li style=\"font-weight: 400;\" aria-level=\"1\"><span style=\"font-weight: 400;\">W przypadku BPH lub PAH nale\u017cy stosowa\u0107 si\u0119 do sta\u0142ego, codziennego harmonogramu zaleconego przez lekarza<\/span><\/li>\n<\/ul>","protected":false},"excerpt":{"rendered":"<p>Tadarise Pro 40 zawiera tadalafil, kt\u00f3ry skutecznie leczy zaburzenia erekcji. Zapewnia mocn\u0105 i trwa\u0142\u0105 erekcj\u0119, zwi\u0119kszaj\u0105c intymno\u015b\u0107 i pewno\u015b\u0107 siebie.<\/p>","protected":false},"featured_media":39026,"comment_status":"open","ping_status":"closed","template":"","meta":{"om_disable_all_campaigns":false,"_uf_show_specific_survey":0,"_uf_disable_surveys":false},"product_brand":[],"product_cat":[438],"product_tag":[],"class_list":{"0":"post-37929","1":"product","2":"type-product","3":"status-publish","4":"has-post-thumbnail","6":"product_cat-mens-health","8":"first","9":"instock","10":"sale","11":"shipping-taxable","12":"purchasable","13":"product-type-variable"},"_links":{"self":[{"href":"https:\/\/wowrxpharmacy.com\/pl\/wp-json\/wp\/v2\/product\/37929","targetHints":{"allow":["GET"]}}],"collection":[{"href":"https:\/\/wowrxpharmacy.com\/pl\/wp-json\/wp\/v2\/product"}],"about":[{"href":"https:\/\/wowrxpharmacy.com\/pl\/wp-json\/wp\/v2\/types\/product"}],"replies":[{"embeddable":true,"href":"https:\/\/wowrxpharmacy.com\/pl\/wp-json\/wp\/v2\/comments?post=37929"}],"wp:featuredmedia":[{"embeddable":true,"href":"https:\/\/wowrxpharmacy.com\/pl\/wp-json\/wp\/v2\/media\/39026"}],"wp:attachment":[{"href":"https:\/\/wowrxpharmacy.com\/pl\/wp-json\/wp\/v2\/media?parent=37929"}],"wp:term":[{"taxonomy":"product_brand","embeddable":true,"href":"https:\/\/wowrxpharmacy.com\/pl\/wp-json\/wp\/v2\/product_brand?post=37929"},{"taxonomy":"product_cat","embeddable":true,"href":"https:\/\/wowrxpharmacy.com\/pl\/wp-json\/wp\/v2\/product_cat?post=37929"},{"taxonomy":"product_tag","embeddable":true,"href":"https:\/\/wowrxpharmacy.com\/pl\/wp-json\/wp\/v2\/product_tag?post=37929"}],"curies":[{"name":"wp","href":"https:\/\/api.w.org\/{rel}","templated":true}]}}