{"id":3782,"date":"2024-07-09T03:14:54","date_gmt":"2024-07-09T07:14:54","guid":{"rendered":"https:\/\/wowrxpharmacy.com\/?post_type=product&#038;p=3782"},"modified":"2024-10-16T03:51:20","modified_gmt":"2024-10-16T07:51:20","slug":"aerocort-forte-rotacaps-200-100mcg","status":"publish","type":"product","link":"https:\/\/wowrxpharmacy.com\/pl\/product\/aerocort-forte-rotacaps-200-100mcg\/","title":{"rendered":"Aerocort Forte Rotacaps 200\/100mcg"},"content":{"rendered":"<h3><span style=\"font-weight: 400;\">O leku Aerocort Forte Rotacaps 200\/100mcg<\/span><\/h3>\n<p><span style=\"font-weight: 400;\">Aerocort Forte Rotacaps leczy astm\u0119 i przewlek\u0142\u0105 obturacyjn\u0105 chorob\u0119 p\u0142uc (POChP). Objawy obejmuj\u0105 duszno\u015b\u0107, ucisk w klatce piersiowej, \u015bwiszcz\u0105cy oddech itp. Rozlu\u017ania mi\u0119\u015bnie dr\u00f3g oddechowych, u\u0142atwiaj\u0105c oddychanie.<\/span><\/p>\n<p><span style=\"font-weight: 400;\">Substancj\u0105 czynn\u0105 tego leku jest preparat lewosalbutamolu (100 \u00b5g) + beklometazonu (200 \u00b5g). Aerocort Rotacaps mo\u017cna \u0142atwo kupi\u0107 online w Wowrxpharmacy. Zamawiaj wysokiej jako\u015bci leki z dostaw\u0105 do domu w najlepszych cenach. Lek jest produkowany przez firm\u0119 Cipla Ltd.<\/span><\/p>\n<h3><span style=\"font-weight: 400;\">Zastosowania leku Aerocort Forte Rotacaps 200\/100mcg<\/span><\/h3>\n<p><span style=\"font-weight: 400;\">Jak wspomniano powy\u017cej, Aerocort Forte Rotacaps to lek na astm\u0119 i przewlek\u0142\u0105 obturacyjn\u0105 chorob\u0119 p\u0142uc. Astma charakteryzuje si\u0119 zw\u0119\u017ceniem i obrz\u0119kiem dr\u00f3g oddechowych, co mo\u017ce powodowa\u0107 nadmiar \u015bluzu. Mo\u017ce to utrudnia\u0107 oddychanie i powodowa\u0107 kaszel, \u015bwiszcz\u0105cy oddech i duszno\u015b\u0107.\u00a0<\/span><\/p>\n<p><span style=\"font-weight: 400;\">Przewlek\u0142a obturacyjna choroba p\u0142uc (POChP) to schorzenie p\u0142uc, w kt\u00f3rym p\u0142uca maj\u0105 trudno\u015bci z wydalaniem powietrza (niedro\u017cno\u015b\u0107 dr\u00f3g oddechowych). Z powodu tej blokady pacjenci maj\u0105 trudno\u015bci z oddychaniem lub \u0142atwo si\u0119 m\u0119cz\u0105 z powodu napi\u0119cia w drogach oddechowych. POChP to termin zbiorczy obejmuj\u0105cy przewlek\u0142e zapalenie oskrzeli, rozedm\u0119 p\u0142uc i ich kombinacj\u0119.<\/span><\/p>\n<h3><span style=\"font-weight: 400;\">Jak dzia\u0142a Aerocort Forte Rotacaps 200\/100mcg<\/span><\/h3>\n<p><span style=\"font-weight: 400;\">Aerocort Forte Rotacaps zawiera lewosalbutamol i beklometazon jako substancje czynne. Dipropionian beklometazonu, \u015brodek profilaktyczny, \u0142agodzi i zapobiega objawom astmy, szczeg\u00f3lnie w ci\u0119\u017ckich przypadkach, niereaguj\u0105cych na inne metody leczenia. Ten steroid hamuje specyficzne przeka\u017aniki chemiczne stanu zapalnego, uspokajaj\u0105c uk\u0142ad odporno\u015bciowy, zmniejszaj\u0105c obrz\u0119k p\u0142uc i \u0142agodz\u0105c trudno\u015bci w oddychaniu.<\/span><\/p>\n<p><span style=\"font-weight: 400;\">Beklometazon \u0142agodzi uporczywy kaszel i \u015bwiszcz\u0105cy oddech. Lewosalbutamol, niezb\u0119dny w leczeniu astmy zwi\u0105zanej z przewlek\u0142\u0105 obturacyjn\u0105 chorob\u0105 p\u0142uc, dzia\u0142a poprzez rozlu\u017anienie mi\u0119\u015bni dr\u00f3g oddechowych, u\u0142atwiaj\u0105c oddychanie i \u0142agodz\u0105c duszno\u015b\u0107. Aerocort, dzi\u0119ki swoim dw\u00f3m sk\u0142adnikom, poprawia wentylacj\u0119 p\u0142uc poprzez rozlu\u017anienie mi\u0119\u015bni dr\u00f3g oddechowych, u\u0142atwiaj\u0105c oddychanie osobom z problemami uk\u0142adu oddechowego.<\/span><\/p>\n<h3><span style=\"font-weight: 400;\">Jak stosowa\u0107 Aerocort Forte Rotacaps 200\/100mcg<\/span><\/h3>\n<p><span style=\"font-weight: 400;\">Og\u00f3lne instrukcje dotycz\u0105ce stosowania leku Aerocort Forte Rotacaps s\u0105 nast\u0119puj\u0105ce:<\/span><\/p>\n<p><span style=\"font-weight: 400;\">Aerocort nale\u017cy podawa\u0107 wziewnie za pomoc\u0105 inhalatora Cipla Rotahaler\/Revolizer.\u00a0<\/span><\/p>\n<ul>\n<li style=\"font-weight: 400;\" aria-level=\"1\"><span style=\"font-weight: 400;\">Przechowuj kapsu\u0142k\u0119 u podstawy inhalatora<\/span><\/li>\n<li style=\"font-weight: 400;\" aria-level=\"1\"><span style=\"font-weight: 400;\">Obr\u00f3\u0107 ustnik zgodnie z ruchem wskaz\u00f3wek zegara, a\u017c us\u0142yszysz klikni\u0119cie<\/span><\/li>\n<li style=\"font-weight: 400;\" aria-level=\"1\"><span style=\"font-weight: 400;\">W\u0142\u00f3\u017c ustnik i zmniejsz jego pojemno\u015b\u0107<\/span><\/li>\n<li style=\"font-weight: 400;\" aria-level=\"1\"><span style=\"font-weight: 400;\">Naci\u015bnij inhalator jeden raz, pr\u00f3buj\u0105c ostro\u017cnie wdycha\u0107 lek<\/span><\/li>\n<li style=\"font-weight: 400;\" aria-level=\"1\"><span style=\"font-weight: 400;\">Kontynuuj wdychanie jak najwi\u0119kszej ilo\u015bci powietrza. Powt\u00f3rz technik\u0119 zgodnie z zaleceniami lekarza. Wyjmij inhalator i wstrzymaj oddech na 10 sekund.<\/span><\/li>\n<li style=\"font-weight: 400;\" aria-level=\"1\"><span style=\"font-weight: 400;\">Za\u0142\u00f3\u017c nasadk\u0119 na inhalator i upewnij si\u0119, \u017ce jest szczelnie przymocowana.<\/span><\/li>\n<\/ul>\n<p><span style=\"font-weight: 400;\">Aerocort Forte Rotacaps jest przeznaczony do d\u0142ugotrwa\u0142ej terapii, a nie do leczenia ostrych atak\u00f3w. W zwi\u0105zku z tym niekt\u00f3rzy pacjenci b\u0119d\u0105 potrzebowa\u0107 innego inhalatora w celu z\u0142agodzenia ostrego skurczu oskrzeli. Staraj si\u0119 ograniczy\u0107 dzienne spo\u017cycie Aerocortu do trzech lub czterech razy dziennie.<\/span><\/p>","protected":false},"excerpt":{"rendered":"<ul>\n<li style=\"font-weight: 400;\" aria-level=\"1\"><span style=\"font-weight: 400;\">\u0141agodzi objawy astmy<\/span><\/li>\n<li style=\"font-weight: 400;\" aria-level=\"1\"><span style=\"font-weight: 400;\">U\u0142atwia oddychanie<\/span><\/li>\n<li style=\"font-weight: 400;\" aria-level=\"1\"><span style=\"font-weight: 400;\">Widoczne efekty po 3-7 dniach<\/span><\/li>\n<li style=\"font-weight: 400;\" aria-level=\"1\"><span style=\"font-weight: 400;\">Wysy\u0142ka w ci\u0105gu 24 godzin<\/span><\/li>\n<\/ul>","protected":false},"featured_media":29194,"comment_status":"open","ping_status":"closed","template":"","meta":{"om_disable_all_campaigns":false,"_uf_show_specific_survey":0,"_uf_disable_surveys":false},"product_brand":[],"product_cat":[555],"product_tag":[],"class_list":{"0":"post-3782","1":"product","2":"type-product","3":"status-publish","4":"has-post-thumbnail","6":"product_cat-asthma","8":"first","9":"instock","10":"shipping-taxable","11":"purchasable","12":"product-type-variable"},"_links":{"self":[{"href":"https:\/\/wowrxpharmacy.com\/pl\/wp-json\/wp\/v2\/product\/3782","targetHints":{"allow":["GET"]}}],"collection":[{"href":"https:\/\/wowrxpharmacy.com\/pl\/wp-json\/wp\/v2\/product"}],"about":[{"href":"https:\/\/wowrxpharmacy.com\/pl\/wp-json\/wp\/v2\/types\/product"}],"replies":[{"embeddable":true,"href":"https:\/\/wowrxpharmacy.com\/pl\/wp-json\/wp\/v2\/comments?post=3782"}],"wp:featuredmedia":[{"embeddable":true,"href":"https:\/\/wowrxpharmacy.com\/pl\/wp-json\/wp\/v2\/media\/29194"}],"wp:attachment":[{"href":"https:\/\/wowrxpharmacy.com\/pl\/wp-json\/wp\/v2\/media?parent=3782"}],"wp:term":[{"taxonomy":"product_brand","embeddable":true,"href":"https:\/\/wowrxpharmacy.com\/pl\/wp-json\/wp\/v2\/product_brand?post=3782"},{"taxonomy":"product_cat","embeddable":true,"href":"https:\/\/wowrxpharmacy.com\/pl\/wp-json\/wp\/v2\/product_cat?post=3782"},{"taxonomy":"product_tag","embeddable":true,"href":"https:\/\/wowrxpharmacy.com\/pl\/wp-json\/wp\/v2\/product_tag?post=3782"}],"curies":[{"name":"wp","href":"https:\/\/api.w.org\/{rel}","templated":true}]}}