{"id":5711,"date":"2024-07-19T05:25:54","date_gmt":"2024-07-19T09:25:54","guid":{"rendered":"https:\/\/wowrxpharmacy.com\/?post_type=product&#038;p=5711"},"modified":"2024-10-16T03:47:36","modified_gmt":"2024-10-16T07:47:36","slug":"losacar-25mg","status":"publish","type":"product","link":"https:\/\/wowrxpharmacy.com\/it\/product\/losacar-25mg\/","title":{"rendered":"Losacar 25 mg"},"content":{"rendered":"<h3><span style=\"font-weight: 400;\">Informazioni su Losacar 25 mg<\/span><\/h3>\n<p><span style=\"font-weight: 400;\">Losacar 25 mg \u00e8 un farmaco ipotensivo. Contiene Losartan, approvato dalla FDA, ed \u00e8 utilizzato per ridurre l&#039;ipertensione, l&#039;insufficienza cardiaca cronica e la nefropatia diabetica. \u00c8 inoltre riconosciuto per la sua capacit\u00e0 di ridurre il rischio di ictus nei pazienti con ipertensione e ipertrofia ventricolare sinistra.<\/span><\/p>\n<p><span style=\"font-weight: 400;\">Zydus Cadila Healthcare Ltd produce Losacar 25. Puoi acquistare Losacar 25 mg a prezzi convenienti e scontati dal tuo WowRx di fiducia.<\/span><\/p>\n<h3><span style=\"font-weight: 400;\">Losacar 25 usi<\/span><\/h3>\n<p><span style=\"font-weight: 400;\">Losacar pu\u00f2 essere <\/span><a href=\"https:\/\/www.mayoclinic.org\/drugs-supplements\/losartan-oral-route\/description\/drg-20067341#:~:text=Losartan%20is%20used,and%20heart%20attacks.\" target=\"_blank\" rel=\"nofollow noopener\"><span style=\"font-weight: 400;\">utilizzato per ridurre<\/span><\/a><span style=\"font-weight: 400;\"> Pressione alta. Riduce anche il rischio di complicazioni cardiache. Permette un maggiore afflusso di sangue al cuore e ne migliora la capacit\u00e0 di pompaggio. Viene anche utilizzato per trattare la retinopatia diabetica.<\/span><\/p>\n<h3><span style=\"font-weight: 400;\">Come funziona Losartan<\/span><\/h3>\n<p><span style=\"font-weight: 400;\">Il Losartan \u00e8 il principio attivo di Losacar 25 mg, un bloccante del recettore dell&#039;angiotensina (ARB). Agisce tramite <\/span><a href=\"https:\/\/www.nhs.uk\/medicines\/losartan\/common-questions-about-losartan\/#:~:text=Losartan%20is%20a,high%20blood%20pressure.\" target=\"_blank\" rel=\"nofollow noopener\"><span style=\"font-weight: 400;\">rilassando i vasi sanguigni<\/span><\/a><span style=\"font-weight: 400;\"> e bloccando l&#039;azione di una sostanza chimica che li restringe. Abbassa la pressione sanguigna e consente al sangue di fluire attraverso di essi, raggiungendo il cuore e migliorandone efficacemente la funzionalit\u00e0.<\/span><\/p>\n<p><span style=\"font-weight: 400;\">Inoltre, nella malattia renale diabetica, il Losartan riduce la pressione sanguigna e la quantit\u00e0 di proteine perse dai reni, proteggendo cos\u00ec i reni e rallentando il peggioramento della malattia.<\/span><\/p>\n<h3><span style=\"font-weight: 400;\">Come assumere Losacar 25<\/span><\/h3>\n<p><span style=\"font-weight: 400;\">Ecco alcune cose da tenere a mente durante l&#039;assunzione di Losacar 25:<\/span><\/p>\n<ul>\n<li style=\"font-weight: 400;\" aria-level=\"1\"><span style=\"font-weight: 400;\">Assumere la dose prescritta dal medico curante<\/span><\/li>\n<li style=\"font-weight: 400;\" aria-level=\"1\"><span style=\"font-weight: 400;\">Puoi assumere il dosaggio prescritto con o senza cibo<\/span><\/li>\n<li style=\"font-weight: 400;\" aria-level=\"1\"><span style=\"font-weight: 400;\">Evitare di schiacciare, masticare o rompere la compressa da 25 mg. Deglutirla intera.<\/span><\/li>\n<li style=\"font-weight: 400;\" aria-level=\"1\"><span style=\"font-weight: 400;\">Non superare il dosaggio prescritto della compressa<\/span><\/li>\n<li style=\"font-weight: 400;\" aria-level=\"1\"><span style=\"font-weight: 400;\">Si consiglia di assumerlo ad un orario fisso per evitare di saltare una dose<\/span><\/li>\n<\/ul>","protected":false},"excerpt":{"rendered":"<ul>\n<li style=\"font-weight: 400;\" aria-level=\"1\"><span style=\"font-weight: 400;\">Losartan approvato dalla FDA<\/span><\/li>\n<li style=\"font-weight: 400;\" aria-level=\"1\"><span style=\"font-weight: 400;\">Tratta la pressione alta e riduce i problemi cardiaci<\/span><\/li>\n<li style=\"font-weight: 400;\" aria-level=\"1\"><span style=\"font-weight: 400;\">Risultati visibili entro 3-6 settimane<\/span><\/li>\n<li style=\"font-weight: 400;\" aria-level=\"1\"><span style=\"font-weight: 400;\">Rimane efficace per 6-9 ore<\/span><\/li>\n<li style=\"font-weight: 400;\" aria-level=\"1\"><span style=\"font-weight: 400;\">Imballaggio rapido e spedizione veloce<\/span><\/li>\n<\/ul>","protected":false},"featured_media":29780,"comment_status":"open","ping_status":"closed","template":"","meta":{"om_disable_all_campaigns":false,"_uf_show_specific_survey":0,"_uf_disable_surveys":false},"product_brand":[],"product_cat":[608],"product_tag":[],"class_list":{"0":"post-5711","1":"product","2":"type-product","3":"status-publish","4":"has-post-thumbnail","6":"product_cat-heart-blood-pressure","8":"first","9":"instock","10":"shipping-taxable","11":"purchasable","12":"product-type-variable"},"_links":{"self":[{"href":"https:\/\/wowrxpharmacy.com\/it\/wp-json\/wp\/v2\/product\/5711","targetHints":{"allow":["GET"]}}],"collection":[{"href":"https:\/\/wowrxpharmacy.com\/it\/wp-json\/wp\/v2\/product"}],"about":[{"href":"https:\/\/wowrxpharmacy.com\/it\/wp-json\/wp\/v2\/types\/product"}],"replies":[{"embeddable":true,"href":"https:\/\/wowrxpharmacy.com\/it\/wp-json\/wp\/v2\/comments?post=5711"}],"wp:featuredmedia":[{"embeddable":true,"href":"https:\/\/wowrxpharmacy.com\/it\/wp-json\/wp\/v2\/media\/29780"}],"wp:attachment":[{"href":"https:\/\/wowrxpharmacy.com\/it\/wp-json\/wp\/v2\/media?parent=5711"}],"wp:term":[{"taxonomy":"product_brand","embeddable":true,"href":"https:\/\/wowrxpharmacy.com\/it\/wp-json\/wp\/v2\/product_brand?post=5711"},{"taxonomy":"product_cat","embeddable":true,"href":"https:\/\/wowrxpharmacy.com\/it\/wp-json\/wp\/v2\/product_cat?post=5711"},{"taxonomy":"product_tag","embeddable":true,"href":"https:\/\/wowrxpharmacy.com\/it\/wp-json\/wp\/v2\/product_tag?post=5711"}],"curies":[{"name":"wp","href":"https:\/\/api.w.org\/{rel}","templated":true}]}}