{"id":5179,"date":"2024-07-13T08:00:28","date_gmt":"2024-07-13T12:00:28","guid":{"rendered":"https:\/\/wowrxpharmacy.com\/?post_type=product&#038;p=5179"},"modified":"2024-10-16T03:51:23","modified_gmt":"2024-10-16T07:51:23","slug":"lozione-momate-0-1-30-ml","status":"publish","type":"product","link":"https:\/\/wowrxpharmacy.com\/it\/product\/lozione-momate-0-1-30-ml\/","title":{"rendered":"Lozione Momate 0.1% 30 ml"},"content":{"rendered":"<h3><span style=\"font-weight: 400;\">Informazioni su Momate Lotion 0.1% 30 ml<\/span><\/h3>\n<p><span style=\"font-weight: 400;\">La lozione steroidea Momate Lotion tratta condizioni cutanee come eczema, psoriasi, dermatite ed eruzioni cutanee. Riduce sintomi come infiammazione, prurito e arrossamento. Il mometasone, il principio attivo della lozione Momate, \u00e8 un farmaco appartenente al gruppo dei corticosteroidi topici. Il mometasone tratta condizioni cutanee infiammatorie e pruriginose che rispondono bene ai corticosteroidi. Puoi acquistare la lozione Momate comodamente da casa tramite il nostro negozio di medicinali online WowRxpharmacy.<\/span><\/p>\n<h3><span style=\"font-weight: 400;\">A cosa serve il mometasone furoato?<\/span><\/h3>\n<p><span style=\"font-weight: 400;\">Momate <\/span><span style=\"font-weight: 400;\">ha recensioni molto positive ed \u00e8 un farmaco consigliato per<\/span><span style=\"font-weight: 400;\"> Trattamento di disturbi cutanei infiammatori e pruriginosi come eczema, psoriasi e dermatite. \u00c8 classificato come farmaco corticosteroide topico.<\/span><\/p>\n<p><span style=\"font-weight: 400;\">La psoriasi \u00e8 una malattia della pelle che colpisce spesso ginocchia, gomiti, tronco e cuoio capelluto. \u00c8 caratterizzata da chiazze cutanee squamose e pruriginose. La dermatite atopica \u00e8 una malattia della pelle che causa arrossamento e prurito. La psoriasi del cuoio capelluto \u00e8 una malattia cutanea comune che causa chiazze di pelle sollevate, rossastre e spesso squamose sul cuoio capelluto, che possono apparire isolate o a grappoli.\u00a0<\/span><\/p>\n<p><span style=\"font-weight: 400;\">La dermatite seborroica colpisce comunemente il cuoio capelluto ed \u00e8 caratterizzata da aree cutanee rosse e squamose e forfora. Questa lozione agisce inibendo l&#039;attivit\u00e0 delle sostanze presenti nell&#039;organismo che inducono irritazione cutanea. Il farmaco \u00e8 sicuro ed efficace se somministrato correttamente. Riduce le chiazze squamose e pruriginose che possono formarsi su gomiti, ginocchia, cuoio capelluto e altre parti del corpo durante il trattamento della psoriasi. Il trattamento dell&#039;eczema e della dermatite riduce il rossore, l&#039;eruzione cutanea, il fastidio e il prurito causati dalla risposta di un irritante alla pelle. Di conseguenza, l&#039;autostima e la sicurezza aumentano con il miglioramento dell&#039;aspetto. Utilizzare sempre la lozione come indicato e non applicare mai una quantit\u00e0 superiore a quella raccomandata. Continuare a utilizzarla per tutto il tempo suggerito per ottenere i massimi benefici.<\/span><\/p>\n<h3><span style=\"font-weight: 400;\">Come funziona la lozione Momate?<\/span><\/h3>\n<p><span style=\"font-weight: 400;\">Il flacone da 30 ml di Momate Lotion contiene &#039;mometasone furoato&#039;, un corticosteroide spesso somministrato per trattare e prevenire numerosi sintomi allergici, tra cui allergie respiratorie e cutanee.\u00a0<\/span><\/p>\n<p><span style=\"font-weight: 400;\">Riduce l&#039;infiammazione, il prurito e il rossore bloccando la migrazione dei globuli bianchi (WBC) che combattono le infezioni verso la zona interessata.\u00a0<\/span><\/p>\n<p><span style=\"font-weight: 400;\">Inibisce inoltre il messaggero chimico (istamina) responsabile dei sintomi indotti dagli allergeni.\u00a0<\/span><\/p>\n<p><span style=\"font-weight: 400;\">Tratta efficacemente i sintomi di varie allergie cutanee e altri disturbi allergici, come la rinite allergica.<\/span><\/p>\n<h3><span style=\"font-weight: 400;\">Come usare la lozione Momate?<\/span><\/h3>\n<p><span style=\"font-weight: 400;\">\u00c8 necessario seguire scrupolosamente le istruzioni del medico utilizzando 30 ml di Momate Lotion. Le istruzioni generali per l&#039;uso di questo prodotto sono le seguenti:<\/span><\/p>\n<ul>\n<li style=\"font-weight: 400;\" aria-level=\"1\"><span style=\"font-weight: 400;\">Lavare e asciugare la zona interessata\u00a0<\/span><\/li>\n<li style=\"font-weight: 400;\" aria-level=\"1\"><span style=\"font-weight: 400;\">Quindi, applicare il farmaco in uno strato sottile sulla zona interessata<\/span><\/li>\n<li style=\"font-weight: 400;\" aria-level=\"1\"><span style=\"font-weight: 400;\">Lavarsi le mani prima e dopo l&#039;uso<\/span><\/li>\n<li style=\"font-weight: 400;\" aria-level=\"1\"><span style=\"font-weight: 400;\">Seguire le istruzioni del medico ed evitare di strofinare energicamente il farmaco sulla pelle<\/span><\/li>\n<li style=\"font-weight: 400;\" aria-level=\"1\"><span style=\"font-weight: 400;\">Momate Lotion 30ml \u00e8 controindicato per i bambini di et\u00e0 inferiore ai due anni<\/span><\/li>\n<li style=\"font-weight: 400;\" aria-level=\"1\"><span style=\"font-weight: 400;\">Si prega di consultare il medico prima di utilizzarlo sul viso per un periodo di tempo prolungato.<\/span><\/li>\n<li style=\"font-weight: 400;\" aria-level=\"1\"><span style=\"font-weight: 400;\">Non posizionarlo sotto il pannolino del bambino, a meno che non sia indicato da un medico.<\/span><\/li>\n<li style=\"font-weight: 400;\" aria-level=\"1\"><span style=\"font-weight: 400;\">Potrebbe non essere necessario applicare una benda o un cerotto per applicare questo farmaco. Consultare il medico.<\/span><\/li>\n<li style=\"font-weight: 400;\" aria-level=\"1\"><span style=\"font-weight: 400;\">Non applicare sugli occhi o intorno ad essi e prevenire l&#039;assunzione accidentale<\/span><\/li>\n<\/ul>\n<p><span style=\"font-weight: 400;\">Se il medico lo consiglia, puoi anche prendere in considerazione l&#039;uso di Halovate CR 0.05% da 30 g o della lozione Desowen per problemi della pelle come eczema o psoriasi. <\/span><\/p>","protected":false},"excerpt":{"rendered":"<ul>\n<li style=\"font-weight: 400;\" aria-level=\"1\"><span style=\"font-weight: 400;\">Sollievo da prurito e infiammazione<\/span><\/li>\n<li style=\"font-weight: 400;\" aria-level=\"1\"><span style=\"font-weight: 400;\">Trattare efficacemente l&#039;eczema e i disturbi allergici<\/span><\/li>\n<li style=\"font-weight: 400;\" aria-level=\"1\"><span style=\"font-weight: 400;\">Sollievo rapido entro 24 ore<\/span><\/li>\n<li style=\"font-weight: 400;\" aria-level=\"1\"><span style=\"font-weight: 400;\">Recensioni molto positive<\/span><\/li>\n<li style=\"font-weight: 400;\" aria-level=\"1\"><span style=\"font-weight: 400;\">Di fiducia dei medici<\/span><\/li>\n<\/ul>","protected":false},"featured_media":32397,"comment_status":"open","ping_status":"closed","template":"","meta":{"om_disable_all_campaigns":false,"_uf_show_specific_survey":0,"_uf_disable_surveys":false},"product_brand":[],"product_cat":[534],"product_tag":[],"class_list":{"0":"post-5179","1":"product","2":"type-product","3":"status-publish","4":"has-post-thumbnail","6":"product_cat-skin-care","8":"first","9":"instock","10":"shipping-taxable","11":"purchasable","12":"product-type-variable","13":"has-default-attributes"},"_links":{"self":[{"href":"https:\/\/wowrxpharmacy.com\/it\/wp-json\/wp\/v2\/product\/5179","targetHints":{"allow":["GET"]}}],"collection":[{"href":"https:\/\/wowrxpharmacy.com\/it\/wp-json\/wp\/v2\/product"}],"about":[{"href":"https:\/\/wowrxpharmacy.com\/it\/wp-json\/wp\/v2\/types\/product"}],"replies":[{"embeddable":true,"href":"https:\/\/wowrxpharmacy.com\/it\/wp-json\/wp\/v2\/comments?post=5179"}],"wp:featuredmedia":[{"embeddable":true,"href":"https:\/\/wowrxpharmacy.com\/it\/wp-json\/wp\/v2\/media\/32397"}],"wp:attachment":[{"href":"https:\/\/wowrxpharmacy.com\/it\/wp-json\/wp\/v2\/media?parent=5179"}],"wp:term":[{"taxonomy":"product_brand","embeddable":true,"href":"https:\/\/wowrxpharmacy.com\/it\/wp-json\/wp\/v2\/product_brand?post=5179"},{"taxonomy":"product_cat","embeddable":true,"href":"https:\/\/wowrxpharmacy.com\/it\/wp-json\/wp\/v2\/product_cat?post=5179"},{"taxonomy":"product_tag","embeddable":true,"href":"https:\/\/wowrxpharmacy.com\/it\/wp-json\/wp\/v2\/product_tag?post=5179"}],"curies":[{"name":"wp","href":"https:\/\/api.w.org\/{rel}","templated":true}]}}