{"id":5098,"date":"2024-07-13T08:00:57","date_gmt":"2024-07-13T12:00:57","guid":{"rendered":"https:\/\/wowrxpharmacy.com\/?post_type=product&#038;p=5098"},"modified":"2024-11-27T04:44:37","modified_gmt":"2024-11-27T09:44:37","slug":"penegra-100mg","status":"publish","type":"product","link":"https:\/\/wowrxpharmacy.com\/it\/product\/penegra-100mg\/","title":{"rendered":"Penegra 100mg"},"content":{"rendered":"<h3><span style=\"font-weight: 400;\">Informazioni su Penegra 100 mg<\/span><\/h3>\n<p><span style=\"font-weight: 400;\">Penegra 100 mg \u00e8 usato per trattare la funzione erettile (DE) negli uomini. 100 mg di Penegra contengono Sildenafil come sale principale. Le compresse di Penegra appartengono a una categoria di farmaci noti come inibitori della fosfodiesterasi (PDE). Aiutano l&#039;uomo a raggiungere e mantenere un&#039;erezione prolungata durante il rapporto sessuale. Zydus Cadila produce le compresse di Penegra 100 mg.\u00a0<\/span><\/p>\n<h3><span style=\"font-weight: 400;\">Penegra 100 usi<\/span><\/h3>\n<p><span style=\"font-weight: 400;\">Penegra 100 mg \u00e8 comunemente usato per trattare la disfunzione erettile (DE) o impotenza negli uomini. La disfunzione erettile \u00e8 una condizione medica in cui un uomo ha difficolt\u00e0 a raggiungere e mantenere un&#039;erezione durante il rapporto sessuale. \u00c8 una condizione comune che impedisce agli uomini di avere un&#039;esperienza sessuale soddisfacente. Il sildenafil \u00e8 utile anche nel trattamento dei sintomi dell&#039;ipertensione arteriosa polmonare; \u00e8 un tipo di pressione alta che si verifica tra il cuore e i polmoni.\u00a0<\/span><\/p>\n<h3><span style=\"font-weight: 400;\">Funzionamento di Penegra<\/span><\/h3>\n<p><span style=\"font-weight: 400;\">Il sildenafil \u00e8 il sale principale presente in Penegra; aumenta il flusso sanguigno al pene per aiutare l&#039;uomo a raggiungere erezioni migliori. Il sildenafil rientra in una classe di farmaci noti come inibitori della fosfodiesterasi di tipo 5 (PDE5). Questi inibitori aiutano a rilassare i vasi sanguigni del pene per ottenere erezioni migliori durante i rapporti sessuali. Ricorda, il sildenafil <\/span><a href=\"https:\/\/medlineplus.gov\/druginfo\/meds\/a699015.html#:~:text=If%20you%20are%20taking%20sildenafil%20to%20treat%20erectile%20dysfunction%2C%20you%20should%20know%20that%20it%20does%20not%20cure%20erectile%20dysfunction%20or%20increase%20sexual%20desire.%20Sildenafil%20does%20not%20prevent%20pregnancy%20or%20the%20spread%20of%20sexually%20transmitted%20diseases%20such%20as%20human%20immunodeficiency%20virus%20(HIV).\" target=\"_blank\" rel=\"nofollow noopener\"><span style=\"font-weight: 400;\">nessuno dei due<\/span><\/a><span style=\"font-weight: 400;\"> aiuta a curare la disfunzione erettile e non previene la gravidanza.\u00a0<\/span><\/p>\n<h3><span style=\"font-weight: 400;\">Come assumere Penegra 100 mg<\/span><\/h3>\n<p><span style=\"font-weight: 400;\">Si consiglia di assumere Penegra 30 o 60 minuti prima del rapporto sessuale. Deglutire la compressa con un bicchiere d&#039;acqua; non schiacciarla, masticarla o romperla. Una compressa \u00e8 sufficiente per un giorno. Ricordarsi di seguire le istruzioni del medico prima di assumere il farmaco.\u00a0<\/span><span style=\"font-weight: 400;\"><br \/>\n<\/span><\/p>","protected":false},"excerpt":{"rendered":"<p>Migliora la tua intimit\u00e0 con Penegra, una pillola ricca di citrato di sildenafil per curare la disfunzione erettile e garantire un&#039;erezione duratura.<\/p>","protected":false},"featured_media":38156,"comment_status":"open","ping_status":"closed","template":"","meta":{"om_disable_all_campaigns":false,"_uf_show_specific_survey":0,"_uf_disable_surveys":false},"product_brand":[],"product_cat":[438],"product_tag":[],"class_list":{"0":"post-5098","1":"product","2":"type-product","3":"status-publish","4":"has-post-thumbnail","6":"product_cat-mens-health","8":"first","9":"instock","10":"sale","11":"shipping-taxable","12":"purchasable","13":"product-type-variable","14":"has-default-attributes"},"_links":{"self":[{"href":"https:\/\/wowrxpharmacy.com\/it\/wp-json\/wp\/v2\/product\/5098","targetHints":{"allow":["GET"]}}],"collection":[{"href":"https:\/\/wowrxpharmacy.com\/it\/wp-json\/wp\/v2\/product"}],"about":[{"href":"https:\/\/wowrxpharmacy.com\/it\/wp-json\/wp\/v2\/types\/product"}],"replies":[{"embeddable":true,"href":"https:\/\/wowrxpharmacy.com\/it\/wp-json\/wp\/v2\/comments?post=5098"}],"wp:featuredmedia":[{"embeddable":true,"href":"https:\/\/wowrxpharmacy.com\/it\/wp-json\/wp\/v2\/media\/38156"}],"wp:attachment":[{"href":"https:\/\/wowrxpharmacy.com\/it\/wp-json\/wp\/v2\/media?parent=5098"}],"wp:term":[{"taxonomy":"product_brand","embeddable":true,"href":"https:\/\/wowrxpharmacy.com\/it\/wp-json\/wp\/v2\/product_brand?post=5098"},{"taxonomy":"product_cat","embeddable":true,"href":"https:\/\/wowrxpharmacy.com\/it\/wp-json\/wp\/v2\/product_cat?post=5098"},{"taxonomy":"product_tag","embeddable":true,"href":"https:\/\/wowrxpharmacy.com\/it\/wp-json\/wp\/v2\/product_tag?post=5098"}],"curies":[{"name":"wp","href":"https:\/\/api.w.org\/{rel}","templated":true}]}}