{"id":4862,"date":"2024-07-13T08:08:25","date_gmt":"2024-07-13T12:08:25","guid":{"rendered":"https:\/\/wowrxpharmacy.com\/?post_type=product&#038;p=4862"},"modified":"2024-10-16T03:51:24","modified_gmt":"2024-10-16T07:51:24","slug":"gatilox-0-3-eye-drop","status":"publish","type":"product","link":"https:\/\/wowrxpharmacy.com\/it\/product\/gatilox-0-3-eye-drop\/","title":{"rendered":"Gatilox-0.3% collirio"},"content":{"rendered":"<h3><span style=\"font-weight: 400;\">Informazioni sul collirio Gatilox 0.3%<\/span><\/h3>\n<p><span style=\"font-weight: 400;\">Gatilox Collirio \u00e8 un antibiotico utilizzato per trattare le infezioni oculari causate da batteri. Il principio attivo, la gatifloxacina, allevia i sintomi dell&#039;infezione prevenendo la crescita dei batteri responsabili. Sun Pharmaceutical Industries Ltd, azienda farmaceutica di fama mondiale, produce Gatilox Collirio.<\/span><\/p>\n<p><span style=\"font-weight: 400;\">Questo collirio \u00e8 disponibile solo con prescrizione medica e consiglio del medico. Puoi acquistare facilmente Gatilox da WowRXPharmacy.<\/span><\/p>\n<h3><span style=\"font-weight: 400;\">Usi del collirio Gatilox<\/span><\/h3>\n<p><span style=\"font-weight: 400;\">Il collirio a base di gatifloxacina \u00e8 utilizzato per il trattamento della congiuntivite batterica. Comunemente nota come occhio rosa, questa condizione \u00e8 un&#039;infezione batterica oculare che colpisce la congiuntiva.<\/span><\/p>\n<p><span style=\"font-weight: 400;\">La congiuntiva \u00e8 il tessuto trasparente che ricopre la parte bianca del bulbo oculare e riveste l&#039;interno delle palpebre. Indossare lenti a contatto sporche o di qualcun altro pu\u00f2 causare la congiuntivite batterica. \u00c8 altamente contagiosa e pu\u00f2 essere trasmessa attraverso il contatto diretto o indiretto con il fluido che drena dall&#039;occhio di una persona infetta. Questa condizione pu\u00f2 colpire uno o entrambi gli occhi.<\/span><\/p>\n<h3><span style=\"font-weight: 400;\">Come funziona la gatifloxacina<\/span><\/h3>\n<p><span style=\"font-weight: 400;\">Il collirio Gatilox appartiene al gruppo di farmaci noti come fluorochinoloni. Il suo ingrediente principale, la gatifloxacina, tratta le infezioni oculari batteriche inibendo la riproduzione e la riparazione batterica. Blocca l&#039;attivit\u00e0 dell&#039;enzima DNA-girasi. <\/span><span style=\"font-weight: 400;\">Gatilox ha ricevuto recensioni molto positive ed \u00e8 un collirio consigliato per il trattamento della congiuntivite batterica.<\/span><\/p>\n<h3><span style=\"font-weight: 400;\">Come usare<\/span><\/h3>\n<p><span style=\"font-weight: 400;\">Ecco le istruzioni per l&#039;uso di Gatilox:<\/span><\/p>\n<ul>\n<li style=\"font-weight: 400;\" aria-level=\"1\"><span style=\"font-weight: 400;\">Tenere il contagocce vicino all&#039;occhio, ma evitare di toccarlo. Inclinare leggermente la testa all&#039;indietro e abbassare la palpebra inferiore.<\/span><\/li>\n<li style=\"font-weight: 400;\" aria-level=\"1\"><span style=\"font-weight: 400;\">Applicare il collirio sulla palpebra inferiore premendo delicatamente il contagocce.<\/span><\/li>\n<li style=\"font-weight: 400;\" aria-level=\"1\"><span style=\"font-weight: 400;\">Eliminare il liquido in eccesso. Applicare una pressione sull&#039;angolo dell&#039;occhio (vicino al naso) per 1 minuto dopo l&#039;applicazione del collirio.<\/span><\/li>\n<\/ul>\n<p><span style=\"font-weight: 400;\">Utilizzare le gocce entro un mese dall&#039;apertura del flacone.<\/span><\/p>","protected":false},"excerpt":{"rendered":"<ul>\n<li style=\"font-weight: 400;\" aria-level=\"1\"><span style=\"font-weight: 400;\">Gatifloxacina approvata dalla FDA<\/span><\/li>\n<li style=\"font-weight: 400;\" aria-level=\"1\"><span style=\"font-weight: 400;\">Tratta la congiuntivite<\/span><\/li>\n<li style=\"font-weight: 400;\" aria-level=\"1\"><span style=\"font-weight: 400;\">Inizia a funzionare in un giorno<\/span><\/li>\n<li style=\"font-weight: 400;\" aria-level=\"1\"><span style=\"font-weight: 400;\">Effetti visibili in 3-5 giorni<\/span><\/li>\n<li style=\"font-weight: 400;\" aria-level=\"1\"><span style=\"font-weight: 400;\">Spedizione entro 24 ore<\/span><\/li>\n<\/ul>","protected":false},"featured_media":29898,"comment_status":"open","ping_status":"closed","template":"","meta":{"om_disable_all_campaigns":false,"_uf_show_specific_survey":0,"_uf_disable_surveys":false},"product_brand":[],"product_cat":[469],"product_tag":[],"class_list":{"0":"post-4862","1":"product","2":"type-product","3":"status-publish","4":"has-post-thumbnail","6":"product_cat-eye-care","8":"first","9":"instock","10":"shipping-taxable","11":"purchasable","12":"product-type-variable","13":"has-default-attributes"},"_links":{"self":[{"href":"https:\/\/wowrxpharmacy.com\/it\/wp-json\/wp\/v2\/product\/4862","targetHints":{"allow":["GET"]}}],"collection":[{"href":"https:\/\/wowrxpharmacy.com\/it\/wp-json\/wp\/v2\/product"}],"about":[{"href":"https:\/\/wowrxpharmacy.com\/it\/wp-json\/wp\/v2\/types\/product"}],"replies":[{"embeddable":true,"href":"https:\/\/wowrxpharmacy.com\/it\/wp-json\/wp\/v2\/comments?post=4862"}],"wp:featuredmedia":[{"embeddable":true,"href":"https:\/\/wowrxpharmacy.com\/it\/wp-json\/wp\/v2\/media\/29898"}],"wp:attachment":[{"href":"https:\/\/wowrxpharmacy.com\/it\/wp-json\/wp\/v2\/media?parent=4862"}],"wp:term":[{"taxonomy":"product_brand","embeddable":true,"href":"https:\/\/wowrxpharmacy.com\/it\/wp-json\/wp\/v2\/product_brand?post=4862"},{"taxonomy":"product_cat","embeddable":true,"href":"https:\/\/wowrxpharmacy.com\/it\/wp-json\/wp\/v2\/product_cat?post=4862"},{"taxonomy":"product_tag","embeddable":true,"href":"https:\/\/wowrxpharmacy.com\/it\/wp-json\/wp\/v2\/product_tag?post=4862"}],"curies":[{"name":"wp","href":"https:\/\/api.w.org\/{rel}","templated":true}]}}