{"id":4541,"date":"2024-07-13T08:00:28","date_gmt":"2024-07-13T12:00:28","guid":{"rendered":"https:\/\/wowrxpharmacy.com\/?post_type=product&#038;p=4541"},"modified":"2024-10-16T03:51:25","modified_gmt":"2024-10-16T07:51:25","slug":"pivasta-4-mg","status":"publish","type":"product","link":"https:\/\/wowrxpharmacy.com\/it\/product\/pivasta-4-mg\/","title":{"rendered":"Pivasta 4mg"},"content":{"rendered":"<h3><span style=\"font-weight: 400;\">Di <\/span><span style=\"font-weight: 400;\">Pivasta 4mg<\/span><\/h3>\n<p><span style=\"font-weight: 400;\">Pivasta 4 mg Tablet \u00e8 una statina, un tipo di medicinale utilizzato per abbassare il colesterolo e il rischio di malattie cardiache.\u00a0<\/span><\/p>\n<p><span style=\"font-weight: 400;\">L&#039;ingrediente principale di questo medicinale \u00e8 la pitavastatina. Il colesterolo \u00e8 un grasso che si accumula nei vasi sanguigni, restringendoli. Questo pu\u00f2 causare infarto o ictus.<\/span><\/p>\n<p><span style=\"font-weight: 400;\">Pivasta 4 mg \u00e8 prodotto da Zydus Alidac. Ha ricevuto recensioni molto positive ed \u00e8 raccomandato per abbassare il colesterolo e ridurre il rischio di malattie cardiache.\u00a0\u00a0<\/span><\/p>\n<h3><span style=\"font-weight: 400;\">Usi<\/span><\/h3>\n<p><span style=\"font-weight: 400;\">In associazione a una dieta sana, la pitavastatina \u00e8 utilizzata per aiutare ad abbassare il colesterolo &quot;cattivo&quot; e i grassi (come LDL e trigliceridi) e ad aumentare il colesterolo &quot;buono&quot; (HDL) nel sangue. \u00c8 una &quot;statina&quot;, ovvero un farmaco.<\/span><\/p>\n<h4><span style=\"font-weight: 400;\">colesterolo alto<\/span><\/h4>\n<p><span style=\"font-weight: 400;\">Il colesterolo alto pu\u00f2 essere causato da ci\u00f2 che mangi, da quanto fumi e dai tuoi geni. Il colesterolo alto di solito non causa malattie, quindi se sei a rischio, \u00e8 essenziale controllarlo regolarmente.<\/span><\/p>\n<h4><span style=\"font-weight: 400;\">Prevenzione dell&#039;infarto e dell&#039;ictus<\/span><\/h4>\n<p><span style=\"font-weight: 400;\">I muscoli cardiaci hanno bisogno di ossigeno per continuare a funzionare. Quando sostanze grasse, chiamate placche, si accumulano nelle arterie, impediscono al sangue ricco di ossigeno di raggiungere le cellule del muscolo cardiaco, il che \u00e8 dannoso per i muscoli.<\/span><\/p>\n<h3><span style=\"font-weight: 400;\">Lavorando<\/span><\/h3>\n<p><span style=\"font-weight: 400;\">Pivasta 4 mg \u00e8 un farmaco che abbassa i livelli di lipidi (statina). Impedisce all&#039;organismo di produrre colesterolo bloccando un enzima chiamato HMG-CoA-reduttasi. Ci\u00f2 avviene riducendo il colesterolo &quot;cattivo&quot; (LDL) e i trigliceridi e aumentando il colesterolo &quot;buono&quot; (HDL).<\/span><\/p>\n<h3><span style=\"font-weight: 400;\">Come usare Pivasta 4 mg?<\/span><\/h3>\n<p><span style=\"font-weight: 400;\">Di seguito sono riportati i punti da tenere a mente durante l&#039;assunzione di questo medicinale:<\/span><\/p>\n<ul>\n<li style=\"font-weight: 400;\" aria-level=\"1\"><span style=\"font-weight: 400;\">Pivasta 4 mg pu\u00f2 essere assunto con o senza cibo<\/span><\/li>\n<li style=\"font-weight: 400;\" aria-level=\"1\"><span style=\"font-weight: 400;\">La dose dipende dal tuo stato di salute, dall&#039;efficacia del trattamento e dagli altri medicinali che stai assumendo.<\/span><\/li>\n<li style=\"font-weight: 400;\" aria-level=\"1\"><span style=\"font-weight: 400;\">Assicurati che il tuo medico e il tuo farmacista sappiano cosa stai assumendo (inclusi farmaci con obbligo di prescrizione, farmaci da banco e prodotti a base di erbe)<\/span><\/li>\n<li style=\"font-weight: 400;\" aria-level=\"1\"><span style=\"font-weight: 400;\">Se si assume anche colestiramina o colestipolo per abbassare il colesterolo, assumere pitavastatina almeno un&#039;ora prima o quattro ore dopo l&#039;assunzione di questi medicinali\u00a0<\/span><\/li>\n<\/ul>","protected":false},"excerpt":{"rendered":"<ul>\n<li style=\"font-weight: 400;\" aria-level=\"1\"><span style=\"font-weight: 400;\">Abbassa il colesterolo cattivo (LDL) e i trigliceridi<\/span><\/li>\n<li style=\"font-weight: 400;\" aria-level=\"1\"><span style=\"font-weight: 400;\">Aumenta il colesterolo buono (HDL)<\/span><\/li>\n<li style=\"font-weight: 400;\" aria-level=\"1\"><span style=\"font-weight: 400;\">Previene infarti e ictus<\/span><\/li>\n<li style=\"font-weight: 400;\" aria-level=\"1\"><span style=\"font-weight: 400;\">Inizio dell&#039;azione entro 1-2 settimane<\/span><\/li>\n<li style=\"font-weight: 400;\" aria-level=\"1\"><span style=\"font-weight: 400;\">Effetto massimo entro 4-6 settimane<\/span><\/li>\n<li style=\"font-weight: 400;\" aria-level=\"1\"><span style=\"font-weight: 400;\">Farmaci autorizzati di cui i medici si fidano<\/span><\/li>\n<\/ul>","protected":false},"featured_media":5247,"comment_status":"open","ping_status":"closed","template":"","meta":{"om_disable_all_campaigns":false,"_uf_show_specific_survey":0,"_uf_disable_surveys":false},"product_brand":[],"product_cat":[608],"product_tag":[],"class_list":{"0":"post-4541","1":"product","2":"type-product","3":"status-publish","4":"has-post-thumbnail","6":"product_cat-heart-blood-pressure","8":"first","9":"instock","10":"shipping-taxable","11":"purchasable","12":"product-type-variable","13":"has-default-attributes"},"_links":{"self":[{"href":"https:\/\/wowrxpharmacy.com\/it\/wp-json\/wp\/v2\/product\/4541","targetHints":{"allow":["GET"]}}],"collection":[{"href":"https:\/\/wowrxpharmacy.com\/it\/wp-json\/wp\/v2\/product"}],"about":[{"href":"https:\/\/wowrxpharmacy.com\/it\/wp-json\/wp\/v2\/types\/product"}],"replies":[{"embeddable":true,"href":"https:\/\/wowrxpharmacy.com\/it\/wp-json\/wp\/v2\/comments?post=4541"}],"wp:featuredmedia":[{"embeddable":true,"href":"https:\/\/wowrxpharmacy.com\/it\/wp-json\/wp\/v2\/media\/5247"}],"wp:attachment":[{"href":"https:\/\/wowrxpharmacy.com\/it\/wp-json\/wp\/v2\/media?parent=4541"}],"wp:term":[{"taxonomy":"product_brand","embeddable":true,"href":"https:\/\/wowrxpharmacy.com\/it\/wp-json\/wp\/v2\/product_brand?post=4541"},{"taxonomy":"product_cat","embeddable":true,"href":"https:\/\/wowrxpharmacy.com\/it\/wp-json\/wp\/v2\/product_cat?post=4541"},{"taxonomy":"product_tag","embeddable":true,"href":"https:\/\/wowrxpharmacy.com\/it\/wp-json\/wp\/v2\/product_tag?post=4541"}],"curies":[{"name":"wp","href":"https:\/\/api.w.org\/{rel}","templated":true}]}}