{"id":4481,"date":"2024-07-13T08:07:13","date_gmt":"2024-07-13T12:07:13","guid":{"rendered":"https:\/\/wowrxpharmacy.com\/?post_type=product&#038;p=4481"},"modified":"2024-10-16T03:51:25","modified_gmt":"2024-10-16T07:51:25","slug":"flupred-0-05","status":"publish","type":"product","link":"https:\/\/wowrxpharmacy.com\/it\/product\/flupred-0-05\/","title":{"rendered":"Flupred 0,05%"},"content":{"rendered":"<h2><span style=\"font-weight: 400;\">Informazioni sul collirio Flupred 0,05%<\/span><\/h2>\n<p><span style=\"font-weight: 400;\">Flupred Collirio \u00e8 un corticosteroide topico utilizzato per trattare l&#039;infiammazione e il dolore correlati alla chirurgia oculare. Flupred contiene difluprednato, il principio attivo utilizzato nel trattamento dell&#039;infiammazione dello strato intermedio dell&#039;occhio, l&#039;uvea (uveite).<\/span><\/p>\n<p><span style=\"font-weight: 400;\">Il collirio Difluprednate 0,05 aiuta ad alleviare sintomi come dolore, arrossamento, gonfiore, prurito e lacrimazione oculare dopo un intervento chirurgico. Il collirio Flupred 0,05% \u00e8 disponibile solo con prescrizione medica e consiglio medico. Puoi acquistare facilmente Difluprednate 0,05 da WowRXPharmacy.<\/span><\/p>\n<h3><span style=\"font-weight: 400;\">Usi di Flupred 0.05%<\/span><span style=\"font-weight: 400;\"><br \/>\n<\/span><\/h3>\n<p><span style=\"font-weight: 400;\">Flupred \u00e8 utilizzato per trattare le seguenti patologie oculari:<\/span><\/p>\n<h4><span style=\"font-weight: 400;\">Infiammazione oculare postoperatoria<\/span><\/h4>\n<p><span style=\"font-weight: 400;\">Il collirio Flupred viene utilizzato per trattare l&#039;infiammazione e il dolore derivanti da interventi chirurgici agli occhi.<\/span><\/p>\n<h4><span style=\"font-weight: 400;\">Uveite<\/span><\/h4>\n<p><span style=\"font-weight: 400;\">Il difluprednato 0,05 (collirio Flupred) tratta l&#039;uveite anteriore endogena, un&#039;infiammazione dell&#039;uvea, lo strato intermedio dell&#039;occhio.<\/span><\/p>\n<h3><span style=\"font-weight: 400;\">Come funziona il difluprednato<\/span><\/h3>\n<p><span style=\"font-weight: 400;\">Il difluprednato 0,05 (Flupred) appartiene al gruppo di farmaci noti come corticosteroidi. Blocca il rilascio nel nostro organismo di sostanze chimiche responsabili di gonfiore e dolore.<\/span><\/p>\n<p><span style=\"font-weight: 400;\">Dopo l&#039;intervento chirurgico agli occhi, si raccomanda ai pazienti di ridurre il dolore, il rossore, il gonfiore, il prurito e la lacrimazione oculare. Questo pu\u00f2 aiutarli a riprendere pi\u00f9 rapidamente le loro attivit\u00e0 quotidiane. <\/span><span style=\"font-weight: 400;\">Flupred ha ricevuto recensioni molto positive ed \u00e8 un collirio consigliato per l&#039;infiammazione oculare postoperatoria e l&#039;uveite.<\/span><\/p>\n<h3><span style=\"font-weight: 400;\">Come usare Flupred 0.05%<\/span><\/h3>\n<p><span style=\"font-weight: 400;\">Per utilizzare il collirio Flupred, seguire queste istruzioni:<\/span><\/p>\n<ul>\n<li style=\"font-weight: 400;\" aria-level=\"1\"><span style=\"font-weight: 400;\">Tenere il contagocce vicino all&#039;occhio, ma non toccarlo. Inclinare leggermente la testa all&#039;indietro e abbassare la palpebra inferiore.<\/span><\/li>\n<li style=\"font-weight: 400;\" aria-level=\"1\"><span style=\"font-weight: 400;\">Premere delicatamente il contagocce e applicare il collirio sulla palpebra inferiore.<\/span><\/li>\n<li style=\"font-weight: 400;\" aria-level=\"1\"><span style=\"font-weight: 400;\">Rimuovere il liquido in eccesso. Dopo aver instillato il collirio, esercitare una pressione sull&#039;angolo dell&#039;occhio (vicino al naso) per circa un minuto.<\/span><\/li>\n<li style=\"font-weight: 400;\" aria-level=\"1\"><span style=\"font-weight: 400;\">Consumare entro quattro settimane dall&#039;apertura della bottiglia.<\/span><\/li>\n<\/ul>","protected":false},"excerpt":{"rendered":"<ul>\n<li style=\"font-weight: 400;\" aria-level=\"1\"><span style=\"font-weight: 400;\">Difluprednato approvato dalla FDA<\/span><\/li>\n<li style=\"font-weight: 400;\" aria-level=\"1\"><span style=\"font-weight: 400;\">Riduce l&#039;infiammazione, il dolore e il rossore degli occhi<\/span><\/li>\n<li style=\"font-weight: 400;\" aria-level=\"1\"><span style=\"font-weight: 400;\">Effetti visibili in 2 settimane<\/span><\/li>\n<li style=\"font-weight: 400;\" aria-level=\"1\"><span style=\"font-weight: 400;\">Farmaci autorizzati<\/span><\/li>\n<\/ul>","protected":false},"featured_media":29921,"comment_status":"open","ping_status":"closed","template":"","meta":{"om_disable_all_campaigns":false,"_uf_show_specific_survey":0,"_uf_disable_surveys":false},"product_brand":[],"product_cat":[469],"product_tag":[],"class_list":{"0":"post-4481","1":"product","2":"type-product","3":"status-publish","4":"has-post-thumbnail","6":"product_cat-eye-care","8":"first","9":"instock","10":"shipping-taxable","11":"purchasable","12":"product-type-variable","13":"has-default-attributes"},"_links":{"self":[{"href":"https:\/\/wowrxpharmacy.com\/it\/wp-json\/wp\/v2\/product\/4481","targetHints":{"allow":["GET"]}}],"collection":[{"href":"https:\/\/wowrxpharmacy.com\/it\/wp-json\/wp\/v2\/product"}],"about":[{"href":"https:\/\/wowrxpharmacy.com\/it\/wp-json\/wp\/v2\/types\/product"}],"replies":[{"embeddable":true,"href":"https:\/\/wowrxpharmacy.com\/it\/wp-json\/wp\/v2\/comments?post=4481"}],"wp:featuredmedia":[{"embeddable":true,"href":"https:\/\/wowrxpharmacy.com\/it\/wp-json\/wp\/v2\/media\/29921"}],"wp:attachment":[{"href":"https:\/\/wowrxpharmacy.com\/it\/wp-json\/wp\/v2\/media?parent=4481"}],"wp:term":[{"taxonomy":"product_brand","embeddable":true,"href":"https:\/\/wowrxpharmacy.com\/it\/wp-json\/wp\/v2\/product_brand?post=4481"},{"taxonomy":"product_cat","embeddable":true,"href":"https:\/\/wowrxpharmacy.com\/it\/wp-json\/wp\/v2\/product_cat?post=4481"},{"taxonomy":"product_tag","embeddable":true,"href":"https:\/\/wowrxpharmacy.com\/it\/wp-json\/wp\/v2\/product_tag?post=4481"}],"curies":[{"name":"wp","href":"https:\/\/api.w.org\/{rel}","templated":true}]}}