{"id":4397,"date":"2024-07-13T08:08:25","date_gmt":"2024-07-13T12:08:25","guid":{"rendered":"https:\/\/wowrxpharmacy.com\/?post_type=product&#038;p=4397"},"modified":"2024-10-16T03:51:25","modified_gmt":"2024-10-16T07:51:25","slug":"pilocar-eye-drop-of-5-ml","status":"publish","type":"product","link":"https:\/\/wowrxpharmacy.com\/it\/product\/pilocar-eye-drop-of-5-ml\/","title":{"rendered":"Pilocar Collirio da 5 ml"},"content":{"rendered":"<h3><span style=\"font-weight: 400;\">Informazioni su Pilocar Collirio da 5 ml<\/span><span style=\"font-weight: 400;\"><br \/>\n<\/span><\/h3>\n<p><span style=\"font-weight: 400;\">Il collirio Pilocar 2% ha ricevuto recensioni molto positive ed \u00e8 raccomandato per il trattamento del glaucoma e di altri disturbi oculari. Appartiene alla classe dei farmaci noti come miotici.\u00a0<\/span><\/p>\n<p><span style=\"font-weight: 400;\">Il collirio Pilocar contiene il principio attivo nitrato di pilocarpina (Pilocarpina). Riduce la pressione intraoculare e aiuta a prevenire la perdita della vista e i danni ai nervi. \u00c8 utilizzato per indurre miosi (costrizione della pupilla) e per contrastare gli effetti di alcuni farmaci che favoriscono la midriasi (dilatazione della pupilla) durante interventi chirurgici o esami oftalmoscopici.<\/span><\/p>\n<p><span style=\"font-weight: 400;\">Puoi acquistare un collirio Pilocar da 5 ml comodamente da casa tramite Wowrx.\u00a0<\/span><\/p>\n<h3><span style=\"font-weight: 400;\">Usi del collirio Pilocar (pilocarpina)<\/span><span style=\"font-weight: 400;\"><br \/>\n<\/span><\/h3>\n<p><span style=\"font-weight: 400;\">Pilocar Collirio da 5 ml tratta il glaucoma. Il glaucoma \u00e8 una patologia oculare che danneggia il nervo ottico, necessario per una vista sana. Questa patologia \u00e8 spesso causata da una pressione intraoculare estremamente elevata.\u00a0<\/span><\/p>\n<p><span style=\"font-weight: 400;\">Il collirio Pilocar 2% riduce l&#039;infiammazione e la pressione intraoculare. Aiuta a prevenire i problemi del glaucoma, come la cecit\u00e0, e migliora la vista. Questo farmaco pu\u00f2 essere usato da solo o in combinazione con altri colliri.\u00a0<\/span><\/p>\n<p><span style=\"font-weight: 400;\">Il glaucoma non pu\u00f2 essere prevenuto. Controlli e visite frequenti possono aiutare a diagnosticare precocemente la malattia.<\/span><\/p>\n<h3><span style=\"font-weight: 400;\">Come funzionano i colliri al nitrato di pilocarpina<\/span><span style=\"font-weight: 400;\"><br \/>\n<\/span><\/h3>\n<p><span style=\"font-weight: 400;\">La pilocarpina \u00e8 un agonista del recettore muscarinico. Causando la costrizione dei muscoli ciliari e dello sfintere pupillare dell&#039;occhio, la somministrazione oftalmica di pilocarpina provoca miosi.\u00a0<\/span><\/p>\n<p><span style=\"font-weight: 400;\">Inoltre, riducendo la formazione di umore acqueo (il liquido presente nell&#039;occhio) si riduce la pressione all&#039;interno del bulbo oculare, riducendone l&#039;ipertensione oculare. Inoltre, inverte l&#039;effetto dei farmaci che dilatano la pupilla.<\/span><\/p>\n<h2><span style=\"font-weight: 400;\">Come usare<\/span><span style=\"font-weight: 400;\"><br \/>\n<\/span><\/h2>\n<p><span style=\"font-weight: 400;\">Utilizzare questo farmaco come prescritto dal medico. \u00c8 esclusivamente per uso oftalmico.\u00a0<\/span><\/p>\n<p><span style=\"font-weight: 400;\">Le istruzioni generali per l&#039;uso del collirio sono le seguenti:<\/span><\/p>\n<ul>\n<li style=\"font-weight: 400;\" aria-level=\"1\"><span style=\"font-weight: 400;\">Lavare e asciugare accuratamente le mani<\/span><\/li>\n<li style=\"font-weight: 400;\" aria-level=\"1\"><span style=\"font-weight: 400;\">Tirare delicatamente la palpebra inferiore e mettere una o due gocce di questo farmaco nella palpebra inferiore<\/span><\/li>\n<li style=\"font-weight: 400;\" aria-level=\"1\"><span style=\"font-weight: 400;\">Chiudi la palpebra e premi delicatamente per un minuto sull&#039;angolo interno della palpebra per evitare che la soluzione defluisca nel naso e nella gola<\/span><\/li>\n<li style=\"font-weight: 400;\" aria-level=\"1\"><span style=\"font-weight: 400;\">Se necessario, ripetere la procedura per l&#039;occhio opposto<\/span><\/li>\n<\/ul>\n<p><span style=\"font-weight: 400;\">Evitare di toccare la punta dell&#039;applicatore con gli occhi o con la punta delle dita.\u00a0<\/span><\/p>\n<p><span style=\"font-weight: 400;\">Il medico o l&#039;oculista sceglieranno il dosaggio e la durata del trattamento in base all&#039;et\u00e0, al peso corporeo e allo stato di salute generale. Continuate a usare questo farmaco per tutto il tempo indicato dal medico per ottenere risultati pi\u00f9 significativi.<\/span><\/p>\n<h2><span style=\"font-weight: 400;\">Sostituti del collirio Pilocar<\/span><span style=\"font-weight: 400;\"><br \/>\n<\/span><\/h2>\n<p><span style=\"font-weight: 400;\">Su consiglio del medico, \u00e8 possibile utilizzare anche i seguenti medicinali per il trattamento del glaucoma:<\/span><\/p>\n<ul>\n<li style=\"font-weight: 400;\" aria-level=\"1\"><span style=\"font-weight: 400;\">Careprost Plus collirio 3 ml<\/span><\/li>\n<li style=\"font-weight: 400;\" aria-level=\"1\"><span style=\"font-weight: 400;\">Actavis Bimatoprost 300 mcg (0,03%)<\/span><\/li>\n<li style=\"font-weight: 400;\" aria-level=\"1\"><span style=\"font-weight: 400;\">Actavis Bimatoprost (con pennello) 300 mcg (0,03%)<\/span><\/li>\n<li style=\"font-weight: 400;\" aria-level=\"1\"><span style=\"font-weight: 400;\">Bimat (con pennello) 3 ml. (0,03%)<\/span><\/li>\n<\/ul>\n<h2><span style=\"font-weight: 400;\">Effetti collaterali<\/span><span style=\"font-weight: 400;\"><br \/>\n<\/span><\/h2>\n<p><span style=\"font-weight: 400;\">La maggior parte degli effetti collaterali non richiede un trattamento medico e scompaiono man mano che l&#039;organismo risponde al farmaco.\u00a0<\/span><\/p>\n<p><span style=\"font-weight: 400;\">Se i sintomi persistono o ti preoccupano, consulta il tuo medico.<\/span><\/p>\n<p><span style=\"font-weight: 400;\">Alcuni effetti collaterali comuni del collirio Pilocar da 5 ml (nitrato di pilocarpina) sono<\/span><\/p>\n<ul>\n<li style=\"font-weight: 400;\" aria-level=\"1\"><span style=\"font-weight: 400;\">Disabilit\u00e0 visiva<\/span><\/li>\n<li style=\"font-weight: 400;\" aria-level=\"1\"><span style=\"font-weight: 400;\">Mal di testa<\/span><\/li>\n<li style=\"font-weight: 400;\" aria-level=\"1\"><span style=\"font-weight: 400;\">Irritazione oculare<\/span><\/li>\n<li style=\"font-weight: 400;\" aria-level=\"1\"><a href=\"https:\/\/www.healthline.com\/health\/eye-pain\" target=\"_blank\" rel=\"nofollow noopener\"><span style=\"font-weight: 400;\">Dolore agli occhi<\/span><\/a><\/li>\n<li style=\"font-weight: 400;\" aria-level=\"1\"><span style=\"font-weight: 400;\">visione offuscata<\/span><span style=\"font-weight: 400;\"><br \/>\n<\/span><\/li>\n<\/ul>\n<h2><span style=\"font-weight: 400;\">Interazioni<\/span><\/h2>\n<p><span style=\"font-weight: 400;\">I farmaci tendono a interagire con altre sostanze. Possono anche peggiorare una patologia di cui si soffre. Pertanto, \u00e8 sempre consigliabile condividere la propria storia clinica con il medico. Di seguito sono riportate alcune interazioni farmacologiche e patologiche di Pilocar Collirio da 5 ml.\u00a0<\/span><\/p>\n<h3><span style=\"font-weight: 400;\">Interazioni con le malattie<\/span><span style=\"font-weight: 400;\"><br \/>\n<\/span><\/h3>\n<p><span style=\"font-weight: 400;\">Non usare questo farmaco se soffri di specifiche patologie oculari che richiedono di evitare la costrizione della pupilla, come:<\/span><\/p>\n<ul>\n<li style=\"font-weight: 400;\" aria-level=\"1\"><span style=\"font-weight: 400;\">Infiammazione dell&#039;iride<\/span><\/li>\n<li style=\"font-weight: 400;\" aria-level=\"1\"><span style=\"font-weight: 400;\">Uveite anteriore<\/span><\/li>\n<li style=\"font-weight: 400;\" aria-level=\"1\"><span style=\"font-weight: 400;\">Glaucoma ad angolo stretto o glaucoma secondario<\/span><\/li>\n<\/ul>\n<p><span style=\"font-weight: 400;\">Inoltre, se sei un paziente cardiaco o una persona con asma, consulta un medico prima dell&#039;uso.<\/span><\/p>\n<h3><span style=\"font-weight: 400;\">Interazioni farmacologiche<\/span><span style=\"font-weight: 400;\"><br \/>\n<\/span><\/h3>\n<p><span style=\"font-weight: 400;\">Non usare il collirio Pilocar da 5 ml con altri medicinali oftalmici che causano costrizione della pupilla.\u00a0<\/span><\/p>\n<h3><span style=\"font-weight: 400;\">Precauzioni<\/span><span style=\"font-weight: 400;\"><br \/>\n<\/span><\/h3>\n<p><span style=\"font-weight: 400;\">Tenere a mente le seguenti cose durante l&#039;uso del collirio Pilocar<\/span><\/p>\n<ul>\n<li style=\"font-weight: 400;\" aria-level=\"1\"><b>Dose dimenticata:<\/b><span style=\"font-weight: 400;\"> Assumere immediatamente se si dimentica una dose di Pilocar Collirio da 5 ml. Tuttavia, se \u00e8 quasi ora della dose successiva, \u00e8 consigliabile saltare la dose dimenticata e riprendere il consueto schema posologico. Non aumentare il dosaggio.<\/span><\/li>\n<li style=\"font-weight: 400;\" aria-level=\"1\"><b>Overdose:<\/b><span style=\"font-weight: 400;\"> \u00c8 improbabile che si verifichi un sovradosaggio di Pilocar 2% collirio, ma se si verificano sintomi improvvisi o gravi, \u00e8 essenziale consultare immediatamente il medico o l&#039;oculista.<\/span><\/li>\n<li style=\"font-weight: 400;\" aria-level=\"1\"><span style=\"font-weight: 400;\">L&#039;incapacit\u00e0 di adattarsi al buio e la visione alterata causata dal collirio Pilocar 2% possono compromettere la capacit\u00e0 di guida, quindi non guidare, utilizzare macchinari pesanti o svolgere qualsiasi attivit\u00e0 che richieda una messa a fuoco nitida degli occhi\u00a0<\/span><\/li>\n<li style=\"font-weight: 400;\" aria-level=\"1\"><span style=\"font-weight: 400;\">Le donne in gravidanza o in allattamento devono usare le gocce Pilocar 2% con cautela. Consultare il medico prima dell&#039;uso.<\/span><\/li>\n<li style=\"font-weight: 400;\" aria-level=\"1\"><span style=\"font-weight: 400;\">Non assumere questo farmaco se sei allergico alla pilocarpina o ad altri agenti mitotici. Valuta l&#039;uso di altri medicinali come Careprost 3 ml di 3%.<\/span><\/li>\n<\/ul>\n<h3><span style=\"font-weight: 400;\">Magazzinaggio<\/span><span style=\"font-weight: 400;\"><br \/>\n<\/span><\/h3>\n<p><span style=\"font-weight: 400;\">Conservare il farmaco in un luogo fresco, asciutto e buio, lontano dalla luce solare diretta e dalla portata dei bambini e degli animali domestici.<\/span><\/p>","protected":false},"excerpt":{"rendered":"<ul>\n<li style=\"font-weight: 400;\" aria-level=\"1\"><span style=\"font-weight: 400;\">Trattamento efficace del glaucoma<\/span><\/li>\n<li style=\"font-weight: 400;\" aria-level=\"1\"><span style=\"font-weight: 400;\">Riduce la pressione oculare<\/span><\/li>\n<li style=\"font-weight: 400;\" aria-level=\"1\"><span style=\"font-weight: 400;\">Previene la perdita della vista e i danni ai nervi<\/span><\/li>\n<li style=\"font-weight: 400;\" aria-level=\"1\"><span style=\"font-weight: 400;\">Efficacia comprovata: recensioni molto positive<\/span><\/li>\n<li style=\"font-weight: 400;\" aria-level=\"1\"><span style=\"font-weight: 400;\">Azione rapida: effetto entro 10-30 minuti<\/span><\/li>\n<li style=\"font-weight: 400;\" aria-level=\"1\"><span style=\"font-weight: 400;\">Pu\u00f2 essere utilizzato da chi porta lenti a contatto<\/span><\/li>\n<\/ul>\n<p>&nbsp;<\/p>","protected":false},"featured_media":29584,"comment_status":"open","ping_status":"closed","template":"","meta":{"om_disable_all_campaigns":false,"_uf_show_specific_survey":0,"_uf_disable_surveys":false},"product_brand":[],"product_cat":[469],"product_tag":[],"class_list":{"0":"post-4397","1":"product","2":"type-product","3":"status-publish","4":"has-post-thumbnail","6":"product_cat-eye-care","8":"first","9":"instock","10":"shipping-taxable","11":"purchasable","12":"product-type-variable","13":"has-default-attributes"},"_links":{"self":[{"href":"https:\/\/wowrxpharmacy.com\/it\/wp-json\/wp\/v2\/product\/4397","targetHints":{"allow":["GET"]}}],"collection":[{"href":"https:\/\/wowrxpharmacy.com\/it\/wp-json\/wp\/v2\/product"}],"about":[{"href":"https:\/\/wowrxpharmacy.com\/it\/wp-json\/wp\/v2\/types\/product"}],"replies":[{"embeddable":true,"href":"https:\/\/wowrxpharmacy.com\/it\/wp-json\/wp\/v2\/comments?post=4397"}],"wp:featuredmedia":[{"embeddable":true,"href":"https:\/\/wowrxpharmacy.com\/it\/wp-json\/wp\/v2\/media\/29584"}],"wp:attachment":[{"href":"https:\/\/wowrxpharmacy.com\/it\/wp-json\/wp\/v2\/media?parent=4397"}],"wp:term":[{"taxonomy":"product_brand","embeddable":true,"href":"https:\/\/wowrxpharmacy.com\/it\/wp-json\/wp\/v2\/product_brand?post=4397"},{"taxonomy":"product_cat","embeddable":true,"href":"https:\/\/wowrxpharmacy.com\/it\/wp-json\/wp\/v2\/product_cat?post=4397"},{"taxonomy":"product_tag","embeddable":true,"href":"https:\/\/wowrxpharmacy.com\/it\/wp-json\/wp\/v2\/product_tag?post=4397"}],"curies":[{"name":"wp","href":"https:\/\/api.w.org\/{rel}","templated":true}]}}