{"id":4329,"date":"2024-07-11T05:02:13","date_gmt":"2024-07-11T09:02:13","guid":{"rendered":"https:\/\/wowrxpharmacy.com\/?post_type=product&#038;p=4329"},"modified":"2024-10-16T03:51:26","modified_gmt":"2024-10-16T07:51:26","slug":"calaptina-40-mg","status":"publish","type":"product","link":"https:\/\/wowrxpharmacy.com\/it\/product\/calaptina-40-mg\/","title":{"rendered":"Calaptina 40 mg"},"content":{"rendered":"<h3><span style=\"font-weight: 400;\">Informazioni su Calaptin 40<\/span><\/h3>\n<p><span style=\"font-weight: 400;\">Il verapamil \u00e8 il principio attivo di Calaptin 40 mg compresse. Calaptin 40 \u00e8 utilizzato per trattare l&#039;ipertensione, l&#039;angina (dolore toracico di origine cardiaca) e alcuni tipi di aritmia (battito cardiaco irregolare). Il farmaco agisce rilassando i vasi sanguigni per abbassare la pressione sanguigna. Questo, di conseguenza, contribuisce a ridurre il carico di lavoro del cuore. Abbott Healthcare Pvt Ltd \u00e8 una delle aziende leader nella produzione di Calaptin 40 mg compresse.<\/span><\/p>\n<h3><span style=\"font-weight: 400;\">Usi di Calaptin 40 mg<\/span><\/h3>\n<p><span style=\"font-weight: 400;\">Le pillole di Calaptin vengono prescritte ai pazienti con:<\/span><\/p>\n<h4><span style=\"font-weight: 400;\">Ipertensione<\/span><\/h4>\n<p><span style=\"font-weight: 400;\">L&#039;ipertensione (pressione alta) \u00e8 una condizione in cui la pressione sanguigna \u00e8 costantemente pi\u00f9 alta del normale. Di solito, l&#039;ipertensione non presenta sintomi. Tuttavia, se non trattata, pu\u00f2 aumentare il rischio di problemi cardiaci e ictus.<\/span><\/p>\n<h4><span style=\"font-weight: 400;\">Angina<\/span><\/h4>\n<p><span style=\"font-weight: 400;\">L&#039;angina \u00e8 una patologia cardiaca che causa dolore e fastidio al petto. \u00c8 causata da vari fattori, tra cui stress, coronaropatia, fumo, ecc.<\/span><\/p>\n<h4><span style=\"font-weight: 400;\">Aritmia<\/span><\/h4>\n<p><span style=\"font-weight: 400;\">Un&#039;aritmia \u00e8 una condizione in cui il ritmo cardiaco \u00e8 irregolare. Un problema di ritmo cardiaco si verifica quando i segnali elettrici che coordinano i battiti cardiaci non funzionano correttamente. L&#039;aritmia causa battiti cardiaci accelerati o intermittenti e pu\u00f2 talvolta essere pericolosa per la vita.<\/span><\/p>\n<h3><span style=\"font-weight: 400;\">Calaptin 40 funziona<\/span><\/h3>\n<p><span style=\"font-weight: 400;\">Calaptin 40 ha ricevuto recensioni molto positive ed \u00e8 un farmaco raccomandato per ipertensione, angina e aritmia. Il muscolo cardiaco necessita di calcio per la contrazione. Il principio attivo di Calaptin \u00e8 il verapamil. Impedisce al calcio di entrare nel muscolo cardiaco e nei vasi sanguigni. Ci\u00f2 provoca il rilassamento dei vasi sanguigni, consentendo al sangue di fluire facilmente.<\/span><\/p>\n<h3><span style=\"font-weight: 400;\">Come assumere Calaptin 40 mg<\/span><\/h3>\n<ul>\n<li style=\"font-weight: 400;\" aria-level=\"1\"><span style=\"font-weight: 400;\">Controllare l&#039;etichetta per le istruzioni d&#039;uso<\/span><\/li>\n<li style=\"font-weight: 400;\" aria-level=\"1\"><span style=\"font-weight: 400;\">Prendi la compressa di Calaptin 40 mg come prescritto dal tuo medico<\/span><\/li>\n<li style=\"font-weight: 400;\" aria-level=\"1\"><span style=\"font-weight: 400;\">Deglutire la compressa intera con acqua senza schiacciarla o masticarla<\/span><\/li>\n<li style=\"font-weight: 400;\" aria-level=\"1\"><span style=\"font-weight: 400;\">Si consiglia di assumerlo regolarmente ad un orario fisso ogni giorno<\/span><\/li>\n<li style=\"font-weight: 400;\" aria-level=\"1\"><span style=\"font-weight: 400;\">Consultare il medico prima di assumere questo medicinale e non superare la dose indicata<\/span><\/li>\n<li style=\"font-weight: 400;\" aria-level=\"1\"><span style=\"font-weight: 400;\">Non interrompere improvvisamente l&#039;assunzione del farmaco<\/span><\/li>\n<\/ul>","protected":false},"excerpt":{"rendered":"<ul>\n<li style=\"font-weight: 400;\" aria-level=\"1\"><span style=\"font-weight: 400;\">Approvato dalla FDA per angina e ipertensione<\/span><\/li>\n<li style=\"font-weight: 400;\" aria-level=\"1\"><span style=\"font-weight: 400;\">Controlla efficacemente la frequenza cardiaca<\/span><\/li>\n<li style=\"font-weight: 400;\" aria-level=\"1\"><span style=\"font-weight: 400;\">Inizia a funzionare entro 1 o 2 ore<\/span><\/li>\n<li style=\"font-weight: 400;\" aria-level=\"1\"><span style=\"font-weight: 400;\">Di fiducia per i professionisti sanitari<\/span><\/li>\n<\/ul>","protected":false},"featured_media":4618,"comment_status":"open","ping_status":"closed","template":"","meta":{"om_disable_all_campaigns":false,"_uf_show_specific_survey":0,"_uf_disable_surveys":false},"product_brand":[],"product_cat":[608],"product_tag":[],"class_list":{"0":"post-4329","1":"product","2":"type-product","3":"status-publish","4":"has-post-thumbnail","6":"product_cat-heart-blood-pressure","8":"first","9":"instock","10":"shipping-taxable","11":"purchasable","12":"product-type-variable"},"_links":{"self":[{"href":"https:\/\/wowrxpharmacy.com\/it\/wp-json\/wp\/v2\/product\/4329","targetHints":{"allow":["GET"]}}],"collection":[{"href":"https:\/\/wowrxpharmacy.com\/it\/wp-json\/wp\/v2\/product"}],"about":[{"href":"https:\/\/wowrxpharmacy.com\/it\/wp-json\/wp\/v2\/types\/product"}],"replies":[{"embeddable":true,"href":"https:\/\/wowrxpharmacy.com\/it\/wp-json\/wp\/v2\/comments?post=4329"}],"wp:featuredmedia":[{"embeddable":true,"href":"https:\/\/wowrxpharmacy.com\/it\/wp-json\/wp\/v2\/media\/4618"}],"wp:attachment":[{"href":"https:\/\/wowrxpharmacy.com\/it\/wp-json\/wp\/v2\/media?parent=4329"}],"wp:term":[{"taxonomy":"product_brand","embeddable":true,"href":"https:\/\/wowrxpharmacy.com\/it\/wp-json\/wp\/v2\/product_brand?post=4329"},{"taxonomy":"product_cat","embeddable":true,"href":"https:\/\/wowrxpharmacy.com\/it\/wp-json\/wp\/v2\/product_cat?post=4329"},{"taxonomy":"product_tag","embeddable":true,"href":"https:\/\/wowrxpharmacy.com\/it\/wp-json\/wp\/v2\/product_tag?post=4329"}],"curies":[{"name":"wp","href":"https:\/\/api.w.org\/{rel}","templated":true}]}}