{"id":4157,"date":"2024-07-13T08:03:09","date_gmt":"2024-07-13T12:03:09","guid":{"rendered":"https:\/\/wowrxpharmacy.com\/?post_type=product&#038;p=4157"},"modified":"2024-10-16T03:51:26","modified_gmt":"2024-10-16T07:51:26","slug":"rugiada-della-giovinezza-allo-zafferano-55-g","status":"publish","type":"product","link":"https:\/\/wowrxpharmacy.com\/it\/product\/rugiada-della-giovinezza-allo-zafferano-55-g\/","title":{"rendered":"Saffron Youth Dew 55 g"},"content":{"rendered":"<h3><span style=\"font-weight: 400;\">Informazioni su Saffron Youth Dew<\/span><\/h3>\n<p><span style=\"font-weight: 400;\">Biotique Saffron Youth Dew \u00e8 una crema idratante leggera per viso e corpo. \u00c8 composta da oli puri di zafferano, mandorle e pistacchio, curcuma ed estratti di curcuma selvatica. Rigenera e aiuta a mantenere la pelle idratata e giovane, attenuando anche le linee sottili e le rughe, che si riducono visibilmente con un uso regolare.<\/span><\/p>\n<p><span style=\"font-weight: 400;\">\u00c8 prodotto e commercializzato a livello mondiale da Bio Veda Action Research Co.\u00a0<\/span><\/p>\n<h3><span style=\"font-weight: 400;\">Benefici di Saffron Youth Dew<\/span><span style=\"font-weight: 400;\"><br \/>\n<\/span><\/h3>\n<p><span style=\"font-weight: 400;\">Con l&#039;uso regolare di Saffron Youth Dew, le linee di secchezza e le rughe si riducono visibilmente. Questa lozione Youth Dew \u00e8 una fonte naturale di vitamine e minerali che nutrono la pelle. Agisce sia come rivitalizzante che come nutriente.\u00a0<\/span><\/p>\n<p><span style=\"font-weight: 400;\">Gli altri benefici di Saffron Youth Dew includono:\u00a0<\/span><\/p>\n<ul>\n<li style=\"font-weight: 400;\" aria-level=\"1\"><span style=\"font-weight: 400;\">Lo zafferano aiuta a rinnovare e ha anche propriet\u00e0 ringiovanenti<\/span><\/li>\n<li style=\"font-weight: 400;\" aria-level=\"1\"><span style=\"font-weight: 400;\">La vitamina E contenuta nel pistacchio aiuta a migliorare la <\/span><a href=\"https:\/\/www.verywellhealth.com\/skin-elasticity-overview-5104962#:~:text=Skin%20elasticity%20refers%20to%20your,slowly%20decreases%20as%20we%20age.\" target=\"_blank\" rel=\"nofollow noopener\"><span style=\"font-weight: 400;\">elasticit\u00e0 della pelle<\/span><\/a><\/li>\n<li style=\"font-weight: 400;\" aria-level=\"1\"><span style=\"font-weight: 400;\">Le mandorle nella crema idratante sono ricche di vitamina E e altri antiossidanti noti per migliorare e proteggere la carnagione della pelle\u00a0<\/span><\/li>\n<li style=\"font-weight: 400;\" aria-level=\"1\"><span style=\"font-weight: 400;\">Questa crema idratante leggera \u00e8 pensata per ricostituire e aiutare a mantenere la pelle giovane\u00a0<\/span><\/li>\n<li style=\"font-weight: 400;\" aria-level=\"1\"><span style=\"font-weight: 400;\">Aiuta a combattere il processo di invecchiamento e previene la comparsa delle rughe, donandoti una pelle giovane<\/span><\/li>\n<\/ul>\n<h3><span style=\"font-weight: 400;\">Ingredienti chiave<\/span><span style=\"font-weight: 400;\"><br \/>\n<\/span><\/h3>\n<p><span style=\"font-weight: 400;\">Saffron Youth Dew 55 g ha ricevuto recensioni molto positive e agisce efficacemente per nutrire la pelle. <\/span><span style=\"font-weight: 400;\">Contiene ingredienti naturali che lavorano insieme per garantire una pelle idratata e rigenerata,\u00a0<\/span><\/p>\n<h4><span style=\"font-weight: 400;\">Zafferano (Crocus sativus)<\/span><span style=\"font-weight: 400;\"><br \/>\n<\/span><\/h4>\n<p><span style=\"font-weight: 400;\">Lo zafferano \u00e8 ricco di propriet\u00e0 antibatteriche, medicinali e farmacologiche, che lo rendono un ingrediente fondamentale per la cura naturale della pelle. Aiuta a combattere l&#039;acne, la pigmentazione e l&#039;infiammazione e tratta le macchie scure.\u00a0<\/span><\/p>\n<p><span style=\"font-weight: 400;\">\u00c8 inoltre ricco di antiossidanti, vitamine e minerali che aiutano a migliorare il tono della pelle.\u00a0<\/span><\/p>\n<h4><span style=\"font-weight: 400;\">Olio di pistacchio (Pistacia Vera)<\/span><span style=\"font-weight: 400;\"><br \/>\n<\/span><\/h4>\n<p><span style=\"font-weight: 400;\">L&#039;olio di pistacchio migliora la circolazione sanguigna e favorisce la guarigione. Aiuta a controllare l&#039;acne e a trattarne le cicatrici.\u00a0<\/span><\/p>\n<p><span style=\"font-weight: 400;\">L&#039;olio di pistacchio contiene vitamina E, che riduce l&#039;infiammazione, previene la produzione di sebo, libera i pori e previene l&#039;accumulo di sebo. In generale, aiuta a prevenire l&#039;acne.<\/span><\/p>\n<h4><span style=\"font-weight: 400;\">Curcuma selvatica (Curcuma aromatia)<\/span><span style=\"font-weight: 400;\"><br \/>\n<\/span><\/h4>\n<p><span style=\"font-weight: 400;\">Grazie alla presenza di specifici componenti bioattivi, la curcuma selvatica \u00e8 nota per le sue propriet\u00e0 antibatteriche. La curcuma selvatica presente nella crema pu\u00f2 migliorare l&#039;incarnato e donare una pelle liscia e luminosa, riducendo occhiaie, acne e imperfezioni.<\/span><\/p>\n<h4><span style=\"font-weight: 400;\">Mandorle (Prunus amygdalus)<\/span><span style=\"font-weight: 400;\"><br \/>\n<\/span><\/h4>\n<p><span style=\"font-weight: 400;\">Le mandorle sono una ricca fonte di riboflavina e niacina. Sono anche un&#039;abbondante fonte di rame, essenziale per la pigmentazione della pelle. Un acido grasso essenziale, l&#039;acido linoleico, presente nelle mandorle, aiuta a prevenire la secchezza cutanea.<\/span><\/p>\n<h4><span style=\"font-weight: 400;\">Curcuma (Curcuma longa)<\/span><span style=\"font-weight: 400;\"><br \/>\n<\/span><\/h4>\n<p><span style=\"font-weight: 400;\">Il primo beneficio della curcuma \u00e8 che impedisce alle cellule della pelle di accumularsi e ostruire i pori. Le sue propriet\u00e0 antisettiche e antibatteriche bloccano la crescita dei germi che causano l&#039;acne.\u00a0<\/span><\/p>\n<p><span style=\"font-weight: 400;\">Inoltre, rilassando le zone precedentemente infiammate, i suoi effetti antinfiammatori accelerano la guarigione.<\/span><\/p>\n<h3><span style=\"font-weight: 400;\">Istruzioni per l&#039;uso<\/span><span style=\"font-weight: 400;\"><br \/>\n<\/span><\/h3>\n<p><span style=\"font-weight: 400;\">Per ottenere il massimo beneficio dalla crema puoi seguire i seguenti passaggi:\u00a0<\/span><\/p>\n<ul>\n<li style=\"font-weight: 400;\" aria-level=\"1\"><span style=\"font-weight: 400;\">Pulisci il viso e asciugalo tamponando<\/span><\/li>\n<li style=\"font-weight: 400;\" aria-level=\"1\"><span style=\"font-weight: 400;\">Applicare una certa quantit\u00e0 di crema idratante sul viso<\/span><\/li>\n<li style=\"font-weight: 400;\" aria-level=\"1\"><span style=\"font-weight: 400;\"><span style=\"font-weight: 400;\">Massaggiare delicatamente la crema idratante sulla pelle<br \/>\n<\/span><\/span><\/p>\n<h3><span style=\"font-weight: 400;\">Magazzinaggio<\/span><span style=\"font-weight: 400;\"><br \/>\n<\/span><\/h3>\n<p><span style=\"font-weight: 400;\">Conservare in un luogo fresco e asciutto, al riparo dalla luce solare. Tenere fuori dalla portata dei bambini.<\/span><\/li>\n<\/ul>","protected":false},"excerpt":{"rendered":"<ul>\n<li style=\"font-weight: 400;\" aria-level=\"1\"><span style=\"font-weight: 400;\">Anti-invecchiamento, ringiovanimento della pelle e idratazione<\/span><\/li>\n<li style=\"font-weight: 400;\" aria-level=\"1\"><span style=\"font-weight: 400;\">Assorbimento rapido per un&#039;idratazione immediata<\/span><\/li>\n<li style=\"font-weight: 400;\" aria-level=\"1\"><span style=\"font-weight: 400;\">Attenua le linee sottili, uniforma il tono della pelle, esalta la luminosit\u00e0<\/span><\/li>\n<li style=\"font-weight: 400;\" aria-level=\"1\"><span style=\"font-weight: 400;\">Consigliato da dermatologi ed esperti di cura della pelle<\/span><\/li>\n<li style=\"font-weight: 400;\" aria-level=\"1\"><span style=\"font-weight: 400;\">Prodotto originale, consegnato velocemente<\/span><\/li>\n<\/ul>","protected":false},"featured_media":29480,"comment_status":"open","ping_status":"closed","template":"","meta":{"om_disable_all_campaigns":false,"_uf_show_specific_survey":0,"_uf_disable_surveys":false},"product_brand":[],"product_cat":[534],"product_tag":[],"class_list":{"0":"post-4157","1":"product","2":"type-product","3":"status-publish","4":"has-post-thumbnail","6":"product_cat-skin-care","8":"first","9":"instock","10":"shipping-taxable","11":"purchasable","12":"product-type-variable","13":"has-default-attributes"},"_links":{"self":[{"href":"https:\/\/wowrxpharmacy.com\/it\/wp-json\/wp\/v2\/product\/4157","targetHints":{"allow":["GET"]}}],"collection":[{"href":"https:\/\/wowrxpharmacy.com\/it\/wp-json\/wp\/v2\/product"}],"about":[{"href":"https:\/\/wowrxpharmacy.com\/it\/wp-json\/wp\/v2\/types\/product"}],"replies":[{"embeddable":true,"href":"https:\/\/wowrxpharmacy.com\/it\/wp-json\/wp\/v2\/comments?post=4157"}],"wp:featuredmedia":[{"embeddable":true,"href":"https:\/\/wowrxpharmacy.com\/it\/wp-json\/wp\/v2\/media\/29480"}],"wp:attachment":[{"href":"https:\/\/wowrxpharmacy.com\/it\/wp-json\/wp\/v2\/media?parent=4157"}],"wp:term":[{"taxonomy":"product_brand","embeddable":true,"href":"https:\/\/wowrxpharmacy.com\/it\/wp-json\/wp\/v2\/product_brand?post=4157"},{"taxonomy":"product_cat","embeddable":true,"href":"https:\/\/wowrxpharmacy.com\/it\/wp-json\/wp\/v2\/product_cat?post=4157"},{"taxonomy":"product_tag","embeddable":true,"href":"https:\/\/wowrxpharmacy.com\/it\/wp-json\/wp\/v2\/product_tag?post=4157"}],"curies":[{"name":"wp","href":"https:\/\/api.w.org\/{rel}","templated":true}]}}