{"id":4150,"date":"2024-07-13T08:08:05","date_gmt":"2024-07-13T12:08:05","guid":{"rendered":"https:\/\/wowrxpharmacy.com\/?post_type=product&#038;p=4150"},"modified":"2024-10-16T03:51:26","modified_gmt":"2024-10-16T07:51:26","slug":"azithral-eye-drop-3-ml","status":"publish","type":"product","link":"https:\/\/wowrxpharmacy.com\/it\/product\/azithral-eye-drop-3-ml\/","title":{"rendered":"Collirio Azithral 3 ml"},"content":{"rendered":"<h3><span style=\"font-weight: 400;\">Informazioni sul collirio Azithral<\/span><\/h3>\n<p><span style=\"font-weight: 400;\">Il collirio Azithral \u00e8 un farmaco antibiotico che aiuta a curare le infezioni batteriche degli occhi come la congiuntivite tracoma e la congiuntivite batterica.\u00a0<\/span><\/p>\n<p><span style=\"font-weight: 400;\">Il principale principio attivo di questo collirio \u00e8 l&#039;azitromicina, appartenente a una classe di farmaci noti come antibiotici macrolidi. Il farmaco agisce inibendo la produzione di proteine essenziali per i batteri, necessarie per svolgere le loro funzioni essenziali. In questo modo, impedisce la proliferazione dei germi e la diffusione delle infezioni. Il collirio azitromicina \u00e8 un farmaco soggetto a prescrizione medica che deve essere assunto solo su prescrizione medica. Alembic Pharmaceuticals Ltd produce il collirio azitromicina 0,1% (3 ml).<\/span><\/p>\n<h3><span style=\"font-weight: 400;\">Usi del collirio azitrale<\/span><\/h3>\n<p><span style=\"font-weight: 400;\">Un farmaco antibiotico come il collirio Azithral tratta diverse infezioni oculari causate da batteri. Le infezioni oculari causate da batteri, come Streptococcus mitis, Staphylococcus aureus o Haemophilus influenzae, tra gli altri, possono essere trattate con questo antibiotico. Pu\u00f2 anche essere usato per trattare la sindrome dell&#039;occhio secco, comunemente causata dall&#039;uso di lenti a contatto. Assumetelo per tutto il periodo prescritto dal medico ed evitate di saltare le dosi. In questo modo, tutti i germi vengono eliminati e si previene la resistenza.<\/span><\/p>\n<h3><span style=\"font-weight: 400;\">Come funziona l&#039;azitromicina<\/span><\/h3>\n<p><span style=\"font-weight: 400;\">Il collirio Azithral appartiene a una classe di farmaci noti come antibiotici macrolidi. Il principale principio attivo di questo collirio \u00e8 l&#039;azitromicina, che elimina i batteri responsabili della congiuntivite. Il principio attivo del collirio Azithral, combinato con il nucleo di una cellula batterica, blocca la generazione di proteine necessarie all&#039;espansione della popolazione batterica. \u00c8 stato dimostrato che il dosaggio di Azithral \u00e8 efficace nell&#039;inibire la riproduzione e l&#039;espansione dei germi negli occhi. Il collirio Azithral \u00e8 altamente efficace e ha ricevuto numerose recensioni positive per il trattamento delle infezioni oculari. Inoltre, aiuta a ridurre l&#039;infiammazione causata da un&#039;infezione oculare.<\/span><\/p>\n<h3><span style=\"font-weight: 400;\">Come usare Azithral<\/span><\/h3>\n<p><span style=\"font-weight: 400;\">Il collirio Azithral deve essere utilizzato secondo le istruzioni fornite dal medico di base. Durante l&#039;uso del collirio, attenersi alle seguenti istruzioni:<\/span><\/p>\n<ul>\n<li style=\"font-weight: 400;\" aria-level=\"1\"><span style=\"font-weight: 400;\">Assumere sempre il collirio come prescritto dal medico<\/span><\/li>\n<li style=\"font-weight: 400;\" aria-level=\"1\"><span style=\"font-weight: 400;\">Il prodotto \u00e8 destinato esclusivamente all&#039;uso oftalmico<\/span><\/li>\n<li style=\"font-weight: 400;\" aria-level=\"1\"><span style=\"font-weight: 400;\">Prima dell&#039;applicazione, lavarsi le mani con il sapone\u00a0<\/span><\/li>\n<li style=\"font-weight: 400;\" aria-level=\"1\"><span style=\"font-weight: 400;\">Inclina leggermente la testa all&#039;indietro e abbassa la palpebra inferiore per creare una tasca<\/span><\/li>\n<li style=\"font-weight: 400;\" aria-level=\"1\"><span style=\"font-weight: 400;\">Metti una goccia in tasca e cerca di non toccare la punta con l&#039;occhio<\/span><\/li>\n<li style=\"font-weight: 400;\" aria-level=\"1\"><span style=\"font-weight: 400;\">Chiudi delicatamente l&#039;occhio e premi il dito contro l&#039;angolo interno dell&#039;occhio<\/span><\/li>\n<li style=\"font-weight: 400;\" aria-level=\"1\"><span style=\"font-weight: 400;\">Il medico determiner\u00e0 la dose e la durata appropriate in base all&#039;et\u00e0, al peso e alle condizioni mediche.<\/span><\/li>\n<\/ul>","protected":false},"excerpt":{"rendered":"<ul>\n<li style=\"font-weight: 400;\" aria-level=\"1\"><span style=\"font-weight: 400;\">Azitromicina approvata dalla FDA<\/span><\/li>\n<li style=\"font-weight: 400;\" aria-level=\"1\"><span style=\"font-weight: 400;\">Sollievo rapido da arrossamento e irritazione degli occhi<\/span><\/li>\n<li style=\"font-weight: 400;\" aria-level=\"1\"><span style=\"font-weight: 400;\">Effetti visibili entro 2-3 giorni<\/span><\/li>\n<li style=\"font-weight: 400;\" aria-level=\"1\"><span style=\"font-weight: 400;\">Spedizione entro 24 ore<\/span><\/li>\n<\/ul>","protected":false},"featured_media":29365,"comment_status":"open","ping_status":"closed","template":"","meta":{"om_disable_all_campaigns":false,"_uf_show_specific_survey":0,"_uf_disable_surveys":false},"product_brand":[],"product_cat":[469],"product_tag":[],"class_list":{"0":"post-4150","1":"product","2":"type-product","3":"status-publish","4":"has-post-thumbnail","6":"product_cat-eye-care","8":"first","9":"instock","10":"shipping-taxable","11":"purchasable","12":"product-type-variable","13":"has-default-attributes"},"_links":{"self":[{"href":"https:\/\/wowrxpharmacy.com\/it\/wp-json\/wp\/v2\/product\/4150","targetHints":{"allow":["GET"]}}],"collection":[{"href":"https:\/\/wowrxpharmacy.com\/it\/wp-json\/wp\/v2\/product"}],"about":[{"href":"https:\/\/wowrxpharmacy.com\/it\/wp-json\/wp\/v2\/types\/product"}],"replies":[{"embeddable":true,"href":"https:\/\/wowrxpharmacy.com\/it\/wp-json\/wp\/v2\/comments?post=4150"}],"wp:featuredmedia":[{"embeddable":true,"href":"https:\/\/wowrxpharmacy.com\/it\/wp-json\/wp\/v2\/media\/29365"}],"wp:attachment":[{"href":"https:\/\/wowrxpharmacy.com\/it\/wp-json\/wp\/v2\/media?parent=4150"}],"wp:term":[{"taxonomy":"product_brand","embeddable":true,"href":"https:\/\/wowrxpharmacy.com\/it\/wp-json\/wp\/v2\/product_brand?post=4150"},{"taxonomy":"product_cat","embeddable":true,"href":"https:\/\/wowrxpharmacy.com\/it\/wp-json\/wp\/v2\/product_cat?post=4150"},{"taxonomy":"product_tag","embeddable":true,"href":"https:\/\/wowrxpharmacy.com\/it\/wp-json\/wp\/v2\/product_tag?post=4150"}],"curies":[{"name":"wp","href":"https:\/\/api.w.org\/{rel}","templated":true}]}}