{"id":4058,"date":"2024-07-13T08:08:26","date_gmt":"2024-07-13T12:08:26","guid":{"rendered":"https:\/\/wowrxpharmacy.com\/?post_type=product&#038;p=4058"},"modified":"2024-10-16T03:51:27","modified_gmt":"2024-10-16T07:51:27","slug":"assurans-20mg","status":"publish","type":"product","link":"https:\/\/wowrxpharmacy.com\/it\/product\/assurans-20mg\/","title":{"rendered":"Assurans 20 mg"},"content":{"rendered":"<h3><span style=\"font-weight: 400;\">Informazioni su Assurans 20 mg<\/span><\/h3>\n<p><span style=\"font-weight: 400;\">Assurans 20 mg \u00e8 un farmaco prescritto per il trattamento dell&#039;ipertensione arteriosa polmonare e della disfunzione erettile. Il principio attivo di questo farmaco \u00e8 il sildenafil. Il sildenafil (Viagra) \u00e8 disponibile in forma orale (capsule e compresse) e iniettabile. La forma orale del sildenafil \u00e8 meglio conosciuta come &quot;pillola blu&quot;.<\/span><\/p>\n<p><span style=\"font-weight: 400;\">Le pillole di Assurans hanno ricevuto recensioni positive su Internet. Cipla Ltd produce questo medicinale. Puoi acquistare Assurans 20 mg da WowRxPharmacy ai migliori prezzi.<\/span><\/p>\n<h3><span style=\"font-weight: 400;\">Usi di Assurans 20mg<\/span><\/h3>\n<p><span style=\"font-weight: 400;\">La capsula di Assurans \u00e8 un farmaco su prescrizione medica utilizzato principalmente per il trattamento della disfunzione erettile e dell&#039;ipertensione arteriosa polmonare. Aiuta anche a rallentare la progressione della malattia, migliora la capacit\u00e0 di esercizio fisico e allevia la mancanza di respiro.\u00a0\u00a0<\/span><\/p>\n<h4><span style=\"font-weight: 400;\">Disfunzione erettile\u00a0<\/span><\/h4>\n<p><span style=\"font-weight: 400;\">La disfunzione erettile \u00e8 una condizione medica che si verifica quando un uomo non riesce a mantenere e\/o raggiungere un&#039;erezione sufficientemente stimolante per il rapporto sessuale. Questa condizione si verifica a causa di una riduzione del flusso sanguigno nella regione del pene.\u00a0<\/span><\/p>\n<p><span style=\"font-weight: 400;\">Fattori quali condizioni mediche, lesioni fisiche e disturbi psicologici come depressione, stress, ansia, ecc. potrebbero essere le possibili cause di tale disgrazia.\u00a0<\/span><\/p>\n<h4><span style=\"font-weight: 400;\">ipertensione arteriosa polmonare<\/span><\/h4>\n<p><span style=\"font-weight: 400;\">L&#039;ipertensione polmonare \u00e8 una condizione medica in cui la forza del flusso sanguigno esercita una pressione prolungata contro le pareti arteriose, causando malattie cardiache e ictus. Fattori come obesit\u00e0, cardiopatie congenite, esposizione all&#039;amianto, ecc. potrebbero essere tra i fattori che influenzano l&#039;ipertensione arteriosa polmonare.<\/span><\/p>\n<h3><span style=\"font-weight: 400;\">Come funziona Assurans 20 mg<\/span><\/h3>\n<p><span style=\"font-weight: 400;\">Essendo un inibitore della fosfodiesterasi (PDE-5), la compressa di Assurans da 20 mg rilassa i vasi sanguigni e riduce cos\u00ec la pressione alta. Ci\u00f2 si traduce in un corretto funzionamento di cuore e fegato. Questo aiuta il cuore ad alleviare lo stress e a pompare pi\u00f9 sangue ai polmoni con molto meno sforzo.\u00a0<\/span><\/p>\n<p><span style=\"font-weight: 400;\">Il sildenafil, il sale attivo presente in Assurans 20 mg, rilassa i vasi sanguigni attorno alla regione del pene e migliora cos\u00ec il flusso sanguigno durante l&#039;eccitazione sessuale, contribuendo cos\u00ec a mantenere l&#039;erezione.<\/span><\/p>\n<h3><span style=\"font-weight: 400;\">Come assumere la medicina<\/span><\/h3>\n<p><span style=\"font-weight: 400;\">Ecco alcune cose da tenere a mente quando si consuma Assurans.<\/span><\/p>\n<ul>\n<li style=\"font-weight: 400;\" aria-level=\"1\"><span style=\"font-weight: 400;\">Assurans 20 mg pu\u00f2 essere assunto sia con il cibo che a stomaco vuoto, ma assicurati di assumerlo a un orario fisso ogni giorno<\/span><\/li>\n<li style=\"font-weight: 400;\" aria-level=\"1\"><span style=\"font-weight: 400;\">Il dosaggio e la frequenza saranno determinati dal medico in modo da ricevere la quantit\u00e0 adeguata per controllare i sintomi.<\/span><\/li>\n<li style=\"font-weight: 400;\" aria-level=\"1\"><span style=\"font-weight: 400;\">Evitare di schiacciare, masticare o rompere la compressa da 20 mg; cercare di deglutirla intera<\/span><\/li>\n<li style=\"font-weight: 400;\" aria-level=\"1\"><span style=\"font-weight: 400;\">Seguire i consigli del medico e assumere questo medicinale regolarmente per tutto il tempo consigliato<\/span><\/li>\n<\/ul>","protected":false},"excerpt":{"rendered":"<ul>\n<li style=\"font-weight: 400;\" aria-level=\"1\"><span style=\"font-weight: 400;\">Sildenafil approvato dalla FDA<\/span><\/li>\n<li style=\"font-weight: 400;\" aria-level=\"1\"><span style=\"font-weight: 400;\">Tratta la disfunzione erettile e l&#039;ipertensione arteriosa polmonare<\/span><\/li>\n<li style=\"font-weight: 400;\" aria-level=\"1\"><span style=\"font-weight: 400;\">Inizia a funzionare tra 30 minuti<\/span><\/li>\n<li style=\"font-weight: 400;\" aria-level=\"1\"><span style=\"font-weight: 400;\">Dura 4-6 ore<\/span><\/li>\n<li style=\"font-weight: 400;\" aria-level=\"1\"><span style=\"font-weight: 400;\">Imballaggio discreto<\/span><\/li>\n<\/ul>","protected":false},"featured_media":29296,"comment_status":"open","ping_status":"closed","template":"","meta":{"om_disable_all_campaigns":false,"_uf_show_specific_survey":0,"_uf_disable_surveys":false},"product_brand":[],"product_cat":[608],"product_tag":[],"class_list":{"0":"post-4058","1":"product","2":"type-product","3":"status-publish","4":"has-post-thumbnail","6":"product_cat-heart-blood-pressure","8":"first","9":"instock","10":"shipping-taxable","11":"purchasable","12":"product-type-variable","13":"has-default-attributes"},"_links":{"self":[{"href":"https:\/\/wowrxpharmacy.com\/it\/wp-json\/wp\/v2\/product\/4058","targetHints":{"allow":["GET"]}}],"collection":[{"href":"https:\/\/wowrxpharmacy.com\/it\/wp-json\/wp\/v2\/product"}],"about":[{"href":"https:\/\/wowrxpharmacy.com\/it\/wp-json\/wp\/v2\/types\/product"}],"replies":[{"embeddable":true,"href":"https:\/\/wowrxpharmacy.com\/it\/wp-json\/wp\/v2\/comments?post=4058"}],"wp:featuredmedia":[{"embeddable":true,"href":"https:\/\/wowrxpharmacy.com\/it\/wp-json\/wp\/v2\/media\/29296"}],"wp:attachment":[{"href":"https:\/\/wowrxpharmacy.com\/it\/wp-json\/wp\/v2\/media?parent=4058"}],"wp:term":[{"taxonomy":"product_brand","embeddable":true,"href":"https:\/\/wowrxpharmacy.com\/it\/wp-json\/wp\/v2\/product_brand?post=4058"},{"taxonomy":"product_cat","embeddable":true,"href":"https:\/\/wowrxpharmacy.com\/it\/wp-json\/wp\/v2\/product_cat?post=4058"},{"taxonomy":"product_tag","embeddable":true,"href":"https:\/\/wowrxpharmacy.com\/it\/wp-json\/wp\/v2\/product_tag?post=4058"}],"curies":[{"name":"wp","href":"https:\/\/api.w.org\/{rel}","templated":true}]}}