{"id":3992,"date":"2024-07-13T08:08:42","date_gmt":"2024-07-13T12:08:42","guid":{"rendered":"https:\/\/wowrxpharmacy.com\/?post_type=product&#038;p=3992"},"modified":"2024-10-16T03:51:27","modified_gmt":"2024-10-16T07:51:27","slug":"azopt-eye-drop-1-5-ml","status":"publish","type":"product","link":"https:\/\/wowrxpharmacy.com\/it\/product\/azopt-eye-drop-1-5-ml\/","title":{"rendered":"Azopt collirio 1% (5 ml)"},"content":{"rendered":"<h3><span style=\"font-weight: 400;\">Informazioni su Azopt Eye Drop 1%<\/span><span style=\"font-weight: 400;\"><br \/>\n<\/span><\/h3>\n<p><span style=\"font-weight: 400;\">Azopt collirio \u00e8 un medicinale utilizzato per trattare pazienti affetti da glaucoma o ipertensione oculare, caratterizzata da elevata pressione oculare. Il sale presente in questo collirio \u00e8 la brinzolamide. Quando la pressione oculare \u00e8 troppo alta, pu\u00f2 compromettere la capacit\u00e0 visiva. Azopt collirio agisce riducendo la quantit\u00e0 di liquido presente nell&#039;occhio. <\/span><span style=\"font-weight: 400;\">Il collirio Azopt 1% ha ricevuto recensioni molto positive ed \u00e8 un farmaco consigliato per il glaucoma.<\/span><\/p>\n<h3><span style=\"font-weight: 400;\">Utilizzo<\/span><span style=\"font-weight: 400;\"><br \/>\n<\/span><\/h3>\n<p><span style=\"font-weight: 400;\">Di seguito sono riportati gli usi del collirio Azopt:<\/span><\/p>\n<h4><span style=\"font-weight: 400;\">Glaucoma ad angolo aperto<\/span><span style=\"font-weight: 400;\"><br \/>\n<\/span><\/h4>\n<p><span style=\"font-weight: 400;\">Il glaucoma \u00e8 un gruppo di malattie oculari che peggiorano nel tempo i danni al nervo ottico. \u00c8 una condizione in cui la pressione intraoculare, chiamata pressione intraoculare, aumenta. Questo pu\u00f2 causare la perdita permanente della vista. Il glaucoma pu\u00f2 manifestarsi a qualsiasi et\u00e0, ma le persone con pi\u00f9 di 60 anni hanno maggiori probabilit\u00e0 di esserne colpite. Il glaucoma \u00e8 pi\u00f9 probabile in et\u00e0 avanzata, con una storia familiare di glaucoma o in caso di precedenti lesioni oculari. Anche un basso flusso sanguigno al nervo ottico e problemi di salute come ipertensione e diabete possono causare il glaucoma.<\/span><\/p>\n<h4><span style=\"font-weight: 400;\">Ipertensione oculare<\/span><\/h4>\n<p><span style=\"font-weight: 400;\">Quando l&#039;occhio produce troppo liquido, la pressione aumenta, causando un aumento della pressione intraoculare. Questo pu\u00f2 portare al glaucoma a lungo termine.<\/span><span style=\"font-weight: 400;\"><br \/>\n<\/span><\/p>\n<h3><span style=\"font-weight: 400;\">Lavorando<\/span><span style=\"font-weight: 400;\"><br \/>\n<\/span><\/h3>\n<p><span style=\"font-weight: 400;\">Il collirio Azopt rallenta l&#039;anidrasi carbonica. Inibisce la produzione di umore acqueo (il liquido presente nell&#039;occhio), riducendo cos\u00ec la pressione intraoculare.<\/span><\/p>\n<h3><span style=\"font-weight: 400;\">Come si usa?<\/span><span style=\"font-weight: 400;\"><br \/>\n<\/span><\/h3>\n<p><span style=\"font-weight: 400;\">Se il sigillo \u00e8 rotto prima di utilizzare il collirio Azopt per la prima volta, non utilizzarlo mai. Prima di utilizzarlo, lavarsi le mani con il sapone e agitare energicamente il flacone. Se si indossano lenti a contatto, toglierle prima di applicarle e attendere almeno 15 minuti prima di rimetterle. Non assumere questo medicinale prima di aver consultato il medico.<\/span><\/p>","protected":false},"excerpt":{"rendered":"<ul>\n<li style=\"font-weight: 400;\" aria-level=\"1\"><span style=\"font-weight: 400;\">Riduce la pressione alta nell&#039;occhio<\/span><\/li>\n<li style=\"font-weight: 400;\" aria-level=\"1\"><span style=\"font-weight: 400;\">Riduce il rischio di perdita della vista<\/span><\/li>\n<li style=\"font-weight: 400;\" aria-level=\"1\"><span style=\"font-weight: 400;\">Effetto completo visibile fino a 4 settimane<\/span><\/li>\n<li style=\"font-weight: 400;\" aria-level=\"1\"><span style=\"font-weight: 400;\">Assistenza clienti esperta<\/span><\/li>\n<\/ul>","protected":false},"featured_media":29367,"comment_status":"open","ping_status":"closed","template":"","meta":{"om_disable_all_campaigns":false,"_uf_show_specific_survey":0,"_uf_disable_surveys":false},"product_brand":[],"product_cat":[469],"product_tag":[],"class_list":{"0":"post-3992","1":"product","2":"type-product","3":"status-publish","4":"has-post-thumbnail","6":"product_cat-eye-care","8":"first","9":"instock","10":"shipping-taxable","11":"purchasable","12":"product-type-variable"},"_links":{"self":[{"href":"https:\/\/wowrxpharmacy.com\/it\/wp-json\/wp\/v2\/product\/3992","targetHints":{"allow":["GET"]}}],"collection":[{"href":"https:\/\/wowrxpharmacy.com\/it\/wp-json\/wp\/v2\/product"}],"about":[{"href":"https:\/\/wowrxpharmacy.com\/it\/wp-json\/wp\/v2\/types\/product"}],"replies":[{"embeddable":true,"href":"https:\/\/wowrxpharmacy.com\/it\/wp-json\/wp\/v2\/comments?post=3992"}],"wp:featuredmedia":[{"embeddable":true,"href":"https:\/\/wowrxpharmacy.com\/it\/wp-json\/wp\/v2\/media\/29367"}],"wp:attachment":[{"href":"https:\/\/wowrxpharmacy.com\/it\/wp-json\/wp\/v2\/media?parent=3992"}],"wp:term":[{"taxonomy":"product_brand","embeddable":true,"href":"https:\/\/wowrxpharmacy.com\/it\/wp-json\/wp\/v2\/product_brand?post=3992"},{"taxonomy":"product_cat","embeddable":true,"href":"https:\/\/wowrxpharmacy.com\/it\/wp-json\/wp\/v2\/product_cat?post=3992"},{"taxonomy":"product_tag","embeddable":true,"href":"https:\/\/wowrxpharmacy.com\/it\/wp-json\/wp\/v2\/product_tag?post=3992"}],"curies":[{"name":"wp","href":"https:\/\/api.w.org\/{rel}","templated":true}]}}