{"id":3967,"date":"2024-07-13T08:07:31","date_gmt":"2024-07-13T12:07:31","guid":{"rendered":"https:\/\/wowrxpharmacy.com\/?post_type=product&#038;p=3967"},"modified":"2024-10-16T03:47:35","modified_gmt":"2024-10-16T07:47:35","slug":"dorzox-eye-drop-2-5-ml","status":"publish","type":"product","link":"https:\/\/wowrxpharmacy.com\/it\/product\/dorzox-eye-drop-2-5-ml\/","title":{"rendered":"Dorzox collirio 2% (5 ml)"},"content":{"rendered":"<h3><span style=\"font-weight: 400;\">Informazioni sulle gocce oculari Dorzox<\/span><\/h3>\n<p><span style=\"font-weight: 400;\">Il collirio Dorzox \u00e8 un farmaco da prescrizione utilizzato per alleviare la pressione oculare elevata. L&#039;ipertensione oculare \u00e8 causata dall&#039;accumulo di liquido oculare e dalla difficolt\u00e0 a rilasciarlo nel sangue.<\/span><\/p>\n<p><span style=\"font-weight: 400;\">L&#039;ipertensione oculare, nota anche come aumento della pressione intraoculare, pu\u00f2 portare a malattie gravi come il glaucoma. Le gocce di Dorzox aiutano a prevenire la graduale perdita della vista, riducendo l&#039;aumento della pressione intraoculare.\u00a0<\/span><\/p>\n<p><span style=\"font-weight: 400;\">Contiene il principio attivo Dorzolamide, un inibitore dell&#039;anidrasi carbonica. Puoi acquistare il collirio Dorzox comodamente da casa tramite WowRXPharmacy.\u00a0<\/span><\/p>\n<h3><span style=\"font-weight: 400;\">Usi del collirio Dorzox<\/span><\/h3>\n<p><span style=\"font-weight: 400;\">Il collirio a base di dorzolamide aiuta a ridurre la pressione intraoculare che potrebbe portare al glaucoma ad angolo aperto. Il glaucoma \u00e8 una patologia oculare in cui il nervo ottico viene danneggiato, con conseguente aumento della pressione oculare e, se non trattato, pu\u00f2 portare alla cecit\u00e0 permanente.\u00a0<\/span><\/p>\n<p><span style=\"font-weight: 400;\">Il collirio a base di Dorzolamide agisce abbassando la pressione oculare. Il collirio Dorzox deve essere instillato in una dose da 5 ml solo nell&#039;occhio interessato, evitando il contatto con l&#039;occhio sano.<\/span><\/p>\n<h3><span style=\"font-weight: 400;\">Funzionamento della Dorzolamide<\/span><\/h3>\n<p><span style=\"font-weight: 400;\">Dorsox ha ricevuto recensioni molto positive ed \u00e8 un farmaco consigliato per il glaucoma ad angolo aperto. <\/span><span style=\"font-weight: 400;\">Il collirio Dorzox contiene il principio attivo Dorzolamide.<\/span><\/p>\n<p><span style=\"font-weight: 400;\">La dorzolamide, un farmaco approvato dalla FDA, appartiene alla classe di farmaci chiamati inibitori dell&#039;anidrasi carbonica. Agisce riducendo la pressione oculare elevata, una condizione chiamata ipertensione oculare.\u00a0<\/span><\/p>\n<p><span style=\"font-weight: 400;\">L&#039;ipertensione oculare pu\u00f2 essere un sintomo precoce di malattie gravi come il glaucoma. Se non trattata, l&#039;aumento della pressione intraoculare pu\u00f2 anche portare alla cecit\u00e0 completa.\u00a0<\/span><\/p>\n<p><span style=\"font-weight: 400;\">Il collirio a base di dorzolamide riduce la produzione di umore acqueo, riducendo l&#039;aumento della pressione oculare. La riduzione della produzione di liquido oculare abbassa la pressione oculare.\u00a0<\/span><\/p>\n<h3><span style=\"font-weight: 400;\">Istruzioni per l&#039;uso<\/span><\/h3>\n<p><span style=\"font-weight: 400;\">Poich\u00e9 la gravit\u00e0 della malattia varia da persona a persona, \u00e8 sempre opportuno consultare il medico per conoscere la frequenza e il dosaggio del collirio. \u00c8 necessario utilizzare il collirio Dorzox secondo le indicazioni del medico e in un orario specifico.\u00a0<\/span><\/p>\n<p><span style=\"font-weight: 400;\">Di solito \u00e8 consigliabile che i pazienti utilizzino regolarmente il collirio Dorzox. Si raccomanda di seguire i seguenti passaggi:\u00a0<\/span><\/p>\n<ul>\n<li style=\"font-weight: 400;\" aria-level=\"1\"><span style=\"font-weight: 400;\">Tienilo vicino al viso senza premere la punta del contagocce sull&#039;occhio<\/span><\/li>\n<li style=\"font-weight: 400;\" aria-level=\"1\"><span style=\"font-weight: 400;\">Mettere il liquido del collirio nella palpebra inferiore premendo delicatamente il contagocce<\/span><\/li>\n<li style=\"font-weight: 400;\" aria-level=\"1\"><span style=\"font-weight: 400;\">Asciugare eventuali liquidi in eccesso con un asciugamano pulito<\/span><\/li>\n<\/ul>\n<p><span style=\"font-weight: 400;\">Se sei allergico alla dorzolamide, il tuo medico pu\u00f2 prescriverti in alternativa:<\/span><span style=\"font-weight: 400;\"><br \/>\n<\/span><\/p>\n<ul>\n<li style=\"font-weight: 400;\" aria-level=\"1\"><span style=\"font-weight: 400;\">Bimat LS Collirio 3ml<\/span><\/li>\n<li style=\"font-weight: 400;\" aria-level=\"1\"><span style=\"font-weight: 400;\">Actavis Bimatoprost 300 mcg (0,03%)<\/span><\/li>\n<li style=\"font-weight: 400;\" aria-level=\"1\"><span style=\"font-weight: 400;\">Bimat (con pennello) 3 ml. (0,03%)<\/span><\/li>\n<li style=\"font-weight: 400;\" aria-level=\"1\"><span style=\"font-weight: 400;\">Brimodin 5 ml collirio<\/span><\/li>\n<li style=\"font-weight: 400;\" aria-level=\"1\"><span style=\"font-weight: 400;\">Iotim, 0,5% collirio, 5 ml<\/span><\/li>\n<li style=\"font-weight: 400;\" aria-level=\"1\"><span style=\"font-weight: 400;\">Brimosun P 0.15% Collirio<\/span><\/li>\n<li style=\"font-weight: 400;\" aria-level=\"1\"><span style=\"font-weight: 400;\">Travatan 2,5 ml (0,004%)<\/span><\/li>\n<li style=\"font-weight: 400;\" aria-level=\"1\"><span style=\"font-weight: 400;\">Xalatan collirio 0.005% (2,5 ml)<\/span><\/li>\n<\/ul>","protected":false},"excerpt":{"rendered":"<ul>\n<li style=\"font-weight: 400;\" aria-level=\"1\"><span style=\"font-weight: 400;\">Efficace nella prevenzione del glaucoma<\/span><\/li>\n<li style=\"font-weight: 400;\" aria-level=\"1\"><span style=\"font-weight: 400;\">Inizia a funzionare entro 8 ore<\/span><\/li>\n<li style=\"font-weight: 400;\" aria-level=\"1\"><span style=\"font-weight: 400;\">Dimostrato di abbassare efficacemente la pressione intraoculare<\/span><\/li>\n<li style=\"font-weight: 400;\" aria-level=\"1\"><span style=\"font-weight: 400;\">Previene la perdita della vista<\/span><\/li>\n<li style=\"font-weight: 400;\" aria-level=\"1\"><span style=\"font-weight: 400;\">Safe &amp; FDA Approved<\/span><\/li>\n<\/ul>","protected":false},"featured_media":29592,"comment_status":"open","ping_status":"closed","template":"","meta":{"om_disable_all_campaigns":false,"_uf_show_specific_survey":0,"_uf_disable_surveys":false},"product_brand":[],"product_cat":[469],"product_tag":[],"class_list":{"0":"post-3967","1":"product","2":"type-product","3":"status-publish","4":"has-post-thumbnail","6":"product_cat-eye-care","8":"first","9":"instock","10":"shipping-taxable","11":"purchasable","12":"product-type-variable"},"_links":{"self":[{"href":"https:\/\/wowrxpharmacy.com\/it\/wp-json\/wp\/v2\/product\/3967","targetHints":{"allow":["GET"]}}],"collection":[{"href":"https:\/\/wowrxpharmacy.com\/it\/wp-json\/wp\/v2\/product"}],"about":[{"href":"https:\/\/wowrxpharmacy.com\/it\/wp-json\/wp\/v2\/types\/product"}],"replies":[{"embeddable":true,"href":"https:\/\/wowrxpharmacy.com\/it\/wp-json\/wp\/v2\/comments?post=3967"}],"wp:featuredmedia":[{"embeddable":true,"href":"https:\/\/wowrxpharmacy.com\/it\/wp-json\/wp\/v2\/media\/29592"}],"wp:attachment":[{"href":"https:\/\/wowrxpharmacy.com\/it\/wp-json\/wp\/v2\/media?parent=3967"}],"wp:term":[{"taxonomy":"product_brand","embeddable":true,"href":"https:\/\/wowrxpharmacy.com\/it\/wp-json\/wp\/v2\/product_brand?post=3967"},{"taxonomy":"product_cat","embeddable":true,"href":"https:\/\/wowrxpharmacy.com\/it\/wp-json\/wp\/v2\/product_cat?post=3967"},{"taxonomy":"product_tag","embeddable":true,"href":"https:\/\/wowrxpharmacy.com\/it\/wp-json\/wp\/v2\/product_tag?post=3967"}],"curies":[{"name":"wp","href":"https:\/\/api.w.org\/{rel}","templated":true}]}}