{"id":3873,"date":"2024-07-09T03:14:09","date_gmt":"2024-07-09T07:14:09","guid":{"rendered":"https:\/\/wowrxpharmacy.com\/?post_type=product&#038;p=3873"},"modified":"2024-10-16T03:51:27","modified_gmt":"2024-10-16T07:51:27","slug":"careprost-plus-collirio-3-ml","status":"publish","type":"product","link":"https:\/\/wowrxpharmacy.com\/it\/product\/careprost-plus-collirio-3-ml\/","title":{"rendered":"Careprost Plus collirio 3 ml"},"content":{"rendered":"<h3><span style=\"font-weight: 400;\">Informazioni su Careprost Plus Collirio 3 ml<\/span><\/h3>\n<p><span style=\"font-weight: 400;\">Gli oculisti prescrivono il collirio Careprost per il trattamento del glaucoma e di altre patologie oculari. Bimatoprost e Timololo sono i principi attivi del collirio Careprost Plus da 3 ml. Il collirio \u00e8 disponibile in concentrazioni da 3 ml di 0,031 TP3T ed \u00e8 efficace per il trattamento della pressione intraoculare. Sun Pharmaceuticals produce il collirio Careprost Plus.\u00a0<\/span><\/p>\n<h3><span style=\"font-weight: 400;\">Usi del collirio Careprost Plus<\/span><\/h3>\n<p><span style=\"font-weight: 400;\">Le gocce oculari Careprost Plus sono utilizzate nel trattamento delle seguenti condizioni mediche relative agli occhi,<\/span><\/p>\n<h4><span style=\"font-weight: 400;\">Glaucoma\u00a0<\/span><\/h4>\n<p><span style=\"font-weight: 400;\">La condizione provoca un aumento anomalo della pressione oculare, che pu\u00f2 causare danni al nervo ottico e cecit\u00e0. Quando si crea o si accumula troppo liquido negli occhi, si verifica un aumento anomalo della pressione. Il nervo ottico, che comunica con il cervello, \u00e8 colpito da questo sforzo oculare.<\/span><\/p>\n<h4><span style=\"font-weight: 400;\">Ipertensione oculare<\/span><\/h4>\n<p><span style=\"font-weight: 400;\">\u00c8 una patologia oculare caratterizzata da un aumento della pressione intraoculare. L&#039;elevata pressione oculare pu\u00f2 causare danni al nervo ottico e pu\u00f2 essere un segno precoce di glaucoma.\u00a0<\/span><\/p>\n<h4><span style=\"font-weight: 400;\">Ipotricosi delle ciglia<\/span><\/h4>\n<p><span style=\"font-weight: 400;\">Anche l&#039;ipotricosi oculare pu\u00f2 essere trattata con il collirio Careprost. Si tratta di una condizione in cui le ciglia degli occhi presentano una quantit\u00e0 significativamente inferiore di peli.<\/span><\/p>\n<h3><span style=\"font-weight: 400;\">Azione del collirio Careprost<\/span><\/h3>\n<p><span style=\"font-weight: 400;\">Careprost Plus ha ricevuto recensioni molto positive ed \u00e8 un farmaco consigliato per il glaucoma ad angolo aperto.<\/span> <span style=\"font-weight: 400;\">Bimatoprost e Timololo sono i principi attivi di Careprost. Il Bimatoprost appartiene alla classe medica delle Prostaglandine, mentre il Timololo appartiene alla classe medica dei Beta-bloccanti. Agiscono aumentando il deflusso dell&#039;umore acqueo, un fluido limpido e acquoso che riempie la regione anteriore del bulbo oculare e, di conseguenza, riduce la pressione al suo interno. Il collirio Bimatoprost Timololo agisce anche come siero per ciglia, favorendone la crescita. Pertanto, tratta anche l&#039;ipotricosi delle ciglia.<\/span><\/p>\n<h3><span style=\"font-weight: 400;\">Come usare le gocce oculari Careprost<\/span><\/h3>\n<p><span style=\"font-weight: 400;\">Careprost Plus Collirio 3 ml contiene un principio attivo, Bimatoprost e Timololo, che cura il glaucoma. Poich\u00e9 la gravit\u00e0 della malattia varia da persona a persona, \u00e8 sempre consigliabile consultare il medico per conoscere la frequenza e il dosaggio del collirio. \u00c8 necessario utilizzare Careprost Plus Collirio secondo le indicazioni del medico e in un orario specifico. Di solito, si consiglia ai pazienti di utilizzare Careprost Plus Collirio regolarmente. Si raccomanda di seguire i seguenti passaggi:\u00a0<\/span><\/p>\n<ul>\n<li style=\"font-weight: 400;\" aria-level=\"1\"><span style=\"font-weight: 400;\">Tienilo vicino al viso senza premere la punta del contagocce sull&#039;occhio<\/span><\/li>\n<li style=\"font-weight: 400;\" aria-level=\"1\"><span style=\"font-weight: 400;\">Mettere il liquido del collirio nella palpebra inferiore premendo delicatamente il contagocce<\/span><\/li>\n<li style=\"font-weight: 400;\" aria-level=\"1\"><span style=\"font-weight: 400;\">Asciugare eventuali liquidi in eccesso con un asciugamano pulito<\/span><\/li>\n<\/ul>","protected":false},"excerpt":{"rendered":"<ul>\n<li style=\"font-weight: 400;\" aria-level=\"1\"><span style=\"font-weight: 400;\">Bimatoprost e Timololo approvati dalla FDA<\/span><\/li>\n<li style=\"font-weight: 400;\" aria-level=\"1\"><span style=\"font-weight: 400;\">Allevia la pressione oculare<\/span><\/li>\n<li style=\"font-weight: 400;\" aria-level=\"1\"><span style=\"font-weight: 400;\">Aumenta il volume delle ciglia<\/span><\/li>\n<li style=\"font-weight: 400;\" aria-level=\"1\"><span style=\"font-weight: 400;\">Risultati visibili entro 4 settimane<\/span><\/li>\n<li style=\"font-weight: 400;\" aria-level=\"1\"><span style=\"font-weight: 400;\">Prodotto affidabile e conveniente<\/span><\/li>\n<\/ul>","protected":false},"featured_media":3886,"comment_status":"open","ping_status":"closed","template":"","meta":{"om_disable_all_campaigns":false,"_uf_show_specific_survey":0,"_uf_disable_surveys":false},"product_brand":[],"product_cat":[469],"product_tag":[],"class_list":{"0":"post-3873","1":"product","2":"type-product","3":"status-publish","4":"has-post-thumbnail","6":"product_cat-eye-care","8":"first","9":"instock","10":"shipping-taxable","11":"purchasable","12":"product-type-variable","13":"has-default-attributes"},"_links":{"self":[{"href":"https:\/\/wowrxpharmacy.com\/it\/wp-json\/wp\/v2\/product\/3873","targetHints":{"allow":["GET"]}}],"collection":[{"href":"https:\/\/wowrxpharmacy.com\/it\/wp-json\/wp\/v2\/product"}],"about":[{"href":"https:\/\/wowrxpharmacy.com\/it\/wp-json\/wp\/v2\/types\/product"}],"replies":[{"embeddable":true,"href":"https:\/\/wowrxpharmacy.com\/it\/wp-json\/wp\/v2\/comments?post=3873"}],"wp:featuredmedia":[{"embeddable":true,"href":"https:\/\/wowrxpharmacy.com\/it\/wp-json\/wp\/v2\/media\/3886"}],"wp:attachment":[{"href":"https:\/\/wowrxpharmacy.com\/it\/wp-json\/wp\/v2\/media?parent=3873"}],"wp:term":[{"taxonomy":"product_brand","embeddable":true,"href":"https:\/\/wowrxpharmacy.com\/it\/wp-json\/wp\/v2\/product_brand?post=3873"},{"taxonomy":"product_cat","embeddable":true,"href":"https:\/\/wowrxpharmacy.com\/it\/wp-json\/wp\/v2\/product_cat?post=3873"},{"taxonomy":"product_tag","embeddable":true,"href":"https:\/\/wowrxpharmacy.com\/it\/wp-json\/wp\/v2\/product_tag?post=3873"}],"curies":[{"name":"wp","href":"https:\/\/api.w.org\/{rel}","templated":true}]}}