{"id":3836,"date":"2024-07-09T03:14:09","date_gmt":"2024-07-09T07:14:09","guid":{"rendered":"https:\/\/wowrxpharmacy.com\/?post_type=product&#038;p=3836"},"modified":"2024-10-16T03:51:27","modified_gmt":"2024-10-16T07:51:27","slug":"brimodina-5-ml","status":"publish","type":"product","link":"https:\/\/wowrxpharmacy.com\/it\/product\/brimodina-5-ml\/","title":{"rendered":"Brimodina 5 ml"},"content":{"rendered":"<h3><span style=\"font-weight: 400;\">Informazioni su Brimodin 5 ml<\/span><\/h3>\n<p><span style=\"font-weight: 400;\">Il collirio Brimodin \u00e8 un trattamento efficace per il glaucoma e l&#039;ipertensione oculare (pressione intraoculare). Brimodin contiene brimonidina, che aiuta a ridurre la pressione oculare elevata e il rischio di perdita della vista. Questo farmaco pu\u00f2 essere usato da solo o in associazione a un altro collirio che riduce la pressione intraoculare. Il collirio Brimonidina 0,2 \u00e8 disponibile solo con prescrizione medica e consiglio del medico. Puoi acquistare facilmente Brimodin 5 ml da WowRXPharmacy.<\/span><\/p>\n<h3><span style=\"font-weight: 400;\">Usi della brimodina<\/span><\/h3>\n<p><span style=\"font-weight: 400;\">Il collirio Brimodin viene utilizzato nel trattamento delle seguenti patologie oculari:<\/span><\/p>\n<h4><span style=\"font-weight: 400;\">Ipertensione intraoculare<\/span><\/h4>\n<p><span style=\"font-weight: 400;\">L&#039;ipertensione intraoculare \u00e8 una condizione caratterizzata da un&#039;elevata pressione intraoculare. \u00c8 causata da un eccesso di umore acqueo e dall&#039;incapacit\u00e0 dell&#039;occhio di drenarlo. Il collirio Brimodin aiuta a ridurre la pressione oculare elevata.<\/span><\/p>\n<h4><span style=\"font-weight: 400;\">Glaucoma ad angolo aperto<\/span><\/h4>\n<p><span style=\"font-weight: 400;\">Il glaucoma ad angolo aperto \u00e8 il tipo pi\u00f9 comune (un gruppo di disturbi oculari causati da un&#039;elevata pressione intraoculare). Pu\u00f2 causare danni progressivi al nervo ottico (un nervo oculare), portando alla perdita della vista. Il collirio Brimodin tratta il glaucoma ad angolo aperto riducendo la pressione del fluido all&#039;interno dell&#039;occhio.<\/span><\/p>\n<h3><span style=\"font-weight: 400;\">Come funziona la brimonidina<\/span><\/h3>\n<p><span style=\"font-weight: 400;\">Brimonidina 0,2 collirio appartiene alla classe degli agonisti dei recettori alfa2-adrenergici. La brimonidina abbassa la pressione intraoculare attraverso un duplice meccanismo: riduce la produzione di umore acqueo e ne stimola il deflusso attraverso la via uveosclerale. Brimodin Collirio di Cipla aiuta ad abbassare la pressione intraoculare, donando sollievo. <\/span><span style=\"font-weight: 400;\">Brimodin con brimonidina ha ricevuto recensioni molto positive ed \u00e8 un collirio consigliato per l&#039;ipertensione intraoculare e il glaucoma ad angolo aperto.<\/span><\/p>\n<h3><span style=\"font-weight: 400;\">Come usare Brimodin<\/span><\/h3>\n<p><span style=\"font-weight: 400;\">Per utilizzare Brimodin, seguire queste istruzioni:\u00a0<\/span><\/p>\n<ul>\n<li style=\"font-weight: 400;\" aria-level=\"1\"><span style=\"font-weight: 400;\">Tieni il contagocce vicino all&#039;occhio senza toccarlo. Inclina leggermente la testa all&#039;indietro e abbassa la palpebra.<\/span><\/li>\n<li style=\"font-weight: 400;\" aria-level=\"1\"><span style=\"font-weight: 400;\">Premere delicatamente il contagocce e inserire le gocce oculari nella palpebra inferiore, somministrare <\/span><span style=\"font-weight: 400;\">una goccia in ciascun occhio o come indicato dal medico<\/span><\/li>\n<li style=\"font-weight: 400;\" aria-level=\"1\"><span style=\"font-weight: 400;\">Rimuovere il liquido in eccesso. Applicare una pressione sull&#039;angolo dell&#039;occhio (vicino al naso) per circa 1 minuto dopo la somministrazione del collirio.<\/span><\/li>\n<li style=\"font-weight: 400;\" aria-level=\"1\"><span style=\"font-weight: 400;\">Utilizzare entro quattro settimane dall&#039;apertura della bottiglia<\/span><\/li>\n<li style=\"font-weight: 400;\" aria-level=\"1\"><span style=\"font-weight: 400;\">Per ottenere i migliori risultati, mettere una goccia tre volte al giorno nell&#039;occhio interessato o come indicato dal medico <\/span><\/li>\n<\/ul>","protected":false},"excerpt":{"rendered":"<ul>\n<li style=\"font-weight: 400;\" aria-level=\"1\"><span style=\"font-weight: 400;\">Cura il glaucoma e l&#039;ipertensione oculare<\/span><\/li>\n<li style=\"font-weight: 400;\" aria-level=\"1\"><span style=\"font-weight: 400;\">Riduce il rischio di perdita della vista<\/span><\/li>\n<li style=\"font-weight: 400;\" aria-level=\"1\"><span style=\"font-weight: 400;\">Miglioramento visibile entro 2 ore<\/span><\/li>\n<li style=\"font-weight: 400;\" aria-level=\"1\"><span style=\"font-weight: 400;\">Spedizione entro 24 ore<\/span><\/li>\n<\/ul>","protected":false},"featured_media":29415,"comment_status":"open","ping_status":"closed","template":"","meta":{"om_disable_all_campaigns":false,"_uf_show_specific_survey":0,"_uf_disable_surveys":false},"product_brand":[],"product_cat":[469],"product_tag":[],"class_list":{"0":"post-3836","1":"product","2":"type-product","3":"status-publish","4":"has-post-thumbnail","6":"product_cat-eye-care","8":"first","9":"instock","10":"shipping-taxable","11":"purchasable","12":"product-type-variable","13":"has-default-attributes"},"_links":{"self":[{"href":"https:\/\/wowrxpharmacy.com\/it\/wp-json\/wp\/v2\/product\/3836","targetHints":{"allow":["GET"]}}],"collection":[{"href":"https:\/\/wowrxpharmacy.com\/it\/wp-json\/wp\/v2\/product"}],"about":[{"href":"https:\/\/wowrxpharmacy.com\/it\/wp-json\/wp\/v2\/types\/product"}],"replies":[{"embeddable":true,"href":"https:\/\/wowrxpharmacy.com\/it\/wp-json\/wp\/v2\/comments?post=3836"}],"wp:featuredmedia":[{"embeddable":true,"href":"https:\/\/wowrxpharmacy.com\/it\/wp-json\/wp\/v2\/media\/29415"}],"wp:attachment":[{"href":"https:\/\/wowrxpharmacy.com\/it\/wp-json\/wp\/v2\/media?parent=3836"}],"wp:term":[{"taxonomy":"product_brand","embeddable":true,"href":"https:\/\/wowrxpharmacy.com\/it\/wp-json\/wp\/v2\/product_brand?post=3836"},{"taxonomy":"product_cat","embeddable":true,"href":"https:\/\/wowrxpharmacy.com\/it\/wp-json\/wp\/v2\/product_cat?post=3836"},{"taxonomy":"product_tag","embeddable":true,"href":"https:\/\/wowrxpharmacy.com\/it\/wp-json\/wp\/v2\/product_tag?post=3836"}],"curies":[{"name":"wp","href":"https:\/\/api.w.org\/{rel}","templated":true}]}}