{"id":3567,"date":"2024-09-27T06:00:21","date_gmt":"2024-09-27T10:00:21","guid":{"rendered":"https:\/\/wowrxpharmacy.com\/?post_type=product&#038;p=3567"},"modified":"2024-11-22T05:27:37","modified_gmt":"2024-11-22T10:27:37","slug":"inalatore-budecort-200-mcg-200-mdi","status":"publish","type":"product","link":"https:\/\/wowrxpharmacy.com\/it\/product\/inalatore-budecort-200-mcg-200-mdi\/","title":{"rendered":"Inalatore Budecort 200 mcg (200 mdi)"},"content":{"rendered":"<h3><span style=\"font-weight: 400;\">Informazioni su Budecort Inhaler 200 mcg<\/span><\/h3>\n<p><span style=\"font-weight: 400;\">Budecort Inhaler 200 mcg \u00e8 un farmaco da prescrizione utilizzato per prevenire i sintomi dell&#039;asma e della broncopneumopatia cronica ostruttiva (BPCO). Contiene budesonide come principio attivo e rientra nella classe dei farmaci corticosteroidi.\u00a0<\/span><\/p>\n<p><span style=\"font-weight: 400;\">L&#039;inalatore Budecort agisce bloccando la produzione di alcune sostanze chimiche che causano l&#039;infiammazione delle vie aeree, rendendo la respirazione pi\u00f9 completa e facile. Cipla Ltd produce l&#039;inalatore Budecort da 200 mcg, acquistabile da WowRx ai prezzi migliori. Fai un passo avanti acquistando inalatori di corticosteroidi e inizia a respirare meglio in pochissimo tempo.<\/span><\/p>\n<h3><span style=\"font-weight: 400;\">Usi dell&#039;inalatore Budecort 200 mcg<\/span><\/h3>\n<p><span style=\"font-weight: 400;\">Budecort Inhaler 200 mcg \u00e8 un trattamento preventivo e di mantenimento per le persone affette da asma e BPCO.<\/span><\/p>\n<h4><span style=\"font-weight: 400;\">Asma<\/span><\/h4>\n<p><span style=\"font-weight: 400;\">L&#039;asma \u00e8 una malattia respiratoria cronica che restringe, infiamma e gonfia le vie aeree, producendo muco in eccesso. Ci\u00f2 provoca mancanza di respiro e sintomi simili al respiro sibilante.<\/span><\/p>\n<h4><span style=\"font-weight: 400;\">Broncopneumopatia cronica ostruttiva<\/span><\/h4>\n<p><span style=\"font-weight: 400;\">La broncopneumopatia cronica ostruttiva (BPCO) \u00e8 un gruppo di malattie polmonari <\/span><a href=\"https:\/\/www.nhlbi.nih.gov\/health\/copd#:~:text=COPD%2C%20or%20chronic%20obstructive%20pulmonary%20disease%2C%20is%20a%20condition%20caused%20by%20damage%20to%20the%20airways%20or%20other%20parts%20of%20the%20lung%20that%20blocks%20airflow%20and%20makes%20it%20hard%20to%20breathe.\" target=\"_blank\" rel=\"nofollow noopener\"><span style=\"font-weight: 400;\">causato da<\/span><\/a><span style=\"font-weight: 400;\"> Danni alle vie aeree o ad altre parti dei polmoni. Provoca l&#039;ostruzione del flusso d&#039;aria dai polmoni e rende difficile respirare.<\/span><\/p>\n<h3><span style=\"font-weight: 400;\">Come funziona il budesonide?<\/span><\/h3>\n<p><span style=\"font-weight: 400;\">Gli inalatori di budesonide prevengono l&#039; <\/span><a href=\"https:\/\/www.ncbi.nlm.nih.gov\/books\/NBK563201\/#:~:text=Go%20to%3A-,Mechanism%20of%20Action,-Budesonide%20is%20a\" target=\"_blank\" rel=\"nofollow noopener\"><span style=\"font-weight: 400;\">produzione<\/span><\/a><span style=\"font-weight: 400;\"> di alcuni geni che possono indurre infiammazione nelle vie aeree e portare a difficolt\u00e0 respiratorie. Blocca anche il rilascio di sostanze che causano infiammazione, gonfiore, produzione di muco e irritazione nelle vie aeree.<\/span><\/p>\n<p><span style=\"font-weight: 400;\">Con meno infiammazione e gonfiore, le vie aeree sono meno ristrette, facilitando il flusso d&#039;aria in entrata e in uscita dai polmoni. Ci\u00f2 si traduce in una respirazione migliore e in una riduzione di sintomi come respiro sibilante e mancanza di respiro. Agisce entro 24-48 ore e offre un sollievo duraturo. Pu\u00f2 dare risultati completi entro 2-6 settimane di utilizzo attivo.<\/span><\/p>\n<p><span style=\"font-weight: 400;\">Tuttavia, \u00e8 <\/span><a href=\"https:\/\/www.ncbi.nlm.nih.gov\/books\/NBK563201\/#:~:text=Budesonide%20is%20not%20a%20bronchodilator%2C%20and%20therefore%2C%20it%20is%20contraindicated%20for%20the%20rapid%20bronchospasm%20relief%20in%20status%20asthmaticus%20or%20other%20episodes%20of%20acute%20asthma%20where%20intensive%20therapeutic%20measures%20are%20required.%C2%A0\" target=\"_blank\" rel=\"nofollow noopener\"><span style=\"font-weight: 400;\">importante<\/span><\/a><span style=\"font-weight: 400;\"> comprendere che la budesonide non \u00e8 un broncodilatatore. Pertanto, non pu\u00f2 fornire un rapido sollievo ed \u00e8 controindicata nei casi in cui siano necessarie misure terapeutiche intensive.<\/span><\/p>\n<h3><span style=\"font-weight: 400;\">Come usare l&#039;inalatore Budecort 200 mcg?<\/span><\/h3>\n<p><span style=\"font-weight: 400;\">\u00c8 importante utilizzare correttamente l&#039;inalatore Budecort 200 mcg per iniettare la giusta dose di budesonide nei polmoni e trarne i benefici. Per ottenere i migliori risultati, utilizzare il farmaco nei seguenti modi:<\/span><\/p>\n<ul>\n<li style=\"font-weight: 400;\" aria-level=\"1\"><span style=\"font-weight: 400;\">Innanzitutto, leggere il foglietto illustrativo allegato al medicinale. Contiene informazioni essenziali su come utilizzare l&#039;inalatore prima di doverlo sostituire.<\/span><\/li>\n<li style=\"font-weight: 400;\" aria-level=\"1\"><span style=\"font-weight: 400;\">Agitare l&#039;inalatore, premere per rilasciare il farmaco e trattenere il respiro per almeno 10 secondi<\/span><\/li>\n<li style=\"font-weight: 400;\" aria-level=\"1\"><span style=\"font-weight: 400;\">Ripetere la procedura fino a quando non si \u00e8 ricevuto il numero di spruzzi prescritto dal medico<\/span><\/li>\n<li style=\"font-weight: 400;\" aria-level=\"1\"><span style=\"font-weight: 400;\">Prendi la medicina alla stessa ora ogni giorno<\/span><\/li>\n<li style=\"font-weight: 400;\" aria-level=\"1\"><span style=\"font-weight: 400;\">Inoltre, non saltare, interrompere o superare la dose di Budecort Inhaler senza consultare il medico.<\/span><\/li>\n<\/ul>","protected":false},"excerpt":{"rendered":"<p>Il budesonide contenuto nell&#039;inalatore Budecort tratta l&#039;asma riducendo l&#039;infiammazione delle vie aeree e garantendo una respirazione migliore. Approvato dalla FDA, efficace e facile da usare.<\/p>","protected":false},"featured_media":3736,"comment_status":"open","ping_status":"closed","template":"","meta":{"om_disable_all_campaigns":false,"_uf_show_specific_survey":0,"_uf_disable_surveys":false},"product_brand":[],"product_cat":[555],"product_tag":[],"class_list":{"0":"post-3567","1":"product","2":"type-product","3":"status-publish","4":"has-post-thumbnail","6":"product_cat-asthma","8":"first","9":"instock","10":"sale","11":"shipping-taxable","12":"purchasable","13":"product-type-variable","14":"has-default-attributes"},"_links":{"self":[{"href":"https:\/\/wowrxpharmacy.com\/it\/wp-json\/wp\/v2\/product\/3567","targetHints":{"allow":["GET"]}}],"collection":[{"href":"https:\/\/wowrxpharmacy.com\/it\/wp-json\/wp\/v2\/product"}],"about":[{"href":"https:\/\/wowrxpharmacy.com\/it\/wp-json\/wp\/v2\/types\/product"}],"replies":[{"embeddable":true,"href":"https:\/\/wowrxpharmacy.com\/it\/wp-json\/wp\/v2\/comments?post=3567"}],"wp:featuredmedia":[{"embeddable":true,"href":"https:\/\/wowrxpharmacy.com\/it\/wp-json\/wp\/v2\/media\/3736"}],"wp:attachment":[{"href":"https:\/\/wowrxpharmacy.com\/it\/wp-json\/wp\/v2\/media?parent=3567"}],"wp:term":[{"taxonomy":"product_brand","embeddable":true,"href":"https:\/\/wowrxpharmacy.com\/it\/wp-json\/wp\/v2\/product_brand?post=3567"},{"taxonomy":"product_cat","embeddable":true,"href":"https:\/\/wowrxpharmacy.com\/it\/wp-json\/wp\/v2\/product_cat?post=3567"},{"taxonomy":"product_tag","embeddable":true,"href":"https:\/\/wowrxpharmacy.com\/it\/wp-json\/wp\/v2\/product_tag?post=3567"}],"curies":[{"name":"wp","href":"https:\/\/api.w.org\/{rel}","templated":true}]}}