{"id":3547,"date":"2024-09-25T07:45:21","date_gmt":"2024-09-25T11:45:21","guid":{"rendered":"https:\/\/wowrxpharmacy.com\/?post_type=product&#038;p=3547"},"modified":"2024-11-22T05:37:32","modified_gmt":"2024-11-22T10:37:32","slug":"bimat-3-ml-0-03","status":"publish","type":"product","link":"https:\/\/wowrxpharmacy.com\/it\/product\/bimat-3-ml-0-03\/","title":{"rendered":"Bimat 3 ml"},"content":{"rendered":"<h3><span style=\"font-weight: 400;\">Che cos&#039;\u00e8 Bimat 3ml?\u00a0<\/span><\/h3>\n<p><span style=\"font-weight: 400;\">Il collirio Bimat da 3 ml contiene il principio attivo Bimatoprost. \u00c8 prescritto per il trattamento di una patologia oculare cronica chiamata glaucoma ad angolo aperto, che pu\u00f2 portare alla perdita della vista o alla cecit\u00e0 se non trattata.\u00a0<\/span><\/p>\n<p><span style=\"font-weight: 400;\">Il bimatoprost \u00e8 una prostaglandina che drena il liquido in eccesso dall&#039;occhio e riduce la pressione intraoculare. Il suo uso costante pu\u00f2 anche contribuire a migliorare la crescita e lo spessore delle ciglia.<\/span><\/p>\n<p><span style=\"font-weight: 400;\">Ajanta Pharmaceuticals produce questo collirio. Tramite WowRx, puoi ricevere il collirio Bimat da 3 ml direttamente a casa tua.\u00a0<\/span><\/p>\n<h3><span style=\"font-weight: 400;\">A cosa serve il collirio Bimat da 3 ml?<\/span><\/h3>\n<p><span style=\"font-weight: 400;\">Il collirio Bimat 0,03 \u00e8 utilizzato per trattare quanto segue <\/span><a href=\"https:\/\/www.nhs.uk\/medicines\/bimatoprost\/about-bimatoprost\/#:~:text=Bimatoprost%20is%20a%20prostamide%20medicine%20that%20treats%20high%20pressure%20inside%20the%20eye%20(ocular%20hypertension)%20and%20glaucoma\" target=\"_blank\" rel=\"nofollow noopener\"><span style=\"font-weight: 400;\">condizioni<\/span><\/a><span style=\"font-weight: 400;\">:<\/span><\/p>\n<ul>\n<li style=\"font-weight: 400;\" aria-level=\"1\"><b>Glaucoma ad angolo aperto:<\/b><span style=\"font-weight: 400;\"> \u00c8 la patologia oculare cronica pi\u00f9 diffusa e indolore che causa la perdita della vista e la cecit\u00e0 irreversibile.<\/span><\/li>\n<li style=\"font-weight: 400;\" aria-level=\"1\"><b>Pressione intraoculare: <\/b><span style=\"font-weight: 400;\">\u00c8 la pressione del fluido all&#039;interno degli occhi. Aumenta in modo allarmante nel glaucoma ad angolo aperto, con conseguente perdita della vista.<\/span><\/li>\n<li aria-level=\"1\"><b>Ipotricosi delle ciglia: <\/b><span style=\"font-weight: 400;\">\u00c8 un disturbo in cui la crescita delle ciglia rallenta o cade<\/span><\/li>\n<\/ul>\n<h3><span style=\"font-weight: 400;\">Come funziona il bimatoprost?\u00a0<\/span><\/h3>\n<p><span style=\"font-weight: 400;\">Il bimatoprost \u00e8 un farmaco approvato dalla FDA utilizzato come principio attivo in molti colliri come Bimat 3 ml. \u00c8 un analogo delle prostaglandine che apre le vie di drenaggio ostruite nell&#039;occhio, aumentando la secrezione di liquido oculare in eccesso e <\/span><a href=\"https:\/\/medlineplus.gov\/druginfo\/meds\/a602030.html#:~:text=Bimatoprost%20is%20in%20a%20class%20of%20medications%20called%20prostaglandin%20analogs.%20It%20lowers%20pressure%20in%20the%20eye%20by%20increasing%20the%20flow%20of%20natural%20eye%20fluids%20out%20of%20the%20eye.\" target=\"_blank\" rel=\"nofollow noopener\"><span style=\"font-weight: 400;\">riducendo<\/span><\/a><span style=\"font-weight: 400;\"> Regola la pressione intraoculare. Aiuta anche a far crescere le ciglia.\u00a0<\/span><\/p>\n<h3><span style=\"font-weight: 400;\">Come si usano le gocce oculari Bimat da 3 ml?\u00a0<\/span><\/h3>\n<p><span style=\"font-weight: 400;\">Per ottenere i migliori risultati, seguire le istruzioni del medico per l&#039;uso del collirio Bimat da 3 ml. Le istruzioni generali per l&#039;uso sono le seguenti:<\/span><span style=\"font-weight: 400;\"><br \/>\n<\/span><\/p>\n<ul>\n<li style=\"font-weight: 400;\" aria-level=\"1\"><span style=\"font-weight: 400;\">Sdraiati e inclina la testa all&#039;indietro<\/span><\/li>\n<li style=\"font-weight: 400;\" aria-level=\"1\"><span style=\"font-weight: 400;\">Tirare delicatamente la palpebra inferiore e instillare il collirio in un occhio alla volta<\/span><\/li>\n<\/ul>\n<ul>\n<li style=\"font-weight: 400;\" aria-level=\"1\"><span style=\"font-weight: 400;\">Utilizzare solo una goccia al giorno o secondo la prescrizione medica<\/span><\/li>\n<li style=\"font-weight: 400;\" aria-level=\"1\"><span style=\"font-weight: 400;\">Per la crescita delle ciglia, applicare delicatamente una goccia di Bimat 3 ml con un applicatore alla radice della regione delle ciglia superiori<\/span><\/li>\n<li style=\"font-weight: 400;\" aria-level=\"1\"><span style=\"font-weight: 400;\">Rimuovere la soluzione in eccesso con un fazzoletto di carta<\/span><\/li>\n<\/ul>","protected":false},"excerpt":{"rendered":"<p>Bimat&#8217;s Bimatoprost offers FDA-approved eye drops that enhance eyelash growth while effectively managing eye pressure, providing reliable treatment for Glaucoma.<\/p>","protected":false},"featured_media":3551,"comment_status":"open","ping_status":"closed","template":"","meta":{"om_disable_all_campaigns":false,"_uf_show_specific_survey":0,"_uf_disable_surveys":false},"product_brand":[],"product_cat":[469],"product_tag":[],"class_list":{"0":"post-3547","1":"product","2":"type-product","3":"status-publish","4":"has-post-thumbnail","6":"product_cat-eye-care","8":"first","9":"instock","10":"sale","11":"shipping-taxable","12":"purchasable","13":"product-type-variable","14":"has-default-attributes"},"_links":{"self":[{"href":"https:\/\/wowrxpharmacy.com\/it\/wp-json\/wp\/v2\/product\/3547","targetHints":{"allow":["GET"]}}],"collection":[{"href":"https:\/\/wowrxpharmacy.com\/it\/wp-json\/wp\/v2\/product"}],"about":[{"href":"https:\/\/wowrxpharmacy.com\/it\/wp-json\/wp\/v2\/types\/product"}],"replies":[{"embeddable":true,"href":"https:\/\/wowrxpharmacy.com\/it\/wp-json\/wp\/v2\/comments?post=3547"}],"wp:featuredmedia":[{"embeddable":true,"href":"https:\/\/wowrxpharmacy.com\/it\/wp-json\/wp\/v2\/media\/3551"}],"wp:attachment":[{"href":"https:\/\/wowrxpharmacy.com\/it\/wp-json\/wp\/v2\/media?parent=3547"}],"wp:term":[{"taxonomy":"product_brand","embeddable":true,"href":"https:\/\/wowrxpharmacy.com\/it\/wp-json\/wp\/v2\/product_brand?post=3547"},{"taxonomy":"product_cat","embeddable":true,"href":"https:\/\/wowrxpharmacy.com\/it\/wp-json\/wp\/v2\/product_cat?post=3547"},{"taxonomy":"product_tag","embeddable":true,"href":"https:\/\/wowrxpharmacy.com\/it\/wp-json\/wp\/v2\/product_tag?post=3547"}],"curies":[{"name":"wp","href":"https:\/\/api.w.org\/{rel}","templated":true}]}}