{"id":3497,"date":"2024-09-23T06:00:21","date_gmt":"2024-09-23T10:00:21","guid":{"rendered":"https:\/\/wowrxpharmacy.com\/?post_type=product&#038;p=3497"},"modified":"2024-11-22T04:45:40","modified_gmt":"2024-11-22T09:45:40","slug":"inalatore-aerocort-50-50-mcg","status":"publish","type":"product","link":"https:\/\/wowrxpharmacy.com\/it\/product\/inalatore-aerocort-50-50-mcg\/","title":{"rendered":"Inalatore Aerocort 50mcg 50mcg (200 mdi)"},"content":{"rendered":"<h3><span style=\"font-weight: 400;\">Che cos&#039;\u00e8 Aerocort Inhaler 50mcg 50mcg (200 mdi)?<\/span><\/h3>\n<p><span style=\"font-weight: 400;\">Aerocort Inhaler \u00e8 un farmaco combinato per il trattamento dell&#039;asma, una patologia respiratoria che rende difficoltosa la respirazione. \u00c8 causata da vie aeree infiammate, gonfie e piene di muco. Alcuni dei sintomi dell&#039;asma sono difficolt\u00e0 respiratorie, respiro sibilante e tosse.<\/span><\/p>\n<p><span style=\"font-weight: 400;\">L&#039;inalatore Aerocort contiene beclometasone (corticosteroidi) e levosalbutamolo (broncodilatatori). Cipla Ltd. produce il farmaco. Puoi riceverlo rapidamente a domicilio da WowRx.<\/span><\/p>\n<h3><span style=\"font-weight: 400;\">A cosa serve Aerocort Inhaler 50mcg 50mcg (200 mdi)?<\/span><\/h3>\n<p><span style=\"font-weight: 400;\">L&#039;inalatore Aerocort 50mcg\/50mcg ha ricevuto recensioni molto positive ed \u00e8 un farmaco consigliato per l&#039;asma.<\/span><\/p>\n<p><span style=\"font-weight: 400;\">L&#039;inalatore Aerocort facilita la respirazione espandendo le vie aeree, riducendo i sintomi come<\/span><\/p>\n<ul>\n<li style=\"font-weight: 400;\" aria-level=\"1\"><span style=\"font-weight: 400;\">senso di costrizione al petto<\/span><\/li>\n<li style=\"font-weight: 400;\" aria-level=\"1\"><span style=\"font-weight: 400;\">Tosse notturna<\/span><\/li>\n<li style=\"font-weight: 400;\" aria-level=\"1\"><span style=\"font-weight: 400;\">Fiato corto<\/span><\/li>\n<li style=\"font-weight: 400;\" aria-level=\"1\"><span style=\"font-weight: 400;\">Cianosi<\/span><\/li>\n<li style=\"font-weight: 400;\" aria-level=\"1\"><span style=\"font-weight: 400;\">respiro sibilante<\/span><\/li>\n<li style=\"font-weight: 400;\" aria-level=\"1\"><span style=\"font-weight: 400;\">Tosse<\/span><\/li>\n<\/ul>\n<p><span style=\"font-weight: 400;\">A lungo termine, l&#039;esercizio fisico regolare e lo yoga possono migliorare i sintomi dell&#039;asma e la salute generale.<\/span><\/p>\n<h3><span style=\"font-weight: 400;\">Come funziona Aerocort Inhaler 50mcg 50mcg (200 mdi)?<\/span><\/h3>\n<p><span style=\"font-weight: 400;\">Il dosaggio di Aerocort Inhaler da 50 mcg di Beclometasone e 50 mcg di Levosalbutamolo \u00e8 un trattamento efficace per l&#039;asma e la broncopneumopatia cronica ostruttiva (BPCO). Il beclometasone \u00e8 uno steroide che <\/span><a href=\"https:\/\/pubchem.ncbi.nlm.nih.gov\/compound\/beclomethasone#:~:text=Beclomethasone%20is%20a%20synthetic%20glucocorticoid%20with%20anti%2Dinflammatory%20and%20immunomodulating%20properties.\" target=\"_blank\" rel=\"nofollow noopener\"><span style=\"font-weight: 400;\">inibisce<\/span><\/a><span style=\"font-weight: 400;\"> e sopprime i mediatori e le cellule pro- e anti-infiammatori.\u00a0<\/span><\/p>\n<p><span style=\"font-weight: 400;\">Il levosalbutamolo \u00e8 un beta-agonista con una breve durata d&#039;azione che rilassa le cellule muscolari lisce delle vie aeree, facilitando cos\u00ec il libero passaggio dell&#039;aria. Pertanto, Aerocort Inhaler \u00e8 un <\/span><a href=\"https:\/\/www.resmedjournal.com\/article\/S0954-6111%2806%2900105-3\/pdf\" target=\"_blank\" rel=\"nofollow noopener\"><span style=\"font-weight: 400;\">efficace<\/span><\/a><span style=\"font-weight: 400;\"> trattamento delle difficolt\u00e0 respiratorie, dell&#039;infiammazione e dell&#039;edema correlati all&#039;asma.<\/span><\/p>\n<h3><span style=\"font-weight: 400;\">Come usare Aerocort Inhaler 50mcg 50mcg (200 mdi)?<\/span><\/h3>\n<p><span style=\"font-weight: 400;\">Prima di utilizzare l&#039;inalatore, leggere attentamente l&#039;etichetta per le istruzioni d&#039;uso. Il medico prescriver\u00e0 la dose ideale di Aerocort Inhaler, ovvero il numero di inalazioni da effettuare, in base all&#039;et\u00e0, al peso e alla storia clinica. Il dosaggio tipico \u00e8 di 2 inalazioni per utilizzo.<\/span><\/p>\n<p><span style=\"font-weight: 400;\">Istruzioni generali per il corretto utilizzo dell&#039;inalatore:<\/span><\/p>\n<ul>\n<li style=\"font-weight: 400;\" aria-level=\"1\"><span style=\"font-weight: 400;\">Tenere l&#039;inalatore in posizione verticale e posizionare il boccaglio tra i denti in bocca. Evitare di morderlo.<\/span><\/li>\n<li style=\"font-weight: 400;\" aria-level=\"1\"><span style=\"font-weight: 400;\">Premi la parte superiore dell&#039;inalatore per espellere una boccata d&#039;aria mentre inspiri dalla bocca. Trattieni il respiro ora.<\/span><\/li>\n<li style=\"font-weight: 400;\" aria-level=\"1\"><span style=\"font-weight: 400;\">Rimuovere delicatamente l&#039;inalatore e trattenere il respiro finch\u00e9 \u00e8 confortevole<\/span><\/li>\n<li style=\"font-weight: 400;\" aria-level=\"1\"><span style=\"font-weight: 400;\">Espira delicatamente<\/span><\/li>\n<li style=\"font-weight: 400;\" aria-level=\"1\"><span style=\"font-weight: 400;\">Ripetere fino a quando non si sono inalati il numero di tiri prescritti dal medico<\/span><\/li>\n<li style=\"font-weight: 400;\" aria-level=\"1\"><span style=\"font-weight: 400;\">Quindi sciacquare bene la bocca con acqua e sputarla<\/span><\/li>\n<li style=\"font-weight: 400;\" aria-level=\"1\"><span style=\"font-weight: 400;\">Dopo l&#039;uso, riposizionare il coperchio del bocchino per evitare l&#039;accumulo di polvere o detriti<\/span><\/li>\n<\/ul>","protected":false},"excerpt":{"rendered":"<p>Con beclometasone e levosalbutamolo, l&#039;inalatore Aerocort fornisce un rapido sollievo dall&#039;asma, riducendo l&#039;infiammazione. Approvato dalla FDA, portatile ed efficace.<\/p>","protected":false},"featured_media":36590,"comment_status":"open","ping_status":"closed","template":"","meta":{"om_disable_all_campaigns":false,"_uf_show_specific_survey":0,"_uf_disable_surveys":false},"product_brand":[],"product_cat":[555],"product_tag":[],"class_list":{"0":"post-3497","1":"product","2":"type-product","3":"status-publish","4":"has-post-thumbnail","6":"product_cat-asthma","8":"first","9":"instock","10":"sale","11":"shipping-taxable","12":"purchasable","13":"product-type-variable","14":"has-default-attributes"},"_links":{"self":[{"href":"https:\/\/wowrxpharmacy.com\/it\/wp-json\/wp\/v2\/product\/3497","targetHints":{"allow":["GET"]}}],"collection":[{"href":"https:\/\/wowrxpharmacy.com\/it\/wp-json\/wp\/v2\/product"}],"about":[{"href":"https:\/\/wowrxpharmacy.com\/it\/wp-json\/wp\/v2\/types\/product"}],"replies":[{"embeddable":true,"href":"https:\/\/wowrxpharmacy.com\/it\/wp-json\/wp\/v2\/comments?post=3497"}],"wp:featuredmedia":[{"embeddable":true,"href":"https:\/\/wowrxpharmacy.com\/it\/wp-json\/wp\/v2\/media\/36590"}],"wp:attachment":[{"href":"https:\/\/wowrxpharmacy.com\/it\/wp-json\/wp\/v2\/media?parent=3497"}],"wp:term":[{"taxonomy":"product_brand","embeddable":true,"href":"https:\/\/wowrxpharmacy.com\/it\/wp-json\/wp\/v2\/product_brand?post=3497"},{"taxonomy":"product_cat","embeddable":true,"href":"https:\/\/wowrxpharmacy.com\/it\/wp-json\/wp\/v2\/product_cat?post=3497"},{"taxonomy":"product_tag","embeddable":true,"href":"https:\/\/wowrxpharmacy.com\/it\/wp-json\/wp\/v2\/product_tag?post=3497"}],"curies":[{"name":"wp","href":"https:\/\/api.w.org\/{rel}","templated":true}]}}