{"id":3472,"date":"2024-06-19T08:34:22","date_gmt":"2024-06-19T12:34:22","guid":{"rendered":"https:\/\/wowrxpharmacy.com\/?post_type=product&#038;p=3472"},"modified":"2024-10-16T03:51:28","modified_gmt":"2024-10-16T07:51:28","slug":"actavis-bimatoprost-con-pennello-300-mcg-0-03","status":"publish","type":"product","link":"https:\/\/wowrxpharmacy.com\/it\/product\/actavis-bimatoprost-con-pennello-300-mcg-0-03\/","title":{"rendered":"Actavis Bimatoprost (con pennello) 300 mcg (0,03%)"},"content":{"rendered":"<h3><span style=\"font-weight: 400;\">Informazioni su Actavis Bimatoprost<\/span><\/h3>\n<p><span style=\"font-weight: 400;\">Actavis Bimatoprost \u00e8 un farmaco che riduce la pressione oculare e drena il liquido in eccesso dagli occhi. Il suo principio attivo \u00e8 la soluzione oftalmica di Bimatoprost. Oltre ai suoi benefici medici, viene utilizzato come siero per ciglia per favorirne la crescita. Il flacone di soluzione \u00e8 dotato anche di un pennello per applicare il siero. Riduce la pressione oculare e il rischio di cecit\u00e0 totale. Actavis \u00e8 l&#039;azienda farmaceutica leader nella produzione di Actavis Bimatoprost .03%. Puoi acquistare Actavis Bimatoprost comodamente da casa tua tramite WowRXPharmacy.\u00a0<\/span><\/p>\n<h3><span style=\"font-weight: 400;\">Usi di Actavis Bimatoprost<\/span><\/h3>\n<p><span style=\"font-weight: 400;\">Actavis Bimatoprost \u00e8 utilizzato per il trattamento di patologie oculari. Ha sia uso medico che cosmetico.<\/span><\/p>\n<h4><span style=\"font-weight: 400;\">Glaucoma<\/span><\/h4>\n<p><span style=\"font-weight: 400;\">Il glaucoma \u00e8 una patologia oculare caratterizzata da danni al nervo ottico. Col progredire della malattia, porta alla cecit\u00e0 irreversibile e alla graduale perdita delle cellule gangliari della retina.<\/span><\/p>\n<h4><span style=\"font-weight: 400;\">Ipertensione intraoculare<\/span><\/h4>\n<p><span style=\"font-weight: 400;\">Il bimatoprost \u00e8 prescritto per ridurre l&#039;ipertensione oculare causata dall&#039;ipertensione oculare. Un accumulo eccessivo di liquido nell&#039;occhio pu\u00f2 causare ipertensione. Questo farmaco aiuta a drenare il liquido in eccesso. Se non trattata, l&#039;ipertensione pu\u00f2 danneggiare il nervo ottico e aumentare il rischio di perdita permanente della vista.\u00a0<\/span><\/p>\n<h4><span style=\"font-weight: 400;\">Ipotricosi delle ciglia<\/span><\/h4>\n<p><span style=\"font-weight: 400;\">Questo medicinale \u00e8 prescritto anche a chi soffre di ipotricosi delle ciglia, una condizione caratterizzata da una crescita inadeguata delle stesse. Usato come siero per ciglia, ne stimola la crescita, rendendole pi\u00f9 lunghe, spesse e scure.<\/span><\/p>\n<h3><span style=\"font-weight: 400;\">Come funziona Actavis Bimatoprost<\/span><\/h3>\n<p><span style=\"font-weight: 400;\">Actavis Bimatoprost ha ricevuto recensioni molto positive ed \u00e8 un farmaco consigliato per il glaucoma ad angolo aperto. <\/span><span style=\"font-weight: 400;\">Contiene la soluzione oftalmica di bimatoprost, che appartiene a una classe di analoghi delle prostaglandine.<\/span><\/p>\n<p><span style=\"font-weight: 400;\">L&#039;accumulo eccessivo di liquido (umor acqueo) negli occhi causa un aumento della pressione intraoculare. Questo liquido riempie lo spazio tra il cristallino e la cornea, nella camera anteriore del bulbo oculare.<\/span><\/p>\n<p><span style=\"font-weight: 400;\">Il bimatoprost agisce aprendo le vie di drenaggio ostruite nella zona oculare. Di conseguenza, aumenta il deflusso del fluido in eccesso e riduce la pressione intraoculare. Questo processo consente al nervo ottico di rilassarsi e alleviarne la tensione. Il bimatoprost migliora anche la proporzione e la lunghezza dei peli durante la fase di crescita, favorendo lo sviluppo delle ciglia.<\/span><\/p>\n<h3><span style=\"font-weight: 400;\">Come usare Actavis Bimatoprost\u00a0<\/span><\/h3>\n<p><span style=\"font-weight: 400;\">Poich\u00e9 ha usi sia medici che cosmetici, l&#039;applicazione di entrambi \u00e8 distinta.<\/span><\/p>\n<h4><span style=\"font-weight: 400;\">Uso medico (collirio)<\/span><\/h4>\n<ul>\n<li style=\"font-weight: 400;\" aria-level=\"1\"><span style=\"font-weight: 400;\">Applicare questa soluzione sull&#039;occhio\/sugli occhi interessati una volta al giorno la sera o come indicato dal medico<\/span><\/li>\n<li style=\"font-weight: 400;\" aria-level=\"1\"><span style=\"font-weight: 400;\">Prima di applicare il collirio, lavarsi le mani con il sapone. Evitare di toccare la punta del contagocce.<\/span><\/li>\n<li style=\"font-weight: 400;\" aria-level=\"1\"><span style=\"font-weight: 400;\">Il conservante presente nel Bimatoprost pu\u00f2 macchiare le lenti a contatto. Se indossate lenti a contatto, rimuovetele prima di usare il collirio.<\/span><\/li>\n<li style=\"font-weight: 400;\" aria-level=\"1\"><span style=\"font-weight: 400;\">Attendere almeno 15 minuti dopo ogni dose prima di rimettere le lenti a contatto<\/span><\/li>\n<li style=\"font-weight: 400;\" aria-level=\"1\"><span style=\"font-weight: 400;\">Inclinare la testa all&#039;indietro, guardare verso l&#039;alto e abbassare la palpebra inferiore per formare una sacca. Introdurre una goccia nella sacca tenendo il contagocce direttamente sopra l&#039;occhio.<\/span><\/li>\n<li style=\"font-weight: 400;\" aria-level=\"1\"><span style=\"font-weight: 400;\">Chiudi delicatamente gli occhi e guarda verso il basso per uno o due minuti<\/span><\/li>\n<li style=\"font-weight: 400;\" aria-level=\"1\"><span style=\"font-weight: 400;\">Evita di sbattere le palpebre e di strofinarti gli occhi<\/span><\/li>\n<\/ul>\n<h4><span style=\"font-weight: 400;\">Uso cosmetico (siero per ciglia)<\/span><\/h4>\n<ul>\n<li style=\"font-weight: 400;\" aria-level=\"1\"><span style=\"font-weight: 400;\">Prima di applicare questo farmaco, pulire accuratamente le mani e il viso<\/span><\/li>\n<li style=\"font-weight: 400;\" aria-level=\"1\"><span style=\"font-weight: 400;\">Rimuovi tutto il trucco e le lenti dagli occhi<\/span><\/li>\n<li style=\"font-weight: 400;\" aria-level=\"1\"><span style=\"font-weight: 400;\">Dopo 15 minuti dall&#039;applicazione, \u00e8 possibile rimettere le lenti a contatto<\/span><\/li>\n<li style=\"font-weight: 400;\" aria-level=\"1\"><span style=\"font-weight: 400;\">Applicare una goccia di questo farmaco sull&#039;applicatore fornito (pennello)<\/span><\/li>\n<li style=\"font-weight: 400;\" aria-level=\"1\"><span style=\"font-weight: 400;\">Quindi, fai scorrere immediatamente l&#039;applicatore sulla pelle del margine della palpebra superiore, seguendo la linea delle ciglia dall&#039;interno verso l&#039;esterno.<\/span><\/li>\n<li style=\"font-weight: 400;\" aria-level=\"1\"><span style=\"font-weight: 400;\">Se il farmaco entra in contatto con l&#039;occhio, non risciacquarlo. Non provoca alcun danno; tuttavia, assicuratevi di non esagerare.<\/span><\/li>\n<\/ul>","protected":false},"excerpt":{"rendered":"<ul>\n<li style=\"font-weight: 400;\" aria-level=\"1\"><span style=\"font-weight: 400;\">Bimatoprost approvato dalla FDA<\/span><\/li>\n<li style=\"font-weight: 400;\" aria-level=\"1\"><span style=\"font-weight: 400;\">Abbassa la pressione oculare<\/span><\/li>\n<li style=\"font-weight: 400;\" aria-level=\"1\"><span style=\"font-weight: 400;\">Promuove la crescita delle ciglia<\/span><\/li>\n<li style=\"font-weight: 400;\" aria-level=\"1\"><span style=\"font-weight: 400;\">Contribuisce a rendere le ciglia pi\u00f9 scure e spesse<\/span><\/li>\n<li style=\"font-weight: 400;\" aria-level=\"1\"><span style=\"font-weight: 400;\">Viene fornito con un pennello per una facile applicazione<\/span><\/li>\n<\/ul>","protected":false},"featured_media":3480,"comment_status":"open","ping_status":"closed","template":"","meta":{"om_disable_all_campaigns":false,"_uf_show_specific_survey":0,"_uf_disable_surveys":false},"product_brand":[],"product_cat":[469],"product_tag":[],"class_list":{"0":"post-3472","1":"product","2":"type-product","3":"status-publish","4":"has-post-thumbnail","6":"product_cat-eye-care","8":"first","9":"instock","10":"shipping-taxable","11":"purchasable","12":"product-type-variable","13":"has-default-attributes"},"_links":{"self":[{"href":"https:\/\/wowrxpharmacy.com\/it\/wp-json\/wp\/v2\/product\/3472","targetHints":{"allow":["GET"]}}],"collection":[{"href":"https:\/\/wowrxpharmacy.com\/it\/wp-json\/wp\/v2\/product"}],"about":[{"href":"https:\/\/wowrxpharmacy.com\/it\/wp-json\/wp\/v2\/types\/product"}],"replies":[{"embeddable":true,"href":"https:\/\/wowrxpharmacy.com\/it\/wp-json\/wp\/v2\/comments?post=3472"}],"wp:featuredmedia":[{"embeddable":true,"href":"https:\/\/wowrxpharmacy.com\/it\/wp-json\/wp\/v2\/media\/3480"}],"wp:attachment":[{"href":"https:\/\/wowrxpharmacy.com\/it\/wp-json\/wp\/v2\/media?parent=3472"}],"wp:term":[{"taxonomy":"product_brand","embeddable":true,"href":"https:\/\/wowrxpharmacy.com\/it\/wp-json\/wp\/v2\/product_brand?post=3472"},{"taxonomy":"product_cat","embeddable":true,"href":"https:\/\/wowrxpharmacy.com\/it\/wp-json\/wp\/v2\/product_cat?post=3472"},{"taxonomy":"product_tag","embeddable":true,"href":"https:\/\/wowrxpharmacy.com\/it\/wp-json\/wp\/v2\/product_tag?post=3472"}],"curies":[{"name":"wp","href":"https:\/\/api.w.org\/{rel}","templated":true}]}}