{"id":5155,"date":"2024-07-13T08:00:28","date_gmt":"2024-07-13T12:00:28","guid":{"rendered":"https:\/\/wowrxpharmacy.com\/?post_type=product&#038;p=5155"},"modified":"2024-10-16T03:51:23","modified_gmt":"2024-10-16T07:51:23","slug":"lipril-2-5-mg","status":"publish","type":"product","link":"https:\/\/wowrxpharmacy.com\/fr_fr\/product\/lipril-2-5-mg\/","title":{"rendered":"Lipril 2,5 mg"},"content":{"rendered":"<h3><span style=\"font-weight: 400;\">\u00c0 propos de Lipril 2,5 mg<\/span><\/h3>\n<p><span style=\"font-weight: 400;\">Lipril 2,5 mg est souvent utilis\u00e9 pour traiter l&#039;hypertension art\u00e9rielle et pr\u00e9venir l&#039;insuffisance cardiaque. Le principal ingr\u00e9dient de ce m\u00e9dicament est le lisinopril. Il peut \u00e9galement \u00eatre administr\u00e9 aux personnes ayant subi une crise cardiaque. Il r\u00e9duit \u00e9galement le risque de crise cardiaque ou d&#039;accident vasculaire c\u00e9r\u00e9bral.<\/span><\/p>\n<p><span style=\"font-weight: 400;\">Le fabricant du Lipril 2,5 mg est Lupin. Ce m\u00e9dicament b\u00e9n\u00e9ficie d&#039;avis tr\u00e8s positifs et est recommand\u00e9 pour l&#039;insuffisance cardiaque et l&#039;hypertension art\u00e9rielle.<\/span><\/p>\n<h3><span style=\"font-weight: 400;\">Utilisation de Lipril 2,5 mg<\/span><\/h3>\n<p><span style=\"font-weight: 400;\">Voici les utilisations de<\/span> <span style=\"font-weight: 400;\">Lisinopril 2,5 mg :<\/span><\/p>\n<p><span style=\"font-weight: 400;\">Hypertension (pression art\u00e9rielle \u00e9lev\u00e9e)\u00a0<\/span><\/p>\n<p><span style=\"font-weight: 400;\">Selon un rapport de l&#039;OMS de 2021, 1,13 milliard de personnes dans le monde souffrent d&#039;hypertension art\u00e9rielle. Plusieurs facteurs peuvent augmenter le risque d&#039;hypertension art\u00e9rielle, comme le manque d&#039;activit\u00e9 physique, le vieillissement, le stress, des ant\u00e9c\u00e9dents familiaux d&#039;hypertension art\u00e9rielle, le tabagisme, le surpoids, une alimentation trop sal\u00e9e, etc.<\/span><\/p>\n<p><span style=\"font-weight: 400;\">Le diab\u00e8te, une maladie r\u00e9nale chronique ou l\u2019hypercholest\u00e9rol\u00e9mie peuvent \u00e9galement provoquer une hypertension art\u00e9rielle.<\/span><\/p>\n<h4><span style=\"font-weight: 400;\">Insuffisance cardiaque<\/span><\/h4>\n<p><span style=\"font-weight: 400;\">L&#039;insuffisance cardiaque est une maladie complexe qui se caract\u00e9rise par un dysfonctionnement du c\u0153ur. Les ventricules, les cavit\u00e9s cardiaques inf\u00e9rieures, ont alors du mal \u00e0 pomper le sang. Avec le temps, le probl\u00e8me s&#039;aggrave car les muscles cardiaques s&#039;affaiblissent ou se raidissent, ce qui rend le pompage du sang plus difficile.<\/span><\/p>\n<h3><span style=\"font-weight: 400;\">Fonctionnement du lisinopril<\/span><\/h3>\n<p><span style=\"font-weight: 400;\">Le comprim\u00e9 Lipril 2,5 mg inhibe une enzyme appel\u00e9e enzyme de conversion de l&#039;angiotensine (ECA). Il agit en r\u00e9duisant la tension sur le c\u0153ur et en dilatant les vaisseaux sanguins. Cela fluidifie la circulation sanguine et permet au c\u0153ur de pomper le sang plus efficacement.<\/span><\/p>\n<h3><span style=\"font-weight: 400;\">Comment utiliser le comprim\u00e9 Lipril<\/span><\/h3>\n<p><span style=\"font-weight: 400;\">Instructions g\u00e9n\u00e9rales d&#039;utilisation de <\/span><span style=\"font-weight: 400;\">Lipril 2,5 mg sont :<\/span><\/p>\n<ul>\n<li style=\"font-weight: 400;\" aria-level=\"1\"><span style=\"font-weight: 400;\">Prenez ce m\u00e9dicament par voie orale, g\u00e9n\u00e9ralement une fois par jour, selon les indications de votre m\u00e9decin. Ce m\u00e9dicament peut \u00eatre pris avec ou sans nourriture.<\/span><\/li>\n<li style=\"font-weight: 400;\" aria-level=\"1\"><span style=\"font-weight: 400;\">Suivez les instructions d&#039;utilisation de ce m\u00e9dicament pour en tirer le meilleur parti. Le prendre chaque jour \u00e0 la m\u00eame heure vous aidera \u00e0 vous en souvenir.\u00a0<\/span><\/li>\n<li style=\"font-weight: 400;\" aria-level=\"1\"><span style=\"font-weight: 400;\">Il faudra peut-\u00eatre 2 \u00e0 4 semaines pour que le m\u00e9dicament agisse pleinement.<\/span><\/li>\n<\/ul>","protected":false},"excerpt":{"rendered":"<ul>\n<li style=\"font-weight: 400;\" aria-level=\"1\"><span style=\"font-weight: 400;\">Lisinopril approuv\u00e9 par la FDA<\/span><\/li>\n<li style=\"font-weight: 400;\" aria-level=\"1\"><span style=\"font-weight: 400;\">G\u00e8re l&#039;hypertension art\u00e9rielle<\/span><\/li>\n<li style=\"font-weight: 400;\" aria-level=\"1\"><span style=\"font-weight: 400;\">R\u00e9duit le risque de probl\u00e8mes cardiaques<\/span><\/li>\n<li style=\"font-weight: 400;\" aria-level=\"1\"><span style=\"font-weight: 400;\">Effets notables en 6 \u00e0 8 heures\u00a0<\/span><\/li>\n<li style=\"font-weight: 400;\" aria-level=\"1\"><span style=\"font-weight: 400;\">M\u00e9dicament authentique, exp\u00e9di\u00e9 rapidement<\/span><\/li>\n<\/ul>","protected":false},"featured_media":0,"comment_status":"open","ping_status":"closed","template":"","meta":{"om_disable_all_campaigns":false,"_uf_show_specific_survey":0,"_uf_disable_surveys":false},"product_brand":[],"product_cat":[608],"product_tag":[],"class_list":{"0":"post-5155","1":"product","2":"type-product","3":"status-publish","5":"product_cat-heart-blood-pressure","7":"first","8":"instock","9":"shipping-taxable","10":"purchasable","11":"product-type-variable"},"_links":{"self":[{"href":"https:\/\/wowrxpharmacy.com\/fr_fr\/wp-json\/wp\/v2\/product\/5155","targetHints":{"allow":["GET"]}}],"collection":[{"href":"https:\/\/wowrxpharmacy.com\/fr_fr\/wp-json\/wp\/v2\/product"}],"about":[{"href":"https:\/\/wowrxpharmacy.com\/fr_fr\/wp-json\/wp\/v2\/types\/product"}],"replies":[{"embeddable":true,"href":"https:\/\/wowrxpharmacy.com\/fr_fr\/wp-json\/wp\/v2\/comments?post=5155"}],"wp:attachment":[{"href":"https:\/\/wowrxpharmacy.com\/fr_fr\/wp-json\/wp\/v2\/media?parent=5155"}],"wp:term":[{"taxonomy":"product_brand","embeddable":true,"href":"https:\/\/wowrxpharmacy.com\/fr_fr\/wp-json\/wp\/v2\/product_brand?post=5155"},{"taxonomy":"product_cat","embeddable":true,"href":"https:\/\/wowrxpharmacy.com\/fr_fr\/wp-json\/wp\/v2\/product_cat?post=5155"},{"taxonomy":"product_tag","embeddable":true,"href":"https:\/\/wowrxpharmacy.com\/fr_fr\/wp-json\/wp\/v2\/product_tag?post=5155"}],"curies":[{"name":"wp","href":"https:\/\/api.w.org\/{rel}","templated":true}]}}