{"id":4918,"date":"2024-07-13T08:05:33","date_gmt":"2024-07-13T12:05:33","guid":{"rendered":"https:\/\/wowrxpharmacy.com\/?post_type=product&#038;p=4918"},"modified":"2024-10-16T03:51:24","modified_gmt":"2024-10-16T07:51:24","slug":"collyre-locula-20-10-ml","status":"publish","type":"product","link":"https:\/\/wowrxpharmacy.com\/fr_fr\/product\/collyre-locula-20-10-ml\/","title":{"rendered":"Gouttes oculaires Locula 20% 10 ml"},"content":{"rendered":"<h3><span style=\"font-weight: 400;\">\u00c0 propos des gouttes ophtalmiques Locula<\/span><\/h3>\n<p><span style=\"font-weight: 400;\">Le collyre Locula 10 ml est un antibiotique utilis\u00e9 pour traiter les infections oculaires bact\u00e9riennes comme la conjonctivite et le trachome. Son principal principe actif est le sulfac\u00e9tamide, qui r\u00e9duit la gravit\u00e9 des sympt\u00f4mes li\u00e9s \u00e0 l&#039;infection, notamment les rougeurs, les br\u00fblures, le larmoiement et les d\u00e9mangeaisons oculaires.<\/span><\/p>\n<p><span style=\"font-weight: 400;\">Le collyre Locula est un m\u00e9dicament d\u00e9livr\u00e9 sur ordonnance qui ne doit \u00eatre utilis\u00e9 que sur avis m\u00e9dical. East India Pharmaceutical Works Ltd fabrique le collyre Locula.<\/span><span style=\"font-weight: 400;\"><br \/>\n<\/span><\/p>\n<h3><span style=\"font-weight: 400;\">Utilisations des gouttes ophtalmiques Locula<\/span><\/h3>\n<h4><span style=\"font-weight: 400;\">Les gouttes oculaires Locula ont \u00e9t\u00e9 salu\u00e9es par des critiques de haute qualit\u00e9 en ce qui concerne le traitement des probl\u00e8mes de sant\u00e9 suivants :<\/span><span style=\"font-weight: 400;\"><br \/>\n<\/span><span style=\"font-weight: 400;\"><br \/>\n<\/span><span style=\"font-weight: 400;\">Conjonctivite bact\u00e9rienne<\/span><\/h4>\n<p><span style=\"font-weight: 400;\">Pour traiter la conjonctivite bact\u00e9rienne, notamment celle caus\u00e9e par les esp\u00e8ces de Staphylococcus, Streptococcus, Pseudomonas et Hemophilus, on peut utiliser des gouttes ophtalmiques appel\u00e9es Locula. Elles soulagent l&#039;irritation et les rougeurs caus\u00e9es par l&#039;infection.<\/span><\/p>\n<h4><span style=\"font-weight: 400;\">Trachome<\/span><\/h4>\n<p><span style=\"font-weight: 400;\">Le trachome, \u00e9galement appel\u00e9 infection oculaire caus\u00e9e par Chlamydia trachomatis, peut \u00eatre trait\u00e9 avec les gouttes ophtalmiques Locula. Suite \u00e0 cette infection, l&#039;int\u00e9rieur de la paupi\u00e8re est endommag\u00e9 et se replie vers l&#039;int\u00e9rieur, entra\u00eenant une c\u00e9cit\u00e9 irr\u00e9versible.<\/span><span style=\"font-weight: 400;\"><br \/>\n<\/span><\/p>\n<h3><span style=\"font-weight: 400;\">Comment fonctionne le sulfac\u00e9tamide<\/span><\/h3>\n<p><span style=\"font-weight: 400;\">Le collyre Locula est un antibiotique qui inhibe la croissance des bact\u00e9ries dans l&#039;\u0153il. Il y parvient en emp\u00eachant la synth\u00e8se des prot\u00e9ines essentielles dont ces bact\u00e9ries ont besoin pour assurer leurs fonctions vitales.\u00a0<\/span><\/p>\n<p><span style=\"font-weight: 400;\">Il contribue \u00e9galement \u00e0 att\u00e9nuer les sympt\u00f4mes caus\u00e9s par les infections oculaires, tels que l&#039;inconfort, les rougeurs, les d\u00e9mangeaisons ou la douleur. Le collyre Locula est destin\u00e9 uniquement \u00e0 un usage topique. Vous devez prendre ce m\u00e9dicament conform\u00e9ment \u00e0 la prescription de votre m\u00e9decin.<\/span><span style=\"font-weight: 400;\"><br \/>\n<\/span><\/p>\n<h3><span style=\"font-weight: 400;\">Comment utiliser les gouttes ophtalmiques Locula<\/span><span style=\"font-weight: 400;\"><br \/>\n<\/span><\/h3>\n<p><span style=\"font-weight: 400;\">Les gouttes ophtalmiques Locula doivent \u00eatre utilis\u00e9es selon les instructions de votre m\u00e9decin traitant.\u00a0<\/span><\/p>\n<p><span style=\"font-weight: 400;\">Suivez les \u00e9tapes suivantes lors de l\u2019utilisation du collyre\u00a0:<\/span><span style=\"font-weight: 400;\"><br \/>\n<\/span><\/p>\n<ul>\n<li style=\"font-weight: 400;\" aria-level=\"1\"><span style=\"font-weight: 400;\">Les gouttes ophtalmiques Locula doivent \u00eatre utilis\u00e9es selon les directives de votre m\u00e9decin ou de votre pharmacien.<\/span><\/li>\n<li style=\"font-weight: 400;\" aria-level=\"1\"><span style=\"font-weight: 400;\">Avant et apr\u00e8s avoir utilis\u00e9 Locula, lavez-vous soigneusement les mains<\/span><\/li>\n<li style=\"font-weight: 400;\" aria-level=\"1\"><span style=\"font-weight: 400;\">Si vous portez des lentilles de contact, retirez-les avant d&#039;appliquer les gouttes<\/span><\/li>\n<li style=\"font-weight: 400;\" aria-level=\"1\"><span style=\"font-weight: 400;\">Utilisez le nombre de gouttes recommand\u00e9<\/span><\/li>\n<li style=\"font-weight: 400;\" aria-level=\"1\"><span style=\"font-weight: 400;\">Fermez les yeux pendant 2 \u00e0 3 minutes apr\u00e8s avoir appliqu\u00e9 les gouttes ; ne clignez pas des yeux et ne pressez pas.<\/span><\/li>\n<li style=\"font-weight: 400;\" aria-level=\"1\"><span style=\"font-weight: 400;\">Gardez le compte-gouttes loin de vos yeux ; il doit \u00eatre maintenu propre<\/span><\/li>\n<li style=\"font-weight: 400;\" aria-level=\"1\"><span style=\"font-weight: 400;\">Essuyez tout exc\u00e8s de liquide avec une serviette ou un mouchoir en papier<\/span><\/li>\n<li style=\"font-weight: 400;\" aria-level=\"1\"><span style=\"font-weight: 400;\">Si vous recevez des gouttes oculaires suppl\u00e9mentaires, vous devez attendre au moins 5 \u00e0 10 minutes entre chaque dose.<\/span><\/li>\n<\/ul>","protected":false},"excerpt":{"rendered":"<ul>\n<li style=\"font-weight: 400;\" aria-level=\"1\"><span style=\"font-weight: 400;\">Traite les infections bact\u00e9riennes<\/span><\/li>\n<li style=\"font-weight: 400;\" aria-level=\"1\"><span style=\"font-weight: 400;\">Soulagement rapide et utilisation s\u00fbre<\/span><\/li>\n<li style=\"font-weight: 400;\" aria-level=\"1\"><span style=\"font-weight: 400;\">Instiller dans les 2 \u00e0 3 heures<\/span><\/li>\n<li style=\"font-weight: 400;\" aria-level=\"1\"><span style=\"font-weight: 400;\">Exp\u00e9di\u00e9 sous 24 heures<\/span><\/li>\n<\/ul>","protected":false},"featured_media":29331,"comment_status":"open","ping_status":"closed","template":"","meta":{"om_disable_all_campaigns":false,"_uf_show_specific_survey":0,"_uf_disable_surveys":false},"product_brand":[],"product_cat":[469],"product_tag":[],"class_list":{"0":"post-4918","1":"product","2":"type-product","3":"status-publish","4":"has-post-thumbnail","6":"product_cat-eye-care","8":"first","9":"instock","10":"shipping-taxable","11":"purchasable","12":"product-type-variable","13":"has-default-attributes"},"_links":{"self":[{"href":"https:\/\/wowrxpharmacy.com\/fr_fr\/wp-json\/wp\/v2\/product\/4918","targetHints":{"allow":["GET"]}}],"collection":[{"href":"https:\/\/wowrxpharmacy.com\/fr_fr\/wp-json\/wp\/v2\/product"}],"about":[{"href":"https:\/\/wowrxpharmacy.com\/fr_fr\/wp-json\/wp\/v2\/types\/product"}],"replies":[{"embeddable":true,"href":"https:\/\/wowrxpharmacy.com\/fr_fr\/wp-json\/wp\/v2\/comments?post=4918"}],"wp:featuredmedia":[{"embeddable":true,"href":"https:\/\/wowrxpharmacy.com\/fr_fr\/wp-json\/wp\/v2\/media\/29331"}],"wp:attachment":[{"href":"https:\/\/wowrxpharmacy.com\/fr_fr\/wp-json\/wp\/v2\/media?parent=4918"}],"wp:term":[{"taxonomy":"product_brand","embeddable":true,"href":"https:\/\/wowrxpharmacy.com\/fr_fr\/wp-json\/wp\/v2\/product_brand?post=4918"},{"taxonomy":"product_cat","embeddable":true,"href":"https:\/\/wowrxpharmacy.com\/fr_fr\/wp-json\/wp\/v2\/product_cat?post=4918"},{"taxonomy":"product_tag","embeddable":true,"href":"https:\/\/wowrxpharmacy.com\/fr_fr\/wp-json\/wp\/v2\/product_tag?post=4918"}],"curies":[{"name":"wp","href":"https:\/\/api.w.org\/{rel}","templated":true}]}}