{"id":4207,"date":"2024-07-13T08:07:49","date_gmt":"2024-07-13T12:07:49","guid":{"rendered":"https:\/\/wowrxpharmacy.com\/?post_type=product&#038;p=4207"},"modified":"2024-10-16T03:51:26","modified_gmt":"2024-10-16T07:51:26","slug":"ciplox-750-mg","status":"publish","type":"product","link":"https:\/\/wowrxpharmacy.com\/fr_fr\/product\/ciplox-750-mg\/","title":{"rendered":"Ciplox 750 mg"},"content":{"rendered":"<h3><span style=\"font-weight: 400;\">\u00c0 propos du Ciplox 750<\/span><\/h3>\n<p><span style=\"font-weight: 400;\">Le comprim\u00e9 Ciplox 750 mg est un antibiotique tr\u00e8s efficace fabriqu\u00e9 par Cipla. Il combat principalement les infections bact\u00e9riennes dans diverses parties du corps, notamment les voies urinaires, le nez, la gorge, la peau et les poumons.\u00a0<\/span><\/p>\n<p><span style=\"font-weight: 400;\">Le principe actif de ce comprim\u00e9 est la ciprofloxacine\u00a0; ce m\u00e9dicament est une solution fiable pour lutter contre un large \u00e9ventail de souches bact\u00e9riennes. Vous pouvez acheter un comprim\u00e9 de Ciplox 750\u00a0mg en ligne sur WowRXPharmacy \u00e0 des prix abordables.<\/span><\/p>\n<h3><span style=\"font-weight: 400;\">Utilisations de Ciplox<\/span><\/h3>\n<p><span style=\"font-weight: 400;\">Ciplox 750 mg a re\u00e7u des critiques tr\u00e8s positives pour son efficacit\u00e9 dans le traitement des infections bact\u00e9riennes affectant diverses parties du corps. C&#039;est un m\u00e9dicament couramment prescrit pour les infections respiratoires, les infections urinaires (IU), les infections cutan\u00e9es et les infections du nez et de la gorge.\u00a0<\/span><\/p>\n<p><span style=\"font-weight: 400;\">Les antibiotiques sont approuv\u00e9s par la FDA pour le traitement de ces infections bact\u00e9riennes sp\u00e9cifiques. En \u00e9liminant les bact\u00e9ries responsables, le comprim\u00e9 Ciplox 750 mg soulage les sympt\u00f4mes et favorise la gu\u00e9rison.<\/span><\/p>\n<h3><span style=\"font-weight: 400;\">Fonctionnement de la ciprofloxacine<\/span><\/h3>\n<p><span style=\"font-weight: 400;\">La ciprofloxacine, le principe actif du comprim\u00e9 Ciplox 750 mg, appartient \u00e0 la classe des m\u00e9dicaments <\/span><a href=\"https:\/\/www.webmd.com\/drugs\/2\/drug-7748\/ciprofloxacin-oral\/details#:~:text=Ciprofloxacin%20belongs%20to%20a%20class,as%20common%20cold%2C%20flu).\" target=\"_blank\" rel=\"nofollow noopener\"><span style=\"font-weight: 400;\">connu sous le nom de<\/span><\/a><span style=\"font-weight: 400;\"> Antibiotiques quinolones. Ils inhibent les enzymes ADN gyrase et topoisom\u00e9rase IV bact\u00e9riennes. Ces enzymes jouent un r\u00f4le crucial dans la r\u00e9plication, la r\u00e9paration et la synth\u00e8se de l&#039;ADN bact\u00e9rien.\u00a0<\/span><\/p>\n<p><span style=\"font-weight: 400;\">En interf\u00e9rant avec ces processus, Ciplox perturbe la croissance et la division bact\u00e9riennes, entra\u00eenant la mort des bact\u00e9ries sensibles. Son large spectre d&#039;activit\u00e9 le rend efficace contre diverses bact\u00e9ries Gram-positives et Gram-n\u00e9gatives.\u00a0<\/span><\/p>\n<p><span style=\"font-weight: 400;\">Un dosage r\u00e9gulier et le respect du traitement prescrit sont essentiels pour des r\u00e9sultats th\u00e9rapeutiques optimaux.<\/span><\/p>\n<h3><span style=\"font-weight: 400;\">Comment utiliser Ciplox<\/span><\/h3>\n<p><span style=\"font-weight: 400;\">Pour garantir des r\u00e9sultats optimaux, il est essentiel de suivre les instructions de votre m\u00e9decin concernant la posologie et la dur\u00e9e du traitement par comprim\u00e9s Ciplox 750 mg,\u00a0<\/span><\/p>\n<ul>\n<li style=\"font-weight: 400;\" aria-level=\"1\"><span style=\"font-weight: 400;\">Avalez le comprim\u00e9 entier avec de l&#039;eau sans le m\u00e2cher, l&#039;\u00e9craser ou le casser.<\/span><\/li>\n<li style=\"font-weight: 400;\" aria-level=\"1\"><span style=\"font-weight: 400;\">Vous pouvez prendre le comprim\u00e9 de Ciplox 750 mg avec ou sans nourriture deux fois par jour<\/span><\/li>\n<li style=\"font-weight: 400;\" aria-level=\"1\"><span style=\"font-weight: 400;\">\u00c9vitez de prendre des produits laitiers, tels que le lait, le fromage, le caill\u00e9, le beurre, le paneer et la cr\u00e8me glac\u00e9e, avec Ciplox 750 mg.<\/span><\/li>\n<\/ul>","protected":false},"excerpt":{"rendered":"<ul>\n<li style=\"font-weight: 400;\" aria-level=\"1\"><span style=\"font-weight: 400;\">Tue et arr\u00eate la croissance des bact\u00e9ries<\/span><\/li>\n<li style=\"font-weight: 400;\" aria-level=\"1\"><span style=\"font-weight: 400;\">Traitement efficace contre les infections bact\u00e9riennes multiples<\/span><\/li>\n<li style=\"font-weight: 400;\" aria-level=\"1\"><span style=\"font-weight: 400;\">Polyvalent : Traite les infections des oreilles, des yeux, de la peau, des voies respiratoires, etc.<\/span><\/li>\n<li style=\"font-weight: 400;\" aria-level=\"1\"><span style=\"font-weight: 400;\">Commence \u00e0 fonctionner en quelques heures<\/span><\/li>\n<li style=\"font-weight: 400;\" aria-level=\"1\"><span style=\"font-weight: 400;\">Am\u00e9lioration visible en 2 \u00e0 3 jours<\/span><\/li>\n<\/ul>","protected":false},"featured_media":29514,"comment_status":"open","ping_status":"closed","template":"","meta":{"om_disable_all_campaigns":false,"_uf_show_specific_survey":0,"_uf_disable_surveys":false},"product_brand":[],"product_cat":[504],"product_tag":[],"class_list":{"0":"post-4207","1":"product","2":"type-product","3":"status-publish","4":"has-post-thumbnail","6":"product_cat-antibiotics","8":"first","9":"instock","10":"shipping-taxable","11":"purchasable","12":"product-type-variable","13":"has-default-attributes"},"_links":{"self":[{"href":"https:\/\/wowrxpharmacy.com\/fr_fr\/wp-json\/wp\/v2\/product\/4207","targetHints":{"allow":["GET"]}}],"collection":[{"href":"https:\/\/wowrxpharmacy.com\/fr_fr\/wp-json\/wp\/v2\/product"}],"about":[{"href":"https:\/\/wowrxpharmacy.com\/fr_fr\/wp-json\/wp\/v2\/types\/product"}],"replies":[{"embeddable":true,"href":"https:\/\/wowrxpharmacy.com\/fr_fr\/wp-json\/wp\/v2\/comments?post=4207"}],"wp:featuredmedia":[{"embeddable":true,"href":"https:\/\/wowrxpharmacy.com\/fr_fr\/wp-json\/wp\/v2\/media\/29514"}],"wp:attachment":[{"href":"https:\/\/wowrxpharmacy.com\/fr_fr\/wp-json\/wp\/v2\/media?parent=4207"}],"wp:term":[{"taxonomy":"product_brand","embeddable":true,"href":"https:\/\/wowrxpharmacy.com\/fr_fr\/wp-json\/wp\/v2\/product_brand?post=4207"},{"taxonomy":"product_cat","embeddable":true,"href":"https:\/\/wowrxpharmacy.com\/fr_fr\/wp-json\/wp\/v2\/product_cat?post=4207"},{"taxonomy":"product_tag","embeddable":true,"href":"https:\/\/wowrxpharmacy.com\/fr_fr\/wp-json\/wp\/v2\/product_tag?post=4207"}],"curies":[{"name":"wp","href":"https:\/\/api.w.org\/{rel}","templated":true}]}}