{"id":4189,"date":"2024-09-27T06:00:33","date_gmt":"2024-09-27T10:00:33","guid":{"rendered":"https:\/\/wowrxpharmacy.com\/?post_type=product&#038;p=4189"},"modified":"2024-11-22T05:14:38","modified_gmt":"2024-11-22T10:14:38","slug":"tadalis-sx-20-mg","status":"publish","type":"product","link":"https:\/\/wowrxpharmacy.com\/fr_fr\/product\/tadalis-sx-20-mg\/","title":{"rendered":"Tadalis SX 20 mg"},"content":{"rendered":"<h3><span style=\"font-weight: 400;\">\u00c0 propos du comprim\u00e9 Tadalis SX 20 mg<\/span><\/h3>\n<p><span style=\"font-weight: 400;\">Tadalis SX 20 mg est un m\u00e9dicament de premi\u00e8re intention, d\u00e9livr\u00e9 sur ordonnance, utilis\u00e9 pour lutter contre les troubles de l&#039;\u00e9rection. Son action est rapide et durable. Il contient du tadalafil, un principe actif approuv\u00e9 par la FDA et reconnu pour le traitement de la dysfonction \u00e9rectile (DE) et de l&#039;hyperplasie b\u00e9nigne de la prostate (HBP) chez l&#039;homme.<\/span><\/p>\n<p><span style=\"font-weight: 400;\">Tadalis SX 20 mg est un inhibiteur de la PDE5, qui peut \u00e9galement r\u00e9duire l&#039;hypertension art\u00e9rielle dans les poumons, appel\u00e9e hypertension art\u00e9rielle pulmonaire (HTAP).\u00a0<\/span><\/p>\n<p><span style=\"font-weight: 400;\">Ajanta Pharma Ltd fabrique Tadalis SX 20 mg, que vous pouvez acheter chez WowRx \u00e0 des prix r\u00e9duits.<\/span><\/p>\n<h3><span style=\"font-weight: 400;\">Utilisations de Tadalis SX 20 mg<\/span><\/h3>\n<p><span style=\"font-weight: 400;\">Tadalis SX 20 mg est un m\u00e9dicament efficace qui peut jouer un r\u00f4le <\/span><a href=\"https:\/\/www.ncbi.nlm.nih.gov\/pmc\/articles\/PMC8845478\/#:~:text=On%20the%20other%20hand%2C%20tadalafil%20is%20another%20first%E2%80%90line%2C%20selective%20PDE5%20inhibitor%20used%20to%20treat%20ED%2C%20BPH%2C%20and%20pulmonary%20hypertension%20since%202003%2C%20with%20a%20long%20duration%20of%20action%2C%20whose%20efficacy%20and%20tolerability%20are%20also%20well%E2%80%90documented\" target=\"_blank\" rel=\"nofollow noopener\"><span style=\"font-weight: 400;\">important<\/span><\/a><span style=\"font-weight: 400;\"> r\u00f4le dans le traitement des probl\u00e8mes d\u2019\u00e9rection, de l\u2019hypertension art\u00e9rielle dans les poumons et de l\u2019hypertrophie de la prostate.<\/span><\/p>\n<h4><span style=\"font-weight: 400;\">Traitement de la dysfonction \u00e9rectile<\/span><\/h4>\n<p><span style=\"font-weight: 400;\">La dysfonction \u00e9rectile est un dysfonctionnement sexuel qui se caract\u00e9rise par l&#039;incapacit\u00e9 d&#039;obtenir ou de maintenir une \u00e9rection permettant des rapports sexuels satisfaisants. Les comprim\u00e9s de Tadalis SX 20 mg peuvent favoriser la relaxation des vaisseaux sanguins de l&#039;organe g\u00e9nital masculin et permettre une meilleure circulation sanguine vers le p\u00e9nis. Ils am\u00e9liorent ainsi l&#039;\u00e9rection.<\/span><\/p>\n<p><span style=\"font-weight: 400;\">Tadalis 20 mg a un <\/span><a href=\"https:\/\/www.ncbi.nlm.nih.gov\/pmc\/articles\/PMC5603624\/#:~:text=Tadalafil%20has%20an%20onset%20of%2020%C2%A0min%20and%20should%20be%20taken%2030%C2%A0min%20prior%20to%20intercourse%3B%20additionally%2C%20this%20drug%20has%20the%20longest%20duration%20of%20action%20in%20its%20class%20and%20a%20maximum%20duration%20of%2072%C2%A0h.\" target=\"_blank\" rel=\"nofollow noopener\"><span style=\"font-weight: 400;\">rapide<\/span><\/a><span style=\"font-weight: 400;\"> Son action commence en 30 \u00e0 60 minutes en pr\u00e9sence d&#039;une stimulation sexuelle et dure jusqu&#039;\u00e0 36 heures. Cependant, il est important de comprendre que Tadalis ne gu\u00e9rit pas la dysfonction \u00e9rectile et n&#039;augmente pas la libido. Il ne peut procurer une \u00e9rection ferme qu&#039;en pr\u00e9sence d&#039;une stimulation sexuelle.<\/span><\/p>\n<h4><span style=\"font-weight: 400;\">Traitement de l&#039;hyperplasie b\u00e9nigne de la prostate<\/span><\/h4>\n<p><span style=\"font-weight: 400;\">Le comprim\u00e9 de tadalafil 20 mg est \u00e9galement reconnu pour traiter les sympt\u00f4mes de l&#039;HBP chez l&#039;homme, qui provoque une hypertrophie de la prostate. Les hommes atteints d&#039;HBP pr\u00e9sentent souvent des sympt\u00f4mes tels que des difficult\u00e9s \u00e0 uriner, des mictions nocturnes et une h\u00e9sitation \u00e0 uriner. Tadalis SX 20 mg peut <\/span><a href=\"https:\/\/www.nhs.uk\/medicines\/tadalafil\/about-tadalafil\/#:~:text=If%20you%20have%20symptoms%20of%20an%20enlarged%20prostate%20gland%2C%20such%20as%20difficulty%20peeing%20or%20needing%20to%20pee%20urgently%2C%20tadalafil%20works%20by%20relaxing%20the%20muscles%20in%20the%20prostate%20and%20bladder.\" target=\"_blank\" rel=\"nofollow noopener\"><span style=\"font-weight: 400;\">r\u00e9duire<\/span><\/a><span style=\"font-weight: 400;\"> ces sympt\u00f4mes en relaxant les muscles de la prostate et de la vessie.<\/span><\/p>\n<h4><span style=\"font-weight: 400;\">Traitement de l&#039;hypertension art\u00e9rielle pulmonaire<\/span><\/h4>\n<p><span style=\"font-weight: 400;\">Le tadalafil peut \u00e9galement <\/span><a href=\"https:\/\/phassociation.org\/patients\/treatments\/tadalafil\/#:~:text=Tadalafil%20is%20used%20to%20treat%20pulmonary%20arterial%20hypertension%20(PAH)%2C%20also%20known%20as%20Group%201%20pulmonary%20hypertension.%20The%20goal%20of%20this%20therapy%20is%20to%20improve%20exercise%20ability.\" target=\"_blank\" rel=\"nofollow noopener\"><span style=\"font-weight: 400;\">traiter<\/span><\/a><span style=\"font-weight: 400;\"> L&#039;HTAP provoque une hypertension art\u00e9rielle pulmonaire. Cela am\u00e9liore la respiration et r\u00e9duit les sympt\u00f4mes de type douleur thoracique. Le m\u00e9dicament d\u00e9tend les vaisseaux sanguins (art\u00e8res) des poumons, r\u00e9duit l&#039;hypertension art\u00e9rielle et aide le c\u0153ur \u00e0 pomper efficacement le sang vers le reste du corps. Il am\u00e9liore ainsi la capacit\u00e9 \u00e0 faire de l&#039;exercice chez les personnes atteintes d&#039;HTAP.<\/span><\/p>\n<h3><span style=\"font-weight: 400;\">Comment fonctionne le Tadalafil ?<\/span><\/h3>\n<p><span style=\"font-weight: 400;\">Le tadalafil est un inhibiteur de la PDE5 qui peut <\/span><a href=\"https:\/\/www.healthdirect.gov.au\/tadalafil-cialis#how:~:text=Tadalafil%20works%20by%20helping%20to%20relax%20the%20blood%20vessels%20in%20the%20penis%2C%20allowing%20blood%20to%20flow%20more%20easily%20into%20the%20penis.%20If%20you%20have%20erectile%20dysfunction%2C%20this%20can%20make%20it%20easier%20to%20get%20an%20erection.%20If%20you%20have%20BPH%2C%20this%20can%20improve%20your%20urinary%20symptoms.\" target=\"_blank\" rel=\"nofollow noopener\"><span style=\"font-weight: 400;\">traiter efficacement<\/span><\/a><span style=\"font-weight: 400;\"> Traitement de la dysfonction \u00e9rectile avec am\u00e9lioration des \u00e9rections et de l&#039;HTAP pour une meilleure tol\u00e9rance \u00e0 l&#039;exercice. Tadalis SX 20 mg inhibe la PDE5, une enzyme qui bloque les mol\u00e9cules de guanosine monophosphate cyclique (GMPc) qui contribuent \u00e0 la relaxation des vaisseaux sanguins.<\/span><\/p>\n<p><span style=\"font-weight: 400;\">En inhibant l&#039;enzyme PDE5, ce m\u00e9dicament d\u00e9tend les vaisseaux sanguins et augmente l&#039;afflux sanguin vers le p\u00e9nis, les poumons et d&#039;autres organes. Il am\u00e9liore l&#039;\u00e9rection pour traiter la dysfonction \u00e9rectile, et la relaxation des vaisseaux sanguins r\u00e9duit l&#039;hypertension art\u00e9rielle pulmonaire pour traiter l&#039;HTAP. Pour l&#039;HBP, Tadalis SX 20 mg aide \u00e0 d\u00e9tendre les muscles et \u00e0 r\u00e9duire l&#039;apparition des sympt\u00f4mes.<\/span><\/p>\n<h3><span style=\"font-weight: 400;\">Comment utiliser Tadalis SX 20 mg ?<\/span><\/h3>\n<p><span style=\"font-weight: 400;\">Utilisez Tadalis SX 20 mg dans le <\/span><a href=\"https:\/\/medlineplus.gov\/druginfo\/meds\/a604008.html#:~:text=If%20you%20are%20taking%20tadalafil%20to%20treat%20erectile%20dysfunction%2C%20follow,Do%20not%20stop%20taking%20tadalafil%20without%20talking%20to%20your%20doctor.\" target=\"_blank\" rel=\"nofollow noopener\"><span style=\"font-weight: 400;\">suivant<\/span><\/a><span style=\"font-weight: 400;\"> moyens pour son fonctionnement efficace :<\/span><\/p>\n<ul>\n<li style=\"font-weight: 400;\" aria-level=\"1\"><span style=\"font-weight: 400;\">Ne prenez ce m\u00e9dicament qu&#039;apr\u00e8s prescription m\u00e9dicale.<\/span><\/li>\n<li style=\"font-weight: 400;\" aria-level=\"1\"><span style=\"font-weight: 400;\">Ne pas m\u00e2cher ni \u00e9craser le m\u00e9dicament. Avaler entier avec de l&#039;eau.<\/span><\/li>\n<li style=\"font-weight: 400;\" aria-level=\"1\"><span style=\"font-weight: 400;\">Prenez-le au moins 30 minutes avant l&#039;activit\u00e9 sexuelle pr\u00e9vue<\/span><span style=\"font-weight: 400;\">. <\/span><span style=\"font-weight: 400;\">Cela donne au m\u00e9dicament suffisamment de temps pour commencer \u00e0 agir<\/span><\/li>\n<li style=\"font-weight: 400;\" aria-level=\"1\"><span style=\"font-weight: 400;\">Ne prenez pas ce m\u00e9dicament plus d&#039;une fois en 24 heures<\/span><\/li>\n<li style=\"font-weight: 400;\" aria-level=\"1\"><span style=\"font-weight: 400;\">Si vous prenez Tadalis quotidiennement, n&#039;oubliez pas de le prendre \u00e0 la m\u00eame heure chaque jour<\/span><\/li>\n<li style=\"font-weight: 400;\" aria-level=\"1\"><span style=\"font-weight: 400;\">En cas d&#039;HTAP ou d&#039;HBP, pensez \u00e0 prendre Tadalis SX 20 mg une fois par jour. Votre m\u00e9decin pourra vous aider \u00e0 d\u00e9terminer le moment id\u00e9al pour prendre la dose prescrite.<\/span><\/li>\n<li style=\"font-weight: 400;\" aria-level=\"1\"><span style=\"font-weight: 400;\">Ne doublez pas la dose de Tadalis, car cela peut entra\u00eener des effets secondaires.<\/span><\/li>\n<\/ul>","protected":false},"excerpt":{"rendered":"<p>Tadalis SX avec Tadalafil traite la dysfonction \u00e9rectile, am\u00e9liorant le plaisir et procurant des effets plus durables. Approuv\u00e9 par la FDA et fiable pour la satisfaction.<\/p>","protected":false},"featured_media":32429,"comment_status":"open","ping_status":"closed","template":"","meta":{"om_disable_all_campaigns":false,"_uf_show_specific_survey":0,"_uf_disable_surveys":false},"product_brand":[],"product_cat":[438],"product_tag":[],"class_list":{"0":"post-4189","1":"product","2":"type-product","3":"status-publish","4":"has-post-thumbnail","6":"product_cat-mens-health","8":"first","9":"instock","10":"sale","11":"shipping-taxable","12":"purchasable","13":"product-type-variable","14":"has-default-attributes"},"_links":{"self":[{"href":"https:\/\/wowrxpharmacy.com\/fr_fr\/wp-json\/wp\/v2\/product\/4189","targetHints":{"allow":["GET"]}}],"collection":[{"href":"https:\/\/wowrxpharmacy.com\/fr_fr\/wp-json\/wp\/v2\/product"}],"about":[{"href":"https:\/\/wowrxpharmacy.com\/fr_fr\/wp-json\/wp\/v2\/types\/product"}],"replies":[{"embeddable":true,"href":"https:\/\/wowrxpharmacy.com\/fr_fr\/wp-json\/wp\/v2\/comments?post=4189"}],"wp:featuredmedia":[{"embeddable":true,"href":"https:\/\/wowrxpharmacy.com\/fr_fr\/wp-json\/wp\/v2\/media\/32429"}],"wp:attachment":[{"href":"https:\/\/wowrxpharmacy.com\/fr_fr\/wp-json\/wp\/v2\/media?parent=4189"}],"wp:term":[{"taxonomy":"product_brand","embeddable":true,"href":"https:\/\/wowrxpharmacy.com\/fr_fr\/wp-json\/wp\/v2\/product_brand?post=4189"},{"taxonomy":"product_cat","embeddable":true,"href":"https:\/\/wowrxpharmacy.com\/fr_fr\/wp-json\/wp\/v2\/product_cat?post=4189"},{"taxonomy":"product_tag","embeddable":true,"href":"https:\/\/wowrxpharmacy.com\/fr_fr\/wp-json\/wp\/v2\/product_tag?post=4189"}],"curies":[{"name":"wp","href":"https:\/\/api.w.org\/{rel}","templated":true}]}}