{"id":4150,"date":"2024-07-13T08:08:05","date_gmt":"2024-07-13T12:08:05","guid":{"rendered":"https:\/\/wowrxpharmacy.com\/?post_type=product&#038;p=4150"},"modified":"2024-10-16T03:51:26","modified_gmt":"2024-10-16T07:51:26","slug":"collyre-azithral-3-ml","status":"publish","type":"product","link":"https:\/\/wowrxpharmacy.com\/fr_fr\/product\/collyre-azithral-3-ml\/","title":{"rendered":"Gouttes oculaires Azithral 3 ml"},"content":{"rendered":"<h3><span style=\"font-weight: 400;\">\u00c0 propos des gouttes ophtalmiques Azithral<\/span><\/h3>\n<p><span style=\"font-weight: 400;\">Le collyre Azithral est un m\u00e9dicament antibiotique qui aide \u00e0 traiter les infections oculaires bact\u00e9riennes comme la conjonctivite trachomateuse et la conjonctivite bact\u00e9rienne.\u00a0<\/span><\/p>\n<p><span style=\"font-weight: 400;\">Le principal principe actif de ce collyre est l&#039;azithromycine, un m\u00e9dicament appartenant \u00e0 la classe des antibiotiques macrolides. Ce m\u00e9dicament inhibe la production de prot\u00e9ines essentielles aux bact\u00e9ries pour leurs fonctions essentielles. Il pr\u00e9vient ainsi la prolif\u00e9ration des germes et la propagation des infections. Le collyre Azithral est un m\u00e9dicament d\u00e9livr\u00e9 sur ordonnance qui ne doit \u00eatre utilis\u00e9 que sur recommandation d&#039;un professionnel de sant\u00e9. Alembic Pharmaceuticals Ltd fabrique le collyre Azithral 0,1% (3 ml).<\/span><\/p>\n<h3><span style=\"font-weight: 400;\">Utilisations des gouttes ophtalmiques Azithral<\/span><\/h3>\n<p><span style=\"font-weight: 400;\">Les antibiotiques comme le collyre Azithral traitent diff\u00e9rentes infections oculaires d&#039;origine bact\u00e9rienne. Les infections oculaires caus\u00e9es par des bact\u00e9ries, telles que le groupe Streptococcus mitis, le Staphylococcus aureus ou l&#039;Haemophilus influenzae, entre autres, peuvent \u00eatre trait\u00e9es avec cet antibiotique. Il peut \u00e9galement \u00eatre utilis\u00e9 pour traiter le syndrome de l&#039;\u0153il sec, souvent caus\u00e9 par le port de lentilles de contact. Prenez-le aussi longtemps que prescrit par votre m\u00e9decin et \u00e9vitez les oublis de doses. Ainsi, tous les germes sont \u00e9limin\u00e9s et la r\u00e9sistance est pr\u00e9venue.<\/span><\/p>\n<h3><span style=\"font-weight: 400;\">Comment fonctionne l&#039;azithromycine<\/span><\/h3>\n<p><span style=\"font-weight: 400;\">Les gouttes ophtalmiques Azithral appartiennent \u00e0 la classe des antibiotiques macrolides. Le principal sel actif de ces gouttes est l&#039;azithromycine, qui \u00e9limine les bact\u00e9ries responsables de la conjonctivite. L&#039;ingr\u00e9dient actif des gouttes ophtalmiques Azithral, associ\u00e9 au noyau d&#039;une cellule bact\u00e9rienne, bloque la production de prot\u00e9ines n\u00e9cessaires \u00e0 la prolif\u00e9ration bact\u00e9rienne. L&#039;efficacit\u00e9 d&#039;Azithral, \u00e0 dose unique, a \u00e9t\u00e9 d\u00e9montr\u00e9e pour inhiber la reproduction et la prolif\u00e9ration des germes dans les yeux. Les gouttes ophtalmiques Azithral sont tr\u00e8s efficaces et ont re\u00e7u de nombreux avis positifs pour le traitement des infections oculaires. De plus, elles contribuent \u00e0 r\u00e9duire l&#039;inflammation provoqu\u00e9e par une infection oculaire.<\/span><\/p>\n<h3><span style=\"font-weight: 400;\">Comment utiliser Azithral<\/span><\/h3>\n<p><span style=\"font-weight: 400;\">Le collyre Azithral doit \u00eatre utilis\u00e9 conform\u00e9ment aux instructions de votre m\u00e9decin traitant. Lors de l&#039;utilisation du collyre, respectez les \u00e9tapes suivantes\u00a0:<\/span><\/p>\n<ul>\n<li style=\"font-weight: 400;\" aria-level=\"1\"><span style=\"font-weight: 400;\">Prenez toujours le collyre comme prescrit par votre m\u00e9decin<\/span><\/li>\n<li style=\"font-weight: 400;\" aria-level=\"1\"><span style=\"font-weight: 400;\">Le produit est destin\u00e9 \u00e0 un usage ophtalmique uniquement<\/span><\/li>\n<li style=\"font-weight: 400;\" aria-level=\"1\"><span style=\"font-weight: 400;\">Avant l&#039;application, lavez-vous les mains avec du savon\u00a0<\/span><\/li>\n<li style=\"font-weight: 400;\" aria-level=\"1\"><span style=\"font-weight: 400;\">Inclinez l\u00e9g\u00e8rement la t\u00eate en arri\u00e8re et tirez votre paupi\u00e8re inf\u00e9rieure vers le bas pour cr\u00e9er une poche<\/span><\/li>\n<li style=\"font-weight: 400;\" aria-level=\"1\"><span style=\"font-weight: 400;\">Mettez une goutte dans votre poche et essayez de ne pas toucher le bout avec votre \u0153il<\/span><\/li>\n<li style=\"font-weight: 400;\" aria-level=\"1\"><span style=\"font-weight: 400;\">Fermez doucement votre \u0153il et appuyez votre doigt contre le coin int\u00e9rieur de votre \u0153il<\/span><\/li>\n<li style=\"font-weight: 400;\" aria-level=\"1\"><span style=\"font-weight: 400;\">Votre m\u00e9decin d\u00e9terminera la dose et la dur\u00e9e appropri\u00e9es en fonction de votre \u00e2ge, de votre poids et de votre \u00e9tat de sant\u00e9.<\/span><\/li>\n<\/ul>","protected":false},"excerpt":{"rendered":"<ul>\n<li style=\"font-weight: 400;\" aria-level=\"1\"><span style=\"font-weight: 400;\">Azithromycine approuv\u00e9e par la FDA<\/span><\/li>\n<li style=\"font-weight: 400;\" aria-level=\"1\"><span style=\"font-weight: 400;\">Soulagement rapide des rougeurs et irritations oculaires<\/span><\/li>\n<li style=\"font-weight: 400;\" aria-level=\"1\"><span style=\"font-weight: 400;\">Effets visibles en 2 \u00e0 3 jours<\/span><\/li>\n<li style=\"font-weight: 400;\" aria-level=\"1\"><span style=\"font-weight: 400;\">Exp\u00e9dition sous 24 heures<\/span><\/li>\n<\/ul>","protected":false},"featured_media":29365,"comment_status":"open","ping_status":"closed","template":"","meta":{"om_disable_all_campaigns":false,"_uf_show_specific_survey":0,"_uf_disable_surveys":false},"product_brand":[],"product_cat":[469],"product_tag":[],"class_list":{"0":"post-4150","1":"product","2":"type-product","3":"status-publish","4":"has-post-thumbnail","6":"product_cat-eye-care","8":"first","9":"instock","10":"shipping-taxable","11":"purchasable","12":"product-type-variable","13":"has-default-attributes"},"_links":{"self":[{"href":"https:\/\/wowrxpharmacy.com\/fr_fr\/wp-json\/wp\/v2\/product\/4150","targetHints":{"allow":["GET"]}}],"collection":[{"href":"https:\/\/wowrxpharmacy.com\/fr_fr\/wp-json\/wp\/v2\/product"}],"about":[{"href":"https:\/\/wowrxpharmacy.com\/fr_fr\/wp-json\/wp\/v2\/types\/product"}],"replies":[{"embeddable":true,"href":"https:\/\/wowrxpharmacy.com\/fr_fr\/wp-json\/wp\/v2\/comments?post=4150"}],"wp:featuredmedia":[{"embeddable":true,"href":"https:\/\/wowrxpharmacy.com\/fr_fr\/wp-json\/wp\/v2\/media\/29365"}],"wp:attachment":[{"href":"https:\/\/wowrxpharmacy.com\/fr_fr\/wp-json\/wp\/v2\/media?parent=4150"}],"wp:term":[{"taxonomy":"product_brand","embeddable":true,"href":"https:\/\/wowrxpharmacy.com\/fr_fr\/wp-json\/wp\/v2\/product_brand?post=4150"},{"taxonomy":"product_cat","embeddable":true,"href":"https:\/\/wowrxpharmacy.com\/fr_fr\/wp-json\/wp\/v2\/product_cat?post=4150"},{"taxonomy":"product_tag","embeddable":true,"href":"https:\/\/wowrxpharmacy.com\/fr_fr\/wp-json\/wp\/v2\/product_tag?post=4150"}],"curies":[{"name":"wp","href":"https:\/\/api.w.org\/{rel}","templated":true}]}}